{"id":107575,"date":"2025-02-03T08:37:37","date_gmt":"2025-02-03T06:37:37","guid":{"rendered":"https:\/\/ainisdev.eu\/intelektine\/?page_id=107575"},"modified":"2025-07-08T14:16:38","modified_gmt":"2025-07-08T11:16:38","slug":"mvi-2025","status":"publish","type":"page","link":"https:\/\/ainisdev.eu\/intelektine\/mvi-2025\/","title":{"rendered":"MV\u012e fondo projektas 2025 m."},"content":{"rendered":"<p>[vc_row unlock_row_content=&#8221;yes&#8221; row_height_percent=&#8221;29&#8243; back_image=&#8221;107683&#8243; overlay_alpha=&#8221;0&#8243; gutter_size=&#8221;3&#8243; column_width_percent=&#8221;100&#8243; shift_y=&#8221;0&#8243; z_index=&#8221;0&#8243; uncode_shortcode_id=&#8221;203853&#8243; row_height_pixel=&#8221;30&#8243; back_size=&#8221;cover&#8221; overlay_color_type=&#8221;uncode-solid&#8221; overlay_color_solid=&#8221;#112911&#8243;][vc_column column_width_percent=&#8221;100&#8243; position_vertical=&#8221;middle&#8221; align_horizontal=&#8221;align_center&#8221; gutter_size=&#8221;3&#8243; style=&#8221;dark&#8221; overlay_alpha=&#8221;50&#8243; shift_x=&#8221;0&#8243; shift_y=&#8221;0&#8243; shift_y_down=&#8221;0&#8243; z_index=&#8221;0&#8243; medium_width=&#8221;0&#8243; mobile_width=&#8221;0&#8243; width=&#8221;1\/1&#8243; uncode_shortcode_id=&#8221;128755&#8243;][vc_custom_heading heading_semantic=&#8221;p&#8221; text_size=&#8221;fontsize-338686&#8243; text_weight=&#8221;700&#8243; text_transform=&#8221;uppercase&#8221; text_height=&#8221;fontheight-179065&#8243; uncode_shortcode_id=&#8221;200905&#8243;][\/vc_custom_heading][\/vc_column][\/vc_row][vc_row row_height_percent=&#8221;0&#8243; override_padding=&#8221;yes&#8221; h_padding=&#8221;2&#8243; top_padding=&#8221;1&#8243; bottom_padding=&#8221;3&#8243; overlay_alpha=&#8221;50&#8243; gutter_size=&#8221;3&#8243; column_width_percent=&#8221;100&#8243; shift_y=&#8221;0&#8243; z_index=&#8221;0&#8243; uncode_shortcode_id=&#8221;115746&#8243;][vc_column column_width_percent=&#8221;100&#8243; gutter_size=&#8221;3&#8243; overlay_alpha=&#8221;50&#8243; shift_x=&#8221;0&#8243; shift_y=&#8221;0&#8243; shift_y_down=&#8221;0&#8243; z_index=&#8221;0&#8243; medium_width=&#8221;0&#8243; mobile_width=&#8221;0&#8243; width=&#8221;1\/1&#8243; uncode_shortcode_id=&#8221;144572&#8243;][vc_row_inner limit_content=&#8221;&#8221;][vc_column_inner column_width_percent=&#8221;90&#8243; position_vertical=&#8221;middle&#8221; gutter_size=&#8221;0&#8243; overlay_alpha=&#8221;50&#8243; shift_x=&#8221;0&#8243; shift_y=&#8221;0&#8243; shift_y_down=&#8221;0&#8243; z_index=&#8221;0&#8243; medium_width=&#8221;0&#8243; mobile_width=&#8221;0&#8243; width=&#8221;1\/1&#8243; uncode_shortcode_id=&#8221;149339&#8243;][vc_custom_heading heading_semantic=&#8221;h3&#8243; text_size=&#8221;fontsize-130127&#8243; uncode_shortcode_id=&#8221;823954&#8243;]<strong>Apie 2025 m. MV\u012e fondo projekt\u0105<\/strong><\/p>\n<p style=\"text-align: justify;\">Europos S\u0105jungos intelektin\u0117s nuosavyb\u0117s tarnybos ir Europos Komisijos \u012fgyvendinamas \u201eMa\u017e\u0173 ir vidutini\u0173 \u012fmoni\u0173 fondo projektas\u201c (toliau \u2013 <strong>MV\u012e fondo projektas<\/strong>) skirtas suteikti finansin\u0119 param\u0105 ma\u017eoms ir vidutin\u0117ms \u012fmon\u0117ms (MV\u012e), norin\u010dioms apsaugoti ir efektyviai valdyti savo intelektin\u0119 nuosavyb\u0119<strong>.<\/strong><\/p>\n<p>[\/vc_custom_heading][\/vc_column_inner][\/vc_row_inner][vc_row_inner row_inner_height_percent=&#8221;0&#8243; overlay_alpha=&#8221;50&#8243; gutter_size=&#8221;3&#8243; shift_y=&#8221;0&#8243; z_index=&#8221;0&#8243; uncode_shortcode_id=&#8221;117024&#8243; el_class=&#8221;mygtuko-dydis&#8221; limit_content=&#8221;&#8221;][vc_column_inner column_width_percent=&#8221;100&#8243; gutter_size=&#8221;3&#8243; expand_height=&#8221;yes&#8221; overlay_alpha=&#8221;50&#8243; border_color=&#8221;accent&#8221; border_style=&#8221;solid&#8221; shift_x=&#8221;0&#8243; shift_y=&#8221;0&#8243; shift_y_down=&#8221;0&#8243; z_index=&#8221;0&#8243; medium_width=&#8221;0&#8243; mobile_width=&#8221;0&#8243; width=&#8221;1\/2&#8243; uncode_shortcode_id=&#8221;993399&#8243; border_color_type=&#8221;uncode-palette&#8221; css=&#8221;.vc_custom_1705926537033{border-top-width: 1px !important;border-right-width: 1px !important;border-bottom-width: 1px !important;border-left-width: 1px !important;padding-top: 20px !important;padding-right: 20px !important;padding-bottom: 20px !important;padding-left: 20px !important;}&#8221;][vc_custom_heading heading_semantic=&#8221;p&#8221; text_size=&#8221;fontsize-259569&#8243; text_weight=&#8221;700&#8243; text_transform=&#8221;uppercase&#8221; sub_reduced=&#8221;yes&#8221; uncode_shortcode_id=&#8221;153676&#8243;]<\/p>\n<p style=\"text-align: left;\"><span style=\"font-size: 16px;\"><strong><img decoding=\"async\" class=\"\" src=\"https:\/\/ainisdev.eu\/intelektine\/wp-content\/uploads\/2024\/01\/MVI-fondas-1.png\" width=\"34\" height=\"34\" \/>MV\u012e FONDO PROJEKTO INTELEKTIN\u0116S NUOSAVYB\u0116S VEIKLOS IR KOMPENSACIJ\u0172 DYD\u017dIAI<\/strong><\/span><\/p>\n<p>[\/vc_custom_heading][vc_column_text uncode_shortcode_id=&#8221;364295&#8243;]<strong><u>PARAI\u0160KOS PRIIMAMOS NUO 2025 M. VASARIO 3 D. <\/u><\/strong><\/p>\n<p><span style=\"color: #33cccc; font-size: 16px;\"><strong>SVARBU!\u00a0Nuo 2025 m. bir\u017eelio 18 d. laikinai sustabdytas parai\u0161k\u0173 d\u0117l \u010cekio 3 (i\u0161radim\u0173 patentai) pri\u0117mimas\u00a0<\/strong><\/span><\/p>\n<p>[\/vc_column_text][vc_single_image media=&#8221;107756&#8243; media_lightbox=&#8221;yes&#8221; media_width_percent=&#8221;100&#8243; uncode_shortcode_id=&#8221;170572&#8243;][\/vc_column_inner][vc_column_inner column_width_percent=&#8221;100&#8243; gutter_size=&#8221;3&#8243; expand_height=&#8221;yes&#8221; overlay_alpha=&#8221;50&#8243; border_color=&#8221;accent&#8221; border_style=&#8221;solid&#8221; shift_x=&#8221;0&#8243; shift_y=&#8221;0&#8243; shift_y_down=&#8221;0&#8243; z_index=&#8221;0&#8243; medium_width=&#8221;0&#8243; mobile_width=&#8221;0&#8243; width=&#8221;1\/2&#8243; uncode_shortcode_id=&#8221;759941&#8243; border_color_type=&#8221;uncode-palette&#8221; css=&#8221;.vc_custom_1705926545738{border-top-width: 1px !important;border-right-width: 1px !important;border-bottom-width: 1px !important;border-left-width: 1px !important;padding-top: 20px !important;padding-right: 20px !important;padding-bottom: 20px !important;padding-left: 20px !important;}&#8221;][vc_custom_heading heading_semantic=&#8221;p&#8221; text_size=&#8221;fontsize-259569&#8243; text_weight=&#8221;700&#8243; text_transform=&#8221;uppercase&#8221; uncode_shortcode_id=&#8221;182137&#8243;]<span style=\"font-size: 16px;\"><strong><img decoding=\"async\" src=\"https:\/\/ainisdev.eu\/intelektine\/wp-content\/uploads\/2024\/10\/5-1.png\" alt=\"\" width=\"60\" \/>PRIE\u0160 TEIKIANT PARAI\u0160K\u0104:<\/strong><\/span>[\/vc_custom_heading][vc_column_text uncode_shortcode_id=&#8221;164078&#8243;]Parai\u0161kos teikimo procesas paprastas. Pasir\u016bpinkite, kad teikiant parai\u0161k\u0105 b\u016bt\u0173 parengti nurodyti dokumentai:<\/p>\n<ul>\n<li>J\u016bs\u0173 MV\u012e banko s\u0105skaitos i\u0161ra\u0161as (<a href=\"https:\/\/euipo.europa.eu\/tunnel-web\/secure\/webdav\/guest\/document_library\/Documents\/Finance\/bank-certificate.pdf\">pavyzdys<\/a>), kuriame pateikiama \u0161i informacija: \u012fmon\u0117s, s\u0105skaitos tur\u0117tojos, pavadinimas; visas IBAN su \u0161alies kodu (<a href=\"https:\/\/euipo.europa.eu\/tunnel-web\/secure\/webdav\/guest\/document_library\/Documents\/COSME\/IBAN%20numbers%20EU.pdf\">pavyzdys<\/a>) ir BIC\/SWIFT kodas.<\/li>\n<li>J\u016bs\u0173 kaip mokes\u010di\u0173 mok\u0117tojo status\u0105 patvirtinantis dokumentas (<a href=\"https:\/\/euipo.europa.eu\/tunnel-web\/secure\/webdav\/guest\/document_library\/Documents\/COSME\/VAT%20numbers%20EU.pdf\">PVM pa\u017eyma arba i\u0161ra\u0161as i\u0161 Juridini\u0173 asmen\u0173 registro, verslo liudijimas, individualios veiklos pa\u017eyma, \u016bkininko pa\u017eym\u0117jimas<\/a>, i\u0161duoti kompetentingos nacionalin\u0117s institucijos (<a href=\"https:\/\/euipo.europa.eu\/tunnel-web\/secure\/webdav\/guest\/document_library\/docs\/vat\/LT-TVA.pdf\">pavyzd\u017eiai<\/a>)).<\/li>\n<li>Jeigu j\u016bs\u0173 MV\u012e naudojasi atstov\u0173 paslaugomis, tur\u0117site pateikti priesaikos deklaracij\u0105, pasira\u0161yt\u0105 MV\u012e \u012fgaliotojo savininko arba darbuotojo.<\/li>\n<\/ul>\n<p>\u0160ie dokumentai turi b\u016bti PDF formato, \u012fskaitomi ir neapsaugoti slapta\u017eod\u017eiu.[\/vc_column_text][\/vc_column_inner][\/vc_row_inner][vc_row_inner row_inner_height_percent=&#8221;0&#8243; overlay_alpha=&#8221;50&#8243; gutter_size=&#8221;3&#8243; shift_y=&#8221;0&#8243; z_index=&#8221;0&#8243; uncode_shortcode_id=&#8221;117024&#8243; el_class=&#8221;mygtuko-dydis&#8221; limit_content=&#8221;&#8221;][vc_column_inner column_width_percent=&#8221;100&#8243; gutter_size=&#8221;3&#8243; expand_height=&#8221;yes&#8221; overlay_alpha=&#8221;50&#8243; border_color=&#8221;accent&#8221; border_style=&#8221;solid&#8221; shift_x=&#8221;0&#8243; shift_y=&#8221;0&#8243; shift_y_down=&#8221;0&#8243; z_index=&#8221;0&#8243; medium_width=&#8221;0&#8243; mobile_width=&#8221;0&#8243; width=&#8221;1\/2&#8243; uncode_shortcode_id=&#8221;993399&#8243; border_color_type=&#8221;uncode-palette&#8221; css=&#8221;.vc_custom_1705926537033{border-top-width: 1px !important;border-right-width: 1px !important;border-bottom-width: 1px !important;border-left-width: 1px !important;padding-top: 20px !important;padding-right: 20px !important;padding-bottom: 20px !important;padding-left: 20px !important;}&#8221;][vc_custom_heading heading_semantic=&#8221;p&#8221; text_size=&#8221;fontsize-259569&#8243; text_weight=&#8221;700&#8243; text_transform=&#8221;uppercase&#8221; sub_reduced=&#8221;yes&#8221; uncode_shortcode_id=&#8221;202841&#8243;]<\/p>\n<p style=\"text-align: left;\"><span style=\"font-size: 16px;\"><strong><img decoding=\"async\" src=\"https:\/\/ainisdev.eu\/intelektine\/wp-content\/uploads\/2024\/01\/3.png\" width=\"60\" \/>KAIP PASINAUDOTI MV\u012e FONDO PROJEKTU:<\/strong><\/span><\/p>\n<p>[\/vc_custom_heading][vc_column_text uncode_shortcode_id=&#8221;179673&#8243;]<\/p>\n<ol>\n<li>Susikurkite MV\u012e fondo vartotojo paskyr\u0105 ESINT tinklalapyje \u010dia: <a href=\"https:\/\/euipo.europa.eu\/sme-fund-2025\/user\/login?destination=\/sme-fund-2025\/\">https:\/\/euipo.europa.eu\/sme-fund-2025\/user\/login?destination=\/sme-fund-2025\/<\/a>.<br \/>\nMV\u012e fondo Vartotojo paskyroje suveskite reikalaujamus duomenis, prid\u0117kite dokumentus ir pateikite parai\u0161k\u0105 d\u0117l Jums aktualaus \u010dekio\u00a0(-i\u0173)\u00a0kompensacijai gauti.<\/li>\n<li>Sulaukite teigiamo ESINT sprendimo d\u0117l \u010dekio skyrimo.<\/li>\n<li>Aktyvuokite \u010dek\u012f \u2013<br \/>\n3.1.\u00a0Paduokite parai\u0161k\u0105 d\u0117l preki\u0173 \u017eenklo, dizaino, patento ar augal\u0173 veisl\u0117s registravimo pasirinktai IN tarnybai arba kreipkit\u0117s \u012f IP Scan ekspert\u0105 d\u0117l intelektin\u0117s nuosavyb\u0117s i\u0161ankstinio nustatymo paslaugos (IP Scan) paslaugos.<br \/>\n3.2.\u00a0Sumok\u0117kite preki\u0173 \u017eenklo, dizaino, patento ar augal\u0173 veisl\u0117s parai\u0161kos padavimo ar IP Scan paslaugos suteikimo mokest\u012f!<br \/>\n3.3.\u00a0Paduokite pra\u0161ym\u0105 ESINT kompensacijai i\u0161mok\u0117ti, u\u017epildydami MV\u012e fondo vartotojo paskyroje kompensacijos pra\u0161ymo form\u0105 (<em>Reimbursement<\/em>).<\/li>\n<li>Susigr\u0105\u017einkite i\u0161laidas.<\/li>\n<\/ol>\n<p><strong>SVARBU!<\/strong> B\u016btina laikytis MV\u012e fondo etap\u0173 eili\u0161kumo, t.y. pirmiau gaukite param\u0105 (\u010dek\u012f(-ius)) ir tik gavus \u010dek\u012f(-ius) paduokite parai\u0161k\u0105 d\u0117l preki\u0173 \u017eenklo, dizaino, patento ar augal\u0173 veisl\u0117s registravimo ir (ar) kreipkit\u0117s d\u0117l IP Scan paslaugos.<\/p>\n<p>Pradinis projekto biud\u017eetas \u2013 <strong>18 milijon\u0173 eur\u0173<\/strong>.[\/vc_column_text][\/vc_column_inner][vc_column_inner column_width_percent=&#8221;100&#8243; gutter_size=&#8221;3&#8243; expand_height=&#8221;yes&#8221; overlay_alpha=&#8221;50&#8243; border_color=&#8221;accent&#8221; border_style=&#8221;solid&#8221; shift_x=&#8221;0&#8243; shift_y=&#8221;0&#8243; shift_y_down=&#8221;0&#8243; z_index=&#8221;0&#8243; medium_width=&#8221;0&#8243; mobile_width=&#8221;0&#8243; width=&#8221;1\/2&#8243; uncode_shortcode_id=&#8221;759941&#8243; border_color_type=&#8221;uncode-palette&#8221; css=&#8221;.vc_custom_1705926545738{border-top-width: 1px !important;border-right-width: 1px !important;border-bottom-width: 1px !important;border-left-width: 1px !important;padding-top: 20px !important;padding-right: 20px !important;padding-bottom: 20px !important;padding-left: 20px !important;}&#8221;][vc_custom_heading heading_semantic=&#8221;p&#8221; text_size=&#8221;fontsize-259569&#8243; text_weight=&#8221;700&#8243; text_transform=&#8221;uppercase&#8221; uncode_shortcode_id=&#8221;151165&#8243;]<span style=\"font-size: 16px;\"><strong><img decoding=\"async\" src=\"https:\/\/ainisdev.eu\/intelektine\/wp-content\/uploads\/2024\/01\/NAUDINGOS-NUORODOS.png\" width=\"60\" \/>NAUDINGOS NUORODOS:<\/strong><\/span>[\/vc_custom_heading][vc_column_text uncode_shortcode_id=&#8221;730967&#8243;]<strong>Kvietimas teikti parai\u0161kas:<\/strong> <a href=\"https:\/\/www.euipo.europa.eu\/en\/sme-corner\/sme-fund\/13-call-for-proposals-01-2025\">https:\/\/www.euipo.europa.eu\/en\/sme-corner\/sme-fund\/13-call-for-proposals-01-2025<\/a><\/p>\n<p><strong>Daugiau informacijos apie projekt\u0105:<\/strong> <a href=\"https:\/\/www.euipo.europa.eu\/en\/sme-corner\/sme-fund\/how-to-apply\">https:\/\/www.euipo.europa.eu\/en\/sme-corner\/sme-fund\/how-to-apply<\/a><\/p>\n<p><strong>\u012esakymas d\u0117l IP Scan paslaugos teikimo tvarkos: <\/strong><\/p>\n<p><strong>\u012esakymas: <\/strong><a href=\"https:\/\/www.e-tar.lt\/portal\/lt\/legalAct\/5190ea2049d711eb8d9fe110e148c770\/asr\">https:\/\/www.e-tar.lt\/portal\/lt\/legalAct\/5190ea2049d711eb8d9fe110e148c770\/asr<\/a><\/p>\n<p><strong>\u012esakymo pakeitimas:<\/strong> <a href=\"https:\/\/www.e-tar.lt\/portal\/lt\/legalAct\/2b4fe444dfb711ef84c3a3cb4f439b27\">https:\/\/www.e-tar.lt\/portal\/lt\/legalAct\/2b4fe444dfb711ef84c3a3cb4f439b27<\/a><\/p>\n<p><a href=\"https:\/\/ainisdev.eu\/intelektine\/wp-content\/uploads\/2025\/04\/VPB-patvirtinti-ekspertai_SARASAS.pdf\"><strong>VPB patvirtintas IP Scan ekspert\u0173 s\u0105ra\u0161as 2025<\/strong><\/a><\/p>\n<p><strong>\u012esakymas d\u0117l IP Scan Enforcement paslaugos teikimo:<\/strong> <a href=\"https:\/\/e-seimas.lrs.lt\/portal\/legalAct\/lt\/TAD\/01c229c10b4b11f0a1c6f244a8c21f99?jfwid=15ooj6aqs5\">https:\/\/e-seimas.lrs.lt\/portal\/legalAct\/lt\/TAD\/01c229c10b4b11f0a1c6f244a8c21f99?jfwid=15ooj6aqs5<\/a><\/p>\n<p><strong>Pla\u010diau apie IP Scan Enforcement:<\/strong> <a href=\"https:\/\/www.euipo.europa.eu\/lt\/sme-corner\/ideas-powered-for-business\/ip-scan-enforcement\">https:\/\/www.euipo.europa.eu\/lt\/sme-corner\/ideas-powered-for-business\/ip-scan-enforcement<\/a>[\/vc_column_text][\/vc_column_inner][\/vc_row_inner][vc_row_inner row_inner_height_percent=&#8221;0&#8243; overlay_alpha=&#8221;50&#8243; gutter_size=&#8221;3&#8243; shift_y=&#8221;0&#8243; z_index=&#8221;0&#8243; uncode_shortcode_id=&#8221;117024&#8243; el_class=&#8221;mygtuko-dydis&#8221; limit_content=&#8221;&#8221;][vc_column_inner column_width_percent=&#8221;100&#8243; gutter_size=&#8221;3&#8243; expand_height=&#8221;yes&#8221; overlay_alpha=&#8221;50&#8243; border_color=&#8221;accent&#8221; border_style=&#8221;solid&#8221; shift_x=&#8221;0&#8243; shift_y=&#8221;0&#8243; shift_y_down=&#8221;0&#8243; z_index=&#8221;0&#8243; medium_width=&#8221;0&#8243; mobile_width=&#8221;0&#8243; width=&#8221;1\/1&#8243; uncode_shortcode_id=&#8221;993399&#8243; border_color_type=&#8221;uncode-palette&#8221; css=&#8221;.vc_custom_1705926537033{border-top-width: 1px !important;border-right-width: 1px !important;border-bottom-width: 1px !important;border-left-width: 1px !important;padding-top: 20px !important;padding-right: 20px !important;padding-bottom: 20px !important;padding-left: 20px !important;}&#8221;][vc_custom_heading heading_semantic=&#8221;p&#8221; text_size=&#8221;fontsize-259569&#8243; text_weight=&#8221;700&#8243; text_transform=&#8221;uppercase&#8221; sub_reduced=&#8221;yes&#8221; uncode_shortcode_id=&#8221;206214&#8243;]<span style=\"font-size: 16px;\"><strong><img decoding=\"async\" src=\"https:\/\/ainisdev.eu\/intelektine\/wp-content\/uploads\/2024\/01\/10.png\" alt=\"\" width=\"60\" \/>DAUGIAU INFORMACIJOS: <\/strong><\/span>[\/vc_custom_heading][vc_column_text uncode_shortcode_id=&#8221;294972&#8243;]<strong>El. pa\u0161tu:<\/strong><br \/>\n<strong>\u2022<\/strong>\u00a0 Europos S\u0105jungos intelektin\u0117s nuosavyb\u0117s tarnyba &#8211;\u00a0<a href=\"mailto:customercare@euipo.europa.eu\">customercare@euipo.europa.eu<\/a><br \/>\n<strong>\u2022<\/strong>\u00a0 Valstybinis patent\u0173 biuras &#8211;\u00a0<a href=\"mailto:mviprojektas@vpb.gov.lt\">mviprojektas@vpb.gov.lt<\/a><\/p>\n<p><strong>Telefonu<\/strong>: +370 5 278 02 90[\/vc_column_text][\/vc_column_inner][\/vc_row_inner][\/vc_column][\/vc_row]<\/p>\n","protected":false},"excerpt":{"rendered":"<p>[vc_row unlock_row_content=&#8221;yes&#8221; row_height_percent=&#8221;29&#8243; back_image=&#8221;107683&#8243; overlay_alpha=&#8221;0&#8243; gutter_size=&#8221;3&#8243; column_width_percent=&#8221;100&#8243; shift_y=&#8221;0&#8243; z_index=&#8221;0&#8243; uncode_shortcode_id=&#8221;203853&#8243; row_height_pixel=&#8221;30&#8243; back_size=&#8221;cover&#8221; overlay_color_type=&#8221;uncode-solid&#8221; overlay_color_solid=&#8221;#112911&#8243;][vc_column column_width_percent=&#8221;100&#8243; position_vertical=&#8221;middle&#8221; align_horizontal=&#8221;align_center&#8221; gutter_size=&#8221;3&#8243; style=&#8221;dark&#8221; overlay_alpha=&#8221;50&#8243; [&hellip;]<\/p>\n","protected":false},"author":7,"featured_media":0,"parent":0,"menu_order":0,"comment_status":"closed","ping_status":"closed","template":"","meta":{"footnotes":""},"class_list":["post-107575","page","type-page","status-publish","hentry","page_category-pagrindinis"],"_links":{"self":[{"href":"https:\/\/ainisdev.eu\/intelektine\/wp-json\/wp\/v2\/pages\/107575","targetHints":{"allow":["GET"]}}],"collection":[{"href":"https:\/\/ainisdev.eu\/intelektine\/wp-json\/wp\/v2\/pages"}],"about":[{"href":"https:\/\/ainisdev.eu\/intelektine\/wp-json\/wp\/v2\/types\/page"}],"author":[{"embeddable":true,"href":"https:\/\/ainisdev.eu\/intelektine\/wp-json\/wp\/v2\/users\/7"}],"replies":[{"embeddable":true,"href":"https:\/\/ainisdev.eu\/intelektine\/wp-json\/wp\/v2\/comments?post=107575"}],"version-history":[{"count":40,"href":"https:\/\/ainisdev.eu\/intelektine\/wp-json\/wp\/v2\/pages\/107575\/revisions"}],"predecessor-version":[{"id":107760,"href":"https:\/\/ainisdev.eu\/intelektine\/wp-json\/wp\/v2\/pages\/107575\/revisions\/107760"}],"wp:attachment":[{"href":"https:\/\/ainisdev.eu\/intelektine\/wp-json\/wp\/v2\/media?parent=107575"}],"curies":[{"name":"wp","href":"https:\/\/api.w.org\/{rel}","templated":true}]}}