{"id":107104,"date":"2024-09-26T17:08:35","date_gmt":"2024-09-26T14:08:35","guid":{"rendered":"https:\/\/ainisdev.eu\/intelektine\/?page_id=107104"},"modified":"2025-09-16T00:43:32","modified_gmt":"2025-09-15T21:43:32","slug":"kampanija_intelektines_nuosavybes_svarba","status":"publish","type":"page","link":"https:\/\/ainisdev.eu\/intelektine\/kampanija_intelektines_nuosavybes_svarba\/","title":{"rendered":"Jungtin\u0117 ES komunikacijos kampanija apie intelektin\u0117s nuosavyb\u0117s svarb\u0105"},"content":{"rendered":"","protected":false},"excerpt":{"rendered":"","protected":false},"author":7,"featured_media":0,"parent":0,"menu_order":0,"comment_status":"closed","ping_status":"closed","template":"","meta":{"footnotes":""},"class_list":["post-107104","page","type-page","status-publish","hentry","page_category-pagrindinis"],"_links":{"self":[{"href":"https:\/\/ainisdev.eu\/intelektine\/wp-json\/wp\/v2\/pages\/107104","targetHints":{"allow":["GET"]}}],"collection":[{"href":"https:\/\/ainisdev.eu\/intelektine\/wp-json\/wp\/v2\/pages"}],"about":[{"href":"https:\/\/ainisdev.eu\/intelektine\/wp-json\/wp\/v2\/types\/page"}],"author":[{"embeddable":true,"href":"https:\/\/ainisdev.eu\/intelektine\/wp-json\/wp\/v2\/users\/7"}],"replies":[{"embeddable":true,"href":"https:\/\/ainisdev.eu\/intelektine\/wp-json\/wp\/v2\/comments?post=107104"}],"version-history":[{"count":69,"href":"https:\/\/ainisdev.eu\/intelektine\/wp-json\/wp\/v2\/pages\/107104\/revisions"}],"predecessor-version":[{"id":107863,"href":"https:\/\/ainisdev.eu\/intelektine\/wp-json\/wp\/v2\/pages\/107104\/revisions\/107863"}],"wp:attachment":[{"href":"https:\/\/ainisdev.eu\/intelektine\/wp-json\/wp\/v2\/media?parent=107104"}],"curies":[{"name":"wp","href":"https:\/\/api.w.org\/{rel}","templated":true}]}}