{"id":106239,"date":"2023-06-30T09:07:13","date_gmt":"2023-06-30T06:07:13","guid":{"rendered":"https:\/\/ainisdev.eu\/intelektine\/?page_id=106239"},"modified":"2025-09-16T00:46:36","modified_gmt":"2025-09-15T21:46:36","slug":"konsultacijos-2","status":"publish","type":"page","link":"https:\/\/ainisdev.eu\/intelektine\/konsultacijos-2\/","title":{"rendered":"Konsultacijos"},"content":{"rendered":"<p>[vc_row unlock_row_content=&#8221;yes&#8221; row_height_percent=&#8221;0&#8243; back_image=&#8221;104068&#8243; overlay_alpha=&#8221;50&#8243; gutter_size=&#8221;3&#8243; column_width_percent=&#8221;100&#8243; shift_y=&#8221;0&#8243; z_index=&#8221;0&#8243; uncode_shortcode_id=&#8221;151403&#8243; row_height_pixel=&#8221;350&#8243; back_size=&#8221;cover&#8221; overlay_color_type=&#8221;uncode-solid&#8221; overlay_color_solid=&#8221;#112911&#8243;][vc_column column_width_percent=&#8221;100&#8243; position_vertical=&#8221;middle&#8221; align_horizontal=&#8221;align_center&#8221; gutter_size=&#8221;3&#8243; style=&#8221;dark&#8221; overlay_alpha=&#8221;50&#8243; shift_x=&#8221;0&#8243; shift_y=&#8221;0&#8243; shift_y_down=&#8221;0&#8243; z_index=&#8221;0&#8243; medium_width=&#8221;0&#8243; mobile_width=&#8221;0&#8243; width=&#8221;1\/1&#8243; uncode_shortcode_id=&#8221;128755&#8243;][vc_custom_heading heading_semantic=&#8221;p&#8221; text_size=&#8221;fontsize-338686&#8243; text_weight=&#8221;700&#8243; text_transform=&#8221;uppercase&#8221; text_height=&#8221;fontheight-179065&#8243; uncode_shortcode_id=&#8221;119254&#8243;]Konsultacijos[\/vc_custom_heading][\/vc_column][\/vc_row][vc_row row_height_percent=&#8221;0&#8243; override_padding=&#8221;yes&#8221; h_padding=&#8221;2&#8243; top_padding=&#8221;3&#8243; bottom_padding=&#8221;3&#8243; overlay_alpha=&#8221;50&#8243; gutter_size=&#8221;2&#8243; column_width_percent=&#8221;100&#8243; shift_y=&#8221;0&#8243; z_index=&#8221;0&#8243; uncode_shortcode_id=&#8221;787846&#8243;][vc_column column_width_percent=&#8221;100&#8243; position_vertical=&#8221;middle&#8221; gutter_size=&#8221;3&#8243; overlay_alpha=&#8221;50&#8243; shift_x=&#8221;0&#8243; shift_y=&#8221;0&#8243; shift_y_down=&#8221;0&#8243; z_index=&#8221;0&#8243; medium_width=&#8221;0&#8243; mobile_width=&#8221;0&#8243; css_animation=&#8221;zoom-in&#8221; animation_delay=&#8221;100&#8243; width=&#8221;5\/12&#8243; uncode_shortcode_id=&#8221;201582&#8243;][vc_custom_heading heading_semantic=&#8221;p&#8221; text_size=&#8221;fontsize-130127&#8243; text_weight=&#8221;700&#8243; text_height=&#8221;fontheight-179065&#8243; uncode_shortcode_id=&#8221;165109&#8243;]Turite su IN susijusi\u0173 klausim\u0173? Kreipkit\u0117s d\u0117l nemokamos konsultacijos[\/vc_custom_heading][vc_column_text text_lead=&#8221;small&#8221; uncode_shortcode_id=&#8221;140886&#8243; text_color_type=&#8221;uncode-solid&#8221; text_color_solid=&#8221;#ff0000&#8243; css=&#8221;.vc_custom_1651229966904{margin-top: 20px !important;}&#8221;]<\/p>\n<p style=\"text-align: justify;\"><span style=\"color: #ff0000;\"><em>Informuojame, kad atsakymas \u012f J\u016bs\u0173 klausim\u0105 bus pateiktas u\u017eklausoje nurodytu elektroninio pa\u0161to adresu. Konsultacijos bendrojo pob\u016bd\u017eio klausimais teikiamos informavimo ar rekomendavimo tikslais ir neturi teisin\u0117s galios. J\u016bs\u0173 pateikiami duomenys (vardas, pavard\u0117, el. pa\u0161to adresas ir telefono numeris) bus naudojami i\u0161imtinai konsultavimo ir suteikt\u0173 paslaug\u0173 \u012fvertinimo (jei pasirinkote) tikslais.<\/em><\/span><\/p>\n<p style=\"text-align: justify;\"><span style=\"color: #ff0000;\"><em>D\u0117l konkretaus atvejo teisinio \u012fvertinimo galima kreiptis \u012f teisininkus (<span style=\"text-decoration: underline;\"><a style=\"color: #ff0000; text-decoration: underline;\" href=\"https:\/\/www.advokatura.lt\/irasai\/advokatu-paieska\/\" target=\"_blank\" rel=\"noopener\">advokat\u0173 s\u0105ra\u0161as<\/a><\/span> \/ <a style=\"color: #ff0000;\" href=\"http:\/\/www.patentiniaipatiketiniai.lt\/nariai\/\" target=\"_blank\" rel=\"noopener\"><span style=\"text-decoration: underline;\">patentini\u0173 patik\u0117tini\u0173 s\u0105ra\u0161as<\/span><\/a>).<\/em><\/span><\/p>\n<p>[\/vc_column_text][vc_button button_color=&#8221;accent&#8221; hover_fx=&#8221;outlined&#8221; outline=&#8221;yes&#8221; border_width=&#8221;0&#8243; icon_position=&#8221;right&#8221; button_color_type=&#8221;uncode-palette&#8221; icon=&#8221;fa fa-arrow-right-thick&#8221; uncode_shortcode_id=&#8221;165836&#8243; link=&#8221;url:https%3A%2F%2Fainisdev.eu%2Fintelektine%2Fd-u-k%2F&#8221;]D.U.K.[\/vc_button][\/vc_column][vc_column column_width_percent=&#8221;100&#8243; gutter_size=&#8221;3&#8243; back_color=&#8221;color-xsdn&#8221; overlay_alpha=&#8221;50&#8243; shift_x=&#8221;0&#8243; shift_y=&#8221;0&#8243; shift_y_down=&#8221;0&#8243; z_index=&#8221;0&#8243; medium_width=&#8221;0&#8243; mobile_width=&#8221;0&#8243; radius=&#8221;sm&#8221; shadow=&#8221;xs&#8221; width=&#8221;7\/12&#8243; uncode_shortcode_id=&#8221;112995&#8243; back_color_type=&#8221;uncode-palette&#8221; css=&#8221;.vc_custom_1650956737317{padding-top: 20px !important;padding-right: 20px !important;padding-bottom: 35px !important;padding-left: 20px !important;}&#8221; el_class=&#8221;kontaktu-seselis&#8221;]\n<div class=\"wpcf7 no-js\" id=\"wpcf7-f104306-o1\" lang=\"en-US\" dir=\"ltr\" data-wpcf7-id=\"104306\">\n<div class=\"screen-reader-response\"><p role=\"status\" aria-live=\"polite\" aria-atomic=\"true\"><\/p> <ul><\/ul><\/div>\n<form action=\"\/intelektine\/wp-json\/wp\/v2\/pages\/106239#wpcf7-f104306-o1\" method=\"post\" class=\"wpcf7-form init input-background\" aria-label=\"Contact form\" novalidate=\"novalidate\" data-status=\"init\">\n<fieldset class=\"hidden-fields-container\"><input type=\"hidden\" name=\"_wpcf7\" value=\"104306\" \/><input type=\"hidden\" name=\"_wpcf7_version\" value=\"6.1.1\" \/><input type=\"hidden\" name=\"_wpcf7_locale\" value=\"en_US\" \/><input type=\"hidden\" name=\"_wpcf7_unit_tag\" value=\"wpcf7-f104306-o1\" \/><input type=\"hidden\" name=\"_wpcf7_container_post\" value=\"0\" \/><input type=\"hidden\" name=\"_wpcf7_posted_data_hash\" value=\"\" \/>\n<\/fieldset>\n<div class=\"wpcf7-inline-wrapper\">\n\t<p class=\"wpcf7-inline-field\"><span class=\"wpcf7-form-control-wrap\" data-name=\"vardas\"><input size=\"40\" maxlength=\"400\" class=\"wpcf7-form-control wpcf7-text wpcf7-validates-as-required\" aria-required=\"true\" aria-invalid=\"false\" placeholder=\"Vardas, Pavard\u0117 (privaloma)\" value=\"\" type=\"text\" name=\"vardas\" \/><\/span>\n\t<\/p>\n\t<p class=\"wpcf7-inline-field\"><span class=\"wpcf7-form-control-wrap\" data-name=\"pastas\"><input size=\"40\" maxlength=\"400\" class=\"wpcf7-form-control wpcf7-email wpcf7-validates-as-required wpcf7-text wpcf7-validates-as-email\" aria-required=\"true\" aria-invalid=\"false\" placeholder=\"El. pa\u0161to adresas (privaloma)\" value=\"\" type=\"email\" name=\"pastas\" \/><\/span>\n\t<\/p>\n<\/div>\n<div class=\"wpcf7-inline-wrapper\">\n\t<p class=\"wpcf7-inline-field\"><span class=\"wpcf7-form-control-wrap\" data-name=\"telefonas\"><input size=\"40\" maxlength=\"400\" class=\"wpcf7-form-control wpcf7-text form-fluid\" aria-invalid=\"false\" placeholder=\"Telefono numeris (neprivaloma)\" value=\"\" type=\"text\" name=\"telefonas\" \/><\/span>\n\t<\/p>\n\t<p class=\"wpcf7-inline-field\"><span class=\"wpcf7-form-control-wrap\" data-name=\"pasirinkimas\"><select class=\"wpcf7-form-control wpcf7-select wpcf7-validates-as-required\" aria-required=\"true\" aria-invalid=\"false\" name=\"pasirinkimas\"><option value=\"\">Pasirinkite tem\u0105 (privaloma)<\/option><option value=\"Autori\u0173 ir gretutin\u0117s teis\u0117s\">Autori\u0173 ir gretutin\u0117s teis\u0117s<\/option><option value=\"I\u0161radimai\">I\u0161radimai<\/option><option value=\"Dizainas\">Dizainas<\/option><option value=\"Preki\u0173 \u017eenklai\">Preki\u0173 \u017eenklai<\/option><option value=\"MV\u012e fondo projektas\">MV\u012e fondo projektas<\/option><option value=\"Geografin\u0117s nuorodos\">Geografin\u0117s nuorodos<\/option><option value=\"Domenai\">Domenai<\/option><option value=\"Juridinio asmens pavadinimas\">Juridinio asmens pavadinimas<\/option><option value=\"Komercin\u0117s paslaptys\">Komercin\u0117s paslaptys<\/option><option value=\"Kiti intelektin\u0117s nuosavyb\u0117s objektai\">Kiti intelektin\u0117s nuosavyb\u0117s objektai<\/option><option value=\"Kiti su intelektine nuosavybe susij\u0119 klausimai\">Kiti su intelektine nuosavybe susij\u0119 klausimai<\/option><\/select><\/span>\n\t<\/p>\n<\/div>\n<p><span class=\"wpcf7-form-control-wrap\" data-name=\"zinute\"><textarea cols=\"40\" rows=\"8\" maxlength=\"2000\" class=\"wpcf7-form-control wpcf7-textarea wpcf7-validates-as-required\" aria-required=\"true\" aria-invalid=\"false\" placeholder=\"Apra\u0161ykite klausim\u0105 (situacij\u0105) (privaloma)\" name=\"zinute\"><\/textarea><\/span>\n<\/p>\n<p><input class=\"wpcf7-form-control wpcf7-submit has-spinner btn btn-accent\" type=\"submit\" value=\"SI\u0172STI\" \/>\n<\/p><div class=\"wpcf7-response-output\" aria-hidden=\"true\"><\/div>\n<\/form>\n<\/div>\n[\/vc_column][\/vc_row]<\/p>\n","protected":false},"excerpt":{"rendered":"<p>[vc_row unlock_row_content=&#8221;yes&#8221; row_height_percent=&#8221;0&#8243; back_image=&#8221;104068&#8243; overlay_alpha=&#8221;50&#8243; gutter_size=&#8221;3&#8243; column_width_percent=&#8221;100&#8243; shift_y=&#8221;0&#8243; z_index=&#8221;0&#8243; uncode_shortcode_id=&#8221;151403&#8243; row_height_pixel=&#8221;350&#8243; back_size=&#8221;cover&#8221; overlay_color_type=&#8221;uncode-solid&#8221; overlay_color_solid=&#8221;#112911&#8243;][vc_column column_width_percent=&#8221;100&#8243; position_vertical=&#8221;middle&#8221; align_horizontal=&#8221;align_center&#8221; gutter_size=&#8221;3&#8243; style=&#8221;dark&#8221; overlay_alpha=&#8221;50&#8243; [&hellip;]<\/p>\n","protected":false},"author":1,"featured_media":0,"parent":0,"menu_order":0,"comment_status":"closed","ping_status":"closed","template":"","meta":{"footnotes":""},"class_list":["post-106239","page","type-page","status-publish","hentry","page_category-konsultacijos"],"_links":{"self":[{"href":"https:\/\/ainisdev.eu\/intelektine\/wp-json\/wp\/v2\/pages\/106239","targetHints":{"allow":["GET"]}}],"collection":[{"href":"https:\/\/ainisdev.eu\/intelektine\/wp-json\/wp\/v2\/pages"}],"about":[{"href":"https:\/\/ainisdev.eu\/intelektine\/wp-json\/wp\/v2\/types\/page"}],"author":[{"embeddable":true,"href":"https:\/\/ainisdev.eu\/intelektine\/wp-json\/wp\/v2\/users\/1"}],"replies":[{"embeddable":true,"href":"https:\/\/ainisdev.eu\/intelektine\/wp-json\/wp\/v2\/comments?post=106239"}],"version-history":[{"count":6,"href":"https:\/\/ainisdev.eu\/intelektine\/wp-json\/wp\/v2\/pages\/106239\/revisions"}],"predecessor-version":[{"id":107867,"href":"https:\/\/ainisdev.eu\/intelektine\/wp-json\/wp\/v2\/pages\/106239\/revisions\/107867"}],"wp:attachment":[{"href":"https:\/\/ainisdev.eu\/intelektine\/wp-json\/wp\/v2\/media?parent=106239"}],"curies":[{"name":"wp","href":"https:\/\/api.w.org\/{rel}","templated":true}]}}