{"id":106081,"date":"2023-04-05T15:06:54","date_gmt":"2023-04-05T12:06:54","guid":{"rendered":"https:\/\/ainisdev.eu\/intelektine\/?page_id=106081"},"modified":"2024-01-25T16:50:38","modified_gmt":"2024-01-25T14:50:38","slug":"mvi-2023","status":"publish","type":"page","link":"https:\/\/ainisdev.eu\/intelektine\/mvi-2023\/","title":{"rendered":"MV\u012e fondo projektas 2023 m."},"content":{"rendered":"<p>[vc_row unlock_row_content=&#8221;yes&#8221; row_height_percent=&#8221;0&#8243; back_image=&#8221;104068&#8243; overlay_alpha=&#8221;50&#8243; gutter_size=&#8221;3&#8243; column_width_percent=&#8221;100&#8243; shift_y=&#8221;0&#8243; z_index=&#8221;0&#8243; uncode_shortcode_id=&#8221;151403&#8243; row_height_pixel=&#8221;30&#8243; back_size=&#8221;cover&#8221; overlay_color_type=&#8221;uncode-solid&#8221; overlay_color_solid=&#8221;#112911&#8243;][vc_column column_width_percent=&#8221;100&#8243; position_vertical=&#8221;middle&#8221; align_horizontal=&#8221;align_center&#8221; gutter_size=&#8221;3&#8243; style=&#8221;dark&#8221; overlay_alpha=&#8221;50&#8243; shift_x=&#8221;0&#8243; shift_y=&#8221;0&#8243; shift_y_down=&#8221;0&#8243; z_index=&#8221;0&#8243; medium_width=&#8221;0&#8243; mobile_width=&#8221;0&#8243; width=&#8221;1\/1&#8243; uncode_shortcode_id=&#8221;128755&#8243;][vc_custom_heading heading_semantic=&#8221;p&#8221; text_size=&#8221;fontsize-338686&#8243; text_weight=&#8221;700&#8243; text_transform=&#8221;uppercase&#8221; text_height=&#8221;fontheight-179065&#8243; uncode_shortcode_id=&#8221;103982&#8243;]MV\u012e fondo projektas 2023 m.[\/vc_custom_heading][\/vc_column][\/vc_row][vc_row][vc_column width=&#8221;1\/1&#8243;][vc_column_text uncode_shortcode_id=&#8221;189320&#8243;]<span style=\"background-color: tomato;\"><strong>D\u0116MESIO! 2023 m. lapkri\u010dio 10 d. baigtas IP Scan, preki\u0173 \u017eenkl\u0173, dizaino parai\u0161k\u0173 \u010dekiams gauti pri\u0117mimas. <\/strong><\/span><\/p>\n<p><span style=\"font-size: 20px;\"><span style=\"background-color: green;\"><strong>Naujas 2024 m. kvietimas:<\/strong><\/span> <a style=\"color: #faf2f2;\" href=\"https:\/\/ainisdev.eu\/intelektine\/mvi-2024\/\">https:\/\/ainisdev.eu\/intelektine\/mvi-2024\/<\/a><\/span>[\/vc_column_text][\/vc_column][\/vc_row][vc_row row_height_percent=&#8221;0&#8243; override_padding=&#8221;yes&#8221; h_padding=&#8221;2&#8243; top_padding=&#8221;2&#8243; bottom_padding=&#8221;3&#8243; overlay_alpha=&#8221;50&#8243; gutter_size=&#8221;3&#8243; column_width_percent=&#8221;100&#8243; shift_y=&#8221;0&#8243; z_index=&#8221;0&#8243; uncode_shortcode_id=&#8221;115746&#8243;][vc_column column_width_percent=&#8221;100&#8243; gutter_size=&#8221;3&#8243; overlay_alpha=&#8221;50&#8243; shift_x=&#8221;0&#8243; shift_y=&#8221;0&#8243; shift_y_down=&#8221;0&#8243; z_index=&#8221;0&#8243; medium_width=&#8221;0&#8243; mobile_width=&#8221;0&#8243; width=&#8221;1\/1&#8243; uncode_shortcode_id=&#8221;144572&#8243;][vc_row_inner limit_content=&#8221;&#8221;][vc_column_inner column_width_percent=&#8221;100&#8243; position_vertical=&#8221;middle&#8221; gutter_size=&#8221;3&#8243; overlay_alpha=&#8221;50&#8243; shift_x=&#8221;0&#8243; shift_y=&#8221;0&#8243; shift_y_down=&#8221;0&#8243; z_index=&#8221;0&#8243; medium_width=&#8221;0&#8243; mobile_width=&#8221;0&#8243; width=&#8221;1\/1&#8243; uncode_shortcode_id=&#8221;133890&#8243;][vc_custom_heading heading_semantic=&#8221;h3&#8243; text_size=&#8221;fontsize-155944&#8243; uncode_shortcode_id=&#8221;195218&#8243;]Informacija apie 2023 met\u0173 projekt\u0105[\/vc_custom_heading][vc_column_text text_lead=&#8221;yes&#8221; uncode_shortcode_id=&#8221;181184&#8243; css=&#8221;.vc_custom_1700555086298{margin-top: 20px !important;margin-bottom: -10px !important;}&#8221;]<\/p>\n<p style=\"text-align: justify;\">Susikurkite MV\u012e fondo paskyr\u0105 \u010dia: <a href=\"https:\/\/euipo.europa.eu\/sme-fund\/lt\/user\/login\">https:\/\/euipo.europa.eu\/sme-fund\/lt\/user\/login<\/a><\/p>\n<p>Turite klausim\u0173? Reikia pagalbos?\u00a0Kreipkit\u0117s tiesiogiai el.pa\u0161tu \u012f Europos S\u0105jungos intelektin\u0117s nuosavyb\u0117s tarnyb\u0105 \u2013 <a href=\"mailto:customercare@euipo.europa.eu\">customercare@euipo.europa.eu<\/a> arba \u012f Valstybin\u012f patent\u0173 biur\u0105 \u2013\u00a0<a href=\"mailto:mviprojektas@vpb.gov.lt\">mviprojektas@vpb.gov.lt<\/a>, telefonu +370 5 278 02 97 ar registruokit\u0117s nuotolinei konsultacijai internetu:\u00a0<a href=\"https:\/\/ainisdev.eu\/intelektine\/konsultacijos\">https:\/\/ainisdev.eu\/intelektine\/konsultacijos<\/a><\/p>\n<p><strong>D\u0116MESIO! \u0160. m. lapkri\u010dio 10 d. baigtas IP Scan, preki\u0173 \u017eenkl\u0173, dizaino parai\u0161k\u0173 \u010dekiams gauti pri\u0117mimas.<\/strong><\/p>\n<p><strong>Primename, kad jeigu sulauk\u0117te teigiamo sprendimo d\u0117l \u010dekio skyrimo, b\u016btina nepraleisti termin\u0173 atlikti reikiamus veiksmus ir juos atlikus kreiptis d\u0117l kompensacijos i\u0161mok\u0117jimo<\/strong><\/p>\n<p>&nbsp;<\/p>\n<p style=\"text-align: center;\"><strong>2023 m. MV\u012e fondo projektas ma\u017eoms ir vidutin\u0117ms \u012fmon\u0117ms, norin\u010dioms apsaugoti savo intelektin\u0119 nuosavyb\u0119<\/strong><\/p>\n<p style=\"text-align: justify;\">Europos S\u0105jungos intelektin\u0117s nuosavyb\u0117s tarnybos \u012fgyvendinamas \u201eMa\u017e\u0173 ir vidutini\u0173 \u012fmoni\u0173 fondo projektas\u201c (toliau \u2013 MV\u012e fondo projektas) skirtas suteikti finansin\u0119 param\u0105 ma\u017eoms ir vidutin\u0117ms \u012fmon\u0117ms (MV\u012e), norin\u010dioms apsaugoti ir efektyviai valdyti savo intelektin\u0119 nuosavyb\u0119.<\/p>\n<p>[\/vc_column_text][\/vc_column_inner][\/vc_row_inner][vc_row_inner row_inner_height_percent=&#8221;0&#8243; overlay_alpha=&#8221;50&#8243; gutter_size=&#8221;3&#8243; shift_y=&#8221;0&#8243; z_index=&#8221;0&#8243; uncode_shortcode_id=&#8221;117024&#8243; el_class=&#8221;mygtuko-dydis&#8221; limit_content=&#8221;&#8221;][vc_column_inner column_width_percent=&#8221;100&#8243; gutter_size=&#8221;3&#8243; expand_height=&#8221;yes&#8221; overlay_alpha=&#8221;50&#8243; border_color=&#8221;accent&#8221; border_style=&#8221;solid&#8221; shift_x=&#8221;0&#8243; shift_y=&#8221;0&#8243; shift_y_down=&#8221;0&#8243; z_index=&#8221;0&#8243; medium_width=&#8221;0&#8243; mobile_width=&#8221;0&#8243; css_animation=&#8221;left-t-right&#8221; animation_delay=&#8221;400&#8243; width=&#8221;1\/2&#8243; uncode_shortcode_id=&#8221;193357&#8243; border_color_type=&#8221;uncode-palette&#8221; css=&#8221;.vc_custom_1642762307791{border-top-width: 1px !important;border-right-width: 1px !important;border-bottom-width: 1px !important;border-left-width: 1px !important;padding-top: 20px !important;padding-right: 20px !important;padding-bottom: 20px !important;padding-left: 20px !important;}&#8221;][vc_single_image media=&#8221;106188&#8243; media_width_percent=&#8221;10&#8243; uncode_shortcode_id=&#8221;211883&#8243;][vc_custom_heading heading_semantic=&#8221;p&#8221; text_size=&#8221;fontsize-259569&#8243; text_weight=&#8221;700&#8243; text_transform=&#8221;uppercase&#8221; uncode_shortcode_id=&#8221;868480&#8243;]MV\u012e FONDO PROJEKTO INTELEKTIN\u0116S NUOSAVYB\u0116S VEIKLOS IR KOMPENSACIJ\u0172 DYD\u017dIAI[\/vc_custom_heading][vc_column_text uncode_shortcode_id=&#8221;171043&#8243;]\u010cEKIS 1 \u2013 IN i\u0161ankstinio nustatymo paslauga (\u201eIP Scan\u201c). Pla\u010diau &#8211; <a href=\"https:\/\/euipo.europa.eu\/ohimportal\/lt\/online-services\/ipscan\">spausti \u010dia<\/a><br \/>\n\u010cEKIS 2 \u2013 Preki\u0173 \u017eenklai ir dizainai<br \/>\n\u010cEKIS 3 &#8211; Patentai<br \/>\n\u010cEKIS 4 &#8211; Bendrijos augal\u0173 veisli\u0173 internetin\u0117 parai\u0161ka[\/vc_column_text][vc_single_image media=&#8221;106232&#8243; media_lightbox=&#8221;yes&#8221; media_width_percent=&#8221;100&#8243; uncode_shortcode_id=&#8221;182055&#8243;][\/vc_column_inner][vc_column_inner column_width_percent=&#8221;100&#8243; gutter_size=&#8221;3&#8243; expand_height=&#8221;yes&#8221; overlay_alpha=&#8221;50&#8243; border_color=&#8221;accent&#8221; border_style=&#8221;solid&#8221; shift_x=&#8221;0&#8243; shift_y=&#8221;0&#8243; shift_y_down=&#8221;0&#8243; z_index=&#8221;0&#8243; medium_width=&#8221;0&#8243; mobile_width=&#8221;0&#8243; css_animation=&#8221;left-t-right&#8221; animation_delay=&#8221;300&#8243; width=&#8221;1\/2&#8243; uncode_shortcode_id=&#8221;157872&#8243; border_color_type=&#8221;uncode-palette&#8221; css=&#8221;.vc_custom_1642762313829{border-top-width: 1px !important;border-right-width: 1px !important;border-bottom-width: 1px !important;border-left-width: 1px !important;padding-top: 20px !important;padding-right: 20px !important;padding-bottom: 20px !important;padding-left: 20px !important;}&#8221;][vc_single_image media=&#8221;106189&#8243; media_width_percent=&#8221;10&#8243; uncode_shortcode_id=&#8221;366150&#8243;][vc_custom_heading heading_semantic=&#8221;p&#8221; text_size=&#8221;fontsize-259569&#8243; text_weight=&#8221;700&#8243; text_transform=&#8221;uppercase&#8221; uncode_shortcode_id=&#8221;180493&#8243;]REIKALINGI DOKUMENTAI[\/vc_custom_heading][vc_column_text uncode_shortcode_id=&#8221;149429&#8243;]1. MV\u012e banko s\u0105skaitos i\u0161ra\u0161as, kuriame pateikiama \u0161i informacija: \u012fmon\u0117s, s\u0105skaitos tur\u0117tojos, pavadinimas; visas IBAN su \u0161alies kodu ir BIC\/SWIFT kodas. <a href=\"https:\/\/euipo.europa.eu\/tunnel-web\/secure\/webdav\/guest\/document_library\/Documents\/Finance\/bank-certificate.pdf\">Pavyzdys (spausti \u010dia).<\/a><br \/>\n2. MV\u012e PVM pa\u017eyma arba atitinkamos Lietuvos institucijos i\u0161duotas MV\u012e mokes\u010di\u0173 mok\u0117tojo identifikacin\u012f numer\u012f patvirtinantis dokumentas (i\u0161ra\u0161as i\u0161 Juridini\u0173 asmen\u0173 registro, verslo liudijimas, individualios veiklos pa\u017eyma, \u016bkininko pa\u017eym\u0117jimas). <a href=\"https:\/\/euipo.europa.eu\/tunnel-web\/secure\/webdav\/guest\/document_library\/Documents\/COSME\/VAT%20numbers%20EU.pdf\">Pavyzdys (spausti \u010dia).<\/a><br \/>\n3. Jeigu j\u016bs\u0173 MV\u012e naudojasi \u012fgaliotojo i\u0161or\u0117s atstovo paslaugomis reikia pateikti priesaikos deklaracij\u0105, pasira\u0161yt\u0105 MV\u012e \u012fgaliotojo savininko arba darbuotojo. <a href=\"https:\/\/euipo.europa.eu\/tunnel-web\/secure\/webdav\/guest\/document_library\/contentPdfs\/about_euipo\/Grants\/GR_001_23\/Declaration_for_representatives_lt.docx\">\u0160ablonas<\/a><\/p>\n<p>Nurodyti dokumentai turi b\u016bti PDF formato, \u012fskaitomi ir neapsaugoti slapta\u017eod\u017eiu. Reikalingus dokumentus rekomenduojama pasiruo\u0161ti prie\u0161 teikiant parai\u0161k\u0105.[\/vc_column_text][\/vc_column_inner][\/vc_row_inner][vc_row_inner row_inner_height_percent=&#8221;0&#8243; overlay_alpha=&#8221;50&#8243; gutter_size=&#8221;3&#8243; shift_y=&#8221;0&#8243; z_index=&#8221;0&#8243; uncode_shortcode_id=&#8221;117024&#8243; el_class=&#8221;mygtuko-dydis&#8221; limit_content=&#8221;&#8221;][vc_column_inner column_width_percent=&#8221;100&#8243; gutter_size=&#8221;3&#8243; expand_height=&#8221;yes&#8221; overlay_alpha=&#8221;50&#8243; border_color=&#8221;accent&#8221; border_style=&#8221;solid&#8221; shift_x=&#8221;0&#8243; shift_y=&#8221;0&#8243; shift_y_down=&#8221;0&#8243; z_index=&#8221;0&#8243; medium_width=&#8221;0&#8243; mobile_width=&#8221;0&#8243; css_animation=&#8221;left-t-right&#8221; animation_delay=&#8221;400&#8243; width=&#8221;1\/2&#8243; uncode_shortcode_id=&#8221;342465&#8243; border_color_type=&#8221;uncode-palette&#8221; css=&#8221;.vc_custom_1642762323869{border-top-width: 1px !important;border-right-width: 1px !important;border-bottom-width: 1px !important;border-left-width: 1px !important;padding-top: 20px !important;padding-right: 20px !important;padding-bottom: 20px !important;padding-left: 20px !important;}&#8221;][vc_single_image media=&#8221;106190&#8243; media_width_percent=&#8221;10&#8243; uncode_shortcode_id=&#8221;511397&#8243;][vc_custom_heading heading_semantic=&#8221;p&#8221; text_size=&#8221;fontsize-259569&#8243; text_weight=&#8221;700&#8243; text_transform=&#8221;uppercase&#8221; uncode_shortcode_id=&#8221;100862&#8243;]MV\u012e FONDO PROJEKTO ETAPAI[\/vc_custom_heading][vc_column_text uncode_shortcode_id=&#8221;108691&#8243;]1. Susikurkite MV\u012e fondo paskyr\u0105 ir prisijunkite <a href=\"https:\/\/euipo.europa.eu\/sme-fund-2023\/lt\/user\/login?destination=\/sme-fund-2023\/lt\">(spausti \u010dia)<\/a><br \/>\n2. Suveskite reikalaujamus duomenis apie MV\u012e ir pateikite pra\u0161ym\u0105 d\u0117l Jums aktualaus \u010dekio (-i\u0173) kompensacijai gauti.<br \/>\n3. Sulaukite teigiamo ESINT sprendimo d\u0117l \u010dekio skyrimo.<br \/>\n4. Sumok\u0117kite u\u017e preki\u0173 \u017eenkl\u0173, dizaino arba IP Scan paslaug\u0105. Taip aktyvuosite savo \u010dek\u012f.<br \/>\n5. Susigr\u0105\u017einkite i\u0161laidas, tam naudokite j\u016bs\u0173 MV\u012e fondo paskyroje pateikt\u0105 form\u0105 (<em>Reimbursement form<\/em>).<br \/>\n6. Jei aktualu &#8211; aktyvavus savo \u010dek\u012f (-ius), dar gal\u0117site kreiptis d\u0117l papildom\u0173 kompensuojam\u0173 veikl\u0173 (pvz.: paduoti dar vien\u0105 preki\u0173 \u017eenklo ar dizaino parai\u0161k\u0105).<br \/>\nVedlys kaip susikurti MV\u012e fondo paskyr\u0105, pateikti pra\u0161ym\u0105 d\u0117l \u010dekio skyrimo ir u\u017epildyti kompensacijos formos dal\u012f <a href=\"https:\/\/vpb.lrv.lt\/uploads\/vpb\/documents\/files\/mvi-fondo-paskyra.pdf\">(spausti \u010dia)<\/a>[\/vc_column_text][\/vc_column_inner][vc_column_inner column_width_percent=&#8221;100&#8243; gutter_size=&#8221;3&#8243; expand_height=&#8221;yes&#8221; overlay_alpha=&#8221;50&#8243; border_color=&#8221;accent&#8221; border_style=&#8221;solid&#8221; shift_x=&#8221;0&#8243; shift_y=&#8221;0&#8243; shift_y_down=&#8221;0&#8243; z_index=&#8221;0&#8243; medium_width=&#8221;0&#8243; mobile_width=&#8221;0&#8243; css_animation=&#8221;left-t-right&#8221; animation_delay=&#8221;300&#8243; width=&#8221;1\/2&#8243; uncode_shortcode_id=&#8221;137312&#8243; border_color_type=&#8221;uncode-palette&#8221; css=&#8221;.vc_custom_1642762739876{border-top-width: 1px !important;border-right-width: 1px !important;border-bottom-width: 1px !important;border-left-width: 1px !important;padding-top: 20px !important;padding-right: 20px !important;padding-bottom: 20px !important;padding-left: 20px !important;}&#8221;][vc_single_image media=&#8221;106191&#8243; media_width_percent=&#8221;10&#8243; uncode_shortcode_id=&#8221;283174&#8243;][vc_custom_heading heading_semantic=&#8221;p&#8221; text_size=&#8221;fontsize-259569&#8243; text_weight=&#8221;700&#8243; text_transform=&#8221;uppercase&#8221; uncode_shortcode_id=&#8221;161793&#8243;]NAUDINGOS NUORODOS APIE MV\u012e FONDO PROJEKT\u0104[\/vc_custom_heading][vc_column_text uncode_shortcode_id=&#8221;100131&#8243;]1. Valstybinio patent\u0173 biuro svetain\u0117: <a href=\"https:\/\/vpb.lrv.lt\/lt\/aktualu\/2023-m-mvi-fondo-projektas-mazoms-ir-vidutinems-imonems-norincioms-apsaugoti-savo-intelektine-nuosavybe\">(spausti \u010dia)<\/a><br \/>\n2. Europos S\u0105jungos intelektin\u0117s nuosavyb\u0117s tarnybos svetain\u0117: <a href=\"https:\/\/euipo.europa.eu\/ohimportal\/lt\/online-services\/sme-fund\">(spausti \u010dia)<\/a><br \/>\n3. Vedlys kaip susikurti MV\u012e fondo paskyr\u0105, pateikti pra\u0161ym\u0105 d\u0117l \u010dekio skyrimo ir u\u017epildyti kompensacijos formos dal\u012f <a href=\"https:\/\/vpb.lrv.lt\/uploads\/vpb\/documents\/files\/mvi-fondo-paskyra.pdf\">(spausti \u010dia)<\/a><br \/>\n4. ESINT organizuotas MV\u012e fondo projekto pristatymas, kurio metu supa\u017eindinama kaip organizuojamas parai\u0161k\u0173 teikimo procesas, kaip gauti i\u0161laid\u0173 kompensacijas: <a href=\"https:\/\/euipo.europa.eu\/knowledge\/course\/view.php?id=4914\">spausti \u010dia<\/a>\u00a0ir <a href=\"http:\/\/bit.ly\/3orzXXm\">\u010dia<\/a><br \/>\n5. IP Scan paslaug\u0105 teikian\u010di\u0173 ekspert\u0173 s\u0105ra\u0161as <a href=\"https:\/\/vpb.lrv.lt\/uploads\/vpb\/documents\/files\/VPB-patvirtinti-ekspertai_SARASAS_2022_final_2022-11.pdf\">(spausti \u010dia)<\/a><br \/>\n6. Gair\u0117s parei\u0161k\u0117jams, i\u0161sami informacija apie MV\u012e fond\u0105: <a href=\"https:\/\/ainisdev.eu\/intelektine\/wp-content\/uploads\/2023\/05\/gr_001_23_amendment_lt.pdf\">2023 met\u0173 Gairi\u0173 pakeitimas Nr. 1 d\u0117l \u010dekio 3 ir 4<\/a>, <a href=\"https:\/\/ainisdev.eu\/intelektine\/wp-content\/uploads\/2023\/01\/Gaires-pareiskejams-2023.pdf\">2023 metams<\/a>, <a href=\"https:\/\/ainisdev.eu\/intelektine\/wp-content\/uploads\/2023\/01\/Gaires-pareiskejams-2022.pdf\">2022 metams<\/a>.[\/vc_column_text][\/vc_column_inner][\/vc_row_inner][\/vc_column][\/vc_row]<\/p>\n","protected":false},"excerpt":{"rendered":"<p>[vc_row unlock_row_content=&#8221;yes&#8221; row_height_percent=&#8221;0&#8243; back_image=&#8221;104068&#8243; overlay_alpha=&#8221;50&#8243; gutter_size=&#8221;3&#8243; column_width_percent=&#8221;100&#8243; shift_y=&#8221;0&#8243; z_index=&#8221;0&#8243; uncode_shortcode_id=&#8221;151403&#8243; row_height_pixel=&#8221;30&#8243; back_size=&#8221;cover&#8221; overlay_color_type=&#8221;uncode-solid&#8221; overlay_color_solid=&#8221;#112911&#8243;][vc_column column_width_percent=&#8221;100&#8243; position_vertical=&#8221;middle&#8221; align_horizontal=&#8221;align_center&#8221; gutter_size=&#8221;3&#8243; style=&#8221;dark&#8221; overlay_alpha=&#8221;50&#8243; [&hellip;]<\/p>\n","protected":false},"author":2,"featured_media":0,"parent":0,"menu_order":0,"comment_status":"closed","ping_status":"closed","template":"","meta":{"footnotes":""},"class_list":["post-106081","page","type-page","status-publish","hentry","page_category-pagrindinis"],"_links":{"self":[{"href":"https:\/\/ainisdev.eu\/intelektine\/wp-json\/wp\/v2\/pages\/106081","targetHints":{"allow":["GET"]}}],"collection":[{"href":"https:\/\/ainisdev.eu\/intelektine\/wp-json\/wp\/v2\/pages"}],"about":[{"href":"https:\/\/ainisdev.eu\/intelektine\/wp-json\/wp\/v2\/types\/page"}],"author":[{"embeddable":true,"href":"https:\/\/ainisdev.eu\/intelektine\/wp-json\/wp\/v2\/users\/2"}],"replies":[{"embeddable":true,"href":"https:\/\/ainisdev.eu\/intelektine\/wp-json\/wp\/v2\/comments?post=106081"}],"version-history":[{"count":49,"href":"https:\/\/ainisdev.eu\/intelektine\/wp-json\/wp\/v2\/pages\/106081\/revisions"}],"predecessor-version":[{"id":106813,"href":"https:\/\/ainisdev.eu\/intelektine\/wp-json\/wp\/v2\/pages\/106081\/revisions\/106813"}],"wp:attachment":[{"href":"https:\/\/ainisdev.eu\/intelektine\/wp-json\/wp\/v2\/media?parent=106081"}],"curies":[{"name":"wp","href":"https:\/\/api.w.org\/{rel}","templated":true}]}}