{"id":104825,"date":"2022-01-29T00:08:57","date_gmt":"2022-01-28T22:08:57","guid":{"rendered":"https:\/\/ainisdev.eu\/intelektine\/?page_id=104825"},"modified":"2024-08-13T10:57:02","modified_gmt":"2024-08-13T07:57:02","slug":"naujausia-informacija-apie-intelektines-nuosavybes-apsaugai-skiriama-parama","status":"publish","type":"page","link":"https:\/\/ainisdev.eu\/intelektine\/kokia-parama-intelektinei-nuosavybei-galiu-gauti\/naujausia-informacija-apie-intelektines-nuosavybes-apsaugai-skiriama-parama\/","title":{"rendered":"Naujausia informacija apie intelektin\u0117s nuosavyb\u0117s apsaugai skiriam\u0105 param\u0105"},"content":{"rendered":"<p>[vc_row unlock_row_content=&#8221;yes&#8221; row_height_percent=&#8221;0&#8243; back_image=&#8221;104068&#8243; overlay_alpha=&#8221;50&#8243; gutter_size=&#8221;3&#8243; column_width_percent=&#8221;100&#8243; shift_y=&#8221;0&#8243; z_index=&#8221;0&#8243; uncode_shortcode_id=&#8221;151403&#8243; row_height_pixel=&#8221;350&#8243; back_size=&#8221;cover&#8221; overlay_color_type=&#8221;uncode-solid&#8221; overlay_color_solid=&#8221;#112911&#8243;][vc_column column_width_percent=&#8221;100&#8243; position_vertical=&#8221;middle&#8221; align_horizontal=&#8221;align_center&#8221; gutter_size=&#8221;3&#8243; style=&#8221;dark&#8221; overlay_alpha=&#8221;50&#8243; shift_x=&#8221;0&#8243; shift_y=&#8221;0&#8243; shift_y_down=&#8221;0&#8243; z_index=&#8221;0&#8243; medium_width=&#8221;0&#8243; mobile_width=&#8221;0&#8243; width=&#8221;1\/1&#8243; uncode_shortcode_id=&#8221;128755&#8243;][vc_custom_heading heading_semantic=&#8221;p&#8221; text_size=&#8221;fontsize-338686&#8243; text_weight=&#8221;700&#8243; text_transform=&#8221;uppercase&#8221; text_height=&#8221;fontheight-179065&#8243; uncode_shortcode_id=&#8221;193842&#8243;]IN apsaugai skiriama parama[\/vc_custom_heading][\/vc_column][\/vc_row][vc_row row_height_percent=&#8221;0&#8243; override_padding=&#8221;yes&#8221; h_padding=&#8221;2&#8243; top_padding=&#8221;3&#8243; bottom_padding=&#8221;2&#8243; overlay_alpha=&#8221;50&#8243; gutter_size=&#8221;3&#8243; column_width_percent=&#8221;100&#8243; shift_y=&#8221;0&#8243; z_index=&#8221;0&#8243; uncode_shortcode_id=&#8221;541930&#8243;][vc_column column_width_percent=&#8221;100&#8243; gutter_size=&#8221;3&#8243; overlay_alpha=&#8221;50&#8243; shift_x=&#8221;0&#8243; shift_y=&#8221;0&#8243; shift_y_down=&#8221;0&#8243; z_index=&#8221;0&#8243; medium_width=&#8221;0&#8243; mobile_width=&#8221;0&#8243; width=&#8221;1\/1&#8243; uncode_shortcode_id=&#8221;431534&#8243;][vc_custom_heading heading_semantic=&#8221;p&#8221; text_size=&#8221;fontsize-160000&#8243; text_weight=&#8221;700&#8243; text_height=&#8221;fontheight-179065&#8243; uncode_shortcode_id=&#8221;191751&#8243;]Naujausia informacija apie intelektin\u0117s nuosavyb\u0117s apsaugai skiriam\u0105 param\u0105[\/vc_custom_heading][vc_column_text text_lead=&#8221;yes&#8221; uncode_shortcode_id=&#8221;127215&#8243; css=&#8221;.vc_custom_1643408042411{margin-top: 20px !important;}&#8221;]<strong>Finansine parama<\/strong> galima pasinaudoti \u0161iomis finansin\u0117s paramos priemon\u0117mis:[\/vc_column_text][\/vc_column][\/vc_row][vc_row row_height_percent=&#8221;0&#8243; override_padding=&#8221;yes&#8221; h_padding=&#8221;2&#8243; top_padding=&#8221;0&#8243; bottom_padding=&#8221;2&#8243; overlay_alpha=&#8221;50&#8243; gutter_size=&#8221;2&#8243; column_width_percent=&#8221;100&#8243; shift_y=&#8221;0&#8243; z_index=&#8221;0&#8243; uncode_shortcode_id=&#8221;125387&#8243;][vc_column column_width_percent=&#8221;100&#8243; position_vertical=&#8221;middle&#8221; gutter_size=&#8221;3&#8243; expand_height=&#8221;yes&#8221; overlay_alpha=&#8221;50&#8243; border_color=&#8221;accent&#8221; border_style=&#8221;solid&#8221; shift_x=&#8221;0&#8243; shift_y=&#8221;0&#8243; shift_y_down=&#8221;0&#8243; z_index=&#8221;0&#8243; medium_width=&#8221;0&#8243; mobile_width=&#8221;0&#8243; css_animation=&#8221;left-t-right&#8221; animation_delay=&#8221;300&#8243; width=&#8221;1\/2&#8243; uncode_shortcode_id=&#8221;176634&#8243; css=&#8221;.vc_custom_1642757306896{border-top-width: 1px !important;border-right-width: 1px !important;border-bottom-width: 1px !important;border-left-width: 1px !important;padding-top: 20px !important;padding-right: 20px !important;padding-bottom: 20px !important;padding-left: 20px !important;}&#8221; border_color_type=&#8221;uncode-palette&#8221;][vc_custom_heading heading_semantic=&#8221;p&#8221; text_size=&#8221;h4&#8243; text_weight=&#8221;700&#8243; uncode_shortcode_id=&#8221;140209&#8243;]<b>MV\u012e fondo projektas skirtas ma\u017eoms ir vidutin\u0117ms \u012fmon\u0117ms, norin\u010dioms apsaugoti savo intelektin\u0119 nuosavyb\u0119<\/b>[\/vc_custom_heading][vc_column_text uncode_shortcode_id=&#8221;496145&#8243; css=&#8221;.vc_custom_1713878442062{margin-top: 20px !important;}&#8221;]Europos S\u0105jungos intelektin\u0117s nuosavyb\u0117s tarnyba (toliau \u2013 ESINT) kartu su Europos Komisija 2024 metais t\u0119sia projekt\u0105 \u201eMa\u017e\u0173 ir vidutini\u0173 \u012fmoni\u0173 fondas\u201c (toliau \u2013 MV\u012e fondo projektas). \u0160is projektas skirtas suteikti finansin\u0119 param\u0105 ma\u017eoms ir vidutin\u0117ms \u012fmon\u0117ms (MV\u012e), norin\u010dioms apsaugoti ir efektyviai valdyti savo intelektin\u0119 nuosavyb\u0119. Jei esate MV\u012e, kvie\u010diame nuo 2024 m. sausio 22 dienos teikti parai\u0161kas kompensacijai gauti:[\/vc_column_text][uncode_list icon=&#8221;fa fa-dot-circle-o&#8221; icon_color=&#8221;accent&#8221; uncode_shortcode_id=&#8221;194691&#8243; icon_color_type=&#8221;uncode-palette&#8221;]<\/p>\n<ul style=\"text-align: justify;\">\n<li>90% intelektin\u0117s nuosavyb\u0117s i\u0161ankstinio nustatymo paslaug\u0173 (\u201eIP Scan\u201c) kainos;<\/li>\n<li>75% <b>preki\u0173 \u017eenkl\u0173 ir dizaino<\/b> mokes\u010di\u0173 u\u017e preki\u0173 \u017eenklo ir dizaino apsaug\u0105 nacionaliniu (ES valstyb\u0117se nar\u0117se) arba Europos S\u0105jungos lygiu &#8211; kompensuojami parai\u0161kos, preki\u0173 ar paslaug\u0173 klas\u0117s, ekspertiz\u0117s, registracijos, paskelbimo ir paskelbimo atid\u0117jimo mokes\u010diai.<\/li>\n<li>50% tarptautini\u0173 <b>preki\u0173 \u017eenkl\u0173 ir dizaino<\/b>\u00a0registracij\u0173 mokes\u010di\u0173 &#8211; kompensuojami bazin\u0117s tarptautin\u0117s parai\u0161kos i\u0161pl\u0117timo ar v\u0117lesnio teritorinio i\u0161pl\u0117timo mokes\u010diai pagal &#8211; tarptautin\u0119 preki\u0173 \u017eenkl\u0173 registravimo sistem\u0105 (Madrido sistem\u0105) ir tarptautin\u0119 dizaino registravimo sistem\u0105 (Hagos sistem\u0105).<\/li>\n<\/ul>\n<p>[\/uncode_list][vc_column_text uncode_shortcode_id=&#8221;110455&#8243;]<b>SVARBU!<\/b>\u00a0\u0160iais metais kompensuojami tarptautinio preki\u0173 \u017eenklo ir (arba) dizaino i\u0161pl\u0117timo mokes\u010diai, \u012fskaitant ES valstyb\u0119 (-es) nar\u0119 (-es) ir (arba) ESINT.<br \/>\nTa\u010diau tarptautin\u0117s parai\u0161kos nagrin\u0117jimo mokes\u010diai, kuriuos taiko kilm\u0117s \u0161alies tarnyba u\u017e tarptautinio preki\u0173 \u017eenklo ir (arba) dizaino parai\u0161k\u0105, \u012f \u0161i\u0105 schem\u0105 ne\u012ftraukiami.[\/vc_column_text][uncode_list icon=&#8221;fa fa-dot-circle-o&#8221; icon_color=&#8221;accent&#8221; uncode_shortcode_id=&#8221;127095&#8243; icon_color_type=&#8221;uncode-palette&#8221;]<span class=\"ui-provider a b c d e f g h i j k l m n o p q r s t u v w x y z ab ac ae af ag ah ai aj ak\" dir=\"ltr\"><strong>D\u0117mesio!\u00a0<\/strong>Parai\u0161k\u0173 pri\u0117mimas d\u0117l \u010cekio 1 (IP Scan paslauga), \u010cekio 2 (preki\u0173 \u017eenklai ir dizainas) ir \u010cekio 3 (i\u0161radim\u0173 patentai)\u00a0laikinai sustabdytas. Daugiau informacijos:\u00a0<a id=\"menur13s\" class=\"fui-Link ___1rxvrpe f2hkw1w f3rmtva f1ewtqcl fyind8e f1k6fduh f1w7gpdv fk6fouc fjoy568 figsok6 f1hu3pq6 f11qmguv f19f4twv f1tyq0we f1g0x7ka fhxju0i f1qch9an f1cnd47f fqv5qza f1vmzxwi f1o700av f13mvf36 f1cmlufx f9n3di6 f1ids18y f1tx3yz7 f1deo86v f1eh06m1 f1iescvh fhgqx19 f1olyrje f1p93eir f1nev41a f1h8hb77 f1lqvz6u f10aw75t fsle3fq f17ae5zn\" title=\"https:\/\/vpb.lrv.lt\/lt\/naujienos\/svarbi-mvi-fondo-projekto-naujiena-paraisku-cekiui-1-ir-cekiui-2-gauti-priemimas-bus-stabdomas-2024-m-liepos-12-diena\/\" href=\"https:\/\/vpb.lrv.lt\/lt\/naujienos\/svarbi-mvi-fondo-projekto-naujiena-paraisku-cekiui-1-ir-cekiui-2-gauti-priemimas-bus-stabdomas-2024-m-liepos-12-diena\/\" target=\"_blank\" rel=\"noreferrer noopener\" aria-label=\"Link https:\/\/vpb.lrv.lt\/lt\/naujienos\/svarbi-mvi-fondo-projekto-naujiena-paraisku-cekiui-1-ir-cekiui-2-gauti-priemimas-bus-stabdomas-2024-m-liepos-12-diena\/\">https:\/\/vpb.lrv.lt\/lt\/naujienos\/svarbi-mvi-fondo-projekto-naujiena-paraisku-cekiui-1-ir-cekiui-2-gauti-priemimas-bus-stabdomas-2024-m-liepos-12-diena\/<\/a><\/span><\/p>\n<ul style=\"list-style-type: circle;\">\n<li>75% <b>Bendrijos augal\u0173 veisl\u0117s<\/b>\u00a0elektroniniu b\u016bdu teikiamos parai\u0161kos mokes\u010diui bei ekspertizei.<\/li>\n<\/ul>\n<p>[\/uncode_list][vc_column_text uncode_shortcode_id=&#8221;199734&#8243; css=&#8221;.vc_custom_1713878705941{margin-top: 20px !important;}&#8221;]Pla\u010diau apie \u0161\u012f projekt\u0105:<\/p>\n<p>Valstybinio patent\u0173 biuro svetain\u0117 <a href=\"https:\/\/vpb.lrv.lt\/lt\/aktualu\/2024-m-mvi-fondo-projektas\/\" target=\"_blank\" rel=\"noopener noreferrer\" data-auth=\"NotApplicable\" data-linkindex=\"2\">https:\/\/vpb.lrv.lt\/lt\/aktualu\/2024-m-mvi-fondo-projektas\/<\/a><\/p>\n<p><a href=\"https:\/\/euipo.europa.eu\/ohimportal\/lt\/online-services\/sme-fund\" target=\"_blank\" rel=\"noopener noreferrer\" data-auth=\"NotApplicable\" data-linkindex=\"3\">Europos S\u0105jungos intelektin\u0117s nuosavyb\u0117s tarnybos svetain\u0117<\/a>[\/vc_column_text][\/vc_column][vc_column column_width_percent=&#8221;100&#8243; position_vertical=&#8221;middle&#8221; gutter_size=&#8221;3&#8243; expand_height=&#8221;yes&#8221; overlay_alpha=&#8221;50&#8243; border_color=&#8221;accent&#8221; border_style=&#8221;solid&#8221; shift_x=&#8221;0&#8243; shift_y=&#8221;0&#8243; shift_y_down=&#8221;0&#8243; z_index=&#8221;0&#8243; medium_width=&#8221;0&#8243; mobile_width=&#8221;0&#8243; css_animation=&#8221;left-t-right&#8221; animation_delay=&#8221;200&#8243; width=&#8221;1\/2&#8243; uncode_shortcode_id=&#8221;761512&#8243; css=&#8221;.vc_custom_1642757389526{border-top-width: 1px !important;border-right-width: 1px !important;border-bottom-width: 1px !important;border-left-width: 1px !important;padding-top: 20px !important;padding-right: 20px !important;padding-bottom: 20px !important;padding-left: 20px !important;}&#8221; border_color_type=&#8221;uncode-palette&#8221;][vc_custom_heading heading_semantic=&#8221;p&#8221; text_size=&#8221;h4&#8243; text_weight=&#8221;700&#8243; uncode_shortcode_id=&#8221;212963&#8243;]Dalies su patento paie\u0161kos ataskaitomis susijusi\u0173 i\u0161laid\u0173 kompensavimas \u2013 i\u0161radimo paie\u0161kos paslauga ir ra\u0161ytin\u0117 nuomon\u0117 d\u0117l i\u0161radimo atitikties naujumo, i\u0161radimo lygio ir pramoninio pritaikomumo reikalavimams[\/vc_custom_heading][vc_column_text uncode_shortcode_id=&#8221;131918&#8243; css=&#8221;.vc_custom_1651228349475{margin-top: 20px !important;}&#8221;]<\/p>\n<p style=\"text-align: justify;\">Europos patent\u0173 tarnybos (EPT, angl. EPO) teikiama i\u0161radimo paie\u0161kos paslauga, kurios rezultatas \u2013 EPT parengta technikos lygio paie\u0161kos ataskaita (angl.\u00a0search report) ir ra\u0161ytin\u0117 nuomon\u0117 (angl.\u00a0written opinion) d\u0117l i\u0161radimo atitikties naujumo, i\u0161radimo lygio ir pramoninio pritaikomumo reikalavimams. EPT Administracin\u0117s tarybos sprendimu nustatytas paie\u0161kos mokestis yra 2 336 Eur.<br \/>\nPritaikius 80 proc. nuolaid\u0105 pagal dvi\u0161al\u012f EPT ir VPB susitarim\u0105, paie\u0161kos mokes\u010dio dydis parei\u0161k\u0117jams, teikiantiems nacionalin\u0119 patento parai\u0161k\u0105, yra 467,20 Eur.<\/p>\n<p style=\"text-align: justify;\">Visa informacija apie \u0161i\u0105 param\u0105 ir jos s\u0105lygas pateikta <a href=\"https:\/\/vpb.lrv.lt\/lt\/veiklos-sritys\/isradimu-patentai\/patentuotu-isradimu-paieska\/paieskos-europos-patentu-tarnyboje\" target=\"_blank\" rel=\"noopener\">https:\/\/vpb.lrv.lt\/lt\/veiklos-sritys\/isradimu-patentai\/patentuotu-isradimu-paieska\/paieskos-europos-patentu-tarnyboje<\/a>.<\/p>\n<p style=\"text-align: justify;\">\u0160ios paramos gavim\u0105 koordinuoja Valstybinis patent\u0173 biuras. Galima kreiptis el. p. <a href=\"mailto:invent@vpb.gov.lt\">invent@vpb.gov.lt<\/a>.<\/p>\n<p>[\/vc_column_text][\/vc_column][\/vc_row][vc_row row_height_percent=&#8221;0&#8243; override_padding=&#8221;yes&#8221; h_padding=&#8221;2&#8243; top_padding=&#8221;0&#8243; bottom_padding=&#8221;2&#8243; overlay_alpha=&#8221;50&#8243; gutter_size=&#8221;2&#8243; column_width_percent=&#8221;100&#8243; shift_y=&#8221;0&#8243; z_index=&#8221;0&#8243; uncode_shortcode_id=&#8221;125387&#8243;][vc_column column_width_percent=&#8221;100&#8243; position_vertical=&#8221;middle&#8221; gutter_size=&#8221;3&#8243; expand_height=&#8221;yes&#8221; overlay_alpha=&#8221;50&#8243; border_color=&#8221;accent&#8221; border_style=&#8221;solid&#8221; shift_x=&#8221;0&#8243; shift_y=&#8221;0&#8243; shift_y_down=&#8221;0&#8243; z_index=&#8221;0&#8243; medium_width=&#8221;0&#8243; mobile_width=&#8221;0&#8243; css_animation=&#8221;left-t-right&#8221; animation_delay=&#8221;300&#8243; width=&#8221;1\/1&#8243; uncode_shortcode_id=&#8221;176634&#8243; css=&#8221;.vc_custom_1642757306896{border-top-width: 1px !important;border-right-width: 1px !important;border-bottom-width: 1px !important;border-left-width: 1px !important;padding-top: 20px !important;padding-right: 20px !important;padding-bottom: 20px !important;padding-left: 20px !important;}&#8221; border_color_type=&#8221;uncode-palette&#8221;][vc_custom_heading heading_semantic=&#8221;p&#8221; text_size=&#8221;h4&#8243; text_weight=&#8221;700&#8243; uncode_shortcode_id=&#8221;124953&#8243;]Mokes\u010di\u0173 u\u017e pramonin\u0117s nuosavyb\u0117s objekt\u0173 registravim\u0105 suma\u017einimas \u2013 taikant mokes\u010di\u0173 lengvat\u0105 nustatomas ma\u017eesnis mokestis, mokamas prie\u0161 atliekant su i\u0161radimo patento parai\u0161kos pateikimu ar dizaino parai\u0161kos pateikimu susijusius veiksmus, taip pat ma\u017eesnis patento met\u0173 galiojimo mokestis, jeigu yra \u012fregistruota vie\u0161oji licencija[\/vc_custom_heading][vc_column_text uncode_shortcode_id=&#8221;330017&#8243; css=&#8221;.vc_custom_1651228498391{margin-top: 20px !important;}&#8221;]<\/p>\n<p style=\"text-align: justify;\">Fiziniams asmenims, savo vardu teikiantiems patento parai\u0161k\u0105, mokestis u\u017e parai\u0161kos pateikim\u0105 suma\u017einamas 50 proc.<br \/>\nMet\u0173 mokestis u\u017e patento, kurio savininkas <a href=\"https:\/\/e-seimas.lrs.lt\/portal\/legalAct\/lt\/TAD\/TAIS.5705\/asr\" target=\"_blank\" rel=\"noopener\">Patent\u0173 \u012fstatymo<\/a> nustatyta tvarka pateikia parei\u0161kim\u0105, kad sutinka leisti bet kuriam asmeniui naudotis i\u0161radimu licenciato teis\u0117mis (vie\u0161oji licencija), galiojim\u0105 suma\u017einamas 50\u00a0proc.<br \/>\nFiziniams asmenims, savo vardu registruojantiems dizain\u0105, mokes\u010diai u\u017e parai\u0161kos pateikim\u0105, dizaino registravim\u0105, paskelbim\u0105 ir registracijos liudijimo i\u0161davim\u0105 suma\u017einami 50 proc.<\/p>\n<p style=\"text-align: justify;\">Mokes\u010dius u\u017e pramonin\u0117s nuosavyb\u0117s objekt\u0173 registravim\u0105 administruoja Valstybinis patent\u0173 biuras. D\u0117l daugiau informacijos galima kreiptis el. p. <a href=\"mailto:info@vpb.gov.lt\">info@vpb.gov.lt<\/a>.<\/p>\n<p>[\/vc_column_text][\/vc_column][\/vc_row][vc_row row_height_percent=&#8221;0&#8243; override_padding=&#8221;yes&#8221; h_padding=&#8221;2&#8243; top_padding=&#8221;0&#8243; bottom_padding=&#8221;2&#8243; overlay_alpha=&#8221;50&#8243; gutter_size=&#8221;2&#8243; column_width_percent=&#8221;100&#8243; shift_y=&#8221;0&#8243; z_index=&#8221;0&#8243; uncode_shortcode_id=&#8221;125387&#8243;][vc_column column_width_percent=&#8221;100&#8243; position_vertical=&#8221;middle&#8221; gutter_size=&#8221;3&#8243; expand_height=&#8221;yes&#8221; overlay_alpha=&#8221;50&#8243; border_color=&#8221;accent&#8221; border_style=&#8221;solid&#8221; shift_x=&#8221;0&#8243; shift_y=&#8221;0&#8243; shift_y_down=&#8221;0&#8243; z_index=&#8221;0&#8243; medium_width=&#8221;0&#8243; mobile_width=&#8221;0&#8243; css_animation=&#8221;left-t-right&#8221; animation_delay=&#8221;300&#8243; width=&#8221;1\/2&#8243; uncode_shortcode_id=&#8221;176634&#8243; css=&#8221;.vc_custom_1642757306896{border-top-width: 1px !important;border-right-width: 1px !important;border-bottom-width: 1px !important;border-left-width: 1px !important;padding-top: 20px !important;padding-right: 20px !important;padding-bottom: 20px !important;padding-left: 20px !important;}&#8221; border_color_type=&#8221;uncode-palette&#8221;][vc_custom_heading heading_semantic=&#8221;p&#8221; text_size=&#8221;h4&#8243; text_weight=&#8221;700&#8243; uncode_shortcode_id=&#8221;103105&#8243;]\u201eDizainas LT\u201c projektas \u2013 parama kuriantiems dizain\u0105[\/vc_custom_heading][vc_column_text uncode_shortcode_id=&#8221;150764&#8243; css=&#8221;.vc_custom_1651228510816{margin-top: 20px !important;}&#8221;]<\/p>\n<p style=\"text-align: justify;\">Lietuvos verslo pl\u0117tros agent\u016bra (LVPA) \u012fgyvendina \u201eDizainas LT\u201c projekt\u0105, pagal kur\u012f finansuojamas netechnologini\u0173 inovacij\u0173 \u2013 originali\u0173 gamini\u0173 (paslaug\u0173) dizaino sprendim\u0173 \u2013 k\u016brimas ir (ar) diegimas. Parama skirta ma\u017eam ir vidutiniam verslui.<\/p>\n<p style=\"text-align: justify;\">Informacija apie \u201eDizainas LT\u201c param\u0105 pateikiama <a href=\"https:\/\/www.esinvesticijos.lt\/lt\/\/finansavimas\/patvirtintos_priemones\/dizainas-lt\" target=\"_blank\" rel=\"noopener\">\u010dia<\/a>.<\/p>\n<p style=\"text-align: justify;\">D\u0117l daugiau informacijos apie LVPA galima kreiptis el. p. <a href=\"mailto:info@lvpa.lt\">info@lvpa.lt<\/a>.<\/p>\n<p>[\/vc_column_text][\/vc_column][vc_column column_width_percent=&#8221;100&#8243; position_vertical=&#8221;middle&#8221; gutter_size=&#8221;3&#8243; expand_height=&#8221;yes&#8221; overlay_alpha=&#8221;50&#8243; border_color=&#8221;accent&#8221; border_style=&#8221;solid&#8221; shift_x=&#8221;0&#8243; shift_y=&#8221;0&#8243; shift_y_down=&#8221;0&#8243; z_index=&#8221;0&#8243; medium_width=&#8221;0&#8243; mobile_width=&#8221;0&#8243; css_animation=&#8221;left-t-right&#8221; animation_delay=&#8221;200&#8243; width=&#8221;1\/2&#8243; uncode_shortcode_id=&#8221;761512&#8243; css=&#8221;.vc_custom_1642757389526{border-top-width: 1px !important;border-right-width: 1px !important;border-bottom-width: 1px !important;border-left-width: 1px !important;padding-top: 20px !important;padding-right: 20px !important;padding-bottom: 20px !important;padding-left: 20px !important;}&#8221; border_color_type=&#8221;uncode-palette&#8221;][vc_custom_heading heading_semantic=&#8221;p&#8221; text_size=&#8221;h4&#8243; text_weight=&#8221;700&#8243; uncode_shortcode_id=&#8221;182502&#8243;]Parama autori\u0173 teisi\u0173 apsaugai[\/vc_custom_heading][vc_column_text uncode_shortcode_id=&#8221;141005&#8243; css=&#8221;.vc_custom_1651228515946{margin-top: 20px !important;}&#8221;]<\/p>\n<p style=\"text-align: justify;\">Kult\u016bros ministerija koordinuoja Autori\u0173 teisi\u0173 ir gretutini\u0173 teisi\u0173 apsaugos program\u0105, kuri\u0105 administruoja Lietuvos kult\u016bros taryba. Kult\u016bros ministerija kasmet atnaujina finansuojamos programos prioritetus.<\/p>\n<p style=\"text-align: justify;\">D\u0117l dalyvavimo programoje reikia kreiptis \u012f Lietuvos kult\u016bros taryb\u0105 ir teikti parai\u0161kas d\u0117l finansavimo.<\/p>\n<p style=\"text-align: justify;\">Daugiau informacijos galima rasti <a href=\"https:\/\/www.ltkt.lt\/?psl=paieska&amp;key=autori%C5%B3%20teisi%C5%B3%20programa\" target=\"_blank\" rel=\"noopener\">autori\u0173 teisi\u0173 programoje<\/a> bei <a href=\"https:\/\/www.ltkt.lt\/projektu-finansavimas\/gaires\" target=\"_blank\" rel=\"noopener\">projekt\u0173 finansavimo gair\u0117se<\/a>.<br \/>\nD\u0117l informacijos apie program\u0105 ir finansavimo s\u0105lygas galima kreiptis el. p. <a href=\"mailto:info@ltkt.lt\">info@ltkt.lt<\/a>, <a href=\"mailto:lina.zilyte@ltkt.lt\">lina.zilyte@ltkt.lt<\/a>.[\/vc_column_text][\/vc_column][\/vc_row][vc_row row_height_percent=&#8221;0&#8243; override_padding=&#8221;yes&#8221; h_padding=&#8221;2&#8243; top_padding=&#8221;0&#8243; bottom_padding=&#8221;3&#8243; overlay_alpha=&#8221;50&#8243; gutter_size=&#8221;3&#8243; column_width_percent=&#8221;100&#8243; shift_y=&#8221;0&#8243; z_index=&#8221;0&#8243; uncode_shortcode_id=&#8221;658773&#8243;][vc_column column_width_percent=&#8221;100&#8243; gutter_size=&#8221;3&#8243; overlay_alpha=&#8221;50&#8243; border_color=&#8221;accent&#8221; border_style=&#8221;solid&#8221; shift_x=&#8221;0&#8243; shift_y=&#8221;0&#8243; shift_y_down=&#8221;0&#8243; z_index=&#8221;0&#8243; medium_width=&#8221;0&#8243; mobile_width=&#8221;0&#8243; css_animation=&#8221;left-t-right&#8221; animation_delay=&#8221;100&#8243; width=&#8221;1\/1&#8243; uncode_shortcode_id=&#8221;325675&#8243; css=&#8221;.vc_custom_1642759212645{border-top-width: 1px !important;border-right-width: 1px !important;border-bottom-width: 1px !important;border-left-width: 1px !important;padding-top: 20px !important;padding-right: 20px !important;padding-bottom: 20px !important;padding-left: 20px !important;}&#8221; border_color_type=&#8221;uncode-palette&#8221;][vc_custom_heading heading_semantic=&#8221;p&#8221; text_size=&#8221;h4&#8243; text_weight=&#8221;700&#8243; uncode_shortcode_id=&#8221;873573&#8243;]Pelno mokes\u010dio lengvata[\/vc_custom_heading][vc_column_text uncode_shortcode_id=&#8221;134135&#8243; css=&#8221;.vc_custom_1651228523381{margin-top: 20px !important;}&#8221;]<\/p>\n<p class=\"p1\" style=\"text-align: justify;\">\u201eInovacij\u0173 d\u0117\u017eut\u0117s\u201c mokestin\u0117 lengvata (angl. \u201eIP Box\u201c, \u201ePatent box\u201c) <b>\u2013 tai ma\u017eesnis pelno mokes\u010dio tarifas pagal Pelno mokes\u010dio \u012fstatym\u0105 inovacijas kurian\u010diam verslui<\/b>. Lengvata taikoma pelnui i\u0161 programin\u0117s \u012frangos produkt\u0173 ir patentais apsaugot\u0173 sprendim\u0173 panaudojimo.<\/p>\n<p class=\"p1\" style=\"text-align: justify;\">Pagal Pelno mokes\u010dio \u012fstatymo 5 str. 7 dal\u012f i\u0161 paties mokes\u010dio mok\u0117tojo (Lietuvos vieneto, nuolatini\u0173 buveini\u0173) vykdomoje mokslini\u0173 tyrim\u0173 ir eksperimentin\u0117s pl\u0117tros (toliau <b>\u2013<\/b> MTEP) veikloje sukurto turto naudojimo, pardavimo ar kitokio perleidimo nuosavyb\u0117n gaut\u0173 pajam\u0173 (\u012fskaitant honorarus ir kompensacijas u\u017e pa\u017eeistas intelektin\u0117s nuosavyb\u0117s teises) pagal nustatyt\u0105 formul\u0119 apskai\u010diuota apmokestinamojo pelno dalis apmokestinama taikant 5 proc. mokes\u010dio tarif\u0105, jeigu:<\/p>\n<p>[\/vc_column_text][uncode_list icon=&#8221;fa fa-dot-circle-o&#8221; icon_color=&#8221;accent&#8221; uncode_shortcode_id=&#8221;192203&#8243; icon_color_type=&#8221;uncode-palette&#8221;]<\/p>\n<ul style=\"text-align: justify;\">\n<li>pajamas i\u0161 min\u0117to turto naudojimo, pardavimo ar kitokio perleidimo nuosavyb\u0117n gauna tik j\u012f suk\u016br\u0119s Lietuvos vienetas ar nuolatin\u0117 buvein\u0117 ir tik jie d\u0117l min\u0117t\u0173 pajam\u0173 u\u017edirbimo patiria visas i\u0161laidas;<\/li>\n<li>turtas yra pagal autori\u0173 teis\u0119 saugoma kompiuterio programa ar patentabilumo kriterijus (naujumas, i\u0161radimo lygis, pramoninis pritaikomumas) atitinkantis i\u0161radimas, apsaugotas Europos patent\u0173 tarnybos, Europos ekonomin\u0117s erdv\u0117s valstyb\u0117je arba valstyb\u0117je, su kuria sudaryta ir taikoma dvigubo apmokestinimo i\u0161vengimo sutartis, i\u0161duotais patentais ar papildomos apsaugos liudijimais.<\/li>\n<\/ul>\n<p>[\/uncode_list][vc_column_text uncode_shortcode_id=&#8221;619715&#8243; css=&#8221;.vc_custom_1651228530298{margin-top: 20px !important;}&#8221;]<\/p>\n<p style=\"text-align: justify;\">Nuostoliai, patirti d\u0117l MTEP veikloje sukurto turto naudojimo, pardavimo ar kitokio perleidimo nuosavyb\u0117n, apskai\u010diuoti pagal PM\u012e 5 str. 9 dalyje nustatyt\u0105 formul\u0119, atskaitomi tik i\u0161 tos pa\u010dios veiklos gauto apmokestinamojo pelno.<\/p>\n<p style=\"text-align: justify;\">D\u0117l daugiau informacijos apie pelno mokes\u010dio lengvatos taikym\u0105 ir apskai\u010diavim\u0105 galima kreiptis \u012f Valstybin\u0119 mokes\u010di\u0173 inspekcij\u0105 pateikiant el. paklausim\u0105 per \u201eManoVMI\u201c, naudojantis paslauga \u201ePaslaug\u0173 teikimas\u201c (<a href=\"https:\/\/www.vmi.lt\/evmi\/elektroniniai-paklausimai\" target=\"_blank\" rel=\"noopener\">https:\/\/www.vmi.lt\/evmi\/elektroniniai-paklausimai<\/a>) arba tel. <a href=\"tel:1882\">1882<\/a> ar <a href=\"tel:+370 260 50 60\">+370 260 50 60<\/a>.<\/p>\n<p>[\/vc_column_text][\/vc_column][\/vc_row]<\/p>\n","protected":false},"excerpt":{"rendered":"<p>[vc_row unlock_row_content=&#8221;yes&#8221; row_height_percent=&#8221;0&#8243; back_image=&#8221;104068&#8243; overlay_alpha=&#8221;50&#8243; gutter_size=&#8221;3&#8243; column_width_percent=&#8221;100&#8243; shift_y=&#8221;0&#8243; z_index=&#8221;0&#8243; uncode_shortcode_id=&#8221;151403&#8243; row_height_pixel=&#8221;350&#8243; back_size=&#8221;cover&#8221; overlay_color_type=&#8221;uncode-solid&#8221; overlay_color_solid=&#8221;#112911&#8243;][vc_column column_width_percent=&#8221;100&#8243; position_vertical=&#8221;middle&#8221; align_horizontal=&#8221;align_center&#8221; gutter_size=&#8221;3&#8243; style=&#8221;dark&#8221; overlay_alpha=&#8221;50&#8243; [&hellip;]<\/p>\n","protected":false},"author":1,"featured_media":0,"parent":104656,"menu_order":0,"comment_status":"closed","ping_status":"closed","template":"","meta":{"footnotes":""},"class_list":["post-104825","page","type-page","status-publish","hentry","page_category-pagrindinis"],"_links":{"self":[{"href":"https:\/\/ainisdev.eu\/intelektine\/wp-json\/wp\/v2\/pages\/104825","targetHints":{"allow":["GET"]}}],"collection":[{"href":"https:\/\/ainisdev.eu\/intelektine\/wp-json\/wp\/v2\/pages"}],"about":[{"href":"https:\/\/ainisdev.eu\/intelektine\/wp-json\/wp\/v2\/types\/page"}],"author":[{"embeddable":true,"href":"https:\/\/ainisdev.eu\/intelektine\/wp-json\/wp\/v2\/users\/1"}],"replies":[{"embeddable":true,"href":"https:\/\/ainisdev.eu\/intelektine\/wp-json\/wp\/v2\/comments?post=104825"}],"version-history":[{"count":12,"href":"https:\/\/ainisdev.eu\/intelektine\/wp-json\/wp\/v2\/pages\/104825\/revisions"}],"predecessor-version":[{"id":107082,"href":"https:\/\/ainisdev.eu\/intelektine\/wp-json\/wp\/v2\/pages\/104825\/revisions\/107082"}],"up":[{"embeddable":true,"href":"https:\/\/ainisdev.eu\/intelektine\/wp-json\/wp\/v2\/pages\/104656"}],"wp:attachment":[{"href":"https:\/\/ainisdev.eu\/intelektine\/wp-json\/wp\/v2\/media?parent=104825"}],"curies":[{"name":"wp","href":"https:\/\/api.w.org\/{rel}","templated":true}]}}