{"id":104656,"date":"2022-01-21T10:35:19","date_gmt":"2022-01-21T08:35:19","guid":{"rendered":"https:\/\/ainisdev.eu\/intelektine\/?page_id=104656"},"modified":"2023-09-18T14:45:09","modified_gmt":"2023-09-18T11:45:09","slug":"kokia-parama-intelektinei-nuosavybei-galiu-gauti","status":"publish","type":"page","link":"https:\/\/ainisdev.eu\/intelektine\/kokia-parama-intelektinei-nuosavybei-galiu-gauti\/","title":{"rendered":"Koki\u0105 param\u0105 intelektinei nuosavybei galiu gauti?"},"content":{"rendered":"<p>[vc_row unlock_row_content=&#8221;yes&#8221; row_height_percent=&#8221;0&#8243; back_image=&#8221;104068&#8243; overlay_alpha=&#8221;50&#8243; gutter_size=&#8221;3&#8243; column_width_percent=&#8221;100&#8243; shift_y=&#8221;0&#8243; z_index=&#8221;0&#8243; uncode_shortcode_id=&#8221;151403&#8243; row_height_pixel=&#8221;350&#8243; back_size=&#8221;cover&#8221; overlay_color_type=&#8221;uncode-solid&#8221; overlay_color_solid=&#8221;#112911&#8243;][vc_column column_width_percent=&#8221;100&#8243; position_vertical=&#8221;middle&#8221; align_horizontal=&#8221;align_center&#8221; gutter_size=&#8221;3&#8243; style=&#8221;dark&#8221; overlay_alpha=&#8221;50&#8243; shift_x=&#8221;0&#8243; shift_y=&#8221;0&#8243; shift_y_down=&#8221;0&#8243; z_index=&#8221;0&#8243; medium_width=&#8221;0&#8243; mobile_width=&#8221;0&#8243; width=&#8221;1\/1&#8243; uncode_shortcode_id=&#8221;128755&#8243;][vc_custom_heading heading_semantic=&#8221;p&#8221; text_size=&#8221;fontsize-338686&#8243; text_weight=&#8221;700&#8243; text_transform=&#8221;uppercase&#8221; text_height=&#8221;fontheight-179065&#8243; uncode_shortcode_id=&#8221;932745&#8243;]Koki\u0105 param\u0105 intelektinei nuosavybei galiu gauti?[\/vc_custom_heading][\/vc_column][\/vc_row][vc_row row_height_percent=&#8221;0&#8243; override_padding=&#8221;yes&#8221; h_padding=&#8221;2&#8243; top_padding=&#8221;3&#8243; bottom_padding=&#8221;2&#8243; overlay_alpha=&#8221;50&#8243; gutter_size=&#8221;3&#8243; column_width_percent=&#8221;100&#8243; shift_y=&#8221;0&#8243; z_index=&#8221;0&#8243; uncode_shortcode_id=&#8221;132769&#8243;][vc_column column_width_percent=&#8221;100&#8243; gutter_size=&#8221;3&#8243; overlay_alpha=&#8221;50&#8243; shift_x=&#8221;0&#8243; shift_y=&#8221;0&#8243; shift_y_down=&#8221;0&#8243; z_index=&#8221;0&#8243; medium_width=&#8221;0&#8243; mobile_width=&#8221;0&#8243; width=&#8221;1\/1&#8243; uncode_shortcode_id=&#8221;114911&#8243;][vc_custom_heading heading_semantic=&#8221;p&#8221; text_size=&#8221;fontsize-160000&#8243; text_weight=&#8221;700&#8243; text_height=&#8221;fontheight-179065&#8243; uncode_shortcode_id=&#8221;200251&#8243;]Kokia parama suteikiama ir kokia tvarka?[\/vc_custom_heading][vc_row_inner][vc_column_inner column_width_percent=&#8221;100&#8243; gutter_size=&#8221;3&#8243; overlay_alpha=&#8221;50&#8243; border_color=&#8221;accent&#8221; border_style=&#8221;solid&#8221; shift_x=&#8221;0&#8243; shift_y=&#8221;0&#8243; shift_y_down=&#8221;0&#8243; z_index=&#8221;0&#8243; medium_width=&#8221;0&#8243; mobile_width=&#8221;0&#8243; css_animation=&#8221;left-t-right&#8221; animation_delay=&#8221;100&#8243; width=&#8221;1\/1&#8243; uncode_shortcode_id=&#8221;185857&#8243; css=&#8221;.vc_custom_1643331085354{border-top-width: 1px !important;border-right-width: 1px !important;border-bottom-width: 1px !important;border-left-width: 1px !important;padding-top: 20px !important;padding-right: 20px !important;padding-bottom: 20px !important;padding-left: 20px !important;}&#8221; border_color_type=&#8221;uncode-palette&#8221;][vc_column_text text_lead=&#8221;yes&#8221; uncode_shortcode_id=&#8221;103777&#8243; css=&#8221;.vc_custom_1651229329296{margin-top: 20px !important;}&#8221;]<\/p>\n<p style=\"text-align: justify;\">Siekiant pad\u0117ti efektyviau apsaugoti intelektin\u0117s nuosavyb\u0117s teises, \u012fvertinti turim\u0105 intelektin\u0117s nuosavyb\u0117s portfel\u012f, tinkamai juo pasinaudoti \u012fvairios institucijos teikia konsultacin\u0119, metodin\u0119, finansin\u0119 param\u0105. Taip pat siekiant skatinti k\u016br\u0117jus \u2013 fizinius asmenis, apsaugoti sukurtus i\u0161radimus ar dizain\u0105 ir siekiantiems juos registruoti savo vardu yra numatyti ma\u017eesni mokes\u010diai u\u017e tam tikr\u0173 veiksm\u0173 atlikim\u0105.<\/p>\n<p>[\/vc_column_text][\/vc_column_inner][\/vc_row_inner][\/vc_column][\/vc_row][vc_row row_height_percent=&#8221;0&#8243; override_padding=&#8221;yes&#8221; h_padding=&#8221;2&#8243; top_padding=&#8221;0&#8243; bottom_padding=&#8221;3&#8243; overlay_alpha=&#8221;50&#8243; gutter_size=&#8221;3&#8243; column_width_percent=&#8221;100&#8243; shift_y=&#8221;0&#8243; z_index=&#8221;0&#8243; uncode_shortcode_id=&#8221;608624&#8243;][vc_column column_width_percent=&#8221;100&#8243; gutter_size=&#8221;3&#8243; overlay_alpha=&#8221;50&#8243; shift_x=&#8221;0&#8243; shift_y=&#8221;0&#8243; shift_y_down=&#8221;0&#8243; z_index=&#8221;0&#8243; medium_width=&#8221;0&#8243; mobile_width=&#8221;0&#8243; width=&#8221;1\/1&#8243; uncode_shortcode_id=&#8221;114911&#8243;][vc_custom_heading heading_semantic=&#8221;p&#8221; text_size=&#8221;fontsize-160000&#8243; text_weight=&#8221;700&#8243; text_height=&#8221;fontheight-179065&#8243; uncode_shortcode_id=&#8221;428947&#8243;]Kur kreiptis norint gauti param\u0105?[\/vc_custom_heading][vc_row_inner][vc_column_inner column_width_percent=&#8221;100&#8243; gutter_size=&#8221;3&#8243; overlay_alpha=&#8221;50&#8243; border_color=&#8221;accent&#8221; border_style=&#8221;solid&#8221; shift_x=&#8221;0&#8243; shift_y=&#8221;0&#8243; shift_y_down=&#8221;0&#8243; z_index=&#8221;0&#8243; medium_width=&#8221;0&#8243; mobile_width=&#8221;0&#8243; css_animation=&#8221;left-t-right&#8221; animation_delay=&#8221;100&#8243; width=&#8221;1\/1&#8243; uncode_shortcode_id=&#8221;185857&#8243; css=&#8221;.vc_custom_1643331085354{border-top-width: 1px !important;border-right-width: 1px !important;border-bottom-width: 1px !important;border-left-width: 1px !important;padding-top: 20px !important;padding-right: 20px !important;padding-bottom: 20px !important;padding-left: 20px !important;}&#8221; border_color_type=&#8221;uncode-palette&#8221;][vc_column_text text_lead=&#8221;yes&#8221; uncode_shortcode_id=&#8221;122287&#8243; css=&#8221;.vc_custom_1651229337258{margin-bottom: -10px !important;}&#8221;]<\/p>\n<p style=\"text-align: justify;\">Konsultacin\u0119 ir metodin\u0119 param\u0105 institucijos teikia pagal savo kompetencij\u0105, tod\u0117l d\u0117l informacijos galima <a href=\"https:\/\/ainisdev.eu\/intelektine\/kur-kreiptis-jei\/\">kreiptis \u012f atitinkam\u0105 institucij\u0105<\/a> pagal jums r\u016bpim\u0105 klausim\u0105. Da\u017eniausiai informacija pateikiama ir atsakingos institucijos tinklalapyje.<\/p>\n<p>[\/vc_column_text][vc_column_text text_lead=&#8221;yes&#8221; uncode_shortcode_id=&#8221;305584&#8243; css=&#8221;.vc_custom_1651229344718{margin-top: 20px !important;margin-bottom: -10px !important;}&#8221;]<\/p>\n<p style=\"text-align: justify;\">Lietuvoje galima gauti ir finansin\u0119 param\u0105, kuri yra susijusi su patirt\u0173 i\u0161laid\u0173 registruojant intelektin\u0117s nuosavyb\u0117s objektus kompensavimu, i\u0161ankstiniu finansavimu kuriant intelektin\u0117s nuosavyb\u0117s objektus, i\u0161ankstine intelektin\u0117s nuosavyb\u0117s objekt\u0173 \u012fvertinimo paslauga, mokes\u010di\u0173 lengvatomis, jeigu esama su intelektin\u0117s nuosavyb\u0117s objekt\u0173 k\u016brimu ar naudojimu susijusi\u0173 i\u0161laid\u0173.<\/p>\n<p>[\/vc_column_text][vc_button button_color=&#8221;color-185931&#8243; size=&#8221;link&#8221; btn_link_size=&#8221;h5&#8243; custom_typo=&#8221;yes&#8221; font_family=&#8221;font-175345&#8243; font_weight=&#8221;700&#8243; icon_position=&#8221;right&#8221; uncode_shortcode_id=&#8221;187208&#8243; link=&#8221;url:https%3A%2F%2Fainisdev.eu%2Fintelektine%2Fkokia-parama-intelektinei-nuosavybei-galiu-gauti%2Fnaujausia-informacija-apie-intelektines-nuosavybes-apsaugai-skiriama-parama%2F&#8221; icon=&#8221;fa fa-arrow-right-thick&#8221; button_color_type=&#8221;uncode-palette&#8221;]Informacij\u0105 apie \u0161iuo metu teikiam\u0105 param\u0105 galima rasti \u010dia[\/vc_button][\/vc_column_inner][\/vc_row_inner][\/vc_column][\/vc_row]<\/p>\n","protected":false},"excerpt":{"rendered":"<p>[vc_row unlock_row_content=&#8221;yes&#8221; row_height_percent=&#8221;0&#8243; back_image=&#8221;104068&#8243; overlay_alpha=&#8221;50&#8243; gutter_size=&#8221;3&#8243; column_width_percent=&#8221;100&#8243; shift_y=&#8221;0&#8243; z_index=&#8221;0&#8243; uncode_shortcode_id=&#8221;151403&#8243; row_height_pixel=&#8221;350&#8243; back_size=&#8221;cover&#8221; overlay_color_type=&#8221;uncode-solid&#8221; overlay_color_solid=&#8221;#112911&#8243;][vc_column column_width_percent=&#8221;100&#8243; position_vertical=&#8221;middle&#8221; align_horizontal=&#8221;align_center&#8221; gutter_size=&#8221;3&#8243; style=&#8221;dark&#8221; overlay_alpha=&#8221;50&#8243; [&hellip;]<\/p>\n","protected":false},"author":1,"featured_media":0,"parent":0,"menu_order":0,"comment_status":"closed","ping_status":"closed","template":"","meta":{"footnotes":""},"class_list":["post-104656","page","type-page","status-publish","hentry","page_category-pagrindinis"],"_links":{"self":[{"href":"https:\/\/ainisdev.eu\/intelektine\/wp-json\/wp\/v2\/pages\/104656","targetHints":{"allow":["GET"]}}],"collection":[{"href":"https:\/\/ainisdev.eu\/intelektine\/wp-json\/wp\/v2\/pages"}],"about":[{"href":"https:\/\/ainisdev.eu\/intelektine\/wp-json\/wp\/v2\/types\/page"}],"author":[{"embeddable":true,"href":"https:\/\/ainisdev.eu\/intelektine\/wp-json\/wp\/v2\/users\/1"}],"replies":[{"embeddable":true,"href":"https:\/\/ainisdev.eu\/intelektine\/wp-json\/wp\/v2\/comments?post=104656"}],"version-history":[{"count":1,"href":"https:\/\/ainisdev.eu\/intelektine\/wp-json\/wp\/v2\/pages\/104656\/revisions"}],"predecessor-version":[{"id":105759,"href":"https:\/\/ainisdev.eu\/intelektine\/wp-json\/wp\/v2\/pages\/104656\/revisions\/105759"}],"wp:attachment":[{"href":"https:\/\/ainisdev.eu\/intelektine\/wp-json\/wp\/v2\/media?parent=104656"}],"curies":[{"name":"wp","href":"https:\/\/api.w.org\/{rel}","templated":true}]}}