{"id":104635,"date":"2022-01-20T23:59:27","date_gmt":"2022-01-20T21:59:27","guid":{"rendered":"https:\/\/ainisdev.eu\/intelektine\/?page_id=104635"},"modified":"2023-09-18T14:38:11","modified_gmt":"2023-09-18T11:38:11","slug":"naudingasis-modelis","status":"publish","type":"page","link":"https:\/\/ainisdev.eu\/intelektine\/kiti-in-objektai\/naudingasis-modelis\/","title":{"rendered":"Naudingasis modelis"},"content":{"rendered":"<p>[vc_row unlock_row_content=&#8221;yes&#8221; row_height_percent=&#8221;0&#8243; back_image=&#8221;104068&#8243; overlay_alpha=&#8221;50&#8243; gutter_size=&#8221;3&#8243; column_width_percent=&#8221;100&#8243; shift_y=&#8221;0&#8243; z_index=&#8221;0&#8243; uncode_shortcode_id=&#8221;151403&#8243; row_height_pixel=&#8221;350&#8243; back_size=&#8221;cover&#8221; overlay_color_type=&#8221;uncode-solid&#8221; overlay_color_solid=&#8221;#112911&#8243;][vc_column column_width_percent=&#8221;100&#8243; position_vertical=&#8221;middle&#8221; align_horizontal=&#8221;align_center&#8221; gutter_size=&#8221;3&#8243; style=&#8221;dark&#8221; overlay_alpha=&#8221;50&#8243; shift_x=&#8221;0&#8243; shift_y=&#8221;0&#8243; shift_y_down=&#8221;0&#8243; z_index=&#8221;0&#8243; medium_width=&#8221;0&#8243; mobile_width=&#8221;0&#8243; width=&#8221;1\/1&#8243; uncode_shortcode_id=&#8221;128755&#8243;][vc_custom_heading heading_semantic=&#8221;p&#8221; text_size=&#8221;fontsize-338686&#8243; text_weight=&#8221;700&#8243; text_transform=&#8221;uppercase&#8221; text_height=&#8221;fontheight-179065&#8243; uncode_shortcode_id=&#8221;281277&#8243;]Naudingasis modelis[\/vc_custom_heading][\/vc_column][\/vc_row][vc_row row_height_percent=&#8221;0&#8243; override_padding=&#8221;yes&#8221; h_padding=&#8221;2&#8243; top_padding=&#8221;2&#8243; bottom_padding=&#8221;3&#8243; back_color=&#8221;color-781555&#8243; overlay_alpha=&#8221;50&#8243; gutter_size=&#8221;3&#8243; column_width_percent=&#8221;100&#8243; shift_y=&#8221;0&#8243; z_index=&#8221;0&#8243; uncode_shortcode_id=&#8221;746644&#8243; back_color_type=&#8221;uncode-palette&#8221; css=&#8221;.vc_custom_1642722094461{padding-top: 30px !important;}&#8221;][vc_column column_width_percent=&#8221;100&#8243; gutter_size=&#8221;3&#8243; overlay_alpha=&#8221;50&#8243; shift_x=&#8221;0&#8243; shift_y=&#8221;0&#8243; shift_y_down=&#8221;0&#8243; z_index=&#8221;0&#8243; medium_width=&#8221;0&#8243; mobile_width=&#8221;0&#8243; width=&#8221;1\/1&#8243; uncode_shortcode_id=&#8221;121240&#8243;][vc_custom_heading heading_semantic=&#8221;p&#8221; text_size=&#8221;fontsize-160000&#8243; text_weight=&#8221;700&#8243; text_height=&#8221;fontheight-179065&#8243; uncode_shortcode_id=&#8221;146757&#8243;]Kas yra naudingasis modelis?[\/vc_custom_heading][vc_row_inner][vc_column_inner column_width_percent=&#8221;100&#8243; gutter_size=&#8221;3&#8243; style=&#8221;dark&#8221; back_color=&#8221;accent&#8221; overlay_alpha=&#8221;50&#8243; shift_x=&#8221;0&#8243; shift_y=&#8221;0&#8243; shift_y_down=&#8221;0&#8243; z_index=&#8221;0&#8243; medium_width=&#8221;0&#8243; mobile_width=&#8221;0&#8243; css_animation=&#8221;zoom-in&#8221; animation_delay=&#8221;100&#8243; radius=&#8221;sm&#8221; shadow=&#8221;xs&#8221; width=&#8221;1\/1&#8243; uncode_shortcode_id=&#8221;597925&#8243; back_color_type=&#8221;uncode-palette&#8221; css=&#8221;.vc_custom_1643328582085{padding-top: 20px !important;padding-right: 20px !important;padding-bottom: 20px !important;padding-left: 20px !important;}&#8221;][vc_column_text text_lead=&#8221;yes&#8221; uncode_shortcode_id=&#8221;610603&#8243; css=&#8221;.vc_custom_1651227163424{margin-top: 20px !important;}&#8221;]<\/p>\n<p style=\"text-align: justify;\">S\u0105voka \u201enaudingasis modelis\u201c semantine prasme suponuoja supratim\u0105, kad tai yra prakti\u0161kai naudojamas gaminys, turintis tam tikras naudingas funkcijas. Naudingasis modelis yra intelektin\u0117s k\u016brybos procese sukuriamas techninis sprendimas, atitinkantis gerokai ma\u017eesnius nei i\u0161radimo patentabilumui keliamus reikalavimus d\u0117l naujumo ar technikos lygio. Tod\u0117l kartais jis gali b\u016bti vadinamas ir \u201ema\u017euoju i\u0161radimu\u201c arba \u201ema\u017euoju\u201c, \u201etrumpo laikotarpio\u201c, \u201epaprastuoju\u201c, \u201einovacij\u0173\u201c patentu arba netgi funkciniu dizainu. Naudinguoju modeliu paprastai laikoma tik \u012frenginio (prietaiso) forma ir (arba) konstrukcija (prietaisai, \u012frankiai, nam\u0173 apyvokos daiktai). Kai kuriose \u0161alyse tokia apsauga taikoma ir tam tikroms vidin\u0117ms gamini\u0173 savyb\u0117ms. Ta\u010diau paprastai naudinguoju modeliu nelaikoma ir apsauga nesuteikiama gamybos b\u016bdams.<\/p>\n<p>[\/vc_column_text][vc_column_text text_lead=&#8221;yes&#8221; uncode_shortcode_id=&#8221;177801&#8243; css=&#8221;.vc_custom_1651227169790{margin-top: 20px !important;}&#8221;]<\/p>\n<p style=\"text-align: justify;\">Nauding\u0173j\u0173 modeli\u0173 vieningos teisin\u0117s s\u0105vokos n\u0117ra, kaip ir n\u0117ra tarptautinio ar Europos S\u0105jungos teis\u0117s akto, i\u0161skirtinai reglamentuojan\u010dio \u0161io pramonin\u0117s nuosavyb\u0117s objekto teisin\u0119 apsaug\u0105.<\/p>\n<p>[\/vc_column_text][\/vc_column_inner][\/vc_row_inner][\/vc_column][\/vc_row][vc_row row_height_percent=&#8221;0&#8243; override_padding=&#8221;yes&#8221; h_padding=&#8221;2&#8243; top_padding=&#8221;3&#8243; bottom_padding=&#8221;3&#8243; overlay_alpha=&#8221;50&#8243; gutter_size=&#8221;3&#8243; column_width_percent=&#8221;100&#8243; shift_y=&#8221;0&#8243; z_index=&#8221;0&#8243; uncode_shortcode_id=&#8221;724630&#8243;][vc_column width=&#8221;1\/1&#8243;][vc_custom_heading heading_semantic=&#8221;p&#8221; text_size=&#8221;fontsize-160000&#8243; text_weight=&#8221;700&#8243; text_height=&#8221;fontheight-179065&#8243; uncode_shortcode_id=&#8221;130065&#8243;]Naudingojo modelio apsauga[\/vc_custom_heading][vc_row_inner][vc_column_inner column_width_percent=&#8221;100&#8243; gutter_size=&#8221;3&#8243; expand_height=&#8221;yes&#8221; overlay_alpha=&#8221;50&#8243; border_color=&#8221;accent&#8221; border_style=&#8221;solid&#8221; shift_x=&#8221;0&#8243; shift_y=&#8221;0&#8243; shift_y_down=&#8221;0&#8243; z_index=&#8221;0&#8243; medium_width=&#8221;0&#8243; mobile_width=&#8221;0&#8243; css_animation=&#8221;bottom-t-top&#8221; animation_delay=&#8221;100&#8243; width=&#8221;1\/2&#8243; uncode_shortcode_id=&#8221;146717&#8243; css=&#8221;.vc_custom_1643328740114{border-top-width: 1px !important;border-right-width: 1px !important;border-bottom-width: 1px !important;border-left-width: 1px !important;padding-top: 20px !important;padding-right: 20px !important;padding-bottom: 20px !important;padding-left: 20px !important;}&#8221; border_color_type=&#8221;uncode-palette&#8221;][vc_column_text uncode_shortcode_id=&#8221;161858&#8243;]<\/p>\n<p style=\"text-align: justify;\">Lietuva kaip ir dar kelios ES valstyb\u0117s \u2013 Belgija, Kipras, Kroatija, Latvija, Liuksemburgas, Malta, Nyderlandai, \u0160vedija \u2013 nauding\u0173j\u0173 modeli\u0173 teisin\u0117s apsaugos nereglamentuoja. Tod\u0117l toks objektas \u0161iose \u0161alyse gali b\u016bti apsaugotas i\u0161radimo patentu su s\u0105lyga, kad jis atitinka i\u0161radimo apsaugai keliamus reikalavimus.<\/p>\n<p>[\/vc_column_text][\/vc_column_inner][vc_column_inner column_width_percent=&#8221;100&#8243; gutter_size=&#8221;3&#8243; expand_height=&#8221;yes&#8221; overlay_alpha=&#8221;50&#8243; border_color=&#8221;accent&#8221; border_style=&#8221;solid&#8221; shift_x=&#8221;0&#8243; shift_y=&#8221;0&#8243; shift_y_down=&#8221;0&#8243; z_index=&#8221;0&#8243; medium_width=&#8221;0&#8243; mobile_width=&#8221;0&#8243; css_animation=&#8221;bottom-t-top&#8221; animation_delay=&#8221;200&#8243; width=&#8221;1\/2&#8243; uncode_shortcode_id=&#8221;123863&#8243; css=&#8221;.vc_custom_1643328745349{border-top-width: 1px !important;border-right-width: 1px !important;border-bottom-width: 1px !important;border-left-width: 1px !important;padding-top: 20px !important;padding-right: 20px !important;padding-bottom: 20px !important;padding-left: 20px !important;}&#8221; border_color_type=&#8221;uncode-palette&#8221;][vc_column_text uncode_shortcode_id=&#8221;296065&#8243;]<\/p>\n<p style=\"text-align: justify;\">Kai kurios valstyb\u0117s savo teis\u0117s aktuose, reglamentuojan\u010diuose nauding\u0173j\u0173 modeli\u0173 teisin\u0119 apsaug\u0105, numato, kad parai\u0161ka registruoti nauding\u0105j\u012f model\u012f gali b\u016bti pakeista nacionalinio i\u0161radimo patento parai\u0161ka, tiek tarptautiniu (PCT), tiek europiniu (pagal Europos patent\u0173 konvencij\u0105) lygmeniu, arba atvirk\u0161\u010diai. Tokiais atvejais, jei pateiktas i\u0161radimas neatitinka auk\u0161t\u0173 i\u0161radimo patentabilumo kriterij\u0173, parei\u0161k\u0117jo pra\u0161ymu jis gali b\u016bti \u012fregistruotas kaip naudingasis modelis.<\/p>\n<p>[\/vc_column_text][\/vc_column_inner][\/vc_row_inner][vc_row_inner][vc_column_inner column_width_percent=&#8221;100&#8243; gutter_size=&#8221;3&#8243; expand_height=&#8221;yes&#8221; overlay_alpha=&#8221;50&#8243; border_color=&#8221;accent&#8221; border_style=&#8221;solid&#8221; shift_x=&#8221;0&#8243; shift_y=&#8221;0&#8243; shift_y_down=&#8221;0&#8243; z_index=&#8221;0&#8243; medium_width=&#8221;0&#8243; mobile_width=&#8221;0&#8243; css_animation=&#8221;bottom-t-top&#8221; animation_delay=&#8221;300&#8243; width=&#8221;1\/1&#8243; uncode_shortcode_id=&#8221;128904&#8243; css=&#8221;.vc_custom_1643328749718{border-top-width: 1px !important;border-right-width: 1px !important;border-bottom-width: 1px !important;border-left-width: 1px !important;padding-top: 20px !important;padding-right: 20px !important;padding-bottom: 20px !important;padding-left: 20px !important;}&#8221; border_color_type=&#8221;uncode-palette&#8221;][vc_column_text uncode_shortcode_id=&#8221;991650&#8243;]<\/p>\n<p style=\"text-align: justify;\">Nauding\u0173j\u0173 modeli\u0173 apsaugos sistema yra labai pana\u0161i \u012f patent\u0173 sistem\u0105, bet ji daug paprastesn\u0117, pigesn\u0117 ir greitesn\u0117. J\u0173 apsaugai galioja \u0161ie principai:<\/p>\n<p>[\/vc_column_text][uncode_list icon=&#8221;fa fa-dot-circle-o&#8221; icon_color=&#8221;accent&#8221; uncode_shortcode_id=&#8221;175935&#8243; icon_color_type=&#8221;uncode-palette&#8221;]<\/p>\n<ul style=\"text-align: justify;\">\n<li>Nauding\u0105j\u012f model\u012f gali sukurti tik fizinis asmuo. \u0160iam asmeniui nuo suk\u016brimo dienos priklauso asmenin\u0117s neturtin\u0117s teis\u0117s ir turtin\u0117s teis\u0117s, kurias jis gali perduoti kitiems asmenims.<\/li>\n<li>I\u0161imtini\u0173 turtini\u0173 teisi\u0173 \u012fgijimas galimas tik atlikus registracij\u0105.<\/li>\n<li>I\u0161imtini\u0173 teisi\u0173 galiojimui taikomi laiko (paprastai apsauga taikoma nuo 3 iki 10 met\u0173) ir teritorijos apribojimai (saugoma tik toje valstyb\u0117je ar regione, kuriame suteikiama teisin\u0117 apsauga).<\/li>\n<li>I\u0161imtini\u0173 teisi\u0173 turinys \u2013 monopolinis, t. y. teisi\u0173 savininkas gali leisti arba drausti kitiems asmenims naudoti komerciniais tikslais sukurt\u0105 nauding\u0105j\u012f model\u012f.<\/li>\n<\/ul>\n<p>[\/uncode_list][\/vc_column_inner][\/vc_row_inner][\/vc_column][\/vc_row]<\/p>\n","protected":false},"excerpt":{"rendered":"<p>[vc_row unlock_row_content=&#8221;yes&#8221; row_height_percent=&#8221;0&#8243; back_image=&#8221;104068&#8243; overlay_alpha=&#8221;50&#8243; gutter_size=&#8221;3&#8243; column_width_percent=&#8221;100&#8243; shift_y=&#8221;0&#8243; z_index=&#8221;0&#8243; uncode_shortcode_id=&#8221;151403&#8243; row_height_pixel=&#8221;350&#8243; back_size=&#8221;cover&#8221; overlay_color_type=&#8221;uncode-solid&#8221; overlay_color_solid=&#8221;#112911&#8243;][vc_column column_width_percent=&#8221;100&#8243; position_vertical=&#8221;middle&#8221; align_horizontal=&#8221;align_center&#8221; gutter_size=&#8221;3&#8243; style=&#8221;dark&#8221; overlay_alpha=&#8221;50&#8243; [&hellip;]<\/p>\n","protected":false},"author":1,"featured_media":0,"parent":103634,"menu_order":0,"comment_status":"closed","ping_status":"closed","template":"","meta":{"footnotes":""},"class_list":["post-104635","page","type-page","status-publish","hentry","page_category-kiti-in-objektai"],"_links":{"self":[{"href":"https:\/\/ainisdev.eu\/intelektine\/wp-json\/wp\/v2\/pages\/104635","targetHints":{"allow":["GET"]}}],"collection":[{"href":"https:\/\/ainisdev.eu\/intelektine\/wp-json\/wp\/v2\/pages"}],"about":[{"href":"https:\/\/ainisdev.eu\/intelektine\/wp-json\/wp\/v2\/types\/page"}],"author":[{"embeddable":true,"href":"https:\/\/ainisdev.eu\/intelektine\/wp-json\/wp\/v2\/users\/1"}],"replies":[{"embeddable":true,"href":"https:\/\/ainisdev.eu\/intelektine\/wp-json\/wp\/v2\/comments?post=104635"}],"version-history":[{"count":1,"href":"https:\/\/ainisdev.eu\/intelektine\/wp-json\/wp\/v2\/pages\/104635\/revisions"}],"predecessor-version":[{"id":105757,"href":"https:\/\/ainisdev.eu\/intelektine\/wp-json\/wp\/v2\/pages\/104635\/revisions\/105757"}],"up":[{"embeddable":true,"href":"https:\/\/ainisdev.eu\/intelektine\/wp-json\/wp\/v2\/pages\/103634"}],"wp:attachment":[{"href":"https:\/\/ainisdev.eu\/intelektine\/wp-json\/wp\/v2\/media?parent=104635"}],"curies":[{"name":"wp","href":"https:\/\/api.w.org\/{rel}","templated":true}]}}