{"id":104530,"date":"2022-01-20T11:24:17","date_gmt":"2022-01-20T09:24:17","guid":{"rendered":"https:\/\/ainisdev.eu\/intelektine\/?page_id=104530"},"modified":"2025-06-17T13:41:20","modified_gmt":"2025-06-17T10:41:20","slug":"aktualu-idomu-naudinga","status":"publish","type":"page","link":"https:\/\/ainisdev.eu\/intelektine\/aktualu-idomu-naudinga\/","title":{"rendered":"Aktualu, i\u0328domu, naudinga"},"content":{"rendered":"<p>[vc_row unlock_row_content=&#8221;yes&#8221; row_height_percent=&#8221;0&#8243; back_image=&#8221;104068&#8243; overlay_alpha=&#8221;50&#8243; gutter_size=&#8221;3&#8243; column_width_percent=&#8221;100&#8243; shift_y=&#8221;0&#8243; z_index=&#8221;0&#8243; uncode_shortcode_id=&#8221;151403&#8243; row_height_pixel=&#8221;350&#8243; back_size=&#8221;cover&#8221; overlay_color_type=&#8221;uncode-solid&#8221; overlay_color_solid=&#8221;#112911&#8243;][vc_column column_width_percent=&#8221;100&#8243; position_vertical=&#8221;middle&#8221; align_horizontal=&#8221;align_center&#8221; gutter_size=&#8221;3&#8243; style=&#8221;dark&#8221; overlay_alpha=&#8221;50&#8243; shift_x=&#8221;0&#8243; shift_y=&#8221;0&#8243; shift_y_down=&#8221;0&#8243; z_index=&#8221;0&#8243; medium_width=&#8221;0&#8243; mobile_width=&#8221;0&#8243; width=&#8221;1\/1&#8243; uncode_shortcode_id=&#8221;128755&#8243;][vc_custom_heading heading_semantic=&#8221;p&#8221; text_size=&#8221;fontsize-338686&#8243; text_weight=&#8221;700&#8243; text_transform=&#8221;uppercase&#8221; text_height=&#8221;fontheight-179065&#8243; uncode_shortcode_id=&#8221;166927&#8243;]Naudingos nuorodos[\/vc_custom_heading][\/vc_column][\/vc_row][vc_row row_height_percent=&#8221;0&#8243; override_padding=&#8221;yes&#8221; h_padding=&#8221;2&#8243; top_padding=&#8221;4&#8243; bottom_padding=&#8221;3&#8243; overlay_alpha=&#8221;50&#8243; gutter_size=&#8221;3&#8243; column_width_percent=&#8221;100&#8243; shift_y=&#8221;0&#8243; z_index=&#8221;0&#8243; uncode_shortcode_id=&#8221;115746&#8243;][vc_column column_width_percent=&#8221;100&#8243; gutter_size=&#8221;3&#8243; overlay_alpha=&#8221;50&#8243; shift_x=&#8221;0&#8243; shift_y=&#8221;0&#8243; shift_y_down=&#8221;0&#8243; z_index=&#8221;0&#8243; medium_width=&#8221;0&#8243; mobile_width=&#8221;0&#8243; width=&#8221;1\/1&#8243; uncode_shortcode_id=&#8221;144572&#8243;][vc_row_inner][vc_column_inner column_width_percent=&#8221;100&#8243; position_vertical=&#8221;middle&#8221; gutter_size=&#8221;3&#8243; overlay_alpha=&#8221;50&#8243; shift_x=&#8221;0&#8243; shift_y=&#8221;0&#8243; shift_y_down=&#8221;0&#8243; z_index=&#8221;0&#8243; medium_width=&#8221;0&#8243; mobile_width=&#8221;0&#8243; width=&#8221;1\/1&#8243; uncode_shortcode_id=&#8221;133890&#8243;][vc_custom_heading heading_semantic=&#8221;h3&#8243; text_size=&#8221;fontsize-155944&#8243; uncode_shortcode_id=&#8221;190572&#8243;]Aktualu, i\u0328domu, naudinga[\/vc_custom_heading][vc_column_text text_lead=&#8221;yes&#8221; uncode_shortcode_id=&#8221;860341&#8243; css=&#8221;.vc_custom_1643463748581{margin-top: 20px !important;margin-bottom: -10px !important;}&#8221;]\u0160ioje skiltyje rasite nuolat atnaujinam\u0105 aktuali\u0105 ir nauding\u0105 informacij\u0105 apie intelektin\u0119 nuosavyb\u0119.[\/vc_column_text][\/vc_column_inner][\/vc_row_inner][vc_row_inner row_inner_height_percent=&#8221;0&#8243; overlay_alpha=&#8221;50&#8243; gutter_size=&#8221;3&#8243; shift_y=&#8221;0&#8243; z_index=&#8221;0&#8243; uncode_shortcode_id=&#8221;117024&#8243; el_class=&#8221;mygtuko-dydis&#8221;][vc_column_inner column_width_percent=&#8221;100&#8243; gutter_size=&#8221;3&#8243; expand_height=&#8221;yes&#8221; overlay_alpha=&#8221;50&#8243; border_color=&#8221;accent&#8221; border_style=&#8221;solid&#8221; shift_x=&#8221;0&#8243; shift_y=&#8221;0&#8243; shift_y_down=&#8221;0&#8243; z_index=&#8221;0&#8243; medium_width=&#8221;0&#8243; mobile_width=&#8221;0&#8243; css_animation=&#8221;left-t-right&#8221; animation_delay=&#8221;400&#8243; width=&#8221;1\/2&#8243; uncode_shortcode_id=&#8221;193357&#8243; border_color_type=&#8221;uncode-palette&#8221; css=&#8221;.vc_custom_1642762307791{border-top-width: 1px !important;border-right-width: 1px !important;border-bottom-width: 1px !important;border-left-width: 1px !important;padding-top: 20px !important;padding-right: 20px !important;padding-bottom: 20px !important;padding-left: 20px !important;}&#8221;][vc_custom_heading heading_semantic=&#8221;p&#8221; text_size=&#8221;fontsize-259569&#8243; text_weight=&#8221;700&#8243; text_transform=&#8221;uppercase&#8221; uncode_shortcode_id=&#8221;985522&#8243;]Naudingos nuorodos<br \/>\n[\/vc_custom_heading][vc_button button_color=&#8221;accent&#8221; size=&#8221;link&#8221; btn_link_size=&#8221;h6&#8243; icon_position=&#8221;right&#8221; link=&#8221;url:https%3A%2F%2Fsingle-market-economy.ec.europa.eu%2Findustry%2Fstrategy%2Fintellectual-property%2Fenforcement-intellectual-property-rights%2Fpreventing-cyber-theft-trade-secrets-smes-comprehensive-toolkit_en|target:_blank&#8221; button_color_type=&#8221;uncode-palette&#8221; uncode_shortcode_id=&#8221;157958&#8243; icon=&#8221;fa fa-arrow-right-thick&#8221;]Kibernetini\u0173 vagys\u010di\u0173 prevencijos \u012frankis[\/vc_button][vc_button button_color=&#8221;accent&#8221; size=&#8221;link&#8221; btn_link_size=&#8221;h6&#8243; icon_position=&#8221;right&#8221; link=&#8221;url:https%3A%2F%2Feuipo.europa.eu%2Fohimportal%2Flt%2Fweb%2Fobservatory%2Ffaqs-on-copyright-lt|target:_blank&#8221; button_color_type=&#8221;uncode-palette&#8221; uncode_shortcode_id=&#8221;260899&#8243; icon=&#8221;fa fa-arrow-right-thick&#8221;]Europos S\u0105jungos intelektin\u0117s nuosavyb\u0117s tarnybos atsakymai \u012f da\u017enai u\u017eduodamus klausimus apie autori\u0173 teises[\/vc_button][vc_button button_color=&#8221;accent&#8221; size=&#8221;link&#8221; btn_link_size=&#8221;h6&#8243; icon_position=&#8221;right&#8221; link=&#8221;url:https%3A%2F%2Fwww.lat.lt%2Fteismu-praktika%2Flat-praktika%2Faktuali-praktika-nuo-2015-m.%2F61|target:_blank&#8221; button_color_type=&#8221;uncode-palette&#8221; uncode_shortcode_id=&#8221;701251&#8243; icon=&#8221;fa fa-arrow-right-thick&#8221;]Lietuvos Auk\u0161\u010diausiojo Teismo ap\u017evalgos \u2013 Lietuvos auk\u0161\u010diausiosios instancijos teismai periodi\u0161kai publikuoja teism\u0173 praktikos ap\u017evalgas, kuriose aptariami ir klausimai, susij\u0119 su intelektine nuosavybe[\/vc_button][vc_button button_color=&#8221;accent&#8221; size=&#8221;link&#8221; btn_link_size=&#8221;h6&#8243; icon_position=&#8221;right&#8221; link=&#8221;url:https%3A%2F%2Fwww.lvat.lt%2Fveikla%2Fteismu-praktika%2Fnaujausia-teismo-praktika%2F205|target:_blank&#8221; button_color_type=&#8221;uncode-palette&#8221; uncode_shortcode_id=&#8221;983143&#8243; icon=&#8221;fa fa-arrow-right-thick&#8221;]Lietuvos vyriausiojo administracinio teismo ap\u017evalgos \u2013 Lietuvos vyriausiasis administracinis teismas\u00a0periodi\u0161kai publikuoja teism\u0173 praktikos ap\u017evalgas, kuriose aptariami ir klausimai, susij\u0119 su intelektine nuosavybe[\/vc_button][vc_button button_color=&#8221;accent&#8221; size=&#8221;link&#8221; btn_link_size=&#8221;h6&#8243; icon_position=&#8221;right&#8221; link=&#8221;url:https%3A%2F%2Fec.europa.eu%2Ftrade%2Fpolicy%2Faccessing-markets%2Fintellectual-property%2F|target:_blank&#8221; button_color_type=&#8221;uncode-palette&#8221; uncode_shortcode_id=&#8221;982449&#8243; icon=&#8221;fa fa-arrow-right-thick&#8221;]Europos Komisija, Europos S\u0105jungos prekybos politika ir intelektin\u0117 nuosavyb\u0117 [\/vc_button][vc_button button_color=&#8221;accent&#8221; size=&#8221;link&#8221; btn_link_size=&#8221;h6&#8243; icon_position=&#8221;right&#8221; link=&#8221;url:https%3A%2F%2Fwipolex.wipo.int%2Fen%2Fmain%2Flegislation|target:_blank&#8221; button_color_type=&#8221;uncode-palette&#8221; uncode_shortcode_id=&#8221;212754&#8243; icon=&#8221;fa fa-arrow-right-thick&#8221;]Pasaulio intelektin\u0117s nuosavyb\u0117s organizacija, Teism\u0173 sprendim\u0173 duomen\u0173 baz\u0117 [\/vc_button][\/vc_column_inner][vc_column_inner column_width_percent=&#8221;100&#8243; gutter_size=&#8221;3&#8243; expand_height=&#8221;yes&#8221; overlay_alpha=&#8221;50&#8243; border_color=&#8221;accent&#8221; border_style=&#8221;solid&#8221; shift_x=&#8221;0&#8243; shift_y=&#8221;0&#8243; shift_y_down=&#8221;0&#8243; z_index=&#8221;0&#8243; medium_width=&#8221;0&#8243; mobile_width=&#8221;0&#8243; css_animation=&#8221;left-t-right&#8221; animation_delay=&#8221;300&#8243; width=&#8221;1\/2&#8243; uncode_shortcode_id=&#8221;157872&#8243; border_color_type=&#8221;uncode-palette&#8221; css=&#8221;.vc_custom_1642762313829{border-top-width: 1px !important;border-right-width: 1px !important;border-bottom-width: 1px !important;border-left-width: 1px !important;padding-top: 20px !important;padding-right: 20px !important;padding-bottom: 20px !important;padding-left: 20px !important;}&#8221;][vc_custom_heading heading_semantic=&#8221;p&#8221; text_size=&#8221;fontsize-259569&#8243; text_weight=&#8221;700&#8243; text_transform=&#8221;uppercase&#8221; uncode_shortcode_id=&#8221;200042&#8243;]Straipsniai[\/vc_custom_heading][vc_button button_color=&#8221;accent&#8221; size=&#8221;link&#8221; btn_link_size=&#8221;h6&#8243; icon_position=&#8221;right&#8221; link=&#8221;url:https%3A%2F%2Fvpb.lrv.lt%2Flt%2Fnaujienos%2Fmsp-pries-mmsp-byla-klaidinamo-panasumo-vertinimas|target:_blank&#8221; button_color_type=&#8221;uncode-palette&#8221; uncode_shortcode_id=&#8221;185729&#8243; icon=&#8221;fa fa-arrow-right-thick&#8221;]Valstybinio patent\u0173 biuro skelbiama informacija \u2013 Teismo sprendimo byloje MSP prie\u0161 MMSP ap\u017evalga[\/vc_button][vc_button button_color=&#8221;accent&#8221; size=&#8221;link&#8221; btn_link_size=&#8221;h6&#8243; icon_position=&#8221;right&#8221; link=&#8221;url:https%3A%2F%2Fvpb.lrv.lt%2Flt%2Fnaujienos%2Fraffaello-pries-art-glacio-rafaelio-panasumo-klausimas-ir-reputacija-apeliacinio-skyriaus-sprendimas|target:_blank&#8221; button_color_type=&#8221;uncode-palette&#8221; uncode_shortcode_id=&#8221;354022&#8243; icon=&#8221;fa fa-arrow-right-thick&#8221;]Valstybinio patent\u0173 biuro skelbiama informacija \u2013 Teismo sprendimo byloje \u201eRaffaello\u201c prie\u0161 \u201eArt Glacio Rafaelio\u201c ap\u017evalga[\/vc_button][vc_button button_color=&#8221;accent&#8221; size=&#8221;link&#8221; btn_link_size=&#8221;h6&#8243; icon_position=&#8221;right&#8221; link=&#8221;url:https%3A%2F%2Fvpb.lrv.lt%2Flt%2Fnaujienos%2Fpetrus-neirodytas-prekiu-zenklo-naudojimas-lietuvoje|target:_blank&#8221; button_color_type=&#8221;uncode-palette&#8221; uncode_shortcode_id=&#8221;605611&#8243; icon=&#8221;fa fa-arrow-right-thick&#8221;]Valstybinio patent\u0173 biuro skelbiama informacija \u2013 Teismo sprendimo byloje PETRUS ap\u017evalga[\/vc_button][vc_button button_color=&#8221;accent&#8221; size=&#8221;link&#8221; btn_link_size=&#8221;h6&#8243; icon_position=&#8221;right&#8221; link=&#8221;url:https%3A%2F%2Fvpb.lrv.lt%2Flt%2Fnaujienos%2Fchanel-byla-zenklo-sudaryto-is-kvepalu-buteliuko-vaizdo-skiriamasis-pozymis-lat-sprendimas|target:_blank&#8221; button_color_type=&#8221;uncode-palette&#8221; uncode_shortcode_id=&#8221;130322&#8243; icon=&#8221;fa fa-arrow-right-thick&#8221;]Chanel byla: \u017eenklo, sudaryto i\u0161 kvepal\u0173 buteliuko vaizdo, skiriamasis po\u017eymis \u2013 LAT sprendimas[\/vc_button][vc_button button_color=&#8221;accent&#8221; size=&#8221;link&#8221; btn_link_size=&#8221;h6&#8243; icon_position=&#8221;right&#8221; link=&#8221;url:https%3A%2F%2Fvpb.lrv.lt%2Flt%2Fnaujienos%2Fgeri-katilai-lt-pries-geras-katilas-lt-klaidinamo-panasumo-klausimas|target:_blank&#8221; button_color_type=&#8221;uncode-palette&#8221; uncode_shortcode_id=&#8221;103129&#8243; icon=&#8221;fa fa-arrow-right-thick&#8221;]\u201eGERI KATILAI.LT\u201c prie\u0161 \u201eGeras katilas.lt\u201d: klaidinamo pana\u0161umo klausimas[\/vc_button][vc_button button_color=&#8221;accent&#8221; size=&#8221;link&#8221; btn_link_size=&#8221;h6&#8243; icon_position=&#8221;right&#8221; link=&#8221;url:https%3A%2F%2Fvpb.lrv.lt%2Flt%2Fnaujienos%2Froyal-silpnasis-zenklo-elementas|target:_blank&#8221; button_color_type=&#8221;uncode-palette&#8221; uncode_shortcode_id=&#8221;112271&#8243; icon=&#8221;fa fa-arrow-right-thick&#8221;]ROYAL \u2013 silpnasis \u017eenklo elementas?[\/vc_button][\/vc_column_inner][\/vc_row_inner][vc_row_inner row_inner_height_percent=&#8221;0&#8243; overlay_alpha=&#8221;50&#8243; gutter_size=&#8221;3&#8243; shift_y=&#8221;0&#8243; z_index=&#8221;0&#8243; uncode_shortcode_id=&#8221;117024&#8243; el_class=&#8221;mygtuko-dydis&#8221;][vc_column_inner column_width_percent=&#8221;100&#8243; gutter_size=&#8221;3&#8243; expand_height=&#8221;yes&#8221; overlay_alpha=&#8221;50&#8243; border_color=&#8221;accent&#8221; border_style=&#8221;solid&#8221; shift_x=&#8221;0&#8243; shift_y=&#8221;0&#8243; shift_y_down=&#8221;0&#8243; z_index=&#8221;0&#8243; medium_width=&#8221;0&#8243; mobile_width=&#8221;0&#8243; css_animation=&#8221;left-t-right&#8221; animation_delay=&#8221;400&#8243; width=&#8221;1\/2&#8243; uncode_shortcode_id=&#8221;342465&#8243; border_color_type=&#8221;uncode-palette&#8221; css=&#8221;.vc_custom_1642762323869{border-top-width: 1px !important;border-right-width: 1px !important;border-bottom-width: 1px !important;border-left-width: 1px !important;padding-top: 20px !important;padding-right: 20px !important;padding-bottom: 20px !important;padding-left: 20px !important;}&#8221;][vc_custom_heading heading_semantic=&#8221;p&#8221; text_size=&#8221;fontsize-259569&#8243; text_weight=&#8221;700&#8243; text_transform=&#8221;uppercase&#8221; uncode_shortcode_id=&#8221;125097&#8243;]Leidiniai[\/vc_custom_heading][vc_button button_color=&#8221;accent&#8221; size=&#8221;link&#8221; btn_link_size=&#8221;h6&#8243; icon_position=&#8221;right&#8221; button_color_type=&#8221;uncode-palette&#8221; uncode_shortcode_id=&#8221;156510&#8243; icon=&#8221;fa fa-arrow-right-thick&#8221; link=&#8221;url:https%3A%2F%2Fainisdev.eu%2Fintelektine%2Fwp-content%2Fuploads%2F2024%2F06%2FVerslios-idejos.-Intelektines-nuosavybes-vadovas-pradedanciajam-verslui.pdf|target:_blank&#8221;]Verslios id\u0117jos. Intelektin\u0117s nuosavyb\u0117s vadovas pradedan\u010diajam verslui[\/vc_button][vc_button button_color=&#8221;accent&#8221; size=&#8221;link&#8221; btn_link_size=&#8221;h6&#8243; icon_position=&#8221;right&#8221; button_color_type=&#8221;uncode-palette&#8221; uncode_shortcode_id=&#8221;206767&#8243; icon=&#8221;fa fa-arrow-right-thick&#8221; link=&#8221;url:https%3A%2F%2Fainisdev.eu%2Fintelektine%2Fwp-content%2Fuploads%2F2023%2F05%2F2023-Intelektine-nuosavybe-ir-mediacija-05.pdf|target:_blank&#8221;]Intelektin\u0117 nuosavyb\u0117 ir mediacija. VPB leidinys 2023.[\/vc_button][vc_button button_color=&#8221;accent&#8221; size=&#8221;link&#8221; btn_link_size=&#8221;h6&#8243; icon_position=&#8221;right&#8221; link=&#8221;url:https%3A%2F%2Fwww.knygynas.vu.lt%2Fintelektines-nuosavybes-apsauga-kurybinese-industrijose-2|target:_blank&#8221; button_color_type=&#8221;uncode-palette&#8221; uncode_shortcode_id=&#8221;443448&#8243; icon=&#8221;fa fa-arrow-right-thick&#8221;]Intelektin\u0117s nuosavyb\u0117s apsauga k\u016brybin\u0117se industrijose \u2013 nemokamas leidinys apie teises, atsirandan\u010dias suk\u016brus intelektin\u0119 nuosavyb\u0119, ir jos apsaug\u0105 [\/vc_button][vc_button button_color=&#8221;accent&#8221; size=&#8221;link&#8221; btn_link_size=&#8221;h6&#8243; icon_position=&#8221;right&#8221; link=&#8221;url:https%3A%2F%2Fwww.knygynas.vu.lt%2Fintelektines-nuosavybes-apsauga-kurybinese-industrijose-2|target:_blank&#8221; button_color_type=&#8221;uncode-palette&#8221; uncode_shortcode_id=&#8221;443448&#8243; icon=&#8221;fa fa-arrow-right-thick&#8221;]Intelektin\u0117s nuosavyb\u0117s apsauga k\u016brybin\u0117se industrijose \u2013 nemokamas leidinys apie teises, atsirandan\u010dias suk\u016brus intelektin\u0119 nuosavyb\u0119, ir jos apsaug\u0105 [\/vc_button][vc_button button_color=&#8221;accent&#8221; size=&#8221;link&#8221; btn_link_size=&#8221;h6&#8243; icon_position=&#8221;right&#8221; link=&#8221;url:http%3A%2F%2Fwww.vatzum.lt%2Flt%2Fpaslaugos%2Finformacijos-rinkmenos%2Faugalu-veisles%2F%23informaciniai_leidiniai&#8221; button_color_type=&#8221;uncode-palette&#8221; uncode_shortcode_id=&#8221;941391&#8243; icon=&#8221;fa fa-arrow-right-thick&#8221;]Informacinis leidinys apie teisin\u0117s apsaugos suteikim\u0105 augal\u0173 veisl\u0117ms ir j\u0173 \u012fra\u0161ym\u0105 \u012f Nacionalin\u012f augal\u0173 veisli\u0173 s\u0105ra\u0161\u0105 \u2013 leid\u017eiamas 2 kartus per metus[\/vc_button][\/vc_column_inner][vc_column_inner column_width_percent=&#8221;100&#8243; gutter_size=&#8221;3&#8243; expand_height=&#8221;yes&#8221; overlay_alpha=&#8221;50&#8243; border_color=&#8221;accent&#8221; border_style=&#8221;solid&#8221; shift_x=&#8221;0&#8243; shift_y=&#8221;0&#8243; shift_y_down=&#8221;0&#8243; z_index=&#8221;0&#8243; medium_width=&#8221;0&#8243; mobile_width=&#8221;0&#8243; css_animation=&#8221;left-t-right&#8221; animation_delay=&#8221;300&#8243; width=&#8221;1\/2&#8243; uncode_shortcode_id=&#8221;137312&#8243; border_color_type=&#8221;uncode-palette&#8221; css=&#8221;.vc_custom_1642762739876{border-top-width: 1px !important;border-right-width: 1px !important;border-bottom-width: 1px !important;border-left-width: 1px !important;padding-top: 20px !important;padding-right: 20px !important;padding-bottom: 20px !important;padding-left: 20px !important;}&#8221;][vc_custom_heading heading_semantic=&#8221;p&#8221; text_size=&#8221;fontsize-259569&#8243; text_weight=&#8221;700&#8243; text_transform=&#8221;uppercase&#8221; uncode_shortcode_id=&#8221;603464&#8243;]Gair\u0117s, vadovai, metodin\u0117 informacija[\/vc_custom_heading][vc_button button_color=&#8221;accent&#8221; size=&#8221;link&#8221; btn_link_size=&#8221;h6&#8243; icon_position=&#8221;right&#8221; link=&#8221;url:https%3A%2F%2Fwww.smm.lt%2Fweb%2Flt%2Fmokslas%2Fmokslo_ir_verslo_bendradarbiavimas%2Fintelektines_nuosavybes_apsauga|target:_blank&#8221; button_color_type=&#8221;uncode-palette&#8221; uncode_shortcode_id=&#8221;729588&#8243; icon=&#8221;fa fa-arrow-right-thick&#8221;]\u0160vietimo, mokslo ir sporto ministerijos teikiama informacija apie universitet\u0173 ir kit\u0173 vie\u0161\u0173j\u0173 mokslini\u0173 tyrim\u0173 organizacij\u0173 intelektin\u0117s nuosavyb\u0117s valdymo ir \u017eini\u0173 perdavimo reglamentavim\u0105[\/vc_button][\/vc_column_inner][\/vc_row_inner][\/vc_column][\/vc_row]<\/p>\n","protected":false},"excerpt":{"rendered":"<p>[vc_row unlock_row_content=&#8221;yes&#8221; row_height_percent=&#8221;0&#8243; back_image=&#8221;104068&#8243; overlay_alpha=&#8221;50&#8243; gutter_size=&#8221;3&#8243; column_width_percent=&#8221;100&#8243; shift_y=&#8221;0&#8243; z_index=&#8221;0&#8243; uncode_shortcode_id=&#8221;151403&#8243; row_height_pixel=&#8221;350&#8243; back_size=&#8221;cover&#8221; overlay_color_type=&#8221;uncode-solid&#8221; overlay_color_solid=&#8221;#112911&#8243;][vc_column column_width_percent=&#8221;100&#8243; position_vertical=&#8221;middle&#8221; align_horizontal=&#8221;align_center&#8221; gutter_size=&#8221;3&#8243; style=&#8221;dark&#8221; overlay_alpha=&#8221;50&#8243; [&hellip;]<\/p>\n","protected":false},"author":1,"featured_media":0,"parent":0,"menu_order":0,"comment_status":"closed","ping_status":"closed","template":"","meta":{"footnotes":""},"class_list":["post-104530","page","type-page","status-publish","hentry","page_category-pagrindinis"],"_links":{"self":[{"href":"https:\/\/ainisdev.eu\/intelektine\/wp-json\/wp\/v2\/pages\/104530","targetHints":{"allow":["GET"]}}],"collection":[{"href":"https:\/\/ainisdev.eu\/intelektine\/wp-json\/wp\/v2\/pages"}],"about":[{"href":"https:\/\/ainisdev.eu\/intelektine\/wp-json\/wp\/v2\/types\/page"}],"author":[{"embeddable":true,"href":"https:\/\/ainisdev.eu\/intelektine\/wp-json\/wp\/v2\/users\/1"}],"replies":[{"embeddable":true,"href":"https:\/\/ainisdev.eu\/intelektine\/wp-json\/wp\/v2\/comments?post=104530"}],"version-history":[{"count":15,"href":"https:\/\/ainisdev.eu\/intelektine\/wp-json\/wp\/v2\/pages\/104530\/revisions"}],"predecessor-version":[{"id":107717,"href":"https:\/\/ainisdev.eu\/intelektine\/wp-json\/wp\/v2\/pages\/104530\/revisions\/107717"}],"wp:attachment":[{"href":"https:\/\/ainisdev.eu\/intelektine\/wp-json\/wp\/v2\/media?parent=104530"}],"curies":[{"name":"wp","href":"https:\/\/api.w.org\/{rel}","templated":true}]}}