{"id":104478,"date":"2022-01-19T20:39:59","date_gmt":"2022-01-19T18:39:59","guid":{"rendered":"https:\/\/ainisdev.eu\/intelektine\/?page_id=104478"},"modified":"2023-09-18T14:48:49","modified_gmt":"2023-09-18T11:48:49","slug":"kolektyvinio-administravimo-organizacijos","status":"publish","type":"page","link":"https:\/\/ainisdev.eu\/intelektine\/kolektyvinio-administravimo-organizacijos\/","title":{"rendered":"Kolektyvinio administravimo organizacijos"},"content":{"rendered":"<p>[vc_row unlock_row_content=&#8221;yes&#8221; row_height_percent=&#8221;0&#8243; back_image=&#8221;104068&#8243; overlay_alpha=&#8221;50&#8243; gutter_size=&#8221;3&#8243; column_width_percent=&#8221;100&#8243; shift_y=&#8221;0&#8243; z_index=&#8221;0&#8243; uncode_shortcode_id=&#8221;151403&#8243; row_height_pixel=&#8221;350&#8243; back_size=&#8221;cover&#8221; overlay_color_type=&#8221;uncode-solid&#8221; overlay_color_solid=&#8221;#112911&#8243;][vc_column column_width_percent=&#8221;100&#8243; position_vertical=&#8221;middle&#8221; align_horizontal=&#8221;align_center&#8221; gutter_size=&#8221;3&#8243; style=&#8221;dark&#8221; overlay_alpha=&#8221;50&#8243; shift_x=&#8221;0&#8243; shift_y=&#8221;0&#8243; shift_y_down=&#8221;0&#8243; z_index=&#8221;0&#8243; medium_width=&#8221;0&#8243; mobile_width=&#8221;0&#8243; width=&#8221;1\/1&#8243; uncode_shortcode_id=&#8221;128755&#8243;][vc_custom_heading heading_semantic=&#8221;p&#8221; text_size=&#8221;fontsize-338686&#8243; text_weight=&#8221;700&#8243; text_transform=&#8221;uppercase&#8221; text_height=&#8221;fontheight-179065&#8243; uncode_shortcode_id=&#8221;140531&#8243;]Kolektyvinio administravimo organizacijos[\/vc_custom_heading][vc_column_text text_lead=&#8221;yes&#8221; uncode_shortcode_id=&#8221;531983&#8243;]Kolektyvinis teisi\u0173 administravimas yra itin svarbus autori\u0173 teisi\u0173 tur\u0117tojams \u012fgyvendinant savo teises.[\/vc_column_text][\/vc_column][\/vc_row][vc_row row_height_percent=&#8221;0&#8243; override_padding=&#8221;yes&#8221; h_padding=&#8221;2&#8243; top_padding=&#8221;3&#8243; bottom_padding=&#8221;3&#8243; overlay_alpha=&#8221;50&#8243; gutter_size=&#8221;3&#8243; column_width_percent=&#8221;100&#8243; shift_y=&#8221;0&#8243; z_index=&#8221;0&#8243; uncode_shortcode_id=&#8221;552331&#8243;][vc_column column_width_percent=&#8221;100&#8243; gutter_size=&#8221;3&#8243; back_color=&#8221;color-xsdn&#8221; overlay_alpha=&#8221;50&#8243; shift_x=&#8221;0&#8243; shift_y=&#8221;0&#8243; shift_y_down=&#8221;0&#8243; z_index=&#8221;0&#8243; medium_width=&#8221;0&#8243; mobile_width=&#8221;0&#8243; css_animation=&#8221;zoom-in&#8221; animation_delay=&#8221;100&#8243; radius=&#8221;sm&#8221; shadow=&#8221;xs&#8221; width=&#8221;1\/1&#8243; uncode_shortcode_id=&#8221;183569&#8243; back_color_type=&#8221;uncode-palette&#8221; css=&#8221;.vc_custom_1643311841836{padding-top: 20px !important;padding-right: 20px !important;padding-bottom: 20px !important;padding-left: 20px !important;}&#8221;][vc_column_text text_lead=&#8221;yes&#8221; uncode_shortcode_id=&#8221;105228&#8243;]<\/p>\n<p style=\"text-align: justify;\">Kolektyvinio administravimo organizacijos (toliau \u2013 KAO) veikia kaip tarpinink\u0117s tarp teisi\u0173 tur\u0117tojo ir teisi\u0173 naudotojo. KAO vietoj teisi\u0173 tur\u0117tojo suteikia licencijas, palengvina teisi\u0173 \u012fgyvendinim\u0105 teisi\u0173 tur\u0117tojui ir k\u016brini\u0173 prieinamum\u0105 naudotojui. Kolektyviai administruojamos dvejopo pob\u016bd\u017eio teis\u0117s: i\u0161imtin\u0117s autori\u0173 teis\u0117s \u012f k\u016brinius ir autori\u0173 turtin\u0117s teis\u0117s \u012f atlyginim\u0105.<\/p>\n<p>[\/vc_column_text][\/vc_column][\/vc_row][vc_row row_height_percent=&#8221;0&#8243; back_color=&#8221;color-113759&#8243; overlay_alpha=&#8221;50&#8243; gutter_size=&#8221;2&#8243; column_width_percent=&#8221;100&#8243; shift_y=&#8221;0&#8243; z_index=&#8221;0&#8243; uncode_shortcode_id=&#8221;193138&#8243; back_color_type=&#8221;uncode-palette&#8221;][vc_column column_width_percent=&#8221;100&#8243; gutter_size=&#8221;3&#8243; expand_height=&#8221;yes&#8221; style=&#8221;dark&#8221; overlay_alpha=&#8221;50&#8243; shift_x=&#8221;0&#8243; shift_y=&#8221;0&#8243; shift_y_down=&#8221;0&#8243; z_index=&#8221;0&#8243; medium_width=&#8221;0&#8243; mobile_width=&#8221;0&#8243; css_animation=&#8221;left-t-right&#8221; animation_delay=&#8221;200&#8243; width=&#8221;1\/1&#8243; uncode_shortcode_id=&#8221;210168&#8243;][vc_row_inner][vc_column_inner column_width_percent=&#8221;100&#8243; position_vertical=&#8221;middle&#8221; gutter_size=&#8221;3&#8243; style=&#8221;dark&#8221; overlay_alpha=&#8221;50&#8243; shift_x=&#8221;0&#8243; shift_y=&#8221;0&#8243; shift_y_down=&#8221;0&#8243; z_index=&#8221;0&#8243; medium_width=&#8221;0&#8243; mobile_width=&#8221;0&#8243; width=&#8221;1\/1&#8243; uncode_shortcode_id=&#8221;185453&#8243;][vc_custom_heading heading_semantic=&#8221;h3&#8243; text_size=&#8221;fontsize-259569&#8243; uncode_shortcode_id=&#8221;844033&#8243;]Kolektyvinis autori\u0173 teisi\u0173 ir gretutini\u0173 teisi\u0173 administravimas neprivalomai taikomas \u0161iose srityse:[\/vc_custom_heading][vc_column_text uncode_shortcode_id=&#8221;627861&#8243; css=&#8221;.vc_custom_1651230645318{margin-top: 20px !important;}&#8221;]<\/p>\n<p style=\"text-align: justify;\">\u012egyvendindamas \u0161ias teises autorius gali pasirinkti, ar savo teises nori \u012fgyvendinti kolektyviai ar individualiai.<\/p>\n<p>[\/vc_column_text][\/vc_column_inner][\/vc_row_inner][vc_row_inner row_inner_height_percent=&#8221;0&#8243; overlay_alpha=&#8221;50&#8243; gutter_size=&#8221;3&#8243; shift_y=&#8221;0&#8243; z_index=&#8221;0&#8243; uncode_shortcode_id=&#8221;117024&#8243; el_class=&#8221;mygtuko-dydis&#8221;][vc_column_inner column_width_percent=&#8221;100&#8243; gutter_size=&#8221;3&#8243; expand_height=&#8221;yes&#8221; style=&#8221;dark&#8221; overlay_alpha=&#8221;50&#8243; border_color=&#8221;color-781555&#8243; border_style=&#8221;solid&#8221; shift_x=&#8221;0&#8243; shift_y=&#8221;0&#8243; shift_y_down=&#8221;0&#8243; z_index=&#8221;0&#8243; medium_width=&#8221;0&#8243; mobile_width=&#8221;0&#8243; css_animation=&#8221;left-t-right&#8221; animation_delay=&#8221;200&#8243; width=&#8221;1\/2&#8243; uncode_shortcode_id=&#8221;962597&#8243; border_color_type=&#8221;uncode-palette&#8221; css=&#8221;.vc_custom_1642625725800{border-top-width: 1px !important;border-right-width: 1px !important;border-bottom-width: 1px !important;border-left-width: 1px !important;padding-top: 20px !important;padding-right: 20px !important;padding-bottom: 20px !important;padding-left: 20px !important;}&#8221;][uncode_list icon=&#8221;fa fa-dot-circle-o&#8221; icon_color=&#8221;color-xsdn&#8221; uncode_shortcode_id=&#8221;115833&#8243; icon_color_type=&#8221;uncode-palette&#8221;]<\/p>\n<ul style=\"text-align: justify;\">\n<li>muzikos ir literat\u016bros k\u016brini\u0173 vie\u0161as atlikimas;<\/li>\n<li>k\u016brini\u0173 ir gretutini\u0173 teisi\u0173 objekt\u0173 transliavimas, retransliavimas ar kitoks vie\u0161as paskelbimas (\u012fskaitant fonin\u0119 muzik\u0105);<\/li>\n<li>k\u016brini\u0173 ir gretutini\u0173 teisi\u0173 objekt\u0173 atgaminimas ir padarymas vie\u0161ai prieinam\u0173 kompiuteri\u0173 tinklais (\u012fskaitant internetini\u0173 muzikos paslaug\u0173 teikim\u0105);<\/li>\n<li>meno, literat\u016bros ir muzikos k\u016brini\u0173, rankra\u0161\u010di\u0173 perpardavimas;<\/li>\n<li>muzikos ir literat\u016bros k\u016brini\u0173 atgaminimas garso \u012fra\u0161ais;<\/li>\n<\/ul>\n<p>[\/uncode_list][\/vc_column_inner][vc_column_inner column_width_percent=&#8221;100&#8243; gutter_size=&#8221;3&#8243; expand_height=&#8221;yes&#8221; style=&#8221;dark&#8221; overlay_alpha=&#8221;50&#8243; border_color=&#8221;color-xsdn&#8221; border_style=&#8221;solid&#8221; shift_x=&#8221;0&#8243; shift_y=&#8221;0&#8243; shift_y_down=&#8221;0&#8243; z_index=&#8221;0&#8243; medium_width=&#8221;0&#8243; mobile_width=&#8221;0&#8243; css_animation=&#8221;left-t-right&#8221; animation_delay=&#8221;100&#8243; width=&#8221;1\/2&#8243; uncode_shortcode_id=&#8221;106755&#8243; css=&#8221;.vc_custom_1642625719353{border-top-width: 1px !important;border-right-width: 1px !important;border-bottom-width: 1px !important;border-left-width: 1px !important;padding-top: 20px !important;padding-right: 20px !important;padding-bottom: 20px !important;padding-left: 20px !important;}&#8221; border_color_type=&#8221;uncode-palette&#8221;][uncode_list icon=&#8221;fa fa-dot-circle-o&#8221; icon_color=&#8221;color-xsdn&#8221; uncode_shortcode_id=&#8221;125542&#8243; icon_color_type=&#8221;uncode-palette&#8221;]<\/p>\n<ul style=\"text-align: justify;\">\n<li>literat\u016bros, muzikos ir kit\u0173 meno k\u016brini\u0173 atgaminimas audiovizualiniais \u012fra\u0161ais;<\/li>\n<li>k\u016brini\u0173, gretutini\u0173 teisi\u0173 objekt\u0173 ar j\u0173 kopij\u0173 nuoma ir panauda, i\u0161skyrus kompiuteri\u0173 programas ir duomen\u0173 bazes;<\/li>\n<li>dail\u0117s, taikomojo meno k\u016brini\u0173, fotografij\u0173, schem\u0173 ir br\u0117\u017eini\u0173 atgaminimas leidiniuose ar reklamin\u0117je med\u017eiagoje;<\/li>\n<li>k\u016brini\u0173 ar gretutini\u0173 teisi\u0173 objekt\u0173 vie\u0161as rodymas.<\/li>\n<\/ul>\n<p>[\/uncode_list][\/vc_column_inner][\/vc_row_inner][\/vc_column][\/vc_row][vc_row row_height_percent=&#8221;0&#8243; overlay_alpha=&#8221;50&#8243; gutter_size=&#8221;2&#8243; column_width_percent=&#8221;100&#8243; shift_y=&#8221;0&#8243; z_index=&#8221;0&#8243; uncode_shortcode_id=&#8221;195712&#8243;][vc_column column_width_percent=&#8221;100&#8243; gutter_size=&#8221;3&#8243; expand_height=&#8221;yes&#8221; style=&#8221;dark&#8221; overlay_alpha=&#8221;50&#8243; shift_x=&#8221;0&#8243; shift_y=&#8221;0&#8243; shift_y_down=&#8221;0&#8243; z_index=&#8221;0&#8243; medium_width=&#8221;0&#8243; mobile_width=&#8221;0&#8243; css_animation=&#8221;left-t-right&#8221; animation_delay=&#8221;200&#8243; width=&#8221;1\/1&#8243; uncode_shortcode_id=&#8221;210168&#8243;][vc_row_inner][vc_column_inner column_width_percent=&#8221;100&#8243; position_vertical=&#8221;middle&#8221; gutter_size=&#8221;3&#8243; overlay_alpha=&#8221;50&#8243; shift_x=&#8221;0&#8243; shift_y=&#8221;0&#8243; shift_y_down=&#8221;0&#8243; z_index=&#8221;0&#8243; medium_width=&#8221;0&#8243; mobile_width=&#8221;0&#8243; width=&#8221;1\/1&#8243; uncode_shortcode_id=&#8221;984382&#8243;][vc_custom_heading heading_semantic=&#8221;h3&#8243; text_size=&#8221;fontsize-259569&#8243; uncode_shortcode_id=&#8221;137718&#8243;]Kitose srityse kolektyvinis teisi\u0173 administravimas taikomas privalomai. Autori\u0173 teisi\u0173 ir gretutini\u0173 teisi\u0173 \u012fstatymas numato, kad kolektyvinis teisi\u0173 administravimas privalomai taikomas \u0161iose srityse:[\/vc_custom_heading][\/vc_column_inner][\/vc_row_inner][vc_row_inner row_inner_height_percent=&#8221;0&#8243; overlay_alpha=&#8221;50&#8243; gutter_size=&#8221;3&#8243; shift_y=&#8221;0&#8243; z_index=&#8221;0&#8243; uncode_shortcode_id=&#8221;189322&#8243;][vc_column_inner column_width_percent=&#8221;100&#8243; gutter_size=&#8221;3&#8243; expand_height=&#8221;yes&#8221; overlay_alpha=&#8221;50&#8243; border_color=&#8221;accent&#8221; border_style=&#8221;solid&#8221; shift_x=&#8221;0&#8243; shift_y=&#8221;0&#8243; shift_y_down=&#8221;0&#8243; z_index=&#8221;0&#8243; medium_width=&#8221;0&#8243; mobile_width=&#8221;0&#8243; css_animation=&#8221;left-t-right&#8221; animation_delay=&#8221;200&#8243; width=&#8221;1\/1&#8243; uncode_shortcode_id=&#8221;193769&#8243; border_color_type=&#8221;uncode-palette&#8221; css=&#8221;.vc_custom_1642626183923{border-top-width: 1px !important;border-right-width: 1px !important;border-bottom-width: 1px !important;border-left-width: 1px !important;padding-top: 20px !important;padding-right: 20px !important;padding-bottom: 20px !important;padding-left: 20px !important;}&#8221;][uncode_list icon=&#8221;fa fa-dot-circle-o&#8221; icon_color=&#8221;accent&#8221; uncode_shortcode_id=&#8221;202116&#8243; icon_color_type=&#8221;uncode-palette&#8221;]<\/p>\n<ul style=\"text-align: justify;\">\n<li>k\u016brini\u0173 ir gretutini\u0173 teisi\u0173 objekt\u0173 kabelin\u0117 retransliacija;<\/li>\n<li>fonogram\u0173, i\u0161leist\u0173 komerciniais tikslais, transliavimas, retransliavimas ir kitoks vie\u0161as paskelbimas (\u012fskaitant fonin\u0119 muzik\u0105);<\/li>\n<li>k\u016brini\u0173 atgaminimas reprografijos b\u016bdu (bet kokiu fotokopijavimo b\u016bdu ar naudojant kitus pana\u0161aus pob\u016bd\u017eio procesus, kai atgaminama popieriuje ar kitoje pana\u0161ioje laikmenoje);<\/li>\n<li>knyg\u0173 ir kit\u0173 leidini\u0173 panauda bibliotekose;<\/li>\n<li>k\u016brini\u0173 ir gretutini\u0173 teisi\u0173 objekt\u0173 atgaminimas asmeniniais tikslais.<\/li>\n<\/ul>\n<p>[\/uncode_list][\/vc_column_inner][\/vc_row_inner][\/vc_column][\/vc_row][vc_row row_height_percent=&#8221;0&#8243; override_padding=&#8221;yes&#8221; h_padding=&#8221;2&#8243; top_padding=&#8221;0&#8243; bottom_padding=&#8221;3&#8243; overlay_alpha=&#8221;50&#8243; gutter_size=&#8221;2&#8243; column_width_percent=&#8221;100&#8243; shift_y=&#8221;0&#8243; z_index=&#8221;0&#8243; uncode_shortcode_id=&#8221;965830&#8243;][vc_column column_width_percent=&#8221;100&#8243; gutter_size=&#8221;3&#8243; expand_height=&#8221;yes&#8221; style=&#8221;dark&#8221; overlay_alpha=&#8221;50&#8243; shift_x=&#8221;0&#8243; shift_y=&#8221;0&#8243; shift_y_down=&#8221;0&#8243; z_index=&#8221;0&#8243; medium_width=&#8221;0&#8243; mobile_width=&#8221;0&#8243; css_animation=&#8221;left-t-right&#8221; animation_delay=&#8221;200&#8243; width=&#8221;1\/1&#8243; uncode_shortcode_id=&#8221;210168&#8243;][vc_row_inner][vc_column_inner column_width_percent=&#8221;100&#8243; position_vertical=&#8221;middle&#8221; gutter_size=&#8221;3&#8243; overlay_alpha=&#8221;50&#8243; shift_x=&#8221;0&#8243; shift_y=&#8221;0&#8243; shift_y_down=&#8221;0&#8243; z_index=&#8221;0&#8243; medium_width=&#8221;0&#8243; mobile_width=&#8221;0&#8243; width=&#8221;1\/1&#8243; uncode_shortcode_id=&#8221;546564&#8243;][vc_custom_heading heading_semantic=&#8221;h3&#8243; text_size=&#8221;fontsize-259569&#8243; uncode_shortcode_id=&#8221;932188&#8243;]Lietuvoje veikia \u0161ios kolektyvinio teisi\u0173 administravimo organizacijos:[\/vc_custom_heading][\/vc_column_inner][\/vc_row_inner][vc_row_inner row_inner_height_percent=&#8221;0&#8243; overlay_alpha=&#8221;50&#8243; gutter_size=&#8221;3&#8243; shift_y=&#8221;0&#8243; z_index=&#8221;0&#8243; uncode_shortcode_id=&#8221;192073&#8243; el_class=&#8221;mygtuko-dydis-kaip-list&#8221;][vc_column_inner column_width_percent=&#8221;100&#8243; gutter_size=&#8221;3&#8243; expand_height=&#8221;yes&#8221; overlay_alpha=&#8221;50&#8243; border_color=&#8221;accent&#8221; border_style=&#8221;solid&#8221; shift_x=&#8221;0&#8243; shift_y=&#8221;0&#8243; shift_y_down=&#8221;0&#8243; z_index=&#8221;0&#8243; medium_width=&#8221;0&#8243; mobile_width=&#8221;0&#8243; css_animation=&#8221;left-t-right&#8221; animation_delay=&#8221;200&#8243; width=&#8221;1\/1&#8243; uncode_shortcode_id=&#8221;273897&#8243; border_color_type=&#8221;uncode-palette&#8221; css=&#8221;.vc_custom_1642626510877{border-top-width: 1px !important;border-right-width: 1px !important;border-bottom-width: 1px !important;border-left-width: 1px !important;padding-top: 20px !important;padding-right: 20px !important;padding-bottom: 20px !important;padding-left: 20px !important;}&#8221;][vc_button button_color=&#8221;accent&#8221; size=&#8221;link&#8221; btn_link_size=&#8221;h6&#8243; icon_position=&#8221;right&#8221; link=&#8221;url:https%3A%2F%2Fwww.latga.lt%2F|target:_blank&#8221; button_color_type=&#8221;uncode-palette&#8221; uncode_shortcode_id=&#8221;127702&#8243; icon=&#8221;fa fa-arrow-right-thick&#8221;]Asociacija LATGA kolektyviai administruoja \u012fvairi\u0173 sri\u010di\u0173 autori\u0173 (muzikos, literat\u016bros, audiovizualini\u0173, vizuali\u0173j\u0173 ir dramos k\u016brini\u0173) teisi\u0173 tur\u0117toj\u0173 teises[\/vc_button][vc_button button_color=&#8221;accent&#8221; size=&#8221;link&#8221; btn_link_size=&#8221;h6&#8243; icon_position=&#8221;right&#8221; link=&#8221;url:https%3A%2F%2Fwww.agata.lt%2Flt%2F|target:_blank&#8221; button_color_type=&#8221;uncode-palette&#8221; uncode_shortcode_id=&#8221;609709&#8243; icon=&#8221;fa fa-arrow-right-thick&#8221;]Lietuvos gretutini\u0173 teisi\u0173 asociacija AGATA kolektyviai administruoja atlik\u0117j\u0173 ir fonogram\u0173 gamintoj\u0173 teises[\/vc_button][vc_button button_color=&#8221;accent&#8221; size=&#8221;link&#8221; btn_link_size=&#8221;h6&#8243; icon_position=&#8221;right&#8221; link=&#8221;url:https%3A%2F%2Favaka.lt%2F|target:_blank&#8221; button_color_type=&#8221;uncode-palette&#8221; uncode_shortcode_id=&#8221;102770&#8243; icon=&#8221;fa fa-arrow-right-thick&#8221; el_class=&#8221;mygtuko-dydis-kaip-list&#8221;]Audiovizualini\u0173 k\u016brini\u0173 autori\u0173 teisi\u0173 asociacija AVAKA kolektyviai administruoja audiovizualini\u0173 k\u016brini\u0173 autori\u0173 ir gamintoj\u0173 (prodiuseri\u0173) teises[\/vc_button][\/vc_column_inner][\/vc_row_inner][\/vc_column][\/vc_row]<\/p>\n","protected":false},"excerpt":{"rendered":"<p>[vc_row unlock_row_content=&#8221;yes&#8221; row_height_percent=&#8221;0&#8243; back_image=&#8221;104068&#8243; overlay_alpha=&#8221;50&#8243; gutter_size=&#8221;3&#8243; column_width_percent=&#8221;100&#8243; shift_y=&#8221;0&#8243; z_index=&#8221;0&#8243; uncode_shortcode_id=&#8221;151403&#8243; row_height_pixel=&#8221;350&#8243; back_size=&#8221;cover&#8221; overlay_color_type=&#8221;uncode-solid&#8221; overlay_color_solid=&#8221;#112911&#8243;][vc_column column_width_percent=&#8221;100&#8243; position_vertical=&#8221;middle&#8221; align_horizontal=&#8221;align_center&#8221; gutter_size=&#8221;3&#8243; style=&#8221;dark&#8221; overlay_alpha=&#8221;50&#8243; [&hellip;]<\/p>\n","protected":false},"author":1,"featured_media":0,"parent":0,"menu_order":0,"comment_status":"closed","ping_status":"closed","template":"","meta":{"footnotes":""},"class_list":["post-104478","page","type-page","status-publish","hentry","page_category-autoriu-ir-gretutines-teises"],"_links":{"self":[{"href":"https:\/\/ainisdev.eu\/intelektine\/wp-json\/wp\/v2\/pages\/104478","targetHints":{"allow":["GET"]}}],"collection":[{"href":"https:\/\/ainisdev.eu\/intelektine\/wp-json\/wp\/v2\/pages"}],"about":[{"href":"https:\/\/ainisdev.eu\/intelektine\/wp-json\/wp\/v2\/types\/page"}],"author":[{"embeddable":true,"href":"https:\/\/ainisdev.eu\/intelektine\/wp-json\/wp\/v2\/users\/1"}],"replies":[{"embeddable":true,"href":"https:\/\/ainisdev.eu\/intelektine\/wp-json\/wp\/v2\/comments?post=104478"}],"version-history":[{"count":1,"href":"https:\/\/ainisdev.eu\/intelektine\/wp-json\/wp\/v2\/pages\/104478\/revisions"}],"predecessor-version":[{"id":105761,"href":"https:\/\/ainisdev.eu\/intelektine\/wp-json\/wp\/v2\/pages\/104478\/revisions\/105761"}],"wp:attachment":[{"href":"https:\/\/ainisdev.eu\/intelektine\/wp-json\/wp\/v2\/media?parent=104478"}],"curies":[{"name":"wp","href":"https:\/\/api.w.org\/{rel}","templated":true}]}}