{"id":104476,"date":"2022-01-19T20:39:01","date_gmt":"2022-01-19T18:39:01","guid":{"rendered":"https:\/\/ainisdev.eu\/intelektine\/?page_id=104476"},"modified":"2023-03-09T22:45:42","modified_gmt":"2023-03-09T20:45:42","slug":"teisiu-gynimas","status":"publish","type":"page","link":"https:\/\/ainisdev.eu\/intelektine\/teisiu-gynimas\/","title":{"rendered":"Teisi\u0173 gynimas"},"content":{"rendered":"<p>[vc_row unlock_row_content=&#8221;yes&#8221; row_height_percent=&#8221;0&#8243; back_image=&#8221;104068&#8243; overlay_alpha=&#8221;50&#8243; gutter_size=&#8221;3&#8243; column_width_percent=&#8221;100&#8243; shift_y=&#8221;0&#8243; z_index=&#8221;0&#8243; uncode_shortcode_id=&#8221;151403&#8243; row_height_pixel=&#8221;350&#8243; back_size=&#8221;cover&#8221; overlay_color_type=&#8221;uncode-solid&#8221; overlay_color_solid=&#8221;#112911&#8243;][vc_column column_width_percent=&#8221;100&#8243; position_vertical=&#8221;middle&#8221; align_horizontal=&#8221;align_center&#8221; gutter_size=&#8221;3&#8243; style=&#8221;dark&#8221; overlay_alpha=&#8221;50&#8243; shift_x=&#8221;0&#8243; shift_y=&#8221;0&#8243; shift_y_down=&#8221;0&#8243; z_index=&#8221;0&#8243; medium_width=&#8221;0&#8243; mobile_width=&#8221;0&#8243; width=&#8221;1\/1&#8243; uncode_shortcode_id=&#8221;199718&#8243;][vc_custom_heading heading_semantic=&#8221;p&#8221; text_size=&#8221;fontsize-338686&#8243; text_weight=&#8221;700&#8243; text_transform=&#8221;uppercase&#8221; text_height=&#8221;fontheight-179065&#8243; uncode_shortcode_id=&#8221;201850&#8243;]Teisi\u0173 gynimas[\/vc_custom_heading][vc_column_text text_lead=&#8221;yes&#8221; uncode_shortcode_id=&#8221;178398&#8243; css=&#8221;.vc_custom_1651314125044{margin-top: 20px !important;}&#8221;]Pa\u017eeidus autori\u0173 teisi\u0173 tur\u0117tojo teises gali b\u016bti taikoma civilin\u0117, administracin\u0117 arba baud\u017eiamoji atsakomyb\u0117.[\/vc_column_text][\/vc_column][\/vc_row][vc_row row_height_percent=&#8221;0&#8243; override_padding=&#8221;yes&#8221; h_padding=&#8221;2&#8243; top_padding=&#8221;3&#8243; bottom_padding=&#8221;3&#8243; overlay_alpha=&#8221;50&#8243; gutter_size=&#8221;3&#8243; column_width_percent=&#8221;100&#8243; shift_y=&#8221;0&#8243; z_index=&#8221;0&#8243; uncode_shortcode_id=&#8221;128006&#8243;][vc_column width=&#8221;1\/1&#8243;][vc_row_inner row_inner_height_percent=&#8221;0&#8243; overlay_alpha=&#8221;50&#8243; gutter_size=&#8221;3&#8243; shift_y=&#8221;0&#8243; z_index=&#8221;0&#8243; uncode_shortcode_id=&#8221;107027&#8243; css=&#8221;.vc_custom_1640818447107{padding-top: 30px !important;}&#8221; el_class=&#8221;pakelimas-ikonos&#8221;][vc_column_inner column_width_percent=&#8221;100&#8243; align_horizontal=&#8221;align_center&#8221; gutter_size=&#8221;3&#8243; expand_height=&#8221;yes&#8221; back_color=&#8221;color-xsdn&#8221; overlay_alpha=&#8221;50&#8243; shift_x=&#8221;0&#8243; shift_y=&#8221;0&#8243; shift_y_down=&#8221;0&#8243; shift_y_down_fixed=&#8221;yes&#8221; z_index=&#8221;0&#8243; medium_width=&#8221;0&#8243; mobile_width=&#8221;0&#8243; css_animation=&#8221;bottom-t-top&#8221; animation_delay=&#8221;300&#8243; radius=&#8221;sm&#8221; shadow=&#8221;xs&#8221; width=&#8221;1\/3&#8243; uncode_shortcode_id=&#8221;280096&#8243; back_color_type=&#8221;uncode-palette&#8221; css=&#8221;.vc_custom_1650906259008{padding-top: 0px !important;padding-right: 20px !important;padding-bottom: 20px !important;padding-left: 20px !important;}&#8221;][vc_icon icon_image=&#8221;105260&#8243; icon_color=&#8221;accent&#8221; media_size=&#8221;100&#8243; text_size=&#8221;h4&#8243; no_hover=&#8221;&#8221; uncode_shortcode_id=&#8221;191424&#8243; icon_color_type=&#8221;uncode-palette&#8221; title=&#8221;Ikiteisminis gin\u010d\u0173 sprendimas&#8221; link_text=&#8221;Pla\u010diau&#8221;]<\/p>\n<p style=\"text-align: justify;\">Procesas, kurio metu gin\u010do \u0161alys siekia neteisminiu b\u016bdu, padedant ne\u0161ali\u0161kiems ir nepriklausomiems tarpininkams, taikiai i\u0161spr\u0119sti gin\u010d\u0105, kylant\u012f d\u0117l Autori\u0173 teisi\u0173 ir gretutini\u0173 teisi\u0173 \u012fstatyme numatyt\u0173 kolektyvinio autori\u0173 teisi\u0173 ir gretutini\u0173 teisi\u0173 administravimo nuostat\u0173 taikymo. Ikiteismin\u012f gin\u010d\u0173 sprendim\u0105 ir tarpininkavim\u0105 derybose organizuoja Kult\u016bros ministerija. Ikiteismini\u0173 gin\u010d\u0173 sprendimo ir tarpininkavimo funkcijas atlieka Lietuvos autori\u0173 teisi\u0173 ir gretutini\u0173 teisi\u0173 komisija.<\/p>\n<p>[\/vc_icon][\/vc_column_inner][vc_column_inner column_width_percent=&#8221;100&#8243; align_horizontal=&#8221;align_center&#8221; gutter_size=&#8221;3&#8243; expand_height=&#8221;yes&#8221; back_color=&#8221;color-xsdn&#8221; overlay_alpha=&#8221;50&#8243; shift_x=&#8221;0&#8243; shift_y=&#8221;0&#8243; shift_y_down=&#8221;0&#8243; z_index=&#8221;0&#8243; medium_width=&#8221;0&#8243; mobile_width=&#8221;0&#8243; css_animation=&#8221;bottom-t-top&#8221; animation_delay=&#8221;200&#8243; radius=&#8221;sm&#8221; shadow=&#8221;xs&#8221; width=&#8221;1\/3&#8243; uncode_shortcode_id=&#8221;168161&#8243; back_color_type=&#8221;uncode-palette&#8221; css=&#8221;.vc_custom_1642517559641{padding-top: 0px !important;padding-right: 20px !important;padding-bottom: 20px !important;padding-left: 20px !important;}&#8221;][vc_icon icon_image=&#8221;104678&#8243; icon_color=&#8221;accent&#8221; media_size=&#8221;100&#8243; text_size=&#8221;h4&#8243; no_hover=&#8221;&#8221; uncode_shortcode_id=&#8221;213486&#8243; icon_color_type=&#8221;uncode-palette&#8221; title=&#8221;Tarpininkavimas derybose&#8221; link_text=&#8221;Pla\u010diau&#8221;]<\/p>\n<p style=\"text-align: justify;\">Deryb\u0173 procesas, kuriame dalyvaujantys ne\u0161ali\u0161ki ir nepriklausomi tarpininkai padeda deryb\u0173 \u0161alims suderinti interesus ir tobulinti derybines pozicijas, kad deryb\u0173 \u0161alys pasiekt\u0173 priimtin\u0105 susitarim\u0105. Tarpininkavimas taikomas derybose d\u0117l licencini\u0173 sutar\u010di\u0173 naudoti kolektyviai administruojamus k\u016brinius ir (arba) gretutini\u0173 teisi\u0173 objektus sudarymo ir (arba) atlyginimo tarif\u0173 nustatymo, taip pat derybose sprend\u017eiant gin\u010dus, susijusius su technini\u0173 apsaugos priemoni\u0173 taikymo apribojimais.<\/p>\n<p>[\/vc_icon][\/vc_column_inner][vc_column_inner column_width_percent=&#8221;100&#8243; align_horizontal=&#8221;align_center&#8221; gutter_size=&#8221;3&#8243; expand_height=&#8221;yes&#8221; back_color=&#8221;color-xsdn&#8221; overlay_alpha=&#8221;50&#8243; shift_x=&#8221;0&#8243; shift_y=&#8221;0&#8243; shift_y_down=&#8221;0&#8243; z_index=&#8221;0&#8243; medium_width=&#8221;0&#8243; mobile_width=&#8221;0&#8243; css_animation=&#8221;bottom-t-top&#8221; animation_delay=&#8221;100&#8243; radius=&#8221;sm&#8221; shadow=&#8221;xs&#8221; width=&#8221;1\/3&#8243; uncode_shortcode_id=&#8221;194391&#8243; back_color_type=&#8221;uncode-palette&#8221; css=&#8221;.vc_custom_1643319695964{padding-top: 0px !important;padding-right: 20px !important;padding-bottom: 20px !important;padding-left: 20px !important;}&#8221;][vc_icon icon_image=&#8221;105261&#8243; icon_color=&#8221;accent&#8221; media_size=&#8221;100&#8243; text_size=&#8221;h4&#8243; no_hover=&#8221;&#8221; uncode_shortcode_id=&#8221;131893&#8243; icon_color_type=&#8221;uncode-palette&#8221; title=&#8221;Bendrosios kompetencijos apylinki\u0173 teismai&#8221; link_text=&#8221;Pla\u010diau&#8221;]<\/p>\n<p style=\"text-align: justify;\">Tai pirmosios instancijos teismai, nagrin\u0117jantys bylas d\u0117l autori\u0173 teisi\u0173 pa\u017eeidim\u0173.<\/p>\n<p>[\/vc_icon][\/vc_column_inner][\/vc_row_inner][\/vc_column][\/vc_row][vc_row row_height_percent=&#8221;0&#8243; back_color=&#8221;color-113759&#8243; overlay_alpha=&#8221;50&#8243; gutter_size=&#8221;2&#8243; column_width_percent=&#8221;100&#8243; shift_y=&#8221;0&#8243; z_index=&#8221;0&#8243; uncode_shortcode_id=&#8221;193138&#8243; back_color_type=&#8221;uncode-palette&#8221;][vc_column column_width_percent=&#8221;100&#8243; gutter_size=&#8221;3&#8243; expand_height=&#8221;yes&#8221; style=&#8221;dark&#8221; overlay_alpha=&#8221;50&#8243; shift_x=&#8221;0&#8243; shift_y=&#8221;0&#8243; shift_y_down=&#8221;0&#8243; z_index=&#8221;0&#8243; medium_width=&#8221;0&#8243; mobile_width=&#8221;0&#8243; css_animation=&#8221;left-t-right&#8221; animation_delay=&#8221;200&#8243; width=&#8221;1\/1&#8243; uncode_shortcode_id=&#8221;210168&#8243;][vc_row_inner][vc_column_inner column_width_percent=&#8221;100&#8243; position_vertical=&#8221;middle&#8221; gutter_size=&#8221;3&#8243; style=&#8221;dark&#8221; overlay_alpha=&#8221;50&#8243; shift_x=&#8221;0&#8243; shift_y=&#8221;0&#8243; shift_y_down=&#8221;0&#8243; z_index=&#8221;0&#8243; medium_width=&#8221;0&#8243; mobile_width=&#8221;0&#8243; width=&#8221;1\/1&#8243; uncode_shortcode_id=&#8221;185453&#8243;][vc_custom_heading text_size=&#8221;fontsize-259569&#8243; uncode_shortcode_id=&#8221;197618&#8243;]Alternatyv\u016bs gin\u010d\u0173 sprendimo b\u016bdai[\/vc_custom_heading][\/vc_column_inner][\/vc_row_inner][vc_row_inner row_inner_height_percent=&#8221;0&#8243; overlay_alpha=&#8221;50&#8243; gutter_size=&#8221;3&#8243; shift_y=&#8221;0&#8243; z_index=&#8221;0&#8243; uncode_shortcode_id=&#8221;117024&#8243; el_class=&#8221;mygtuko-dydis&#8221;][vc_column_inner column_width_percent=&#8221;100&#8243; gutter_size=&#8221;3&#8243; style=&#8221;dark&#8221; overlay_alpha=&#8221;50&#8243; border_color=&#8221;color-781555&#8243; border_style=&#8221;solid&#8221; shift_x=&#8221;0&#8243; shift_y=&#8221;0&#8243; shift_y_down=&#8221;0&#8243; z_index=&#8221;0&#8243; medium_width=&#8221;0&#8243; mobile_width=&#8221;0&#8243; css_animation=&#8221;left-t-right&#8221; animation_delay=&#8221;400&#8243; width=&#8221;1\/1&#8243; uncode_shortcode_id=&#8221;215502&#8243; border_color_type=&#8221;uncode-palette&#8221; css=&#8221;.vc_custom_1640782171137{border-top-width: 1px !important;border-right-width: 1px !important;border-bottom-width: 1px !important;border-left-width: 1px !important;padding-top: 20px !important;padding-right: 20px !important;padding-bottom: 20px !important;padding-left: 20px !important;}&#8221;][vc_button button_color=&#8221;color-xsdn&#8221; size=&#8221;link&#8221; btn_link_size=&#8221;h6&#8243; icon_position=&#8221;right&#8221; link=&#8221;url:https%3A%2F%2Fwww.wipo.int%2Fabout-wipo%2Fen%2Factivities_by_unit%2Findex.jsp%3Fid%3D1012&#8243; button_color_type=&#8221;uncode-palette&#8221; uncode_shortcode_id=&#8221;290654&#8243; icon=&#8221;fa fa-arrow-right-thick&#8221;]Pasaulin\u0117s intelektin\u0117s nuosavyb\u0117s organizacijos Arbitra\u017eo ir tarpininkavimo centras padeda spr\u0119sti intelektin\u0117s nuosavyb\u0117s gin\u010dus[\/vc_button][vc_button button_color=&#8221;color-xsdn&#8221; size=&#8221;link&#8221; btn_link_size=&#8221;h6&#8243; icon_position=&#8221;right&#8221; link=&#8221;url:https%3A%2F%2Fe-seimas.lrs.lt%2Fportal%2FlegalAct%2Flt%2FTAD%2FTAIS.26964%2Fasr&#8221; button_color_type=&#8221;uncode-palette&#8221; uncode_shortcode_id=&#8221;170163&#8243; icon=&#8221;fa fa-arrow-right-thick&#8221;]Gin\u010dus d\u0117l autori\u0173 teisi\u0173 pa\u017eeidim\u0173 galima spr\u0119sti vadovaujantis Arbitra\u017eo \u012fstatymu[\/vc_button][vc_button button_color=&#8221;color-xsdn&#8221; size=&#8221;link&#8221; btn_link_size=&#8221;h6&#8243; icon_position=&#8221;right&#8221; link=&#8221;url:https%3A%2F%2Fe-seimas.lrs.lt%2Fportal%2FlegalAct%2Flt%2FTAD%2FTAIS.325294%2Fasr&#8221; button_color_type=&#8221;uncode-palette&#8221; uncode_shortcode_id=&#8221;134877&#8243; icon=&#8221;fa fa-arrow-right-thick&#8221;]Gin\u010dus d\u0117l autori\u0173 teisi\u0173 pa\u017eeidim\u0173 galima spr\u0119sti vadovaujantis Mediacijos \u012fstatymu[\/vc_button][\/vc_column_inner][\/vc_row_inner][\/vc_column][\/vc_row]<\/p>\n","protected":false},"excerpt":{"rendered":"<p>[vc_row unlock_row_content=&#8221;yes&#8221; row_height_percent=&#8221;0&#8243; back_image=&#8221;104068&#8243; overlay_alpha=&#8221;50&#8243; gutter_size=&#8221;3&#8243; column_width_percent=&#8221;100&#8243; shift_y=&#8221;0&#8243; z_index=&#8221;0&#8243; uncode_shortcode_id=&#8221;151403&#8243; row_height_pixel=&#8221;350&#8243; back_size=&#8221;cover&#8221; overlay_color_type=&#8221;uncode-solid&#8221; overlay_color_solid=&#8221;#112911&#8243;][vc_column column_width_percent=&#8221;100&#8243; position_vertical=&#8221;middle&#8221; align_horizontal=&#8221;align_center&#8221; gutter_size=&#8221;3&#8243; style=&#8221;dark&#8221; overlay_alpha=&#8221;50&#8243; [&hellip;]<\/p>\n","protected":false},"author":1,"featured_media":0,"parent":0,"menu_order":0,"comment_status":"closed","ping_status":"closed","template":"","meta":{"footnotes":""},"class_list":["post-104476","page","type-page","status-publish","hentry","page_category-autoriu-ir-gretutines-teises"],"_links":{"self":[{"href":"https:\/\/ainisdev.eu\/intelektine\/wp-json\/wp\/v2\/pages\/104476","targetHints":{"allow":["GET"]}}],"collection":[{"href":"https:\/\/ainisdev.eu\/intelektine\/wp-json\/wp\/v2\/pages"}],"about":[{"href":"https:\/\/ainisdev.eu\/intelektine\/wp-json\/wp\/v2\/types\/page"}],"author":[{"embeddable":true,"href":"https:\/\/ainisdev.eu\/intelektine\/wp-json\/wp\/v2\/users\/1"}],"replies":[{"embeddable":true,"href":"https:\/\/ainisdev.eu\/intelektine\/wp-json\/wp\/v2\/comments?post=104476"}],"version-history":[{"count":1,"href":"https:\/\/ainisdev.eu\/intelektine\/wp-json\/wp\/v2\/pages\/104476\/revisions"}],"predecessor-version":[{"id":105772,"href":"https:\/\/ainisdev.eu\/intelektine\/wp-json\/wp\/v2\/pages\/104476\/revisions\/105772"}],"wp:attachment":[{"href":"https:\/\/ainisdev.eu\/intelektine\/wp-json\/wp\/v2\/media?parent=104476"}],"curies":[{"name":"wp","href":"https:\/\/api.w.org\/{rel}","templated":true}]}}