{"id":104462,"date":"2022-01-19T16:09:15","date_gmt":"2022-01-19T14:09:15","guid":{"rendered":"https:\/\/ainisdev.eu\/intelektine\/?page_id=104462"},"modified":"2023-03-13T10:55:46","modified_gmt":"2023-03-13T08:55:46","slug":"kuriniu-registravimas","status":"publish","type":"page","link":"https:\/\/ainisdev.eu\/intelektine\/kuriniu-registravimas\/","title":{"rendered":"K\u016brini\u0173 registravimas"},"content":{"rendered":"<p>[vc_row unlock_row_content=&#8221;yes&#8221; row_height_percent=&#8221;0&#8243; back_image=&#8221;104068&#8243; overlay_alpha=&#8221;50&#8243; gutter_size=&#8221;3&#8243; column_width_percent=&#8221;100&#8243; shift_y=&#8221;0&#8243; z_index=&#8221;0&#8243; uncode_shortcode_id=&#8221;151403&#8243; row_height_pixel=&#8221;350&#8243; back_size=&#8221;cover&#8221; overlay_color_type=&#8221;uncode-solid&#8221; overlay_color_solid=&#8221;#112911&#8243;][vc_column column_width_percent=&#8221;100&#8243; position_vertical=&#8221;middle&#8221; align_horizontal=&#8221;align_center&#8221; gutter_size=&#8221;3&#8243; style=&#8221;dark&#8221; overlay_alpha=&#8221;50&#8243; shift_x=&#8221;0&#8243; shift_y=&#8221;0&#8243; shift_y_down=&#8221;0&#8243; z_index=&#8221;0&#8243; medium_width=&#8221;0&#8243; mobile_width=&#8221;0&#8243; width=&#8221;1\/1&#8243; uncode_shortcode_id=&#8221;128755&#8243;][vc_custom_heading heading_semantic=&#8221;p&#8221; text_size=&#8221;fontsize-338686&#8243; text_weight=&#8221;700&#8243; text_transform=&#8221;uppercase&#8221; text_height=&#8221;fontheight-179065&#8243; uncode_shortcode_id=&#8221;882995&#8243;]K\u016brini\u0173 registravimas[\/vc_custom_heading][\/vc_column][\/vc_row][vc_row row_height_percent=&#8221;0&#8243; override_padding=&#8221;yes&#8221; h_padding=&#8221;2&#8243; top_padding=&#8221;4&#8243; bottom_padding=&#8221;3&#8243; overlay_alpha=&#8221;50&#8243; gutter_size=&#8221;3&#8243; column_width_percent=&#8221;100&#8243; shift_y=&#8221;0&#8243; z_index=&#8221;0&#8243; uncode_shortcode_id=&#8221;116281&#8243;][vc_column column_width_percent=&#8221;100&#8243; gutter_size=&#8221;3&#8243; style=&#8221;dark&#8221; back_color=&#8221;accent&#8221; overlay_alpha=&#8221;50&#8243; shift_x=&#8221;0&#8243; shift_y=&#8221;0&#8243; shift_y_down=&#8221;0&#8243; z_index=&#8221;0&#8243; medium_width=&#8221;0&#8243; mobile_width=&#8221;0&#8243; radius=&#8221;sm&#8221; shadow=&#8221;xs&#8221; width=&#8221;1\/1&#8243; uncode_shortcode_id=&#8221;143484&#8243; back_color_type=&#8221;uncode-palette&#8221;][vc_custom_heading heading_semantic=&#8221;p&#8221; text_size=&#8221;fontsize-259569&#8243; text_weight=&#8221;700&#8243; text_height=&#8221;fontheight-357766&#8243; css_animation=&#8221;top-t-bottom&#8221; animation_delay=&#8221;100&#8243; uncode_shortcode_id=&#8221;134034&#8243;]Lietuvoje galima savanori\u0161ka k\u016brini\u0173 registracija. Tam tikr\u0173 r\u016b\u0161i\u0173 k\u016briniai yra registruojami \u0161iose duomen\u0173 baz\u0117se:[\/vc_custom_heading][vc_column_text text_lead=&#8221;yes&#8221; css_animation=&#8221;left-t-right&#8221; animation_delay=&#8221;200&#8243; uncode_shortcode_id=&#8221;153264&#8243; css=&#8221;.vc_custom_1643464599044{margin-top: 20px !important;margin-bottom: -10px !important;}&#8221;]Registruoti k\u016brinius \u0161iose duomen\u0173 baz\u0117se galima nemokamai.[\/vc_column_text][vc_row_inner row_inner_height_percent=&#8221;0&#8243; overlay_alpha=&#8221;50&#8243; gutter_size=&#8221;3&#8243; shift_y=&#8221;0&#8243; z_index=&#8221;0&#8243; uncode_shortcode_id=&#8221;139409&#8243; el_class=&#8221;mygtuko-dydis&#8221;][vc_column_inner column_width_percent=&#8221;100&#8243; gutter_size=&#8221;3&#8243; style=&#8221;dark&#8221; overlay_alpha=&#8221;50&#8243; border_color=&#8221;color-xsdn&#8221; border_style=&#8221;solid&#8221; shift_x=&#8221;0&#8243; shift_y=&#8221;0&#8243; shift_y_down=&#8221;0&#8243; z_index=&#8221;0&#8243; medium_width=&#8221;0&#8243; mobile_width=&#8221;0&#8243; css_animation=&#8221;bottom-t-top&#8221; animation_delay=&#8221;300&#8243; width=&#8221;1\/1&#8243; uncode_shortcode_id=&#8221;167441&#8243; border_color_type=&#8221;uncode-palette&#8221; css=&#8221;.vc_custom_1642623913499{border-top-width: 1px !important;border-right-width: 1px !important;border-bottom-width: 1px !important;border-left-width: 1px !important;padding-top: 20px !important;padding-right: 20px !important;padding-bottom: 20px !important;padding-left: 20px !important;}&#8221;][vc_button button_color=&#8221;color-xsdn&#8221; size=&#8221;link&#8221; btn_link_size=&#8221;h6&#8243; icon_position=&#8221;right&#8221; link=&#8221;url:https%3A%2F%2Feuipo.europa.eu%2Fohimportal%2Flt%2Fweb%2Fobservatory%2Forphan-works-db|target:_blank&#8221; button_color_type=&#8221;uncode-palette&#8221; uncode_shortcode_id=&#8221;667484&#8243; icon=&#8221;fa fa-arrow-right-thick&#8221;]Europos S\u0105jungos intelektin\u0117s nuosavyb\u0117s tarnybos administruojamoje Nenustatyt\u0173 teisi\u0173 tur\u0117toj\u0173 k\u016brini\u0173 duomen\u0173 baz\u0117je[\/vc_button][vc_button button_color=&#8221;color-xsdn&#8221; size=&#8221;link&#8221; btn_link_size=&#8221;h6&#8243; icon_position=&#8221;right&#8221; link=&#8221;url:https%3A%2F%2Feuipo.europa.eu%2Fohimportal%2Flt%2Fweb%2Fobservatory%2Foutofcommerceworks&#8221; button_color_type=&#8221;uncode-palette&#8221; uncode_shortcode_id=&#8221;155092&#8243; icon=&#8221;fa fa-arrow-right-thick&#8221;]Europos S\u0105jungos intelektin\u0117s nuosavyb\u0117s tarnybos administruojamoje\u00a0K\u016brini\u0173, kuriais nebeprekiaujama, duomen\u0173 baz\u0117je[\/vc_button][vc_button button_color=&#8221;color-xsdn&#8221; size=&#8221;link&#8221; btn_link_size=&#8221;h6&#8243; icon_position=&#8221;right&#8221; link=&#8221;url:https%3A%2F%2Fduomenubaze.lkc.lt%2F&#8221; button_color_type=&#8221;uncode-palette&#8221; uncode_shortcode_id=&#8221;143636&#8243; icon=&#8221;fa fa-arrow-right-thick&#8221;]Lietuvos kino centro duomen\u0173 baz\u0117je[\/vc_button][\/vc_column_inner][\/vc_row_inner][\/vc_column][\/vc_row]<\/p>\n","protected":false},"excerpt":{"rendered":"<p>[vc_row unlock_row_content=&#8221;yes&#8221; row_height_percent=&#8221;0&#8243; back_image=&#8221;104068&#8243; overlay_alpha=&#8221;50&#8243; gutter_size=&#8221;3&#8243; column_width_percent=&#8221;100&#8243; shift_y=&#8221;0&#8243; z_index=&#8221;0&#8243; uncode_shortcode_id=&#8221;151403&#8243; row_height_pixel=&#8221;350&#8243; back_size=&#8221;cover&#8221; overlay_color_type=&#8221;uncode-solid&#8221; overlay_color_solid=&#8221;#112911&#8243;][vc_column column_width_percent=&#8221;100&#8243; position_vertical=&#8221;middle&#8221; align_horizontal=&#8221;align_center&#8221; gutter_size=&#8221;3&#8243; style=&#8221;dark&#8221; overlay_alpha=&#8221;50&#8243; [&hellip;]<\/p>\n","protected":false},"author":1,"featured_media":0,"parent":0,"menu_order":0,"comment_status":"closed","ping_status":"closed","template":"","meta":{"footnotes":""},"class_list":["post-104462","page","type-page","status-publish","hentry","page_category-autoriu-ir-gretutines-teises"],"_links":{"self":[{"href":"https:\/\/ainisdev.eu\/intelektine\/wp-json\/wp\/v2\/pages\/104462","targetHints":{"allow":["GET"]}}],"collection":[{"href":"https:\/\/ainisdev.eu\/intelektine\/wp-json\/wp\/v2\/pages"}],"about":[{"href":"https:\/\/ainisdev.eu\/intelektine\/wp-json\/wp\/v2\/types\/page"}],"author":[{"embeddable":true,"href":"https:\/\/ainisdev.eu\/intelektine\/wp-json\/wp\/v2\/users\/1"}],"replies":[{"embeddable":true,"href":"https:\/\/ainisdev.eu\/intelektine\/wp-json\/wp\/v2\/comments?post=104462"}],"version-history":[{"count":1,"href":"https:\/\/ainisdev.eu\/intelektine\/wp-json\/wp\/v2\/pages\/104462\/revisions"}],"predecessor-version":[{"id":105765,"href":"https:\/\/ainisdev.eu\/intelektine\/wp-json\/wp\/v2\/pages\/104462\/revisions\/105765"}],"wp:attachment":[{"href":"https:\/\/ainisdev.eu\/intelektine\/wp-json\/wp\/v2\/media?parent=104462"}],"curies":[{"name":"wp","href":"https:\/\/api.w.org\/{rel}","templated":true}]}}