{"id":104452,"date":"2022-01-19T11:10:03","date_gmt":"2022-01-19T09:10:03","guid":{"rendered":"https:\/\/ainisdev.eu\/intelektine\/?page_id=104452"},"modified":"2023-09-18T11:54:48","modified_gmt":"2023-09-18T08:54:48","slug":"autoriu-teisiu-apsauga","status":"publish","type":"page","link":"https:\/\/ainisdev.eu\/intelektine\/autoriu-teisiu-apsauga\/","title":{"rendered":"Autori\u0173 teisi\u0173 apsauga"},"content":{"rendered":"<p>[vc_row unlock_row_content=&#8221;yes&#8221; row_height_percent=&#8221;0&#8243; back_image=&#8221;104068&#8243; overlay_alpha=&#8221;50&#8243; gutter_size=&#8221;3&#8243; column_width_percent=&#8221;100&#8243; shift_y=&#8221;0&#8243; z_index=&#8221;0&#8243; uncode_shortcode_id=&#8221;151403&#8243; row_height_pixel=&#8221;350&#8243; back_size=&#8221;cover&#8221; overlay_color_type=&#8221;uncode-solid&#8221; overlay_color_solid=&#8221;#112911&#8243;][vc_column column_width_percent=&#8221;100&#8243; position_vertical=&#8221;middle&#8221; align_horizontal=&#8221;align_center&#8221; gutter_size=&#8221;3&#8243; style=&#8221;dark&#8221; overlay_alpha=&#8221;50&#8243; shift_x=&#8221;0&#8243; shift_y=&#8221;0&#8243; shift_y_down=&#8221;0&#8243; z_index=&#8221;0&#8243; medium_width=&#8221;0&#8243; mobile_width=&#8221;0&#8243; width=&#8221;1\/1&#8243; uncode_shortcode_id=&#8221;128755&#8243;][vc_custom_heading heading_semantic=&#8221;p&#8221; text_size=&#8221;fontsize-338686&#8243; text_weight=&#8221;700&#8243; text_transform=&#8221;uppercase&#8221; text_height=&#8221;fontheight-179065&#8243; uncode_shortcode_id=&#8221;114454&#8243;]Autori\u0173 teisi\u0173 apsauga[\/vc_custom_heading][\/vc_column][\/vc_row][vc_row row_height_percent=&#8221;0&#8243; override_padding=&#8221;yes&#8221; h_padding=&#8221;2&#8243; top_padding=&#8221;3&#8243; bottom_padding=&#8221;3&#8243; back_color=&#8221;color-781555&#8243; overlay_alpha=&#8221;50&#8243; gutter_size=&#8221;3&#8243; column_width_percent=&#8221;100&#8243; shift_y=&#8221;0&#8243; z_index=&#8221;0&#8243; uncode_shortcode_id=&#8221;149275&#8243; back_color_type=&#8221;uncode-palette&#8221;][vc_column column_width_percent=&#8221;100&#8243; gutter_size=&#8221;3&#8243; overlay_alpha=&#8221;50&#8243; shift_x=&#8221;0&#8243; shift_y=&#8221;0&#8243; shift_y_down=&#8221;0&#8243; z_index=&#8221;0&#8243; medium_width=&#8221;0&#8243; mobile_width=&#8221;0&#8243; width=&#8221;1\/1&#8243; uncode_shortcode_id=&#8221;173475&#8243;][vc_custom_heading heading_semantic=&#8221;p&#8221; text_size=&#8221;fontsize-160000&#8243; text_weight=&#8221;700&#8243; text_height=&#8221;fontheight-179065&#8243; uncode_shortcode_id=&#8221;259540&#8243;]Apie autori\u0173 teisi\u0173 apsaug\u0105[\/vc_custom_heading][vc_row_inner row_inner_height_percent=&#8221;0&#8243; overlay_alpha=&#8221;50&#8243; gutter_size=&#8221;3&#8243; shift_y=&#8221;0&#8243; z_index=&#8221;0&#8243; uncode_shortcode_id=&#8221;107027&#8243; css=&#8221;.vc_custom_1640818447107{padding-top: 30px !important;}&#8221; el_class=&#8221;pakelimas-ikonos&#8221;][vc_column_inner column_width_percent=&#8221;100&#8243; align_horizontal=&#8221;align_center&#8221; gutter_size=&#8221;3&#8243; expand_height=&#8221;yes&#8221; back_color=&#8221;color-xsdn&#8221; overlay_alpha=&#8221;50&#8243; shift_x=&#8221;0&#8243; shift_y=&#8221;0&#8243; shift_y_down=&#8221;0&#8243; shift_y_down_fixed=&#8221;yes&#8221; z_index=&#8221;0&#8243; medium_width=&#8221;0&#8243; mobile_width=&#8221;0&#8243; css_animation=&#8221;bottom-t-top&#8221; animation_delay=&#8221;300&#8243; radius=&#8221;sm&#8221; shadow=&#8221;xs&#8221; width=&#8221;1\/3&#8243; uncode_shortcode_id=&#8221;109424&#8243; back_color_type=&#8221;uncode-palette&#8221; css=&#8221;.vc_custom_1642584535542{padding-top: 0px !important;padding-right: 20px !important;padding-bottom: 20px !important;padding-left: 20px !important;}&#8221;][vc_icon icon_image=&#8221;103728&#8243; icon_color=&#8221;accent&#8221; media_size=&#8221;100&#8243; text_size=&#8221;h4&#8243; no_hover=&#8221;&#8221; uncode_shortcode_id=&#8221;116945&#8243; icon_color_type=&#8221;uncode-palette&#8221;]<\/p>\n<p style=\"text-align: justify;\">Autori\u0173 teis\u0117je yra \u012ftvirtintas principas, numatantis, kad autori\u0173 teisi\u0173 objekt\u0173 ir teisi\u0173 tur\u0117tojo interes\u0173 apsaugai registracija ar jokie kiti formalumai n\u0117ra privalomi. Tod\u0117l autori\u0173 teisi\u0173 objektui keliamus reikalavimus atitinkan\u010dio k\u016brinio autorius turtines ir neturtines teises \u012f savo k\u016brin\u012f \u012fgyja nuo pat to k\u016brinio suk\u016brimo momento.<\/p>\n<p>[\/vc_icon][\/vc_column_inner][vc_column_inner column_width_percent=&#8221;100&#8243; align_horizontal=&#8221;align_center&#8221; gutter_size=&#8221;3&#8243; expand_height=&#8221;yes&#8221; back_color=&#8221;color-xsdn&#8221; overlay_alpha=&#8221;50&#8243; shift_x=&#8221;0&#8243; shift_y=&#8221;0&#8243; shift_y_down=&#8221;0&#8243; z_index=&#8221;0&#8243; medium_width=&#8221;0&#8243; mobile_width=&#8221;0&#8243; css_animation=&#8221;bottom-t-top&#8221; animation_delay=&#8221;200&#8243; radius=&#8221;sm&#8221; shadow=&#8221;xs&#8221; width=&#8221;1\/3&#8243; uncode_shortcode_id=&#8221;140477&#8243; back_color_type=&#8221;uncode-palette&#8221; css=&#8221;.vc_custom_1642584540817{padding-top: 0px !important;padding-right: 20px !important;padding-bottom: 20px !important;padding-left: 20px !important;}&#8221;][vc_icon icon_image=&#8221;104459&#8243; icon_color=&#8221;accent&#8221; media_size=&#8221;100&#8243; text_size=&#8221;h4&#8243; no_hover=&#8221;&#8221; uncode_shortcode_id=&#8221;576977&#8243; icon_color_type=&#8221;uncode-palette&#8221;]<\/p>\n<p style=\"text-align: justify;\">Bendrasis autori\u0173 turtini\u0173 teisi\u0173 apsaugos terminas yra visas autoriaus gyvenimas ir 70 met\u0173 po jo mirties. Gretutini\u0173 teisi\u0173 apsaugos terminas \u2013 50 met\u0173 po atlikimo datos. Duomen\u0173 bazi\u0173 sudarytoj\u0173 \u2013 15 met\u0173 po duomen\u0173 baz\u0117s sudarymo datos.<\/p>\n<p>[\/vc_icon][\/vc_column_inner][vc_column_inner column_width_percent=&#8221;100&#8243; align_horizontal=&#8221;align_center&#8221; gutter_size=&#8221;3&#8243; expand_height=&#8221;yes&#8221; back_color=&#8221;color-xsdn&#8221; overlay_alpha=&#8221;50&#8243; shift_x=&#8221;0&#8243; shift_y=&#8221;0&#8243; shift_y_down=&#8221;0&#8243; z_index=&#8221;0&#8243; medium_width=&#8221;0&#8243; mobile_width=&#8221;0&#8243; css_animation=&#8221;bottom-t-top&#8221; animation_delay=&#8221;100&#8243; radius=&#8221;sm&#8221; shadow=&#8221;xs&#8221; width=&#8221;1\/3&#8243; uncode_shortcode_id=&#8221;176162&#8243; back_color_type=&#8221;uncode-palette&#8221; css=&#8221;.vc_custom_1642584547100{padding-top: 0px !important;padding-right: 20px !important;padding-bottom: 20px !important;padding-left: 20px !important;}&#8221;][vc_icon icon_image=&#8221;104460&#8243; icon_color=&#8221;accent&#8221; media_size=&#8221;100&#8243; text_size=&#8221;h4&#8243; no_hover=&#8221;&#8221; uncode_shortcode_id=&#8221;213681&#8243; icon_color_type=&#8221;uncode-palette&#8221;]<\/p>\n<p style=\"text-align: justify;\">Autori\u0173 teisi\u0173 ir gretutini\u0173 teisi\u0173 \u012fstatymas taip pat numato i\u0161imtis d\u0117l bendr\u0173j\u0173 termin\u0173 ir reglamentuoja autori\u0173 turtini\u0173 teisi\u0173 apsaugos trukm\u0119 specialiais atvejais (kai k\u016briniai sukurti bendraautoryst\u0117s pagrindu, kai k\u016brinyje nenurodytas autoriaus vardas, taip pat kolektyvini\u0173 k\u016brini\u0173 ar audiovizualini\u0173 k\u016brini\u0173 atveju).<\/p>\n<p>[\/vc_icon][\/vc_column_inner][\/vc_row_inner][\/vc_column][\/vc_row][vc_row row_height_percent=&#8221;0&#8243; override_padding=&#8221;yes&#8221; h_padding=&#8221;2&#8243; top_padding=&#8221;3&#8243; bottom_padding=&#8221;3&#8243; overlay_alpha=&#8221;50&#8243; gutter_size=&#8221;3&#8243; column_width_percent=&#8221;100&#8243; shift_y=&#8221;0&#8243; z_index=&#8221;0&#8243; uncode_shortcode_id=&#8221;724630&#8243;][vc_column width=&#8221;1\/1&#8243;][vc_custom_heading heading_semantic=&#8221;p&#8221; text_size=&#8221;fontsize-455505&#8243; text_weight=&#8221;700&#8243; text_height=&#8221;fontheight-179065&#8243; uncode_shortcode_id=&#8221;173789&#8243;]Kad k\u016brinys b\u016bt\u0173 saugomas autori\u0173 teis\u0117s, jis turi atitikti 3 kriterijus:[\/vc_custom_heading][vc_row_inner row_inner_height_percent=&#8221;0&#8243; overlay_alpha=&#8221;50&#8243; gutter_size=&#8221;2&#8243; shift_y=&#8221;0&#8243; z_index=&#8221;0&#8243; uncode_shortcode_id=&#8221;212055&#8243;][vc_column_inner column_width_percent=&#8221;100&#8243; gutter_size=&#8221;3&#8243; expand_height=&#8221;yes&#8221; overlay_alpha=&#8221;50&#8243; border_color=&#8221;accent&#8221; border_style=&#8221;solid&#8221; shift_x=&#8221;0&#8243; shift_y=&#8221;0&#8243; shift_y_down=&#8221;0&#8243; z_index=&#8221;0&#8243; medium_width=&#8221;0&#8243; mobile_width=&#8221;0&#8243; css_animation=&#8221;bottom-t-top&#8221; animation_delay=&#8221;300&#8243; width=&#8221;1\/3&#8243; uncode_shortcode_id=&#8221;106024&#8243; css=&#8221;.vc_custom_1642584631003{border-top-width: 1px !important;border-right-width: 1px !important;border-bottom-width: 1px !important;border-left-width: 1px !important;padding-top: 20px !important;padding-right: 20px !important;padding-bottom: 20px !important;padding-left: 20px !important;}&#8221; border_color_type=&#8221;uncode-palette&#8221;][vc_custom_heading heading_semantic=&#8221;p&#8221; text_size=&#8221;h4&#8243; text_weight=&#8221;700&#8243; uncode_shortcode_id=&#8221;149903&#8243;]B\u016bti originalus[\/vc_custom_heading][vc_column_text uncode_shortcode_id=&#8221;297944&#8243; css=&#8221;.vc_custom_1651230403089{margin-top: 20px !important;}&#8221;]<\/p>\n<p style=\"text-align: justify;\">K\u016brinys turi b\u016bti savaranki\u0161kos k\u016brybin\u0117s veiklos rezultatas, o ne kito k\u016brinio kopija.<\/p>\n<p>[\/vc_column_text][\/vc_column_inner][vc_column_inner column_width_percent=&#8221;100&#8243; gutter_size=&#8221;3&#8243; expand_height=&#8221;yes&#8221; overlay_alpha=&#8221;50&#8243; border_color=&#8221;accent&#8221; border_style=&#8221;solid&#8221; shift_x=&#8221;0&#8243; shift_y=&#8221;0&#8243; shift_y_down=&#8221;0&#8243; z_index=&#8221;0&#8243; medium_width=&#8221;0&#8243; mobile_width=&#8221;0&#8243; css_animation=&#8221;bottom-t-top&#8221; animation_delay=&#8221;200&#8243; width=&#8221;1\/3&#8243; uncode_shortcode_id=&#8221;476242&#8243; css=&#8221;.vc_custom_1642584697073{border-top-width: 1px !important;border-right-width: 1px !important;border-bottom-width: 1px !important;border-left-width: 1px !important;padding-top: 20px !important;padding-right: 20px !important;padding-bottom: 20px !important;padding-left: 20px !important;}&#8221; border_color_type=&#8221;uncode-palette&#8221;][vc_custom_heading heading_semantic=&#8221;p&#8221; text_size=&#8221;h4&#8243; text_weight=&#8221;700&#8243; uncode_shortcode_id=&#8221;199783&#8243;]B\u016bti k\u016brybin\u0117s veiklos rezultatas[\/vc_custom_heading][vc_column_text uncode_shortcode_id=&#8221;604193&#8243; css=&#8221;.vc_custom_1651230410218{margin-top: 20px !important;}&#8221;]<\/p>\n<p style=\"text-align: justify;\">Kurdamas autorius turi parodyti k\u016brybingum\u0105, daryti laisvus k\u016brybinius pasirinkimus. Taip pat autorius turi b\u016bti fizinis asmuo \u2013 \u017emogus.<\/p>\n<p>[\/vc_column_text][\/vc_column_inner][vc_column_inner column_width_percent=&#8221;100&#8243; gutter_size=&#8221;3&#8243; overlay_alpha=&#8221;50&#8243; border_color=&#8221;accent&#8221; border_style=&#8221;solid&#8221; shift_x=&#8221;0&#8243; shift_y=&#8221;0&#8243; shift_y_down=&#8221;0&#8243; z_index=&#8221;0&#8243; medium_width=&#8221;0&#8243; mobile_width=&#8221;0&#8243; css_animation=&#8221;bottom-t-top&#8221; animation_delay=&#8221;100&#8243; width=&#8221;1\/3&#8243; uncode_shortcode_id=&#8221;515082&#8243; css=&#8221;.vc_custom_1640820368004{border-top-width: 1px !important;border-right-width: 1px !important;border-bottom-width: 1px !important;border-left-width: 1px !important;padding-top: 20px !important;padding-right: 20px !important;padding-bottom: 20px !important;padding-left: 20px !important;}&#8221; border_color_type=&#8221;uncode-palette&#8221;][vc_custom_heading heading_semantic=&#8221;p&#8221; text_size=&#8221;h4&#8243; text_weight=&#8221;700&#8243; uncode_shortcode_id=&#8221;130980&#8243;]Tur\u0117ti i\u0161rai\u0161kos b\u016bd\u0105 ar form\u0105[\/vc_custom_heading][vc_column_text uncode_shortcode_id=&#8221;722285&#8243; css=&#8221;.vc_custom_1651230416168{margin-top: 20px !important;}&#8221;]<\/p>\n<p style=\"text-align: justify;\">Objektas turi b\u016bti objektyviai egzistuojantis k\u016brybin\u0117s veiklos rezultatas, i\u0161reik\u0161tas kitiems suprantama forma. D\u0117l \u0161ios prie\u017easties id\u0117jos ir mintys n\u0117ra saugomos.<\/p>\n<p>[\/vc_column_text][\/vc_column_inner][\/vc_row_inner][\/vc_column][\/vc_row]<\/p>\n","protected":false},"excerpt":{"rendered":"<p>[vc_row unlock_row_content=&#8221;yes&#8221; row_height_percent=&#8221;0&#8243; back_image=&#8221;104068&#8243; overlay_alpha=&#8221;50&#8243; gutter_size=&#8221;3&#8243; column_width_percent=&#8221;100&#8243; shift_y=&#8221;0&#8243; z_index=&#8221;0&#8243; uncode_shortcode_id=&#8221;151403&#8243; row_height_pixel=&#8221;350&#8243; back_size=&#8221;cover&#8221; overlay_color_type=&#8221;uncode-solid&#8221; overlay_color_solid=&#8221;#112911&#8243;][vc_column column_width_percent=&#8221;100&#8243; position_vertical=&#8221;middle&#8221; align_horizontal=&#8221;align_center&#8221; gutter_size=&#8221;3&#8243; style=&#8221;dark&#8221; overlay_alpha=&#8221;50&#8243; [&hellip;]<\/p>\n","protected":false},"author":1,"featured_media":0,"parent":0,"menu_order":0,"comment_status":"closed","ping_status":"closed","template":"","meta":{"footnotes":""},"class_list":["post-104452","page","type-page","status-publish","hentry","page_category-autoriu-ir-gretutines-teises"],"_links":{"self":[{"href":"https:\/\/ainisdev.eu\/intelektine\/wp-json\/wp\/v2\/pages\/104452","targetHints":{"allow":["GET"]}}],"collection":[{"href":"https:\/\/ainisdev.eu\/intelektine\/wp-json\/wp\/v2\/pages"}],"about":[{"href":"https:\/\/ainisdev.eu\/intelektine\/wp-json\/wp\/v2\/types\/page"}],"author":[{"embeddable":true,"href":"https:\/\/ainisdev.eu\/intelektine\/wp-json\/wp\/v2\/users\/1"}],"replies":[{"embeddable":true,"href":"https:\/\/ainisdev.eu\/intelektine\/wp-json\/wp\/v2\/comments?post=104452"}],"version-history":[{"count":1,"href":"https:\/\/ainisdev.eu\/intelektine\/wp-json\/wp\/v2\/pages\/104452\/revisions"}],"predecessor-version":[{"id":105738,"href":"https:\/\/ainisdev.eu\/intelektine\/wp-json\/wp\/v2\/pages\/104452\/revisions\/105738"}],"wp:attachment":[{"href":"https:\/\/ainisdev.eu\/intelektine\/wp-json\/wp\/v2\/media?parent=104452"}],"curies":[{"name":"wp","href":"https:\/\/api.w.org\/{rel}","templated":true}]}}