{"id":104444,"date":"2022-01-19T10:21:22","date_gmt":"2022-01-19T08:21:22","guid":{"rendered":"https:\/\/ainisdev.eu\/intelektine\/?page_id=104444"},"modified":"2023-09-18T11:59:07","modified_gmt":"2023-09-18T08:59:07","slug":"autoriu-teisiu-objektai","status":"publish","type":"page","link":"https:\/\/ainisdev.eu\/intelektine\/autoriu-teisiu-objektai\/","title":{"rendered":"Autori\u0173 teisi\u0173 objektai"},"content":{"rendered":"<p>[vc_row unlock_row_content=&#8221;yes&#8221; row_height_percent=&#8221;0&#8243; back_image=&#8221;104068&#8243; overlay_alpha=&#8221;50&#8243; gutter_size=&#8221;3&#8243; column_width_percent=&#8221;100&#8243; shift_y=&#8221;0&#8243; z_index=&#8221;0&#8243; uncode_shortcode_id=&#8221;151403&#8243; row_height_pixel=&#8221;350&#8243; back_size=&#8221;cover&#8221; overlay_color_type=&#8221;uncode-solid&#8221; overlay_color_solid=&#8221;#112911&#8243;][vc_column column_width_percent=&#8221;100&#8243; position_vertical=&#8221;middle&#8221; align_horizontal=&#8221;align_center&#8221; gutter_size=&#8221;3&#8243; style=&#8221;dark&#8221; overlay_alpha=&#8221;50&#8243; shift_x=&#8221;0&#8243; shift_y=&#8221;0&#8243; shift_y_down=&#8221;0&#8243; z_index=&#8221;0&#8243; medium_width=&#8221;0&#8243; mobile_width=&#8221;0&#8243; width=&#8221;1\/1&#8243; uncode_shortcode_id=&#8221;128755&#8243;][vc_custom_heading heading_semantic=&#8221;p&#8221; text_size=&#8221;fontsize-338686&#8243; text_weight=&#8221;700&#8243; text_transform=&#8221;uppercase&#8221; text_height=&#8221;fontheight-179065&#8243; uncode_shortcode_id=&#8221;558334&#8243;]Autori\u0173 teisi\u0173 objektai[\/vc_custom_heading][vc_column_text text_lead=&#8221;yes&#8221; uncode_shortcode_id=&#8221;409522&#8243; css=&#8221;.vc_custom_1643309494306{margin-top: 20px !important;}&#8221;]<strong>Autori\u0173 teisi\u0173 objektai<\/strong> \u2013 original\u016bs literat\u016bros, mokslo ir meno k\u016briniai, kurie yra kokia nors objektyvia forma i\u0161reik\u0161tas k\u016brybin\u0117s veiklos rezultatas.[\/vc_column_text][\/vc_column][\/vc_row][vc_row row_height_percent=&#8221;0&#8243; override_padding=&#8221;yes&#8221; h_padding=&#8221;2&#8243; top_padding=&#8221;3&#8243; bottom_padding=&#8221;3&#8243; overlay_alpha=&#8221;50&#8243; gutter_size=&#8221;3&#8243; column_width_percent=&#8221;100&#8243; shift_y=&#8221;0&#8243; z_index=&#8221;0&#8243; uncode_shortcode_id=&#8221;210361&#8243;][vc_column column_width_percent=&#8221;100&#8243; gutter_size=&#8221;3&#8243; overlay_alpha=&#8221;50&#8243; shift_x=&#8221;0&#8243; shift_y=&#8221;0&#8243; shift_y_down=&#8221;0&#8243; z_index=&#8221;0&#8243; medium_width=&#8221;0&#8243; mobile_width=&#8221;0&#8243; width=&#8221;1\/1&#8243; uncode_shortcode_id=&#8221;207475&#8243;][vc_custom_heading heading_semantic=&#8221;p&#8221; text_size=&#8221;fontsize-160000&#8243; text_weight=&#8221;700&#8243; text_height=&#8221;fontheight-179065&#8243; uncode_shortcode_id=&#8221;428827&#8243;]Pavyzdinis autori\u0173 teisi\u0173 objekt\u0173 s\u0105ra\u0161as[\/vc_custom_heading][vc_row_inner row_inner_height_percent=&#8221;0&#8243; overlay_alpha=&#8221;50&#8243; gutter_size=&#8221;3&#8243; shift_y=&#8221;0&#8243; z_index=&#8221;0&#8243; uncode_shortcode_id=&#8221;390962&#8243;][vc_column_inner column_width_percent=&#8221;100&#8243; gutter_size=&#8221;3&#8243; overlay_alpha=&#8221;50&#8243; border_color=&#8221;accent&#8221; border_style=&#8221;solid&#8221; shift_x=&#8221;0&#8243; shift_y=&#8221;0&#8243; shift_y_down=&#8221;0&#8243; z_index=&#8221;0&#8243; medium_width=&#8221;0&#8243; mobile_width=&#8221;0&#8243; css_animation=&#8221;left-t-right&#8221; animation_delay=&#8221;400&#8243; width=&#8221;1\/1&#8243; uncode_shortcode_id=&#8221;164305&#8243; border_color_type=&#8221;uncode-palette&#8221; css=&#8221;.vc_custom_1642581109111{border-top-width: 1px !important;border-right-width: 1px !important;border-bottom-width: 1px !important;border-left-width: 1px !important;padding-top: 20px !important;padding-right: 20px !important;padding-bottom: 20px !important;padding-left: 20px !important;}&#8221;][uncode_list icon=&#8221;fa fa-dot-circle-o&#8221; icon_color=&#8221;accent&#8221; uncode_shortcode_id=&#8221;184579&#8243; icon_color_type=&#8221;uncode-palette&#8221;]<\/p>\n<ul style=\"text-align: justify;\">\n<li>knygos, bro\u0161i\u016bros, straipsniai, dienora\u0161\u010diai ir kiti literat\u016bros k\u016briniai, i\u0161reik\u0161ti bet kokia forma, \u012fskaitant elektronin\u0119, taip pat kompiuteri\u0173 programos;<\/li>\n<li>kalbos, paskaitos, pamokslai ir kiti \u017eodiniai k\u016briniai;<\/li>\n<li>ra\u0161ytiniai ir \u017eodiniai mokslo k\u016briniai (mokslin\u0117s paskaitos, studijos, monografijos, i\u0161vados, mokslo projektai ir projektin\u0117 dokumentacija bei kiti mokslo k\u016briniai);<\/li>\n<li>dramos, muzikiniai dramos, pantomimos, choreografijos ir kiti scenoje atlikti skirti k\u016briniai ir re\u017eisuoti spektakliai, taip pat scenarijai ir scenarij\u0173 planai;<\/li>\n<li>muzikos k\u016briniai su tekstu arba be teksto;<\/li>\n<li>audiovizualiniai k\u016briniai (kino filmai, televizijos filmai, televizijos laidos, videofilmai, diafilmai ir kiti kinematografin\u0117mis priemon\u0117mis i\u0161reik\u0161ti k\u016briniai), radijo laidos;<\/li>\n<li>skulpt\u016bros, tapybos ir grafikos k\u016briniai, monumentalioji dekoratyvin\u0117 dail\u0117, kiti dail\u0117s k\u016briniai, scenografijos k\u016briniai;<\/li>\n<li>fotografijos k\u016briniai ir kiti fotografijai analogi\u0161kais b\u016bdais sukurti k\u016briniai;<\/li>\n<li>architekt\u016bros k\u016briniai (pastat\u0173 ir kit\u0173 statini\u0173 projektai, br\u0117\u017einiai, eskizai ir modeliai, taip pat pastatai ir kiti statiniai);<\/li>\n<li>taikomosios dail\u0117s k\u016briniai;<\/li>\n<li>iliustracijos, \u017eem\u0117lapiai, planai, sod\u0173 ir park\u0173 projektai, eskizai ir trima\u010diai k\u016briniai, susij\u0119 su geografijos, topografijos ar tiksli\u0173j\u0173 moksl\u0173 sritimis;<\/li>\n<li>kiti k\u016briniai.<\/li>\n<\/ul>\n<p>[\/uncode_list][\/vc_column_inner][\/vc_row_inner][\/vc_column][\/vc_row][vc_row row_height_percent=&#8221;0&#8243; back_color=&#8221;color-113759&#8243; overlay_alpha=&#8221;50&#8243; gutter_size=&#8221;2&#8243; column_width_percent=&#8221;100&#8243; shift_y=&#8221;0&#8243; z_index=&#8221;0&#8243; uncode_shortcode_id=&#8221;193138&#8243; back_color_type=&#8221;uncode-palette&#8221;][vc_column column_width_percent=&#8221;100&#8243; gutter_size=&#8221;3&#8243; expand_height=&#8221;yes&#8221; style=&#8221;dark&#8221; overlay_alpha=&#8221;50&#8243; border_color=&#8221;color-xsdn&#8221; border_style=&#8221;solid&#8221; shift_x=&#8221;0&#8243; shift_y=&#8221;0&#8243; shift_y_down=&#8221;0&#8243; z_index=&#8221;0&#8243; medium_width=&#8221;0&#8243; mobile_width=&#8221;0&#8243; css_animation=&#8221;left-t-right&#8221; animation_delay=&#8221;200&#8243; width=&#8221;1\/2&#8243; uncode_shortcode_id=&#8221;174034&#8243; border_color_type=&#8221;uncode-palette&#8221; css=&#8221;.vc_custom_1642582844212{border-top-width: 1px !important;border-right-width: 1px !important;border-bottom-width: 1px !important;border-left-width: 1px !important;padding-top: 20px !important;padding-right: 20px !important;padding-bottom: 20px !important;padding-left: 20px !important;}&#8221;][vc_custom_heading heading_semantic=&#8221;p&#8221; text_size=&#8221;fontsize-259569&#8243; text_weight=&#8221;700&#8243; uncode_shortcode_id=&#8221;174669&#8243;]Autori\u0173 teisi\u0173 objektais taip pat laikomi:[\/vc_custom_heading][vc_row_inner row_inner_height_percent=&#8221;0&#8243; overlay_alpha=&#8221;50&#8243; gutter_size=&#8221;3&#8243; shift_y=&#8221;0&#8243; z_index=&#8221;0&#8243; uncode_shortcode_id=&#8221;774640&#8243; css=&#8221;.vc_custom_1642582497932{margin-top: 20px !important;}&#8221;][vc_column_inner column_width_percent=&#8221;100&#8243; gutter_size=&#8221;3&#8243; style=&#8221;dark&#8221; overlay_alpha=&#8221;50&#8243; shift_x=&#8221;0&#8243; shift_y=&#8221;0&#8243; shift_y_down=&#8221;0&#8243; z_index=&#8221;0&#8243; medium_width=&#8221;0&#8243; mobile_width=&#8221;0&#8243; width=&#8221;1\/1&#8243; uncode_shortcode_id=&#8221;166140&#8243;][uncode_list icon=&#8221;fa fa-dot-circle-o&#8221; icon_color=&#8221;color-xsdn&#8221; uncode_shortcode_id=&#8221;162017&#8243; icon_color_type=&#8221;uncode-palette&#8221;]<\/p>\n<ul style=\"text-align: justify;\">\n<li>i\u0161vestiniai k\u016briniai, sukurti pasinaudojus kitais literat\u016bros, mokslo ir meno k\u016briniais (vertimai, inscenizacijos, adaptacijos, anotacijos, referatai, ap\u017evalgos, muzikin\u0117s aran\u017euot\u0117s, statin\u0117s ir interaktyvios interneto svetain\u0117s ir kiti i\u0161vestiniai k\u016briniai);<\/li>\n<li>k\u016brini\u0173 rinkiniai ar duomen\u0173 rinkiniai, duomen\u0173 baz\u0117s (i\u0161reik\u0161tos technin\u0117mis priemon\u0117mis skaityti pritaikyta ar kita forma), kurie d\u0117l turinio parinkimo ar i\u0161d\u0117stymo yra autoriaus intelektin\u0117s k\u016brybos rezultatas;<\/li>\n<li>teis\u0117s akt\u0173, oficiali\u0173 administracinio, teisinio ar norminio pob\u016bd\u017eio dokument\u0173 neoficial\u016bs vertimai.<\/li>\n<\/ul>\n<p>[\/uncode_list][\/vc_column_inner][\/vc_row_inner][\/vc_column][vc_column column_width_percent=&#8221;100&#8243; gutter_size=&#8221;3&#8243; expand_height=&#8221;yes&#8221; style=&#8221;dark&#8221; overlay_alpha=&#8221;50&#8243; border_color=&#8221;color-xsdn&#8221; border_style=&#8221;solid&#8221; shift_x=&#8221;0&#8243; shift_y=&#8221;0&#8243; shift_y_down=&#8221;0&#8243; z_index=&#8221;0&#8243; medium_width=&#8221;0&#8243; mobile_width=&#8221;0&#8243; css_animation=&#8221;left-t-right&#8221; animation_delay=&#8221;100&#8243; width=&#8221;1\/2&#8243; uncode_shortcode_id=&#8221;182716&#8243; border_color_type=&#8221;uncode-palette&#8221; css=&#8221;.vc_custom_1642582833769{border-top-width: 1px !important;border-right-width: 1px !important;border-bottom-width: 1px !important;border-left-width: 1px !important;padding-top: 20px !important;padding-right: 20px !important;padding-bottom: 20px !important;padding-left: 20px !important;}&#8221;][vc_custom_heading heading_semantic=&#8221;p&#8221; text_size=&#8221;fontsize-259569&#8243; text_weight=&#8221;700&#8243; uncode_shortcode_id=&#8221;255889&#8243;]Autori\u0173 teisi\u0173 objektais nelaikomi:[\/vc_custom_heading][vc_row_inner row_inner_height_percent=&#8221;0&#8243; overlay_alpha=&#8221;50&#8243; gutter_size=&#8221;3&#8243; shift_y=&#8221;0&#8243; z_index=&#8221;0&#8243; uncode_shortcode_id=&#8221;131781&#8243; css=&#8221;.vc_custom_1642582504063{margin-top: 10px !important;}&#8221;][vc_column_inner column_width_percent=&#8221;100&#8243; gutter_size=&#8221;3&#8243; style=&#8221;dark&#8221; overlay_alpha=&#8221;50&#8243; shift_x=&#8221;0&#8243; shift_y=&#8221;0&#8243; shift_y_down=&#8221;0&#8243; z_index=&#8221;0&#8243; medium_width=&#8221;0&#8243; mobile_width=&#8221;0&#8243; width=&#8221;1\/1&#8243; uncode_shortcode_id=&#8221;458174&#8243;][uncode_list icon=&#8221;fa fa-dot-circle-o&#8221; icon_color=&#8221;color-xsdn&#8221; uncode_shortcode_id=&#8221;532806&#8243; icon_color_type=&#8221;uncode-palette&#8221;]<\/p>\n<ul style=\"text-align: justify;\">\n<li>id\u0117jos, proced\u016bros, procesai, sistemos, veiklos metodai, koncepcijos, principai, atradimai ar atskiri duomenys;<\/li>\n<li>teis\u0117s aktai, oficial\u016bs administracinio, teisinio ar norminio pob\u016bd\u017eio dokumentai (sprendimai, nuosprend\u017eiai, nuostatai, normos, teritorij\u0173 planavimo ir kiti oficial\u016bs dokumentai), taip pat j\u0173 oficial\u016bs vertimai;<\/li>\n<li>oficial\u016bs valstyb\u0117s simboliai ir \u017eenklai (v\u0117liavos, herbai, himnai, piniginiai \u017eenklai, kiti valstyb\u0117s simboliai ir \u017eenklai), kuri\u0173 apsaug\u0105 reglamentuoja kiti teis\u0117s aktai;<\/li>\n<li>oficialiai \u012fregistruoti teis\u0117s akt\u0173 projektai;<\/li>\n<li>\u012fprastinio pob\u016bd\u017eio informaciniai prane\u0161imai apie \u012fvykius;<\/li>\n<li>folkloro k\u016briniai.<\/li>\n<\/ul>\n<p>[\/uncode_list][\/vc_column_inner][\/vc_row_inner][\/vc_column][\/vc_row][vc_row row_height_percent=&#8221;0&#8243; override_padding=&#8221;yes&#8221; h_padding=&#8221;2&#8243; top_padding=&#8221;3&#8243; bottom_padding=&#8221;3&#8243; overlay_alpha=&#8221;50&#8243; gutter_size=&#8221;3&#8243; column_width_percent=&#8221;100&#8243; shift_y=&#8221;0&#8243; z_index=&#8221;0&#8243; uncode_shortcode_id=&#8221;128006&#8243;][vc_column width=&#8221;1\/1&#8243;][vc_row_inner row_inner_height_percent=&#8221;0&#8243; overlay_alpha=&#8221;50&#8243; gutter_size=&#8221;3&#8243; shift_y=&#8221;0&#8243; z_index=&#8221;0&#8243; uncode_shortcode_id=&#8221;107027&#8243; css=&#8221;.vc_custom_1640818447107{padding-top: 30px !important;}&#8221; el_class=&#8221;pakelimas-ikonos&#8221;][vc_column_inner column_width_percent=&#8221;100&#8243; align_horizontal=&#8221;align_center&#8221; gutter_size=&#8221;3&#8243; expand_height=&#8221;yes&#8221; back_color=&#8221;color-xsdn&#8221; overlay_alpha=&#8221;50&#8243; shift_x=&#8221;0&#8243; shift_y=&#8221;0&#8243; shift_y_down=&#8221;0&#8243; shift_y_down_fixed=&#8221;yes&#8221; z_index=&#8221;0&#8243; medium_width=&#8221;0&#8243; mobile_width=&#8221;0&#8243; css_animation=&#8221;bottom-t-top&#8221; animation_delay=&#8221;300&#8243; radius=&#8221;sm&#8221; shadow=&#8221;xs&#8221; width=&#8221;1\/2&#8243; uncode_shortcode_id=&#8221;109424&#8243; back_color_type=&#8221;uncode-palette&#8221; css=&#8221;.vc_custom_1642584535542{padding-top: 0px !important;padding-right: 20px !important;padding-bottom: 20px !important;padding-left: 20px !important;}&#8221;][vc_icon icon_image=&#8221;104679&#8243; icon_color=&#8221;accent&#8221; media_size=&#8221;100&#8243; text_size=&#8221;h4&#8243; no_hover=&#8221;&#8221; uncode_shortcode_id=&#8221;122119&#8243; icon_color_type=&#8221;uncode-palette&#8221; title=&#8221;Gretutini\u0173 teisi\u0173 objektai&#8221;]<\/p>\n<p style=\"text-align: justify;\">Tai tiesioginis (gyvas atlikimas), \u012f garso ar audiovizualin\u0119 laikmen\u0105 \u012fra\u0161ytas k\u016brinio atlikimas, fonograma, audiovizualinio k\u016brinio (filmo) pirmasis \u012fra\u0161as, transliuojan\u010diosios organizacijos radijo ir (ar) televizijos transliacija.<\/p>\n<p>[\/vc_icon][\/vc_column_inner][vc_column_inner column_width_percent=&#8221;100&#8243; align_horizontal=&#8221;align_center&#8221; gutter_size=&#8221;3&#8243; expand_height=&#8221;yes&#8221; back_color=&#8221;color-xsdn&#8221; overlay_alpha=&#8221;50&#8243; shift_x=&#8221;0&#8243; shift_y=&#8221;0&#8243; shift_y_down=&#8221;0&#8243; z_index=&#8221;0&#8243; medium_width=&#8221;0&#8243; mobile_width=&#8221;0&#8243; css_animation=&#8221;bottom-t-top&#8221; animation_delay=&#8221;200&#8243; radius=&#8221;sm&#8221; shadow=&#8221;xs&#8221; width=&#8221;1\/2&#8243; uncode_shortcode_id=&#8221;140477&#8243; back_color_type=&#8221;uncode-palette&#8221; css=&#8221;.vc_custom_1642584540817{padding-top: 0px !important;padding-right: 20px !important;padding-bottom: 20px !important;padding-left: 20px !important;}&#8221;][vc_icon icon_image=&#8221;104814&#8243; icon_color=&#8221;accent&#8221; media_size=&#8221;100&#8243; text_size=&#8221;h4&#8243; no_hover=&#8221;&#8221; uncode_shortcode_id=&#8221;158393&#8243; icon_color_type=&#8221;uncode-palette&#8221; title=&#8221;Duomen\u0173 bazi\u0173 gamintoj\u0173 (sui generis) objektai&#8221;]<\/p>\n<p style=\"text-align: justify;\">Duomen\u0173 baz\u0117s, t. y. susistemintas ar metodi\u0161kai sutvarkytas k\u016brini\u0173, duomen\u0173 arba kitokios med\u017eiagos rinkinys, kuriuo galima individualiai naudotis elektroniniu ar kitu b\u016bdu, i\u0161skyrus kompiuteri\u0173 programas, naudojamas toki\u0173 duomen\u0173 baz\u0117ms kurti ar valdyti.<\/p>\n<p>[\/vc_icon][\/vc_column_inner][\/vc_row_inner][\/vc_column][\/vc_row]<\/p>\n","protected":false},"excerpt":{"rendered":"<p>[vc_row unlock_row_content=&#8221;yes&#8221; row_height_percent=&#8221;0&#8243; back_image=&#8221;104068&#8243; overlay_alpha=&#8221;50&#8243; gutter_size=&#8221;3&#8243; column_width_percent=&#8221;100&#8243; shift_y=&#8221;0&#8243; z_index=&#8221;0&#8243; uncode_shortcode_id=&#8221;151403&#8243; row_height_pixel=&#8221;350&#8243; back_size=&#8221;cover&#8221; overlay_color_type=&#8221;uncode-solid&#8221; overlay_color_solid=&#8221;#112911&#8243;][vc_column column_width_percent=&#8221;100&#8243; position_vertical=&#8221;middle&#8221; align_horizontal=&#8221;align_center&#8221; gutter_size=&#8221;3&#8243; style=&#8221;dark&#8221; overlay_alpha=&#8221;50&#8243; [&hellip;]<\/p>\n","protected":false},"author":1,"featured_media":0,"parent":0,"menu_order":0,"comment_status":"closed","ping_status":"closed","template":"","meta":{"footnotes":""},"class_list":["post-104444","page","type-page","status-publish","hentry","page_category-autoriu-ir-gretutines-teises"],"_links":{"self":[{"href":"https:\/\/ainisdev.eu\/intelektine\/wp-json\/wp\/v2\/pages\/104444","targetHints":{"allow":["GET"]}}],"collection":[{"href":"https:\/\/ainisdev.eu\/intelektine\/wp-json\/wp\/v2\/pages"}],"about":[{"href":"https:\/\/ainisdev.eu\/intelektine\/wp-json\/wp\/v2\/types\/page"}],"author":[{"embeddable":true,"href":"https:\/\/ainisdev.eu\/intelektine\/wp-json\/wp\/v2\/users\/1"}],"replies":[{"embeddable":true,"href":"https:\/\/ainisdev.eu\/intelektine\/wp-json\/wp\/v2\/comments?post=104444"}],"version-history":[{"count":3,"href":"https:\/\/ainisdev.eu\/intelektine\/wp-json\/wp\/v2\/pages\/104444\/revisions"}],"predecessor-version":[{"id":106061,"href":"https:\/\/ainisdev.eu\/intelektine\/wp-json\/wp\/v2\/pages\/104444\/revisions\/106061"}],"wp:attachment":[{"href":"https:\/\/ainisdev.eu\/intelektine\/wp-json\/wp\/v2\/media?parent=104444"}],"curies":[{"name":"wp","href":"https:\/\/api.w.org\/{rel}","templated":true}]}}