{"id":104435,"date":"2022-01-19T09:54:38","date_gmt":"2022-01-19T07:54:38","guid":{"rendered":"https:\/\/ainisdev.eu\/intelektine\/?page_id=104435"},"modified":"2023-09-18T12:01:42","modified_gmt":"2023-09-18T09:01:42","slug":"autoriu-gretutines-ir-duomenu-baziu-gamintoju-sui-generis-teises","status":"publish","type":"page","link":"https:\/\/ainisdev.eu\/intelektine\/autoriu-gretutines-ir-duomenu-baziu-gamintoju-sui-generis-teises\/","title":{"rendered":"Autori\u0173, gretutin\u0117s ir duomen\u0173 bazi\u0173 gamintoj\u0173 (sui generis) teis\u0117s"},"content":{"rendered":"<p>[vc_row unlock_row_content=&#8221;yes&#8221; row_height_percent=&#8221;0&#8243; back_image=&#8221;104068&#8243; overlay_alpha=&#8221;50&#8243; gutter_size=&#8221;3&#8243; column_width_percent=&#8221;100&#8243; shift_y=&#8221;0&#8243; z_index=&#8221;0&#8243; uncode_shortcode_id=&#8221;151403&#8243; row_height_pixel=&#8221;350&#8243; back_size=&#8221;cover&#8221; overlay_color_type=&#8221;uncode-solid&#8221; overlay_color_solid=&#8221;#112911&#8243;][vc_column column_width_percent=&#8221;100&#8243; position_vertical=&#8221;middle&#8221; align_horizontal=&#8221;align_center&#8221; gutter_size=&#8221;3&#8243; style=&#8221;dark&#8221; overlay_alpha=&#8221;50&#8243; shift_x=&#8221;0&#8243; shift_y=&#8221;0&#8243; shift_y_down=&#8221;0&#8243; z_index=&#8221;0&#8243; medium_width=&#8221;0&#8243; mobile_width=&#8221;0&#8243; width=&#8221;1\/1&#8243; uncode_shortcode_id=&#8221;128755&#8243;][vc_custom_heading heading_semantic=&#8221;p&#8221; text_size=&#8221;fontsize-338686&#8243; text_weight=&#8221;700&#8243; text_height=&#8221;fontheight-179065&#8243; uncode_shortcode_id=&#8221;205133&#8243;]Autori\u0173, gretutin\u0117s ir duomen\u0173 bazi\u0173 gamintoj\u0173 (sui generis) teis\u0117s[\/vc_custom_heading][\/vc_column][\/vc_row][vc_row row_height_percent=&#8221;0&#8243; override_padding=&#8221;yes&#8221; h_padding=&#8221;2&#8243; top_padding=&#8221;3&#8243; bottom_padding=&#8221;3&#8243; overlay_alpha=&#8221;50&#8243; gutter_size=&#8221;3&#8243; column_width_percent=&#8221;100&#8243; shift_y=&#8221;0&#8243; z_index=&#8221;0&#8243; uncode_shortcode_id=&#8221;724630&#8243;][vc_column width=&#8221;1\/1&#8243;][vc_custom_heading heading_semantic=&#8221;p&#8221; text_size=&#8221;fontsize-160000&#8243; text_weight=&#8221;700&#8243; text_height=&#8221;fontheight-179065&#8243; uncode_shortcode_id=&#8221;114102&#8243;]Autori\u0173 teis\u0117s[\/vc_custom_heading][vc_column_text text_lead=&#8221;yes&#8221; uncode_shortcode_id=&#8221;203677&#8243; css=&#8221;.vc_custom_1651230108309{margin-top: 20px !important;}&#8221;]<\/p>\n<p style=\"text-align: justify;\">K\u016brini\u0173 naudotojams autori\u0173 teis\u0117s u\u017etikrina teisin\u012f tikrum\u0105, nustato teisingas autori\u0173 teisi\u0173 rinkos taisykles, suteikia galimyb\u0119 naudoti kokybi\u0161k\u0105 turin\u012f. Autori\u0173 teis\u0117s \u2013 tai teis\u0117s \u012f autoriaus sukurt\u0105 k\u016brin\u012f. \u0160ios teis\u0117s skirstomos \u012f:<\/p>\n<p>[\/vc_column_text][vc_row_inner][vc_column_inner column_width_percent=&#8221;100&#8243; gutter_size=&#8221;3&#8243; overlay_alpha=&#8221;50&#8243; border_color=&#8221;accent&#8221; border_style=&#8221;solid&#8221; shift_x=&#8221;0&#8243; shift_y=&#8221;0&#8243; shift_y_down=&#8221;0&#8243; z_index=&#8221;0&#8243; medium_width=&#8221;0&#8243; mobile_width=&#8221;0&#8243; css_animation=&#8221;bottom-t-top&#8221; animation_delay=&#8221;300&#8243; width=&#8221;1\/2&#8243; uncode_shortcode_id=&#8221;119896&#8243; css=&#8221;.vc_custom_1640820392342{border-top-width: 1px !important;border-right-width: 1px !important;border-bottom-width: 1px !important;border-left-width: 1px !important;padding-top: 20px !important;padding-right: 20px !important;padding-bottom: 20px !important;padding-left: 20px !important;}&#8221; border_color_type=&#8221;uncode-palette&#8221;][vc_custom_heading heading_semantic=&#8221;p&#8221; text_size=&#8221;h4&#8243; text_weight=&#8221;700&#8243; uncode_shortcode_id=&#8221;129897&#8243;]Turtines teises[\/vc_custom_heading][vc_column_text uncode_shortcode_id=&#8221;142744&#8243; css=&#8221;.vc_custom_1651230116171{margin-top: 20px !important;}&#8221;]<\/p>\n<p style=\"text-align: justify;\">Suteikia autoriui teis\u0119 kontroliuoti (t. y. leisti arba u\u017edrausti) bet kok\u012f savo k\u016brinio panaudojim\u0105 (atgaminim\u0105, i\u0161leidim\u0105, vertim\u0105, adaptavim\u0105, platinim\u0105, vie\u0161\u0105 rodym\u0105, vie\u0161\u0105 atlikim\u0105, vie\u0161\u0105 paskelbim\u0105 ir t. t.) ir u\u017etikrina galimyb\u0119 gauti autoriaus atlyginim\u0105 u\u017e kiekvien\u0105 k\u016brinio naudojimo b\u016bd\u0105. Tai ekonominio pob\u016bd\u017eio teis\u0117s, kurias savo nuo\u017ei\u016bra autorius gali perduoti ar suteikti kitiems asmenims. \u0160ios teis\u0117s gali b\u016bti paveldimos.<\/p>\n<p>[\/vc_column_text][\/vc_column_inner][vc_column_inner column_width_percent=&#8221;100&#8243; gutter_size=&#8221;3&#8243; expand_height=&#8221;yes&#8221; overlay_alpha=&#8221;50&#8243; border_color=&#8221;accent&#8221; border_style=&#8221;solid&#8221; shift_x=&#8221;0&#8243; shift_y=&#8221;0&#8243; shift_y_down=&#8221;0&#8243; z_index=&#8221;0&#8243; medium_width=&#8221;0&#8243; mobile_width=&#8221;0&#8243; css_animation=&#8221;bottom-t-top&#8221; animation_delay=&#8221;200&#8243; width=&#8221;1\/2&#8243; uncode_shortcode_id=&#8221;717488&#8243; css=&#8221;.vc_custom_1642580146850{border-top-width: 1px !important;border-right-width: 1px !important;border-bottom-width: 1px !important;border-left-width: 1px !important;padding-top: 20px !important;padding-right: 20px !important;padding-bottom: 20px !important;padding-left: 20px !important;}&#8221; border_color_type=&#8221;uncode-palette&#8221;][vc_custom_heading heading_semantic=&#8221;p&#8221; text_size=&#8221;h4&#8243; text_weight=&#8221;700&#8243; uncode_shortcode_id=&#8221;201086&#8243;]Asmenines neturtines teises[\/vc_custom_heading][vc_column_text uncode_shortcode_id=&#8221;497322&#8243; css=&#8221;.vc_custom_1651230121898{margin-top: 20px !important;}&#8221;]<\/p>\n<p style=\"text-align: justify;\">Neekonominio pob\u016bd\u017eio, jos pripa\u017e\u012fstamos tik pa\u010diam autoriui, t. y. n\u0117ra perduodamos ar paveldimos. \u0160ios teis\u0117s neatsiejamai susijusios su pa\u010dia autoriaus asmenybe, t. y. jo vardu, garbe ir reputacija. Tai autoryst\u0117s teis\u0117, teis\u0117 \u012f autoriaus vard\u0105, teis\u0117 \u012f k\u016brinio nelie\u010diamyb\u0119.<\/p>\n<p>[\/vc_column_text][\/vc_column_inner][\/vc_row_inner][\/vc_column][\/vc_row]<\/p>\n","protected":false},"excerpt":{"rendered":"<p>[vc_row unlock_row_content=&#8221;yes&#8221; row_height_percent=&#8221;0&#8243; back_image=&#8221;104068&#8243; overlay_alpha=&#8221;50&#8243; gutter_size=&#8221;3&#8243; column_width_percent=&#8221;100&#8243; shift_y=&#8221;0&#8243; z_index=&#8221;0&#8243; uncode_shortcode_id=&#8221;151403&#8243; row_height_pixel=&#8221;350&#8243; back_size=&#8221;cover&#8221; overlay_color_type=&#8221;uncode-solid&#8221; overlay_color_solid=&#8221;#112911&#8243;][vc_column column_width_percent=&#8221;100&#8243; position_vertical=&#8221;middle&#8221; align_horizontal=&#8221;align_center&#8221; gutter_size=&#8221;3&#8243; style=&#8221;dark&#8221; overlay_alpha=&#8221;50&#8243; [&hellip;]<\/p>\n","protected":false},"author":1,"featured_media":0,"parent":0,"menu_order":0,"comment_status":"closed","ping_status":"closed","template":"","meta":{"footnotes":""},"class_list":["post-104435","page","type-page","status-publish","hentry","page_category-autoriu-ir-gretutines-teises"],"_links":{"self":[{"href":"https:\/\/ainisdev.eu\/intelektine\/wp-json\/wp\/v2\/pages\/104435","targetHints":{"allow":["GET"]}}],"collection":[{"href":"https:\/\/ainisdev.eu\/intelektine\/wp-json\/wp\/v2\/pages"}],"about":[{"href":"https:\/\/ainisdev.eu\/intelektine\/wp-json\/wp\/v2\/types\/page"}],"author":[{"embeddable":true,"href":"https:\/\/ainisdev.eu\/intelektine\/wp-json\/wp\/v2\/users\/1"}],"replies":[{"embeddable":true,"href":"https:\/\/ainisdev.eu\/intelektine\/wp-json\/wp\/v2\/comments?post=104435"}],"version-history":[{"count":1,"href":"https:\/\/ainisdev.eu\/intelektine\/wp-json\/wp\/v2\/pages\/104435\/revisions"}],"predecessor-version":[{"id":105740,"href":"https:\/\/ainisdev.eu\/intelektine\/wp-json\/wp\/v2\/pages\/104435\/revisions\/105740"}],"wp:attachment":[{"href":"https:\/\/ainisdev.eu\/intelektine\/wp-json\/wp\/v2\/media?parent=104435"}],"curies":[{"name":"wp","href":"https:\/\/api.w.org\/{rel}","templated":true}]}}