{"id":104430,"date":"2022-01-18T23:49:57","date_gmt":"2022-01-18T21:49:57","guid":{"rendered":"https:\/\/ainisdev.eu\/intelektine\/?page_id=104430"},"modified":"2023-03-09T22:19:34","modified_gmt":"2023-03-09T20:19:34","slug":"in-ir-svietimas","status":"publish","type":"page","link":"https:\/\/ainisdev.eu\/intelektine\/in-ir-svietimas\/","title":{"rendered":"IN ir \u0161vietimas"},"content":{"rendered":"<p>[vc_row unlock_row_content=&#8221;yes&#8221; row_height_percent=&#8221;0&#8243; back_image=&#8221;104068&#8243; overlay_alpha=&#8221;50&#8243; gutter_size=&#8221;3&#8243; column_width_percent=&#8221;100&#8243; shift_y=&#8221;0&#8243; z_index=&#8221;0&#8243; uncode_shortcode_id=&#8221;151403&#8243; row_height_pixel=&#8221;350&#8243; back_size=&#8221;cover&#8221; overlay_color_type=&#8221;uncode-solid&#8221; overlay_color_solid=&#8221;#112911&#8243;][vc_column column_width_percent=&#8221;100&#8243; position_vertical=&#8221;middle&#8221; align_horizontal=&#8221;align_center&#8221; gutter_size=&#8221;3&#8243; style=&#8221;dark&#8221; overlay_alpha=&#8221;50&#8243; shift_x=&#8221;0&#8243; shift_y=&#8221;0&#8243; shift_y_down=&#8221;0&#8243; z_index=&#8221;0&#8243; medium_width=&#8221;0&#8243; mobile_width=&#8221;0&#8243; width=&#8221;1\/1&#8243; uncode_shortcode_id=&#8221;128755&#8243;][vc_custom_heading heading_semantic=&#8221;p&#8221; text_size=&#8221;fontsize-338686&#8243; text_weight=&#8221;700&#8243; text_height=&#8221;fontheight-179065&#8243; uncode_shortcode_id=&#8221;743897&#8243;]INTELEKTIN\u0116 NUOSAVYB\u0116 IR \u0160VIETIMAS[\/vc_custom_heading][\/vc_column][\/vc_row][vc_row row_height_percent=&#8221;0&#8243; override_padding=&#8221;yes&#8221; h_padding=&#8221;2&#8243; top_padding=&#8221;2&#8243; bottom_padding=&#8221;3&#8243; overlay_alpha=&#8221;50&#8243; gutter_size=&#8221;2&#8243; column_width_percent=&#8221;100&#8243; shift_y=&#8221;0&#8243; z_index=&#8221;0&#8243; uncode_shortcode_id=&#8221;812994&#8243; css=&#8221;.vc_custom_1642541535300{padding-top: 30px !important;}&#8221;][vc_column column_width_percent=&#8221;100&#8243; gutter_size=&#8221;3&#8243; overlay_alpha=&#8221;50&#8243; border_color=&#8221;accent&#8221; border_style=&#8221;solid&#8221; shift_x=&#8221;0&#8243; shift_y=&#8221;0&#8243; shift_y_down=&#8221;0&#8243; z_index=&#8221;0&#8243; medium_width=&#8221;0&#8243; mobile_width=&#8221;0&#8243; width=&#8221;1\/1&#8243; uncode_shortcode_id=&#8221;208491&#8243; border_color_type=&#8221;uncode-palette&#8221;][vc_custom_heading heading_semantic=&#8221;p&#8221; text_size=&#8221;fontsize-160000&#8243; uncode_shortcode_id=&#8221;396633&#8243;]Intelektin\u0117 nuosavyb\u0117 ir \u0161vietimas[\/vc_custom_heading][vc_row_inner][vc_column_inner column_width_percent=&#8221;100&#8243; gutter_size=&#8221;3&#8243; overlay_alpha=&#8221;50&#8243; border_color=&#8221;accent&#8221; border_style=&#8221;solid&#8221; shift_x=&#8221;0&#8243; shift_y=&#8221;0&#8243; shift_y_down=&#8221;0&#8243; z_index=&#8221;0&#8243; medium_width=&#8221;0&#8243; mobile_width=&#8221;0&#8243; css_animation=&#8221;left-t-right&#8221; animation_delay=&#8221;100&#8243; width=&#8221;1\/1&#8243; uncode_shortcode_id=&#8221;967016&#8243; css=&#8221;.vc_custom_1643337756208{border-top-width: 1px !important;border-right-width: 1px !important;border-bottom-width: 1px !important;border-left-width: 1px !important;padding-top: 20px !important;padding-right: 20px !important;padding-bottom: 20px !important;padding-left: 20px !important;}&#8221; border_color_type=&#8221;uncode-palette&#8221;][vc_column_text text_lead=&#8221;yes&#8221; uncode_shortcode_id=&#8221;119831&#8243; css=&#8221;.vc_custom_1651229643621{margin-top: 20px !important;}&#8221;]<\/p>\n<p style=\"text-align: justify;\">Intelektin\u0117s nuosavyb\u0117s k\u016br\u0117ju ir savininku gali b\u016bti kiekvienas \u017emogus, nepriklausomai nuo jo am\u017eiaus, i\u0161silavinimo, socialinio ir ekonominio statuso. Kiekvienas i\u0161 m\u016bs\u0173 yra kasdieninis intelektin\u0117s nuosavyb\u0117s naudotojas, tad svarbu gerbti intelektin\u0119 nuosavyb\u0119, vertinti jos kuriam\u0105 ekonomin\u0119 ir socialin\u0119 naud\u0105.<\/p>\n<p style=\"text-align: justify;\">Temas, leid\u017eian\u010dias susipa\u017einti su intelektine nuosavybe, skatinama \u012ftraukti \u012f bendrojo ugdymo programas. \u0160i\u0105 srit\u012f Lietuvoje koordinuoja Nacionalin\u0117 \u0161vietimo agent\u016bra (<a href=\"https:\/\/www.nsa.smm.lt\/\" target=\"_blank\" rel=\"noopener\">https:\/\/www.nsa.smm.lt\/<\/a>). Daugiau informacijos, kaip bendrojo ugdymo mokyklose informacija apie intelektin\u0119 nuosavyb\u0119 gali b\u016bti \u012ftraukta \u012f mokymosi proces\u0105, rasite <a href=\"https:\/\/sodas.ugdome.lt\/metodine-medziaga\" target=\"_blank\" rel=\"noopener\">https:\/\/sodas.ugdome.lt\/metodine-medziaga<\/a> (ie\u0161koti detaliojoje paie\u0161koje pagal \u017eod\u012f \u201eintelektin\u0117\u201c).<\/p>\n<p>[\/vc_column_text][\/vc_column_inner][\/vc_row_inner][\/vc_column][\/vc_row][vc_row row_height_percent=&#8221;0&#8243; override_padding=&#8221;yes&#8221; h_padding=&#8221;2&#8243; top_padding=&#8221;2&#8243; bottom_padding=&#8221;3&#8243; back_color=&#8221;accent&#8221; overlay_alpha=&#8221;50&#8243; gutter_size=&#8221;2&#8243; column_width_percent=&#8221;100&#8243; shift_y=&#8221;0&#8243; z_index=&#8221;0&#8243; uncode_shortcode_id=&#8221;180422&#8243; css=&#8221;.vc_custom_1643337854476{padding-top: 30px !important;}&#8221; back_color_type=&#8221;uncode-palette&#8221;][vc_column column_width_percent=&#8221;100&#8243; position_vertical=&#8221;middle&#8221; gutter_size=&#8221;3&#8243; overlay_alpha=&#8221;50&#8243; shift_x=&#8221;0&#8243; shift_y=&#8221;0&#8243; shift_y_down=&#8221;0&#8243; z_index=&#8221;0&#8243; medium_width=&#8221;0&#8243; mobile_width=&#8221;0&#8243; width=&#8221;1\/1&#8243; uncode_shortcode_id=&#8221;178692&#8243;][vc_row_inner row_inner_height_percent=&#8221;0&#8243; overlay_alpha=&#8221;50&#8243; gutter_size=&#8221;3&#8243; shift_y=&#8221;0&#8243; z_index=&#8221;0&#8243; uncode_shortcode_id=&#8221;147714&#8243;][vc_column_inner column_width_percent=&#8221;100&#8243; position_vertical=&#8221;middle&#8221; gutter_size=&#8221;3&#8243; style=&#8221;dark&#8221; overlay_alpha=&#8221;50&#8243; shift_x=&#8221;0&#8243; shift_y=&#8221;0&#8243; shift_y_down=&#8221;0&#8243; z_index=&#8221;0&#8243; medium_width=&#8221;0&#8243; mobile_width=&#8221;0&#8243; width=&#8221;1\/1&#8243; uncode_shortcode_id=&#8221;255693&#8243;][vc_custom_heading heading_semantic=&#8221;p&#8221; text_size=&#8221;fontsize-160000&#8243; text_weight=&#8221;700&#8243; text_height=&#8221;fontheight-179065&#8243; uncode_shortcode_id=&#8221;132677&#8243;]Naudingos nuorodos[\/vc_custom_heading][vc_column_text text_lead=&#8221;yes&#8221; uncode_shortcode_id=&#8221;390464&#8243; css=&#8221;.vc_custom_1651229652625{margin-top: 20px !important;margin-bottom: -10px !important;}&#8221;]<\/p>\n<p style=\"text-align: justify;\">Daugyb\u0119 \u012fvairi\u0173 mokymo program\u0173 apie intelektin\u0119 nuosavyb\u0119 si\u016blo:<\/p>\n<p>[\/vc_column_text][\/vc_column_inner][\/vc_row_inner][vc_row_inner row_inner_height_percent=&#8221;0&#8243; overlay_alpha=&#8221;50&#8243; gutter_size=&#8221;2&#8243; shift_y=&#8221;0&#8243; z_index=&#8221;0&#8243; uncode_shortcode_id=&#8221;120654&#8243; el_class=&#8221;mygtuko-dydis&#8221;][vc_column_inner column_width_percent=&#8221;100&#8243; gutter_size=&#8221;3&#8243; overlay_alpha=&#8221;50&#8243; border_color=&#8221;color-xsdn&#8221; border_style=&#8221;solid&#8221; shift_x=&#8221;0&#8243; shift_y=&#8221;0&#8243; shift_y_down=&#8221;0&#8243; z_index=&#8221;0&#8243; medium_width=&#8221;0&#8243; mobile_width=&#8221;0&#8243; width=&#8221;1\/1&#8243; uncode_shortcode_id=&#8221;789914&#8243; css=&#8221;.vc_custom_1642542235196{border-top-width: 1px !important;border-right-width: 1px !important;border-bottom-width: 1px !important;border-left-width: 1px !important;padding-top: 20px !important;padding-right: 20px !important;padding-bottom: 20px !important;padding-left: 20px !important;}&#8221; border_color_type=&#8221;uncode-palette&#8221;][vc_button button_color=&#8221;color-xsdn&#8221; size=&#8221;link&#8221; btn_link_size=&#8221;h6&#8243; icon_position=&#8221;right&#8221; link=&#8221;url:https%3A%2F%2Fwww.wipo.int%2Facademy%2Fen%2F|target:_blank&#8221; button_color_type=&#8221;uncode-palette&#8221; uncode_shortcode_id=&#8221;792261&#8243; icon=&#8221;fa fa-arrow-right-thick&#8221;]Pasaulio intelektin\u0117s nuosavyb\u0117s organizacija[\/vc_button][vc_button button_color=&#8221;color-xsdn&#8221; size=&#8221;link&#8221; btn_link_size=&#8221;h6&#8243; icon_position=&#8221;right&#8221; link=&#8221;url:https%3A%2F%2Feuipo.europa.eu%2Fknowledge%2F|target:_blank&#8221; button_color_type=&#8221;uncode-palette&#8221; uncode_shortcode_id=&#8221;180964&#8243; icon=&#8221;fa fa-arrow-right-thick&#8221;]Europos S\u0105jungos intelektin\u0117s nuosavyb\u0117s tarnyba[\/vc_button][vc_button button_color=&#8221;color-xsdn&#8221; size=&#8221;link&#8221; btn_link_size=&#8221;h6&#8243; icon_position=&#8221;right&#8221; link=&#8221;url:https%3A%2F%2Fwww.epo.org%2Fabout-us%2Fservices-and-activities%2Facademy.html|target:_blank&#8221; button_color_type=&#8221;uncode-palette&#8221; uncode_shortcode_id=&#8221;989022&#8243; icon=&#8221;fa fa-arrow-right-thick&#8221;]Europos patent\u0173 tarnyba[\/vc_button][\/vc_column_inner][\/vc_row_inner][\/vc_column][\/vc_row]<\/p>\n","protected":false},"excerpt":{"rendered":"<p>[vc_row unlock_row_content=&#8221;yes&#8221; row_height_percent=&#8221;0&#8243; back_image=&#8221;104068&#8243; overlay_alpha=&#8221;50&#8243; gutter_size=&#8221;3&#8243; column_width_percent=&#8221;100&#8243; shift_y=&#8221;0&#8243; z_index=&#8221;0&#8243; uncode_shortcode_id=&#8221;151403&#8243; row_height_pixel=&#8221;350&#8243; back_size=&#8221;cover&#8221; overlay_color_type=&#8221;uncode-solid&#8221; overlay_color_solid=&#8221;#112911&#8243;][vc_column column_width_percent=&#8221;100&#8243; position_vertical=&#8221;middle&#8221; align_horizontal=&#8221;align_center&#8221; gutter_size=&#8221;3&#8243; style=&#8221;dark&#8221; overlay_alpha=&#8221;50&#8243; [&hellip;]<\/p>\n","protected":false},"author":1,"featured_media":0,"parent":0,"menu_order":0,"comment_status":"closed","ping_status":"closed","template":"","meta":{"footnotes":""},"class_list":["post-104430","page","type-page","status-publish","hentry","page_category-pagrindinis"],"_links":{"self":[{"href":"https:\/\/ainisdev.eu\/intelektine\/wp-json\/wp\/v2\/pages\/104430","targetHints":{"allow":["GET"]}}],"collection":[{"href":"https:\/\/ainisdev.eu\/intelektine\/wp-json\/wp\/v2\/pages"}],"about":[{"href":"https:\/\/ainisdev.eu\/intelektine\/wp-json\/wp\/v2\/types\/page"}],"author":[{"embeddable":true,"href":"https:\/\/ainisdev.eu\/intelektine\/wp-json\/wp\/v2\/users\/1"}],"replies":[{"embeddable":true,"href":"https:\/\/ainisdev.eu\/intelektine\/wp-json\/wp\/v2\/comments?post=104430"}],"version-history":[{"count":1,"href":"https:\/\/ainisdev.eu\/intelektine\/wp-json\/wp\/v2\/pages\/104430\/revisions"}],"predecessor-version":[{"id":105747,"href":"https:\/\/ainisdev.eu\/intelektine\/wp-json\/wp\/v2\/pages\/104430\/revisions\/105747"}],"wp:attachment":[{"href":"https:\/\/ainisdev.eu\/intelektine\/wp-json\/wp\/v2\/media?parent=104430"}],"curies":[{"name":"wp","href":"https:\/\/api.w.org\/{rel}","templated":true}]}}