{"id":104419,"date":"2022-01-18T23:03:05","date_gmt":"2022-01-18T21:03:05","guid":{"rendered":"https:\/\/ainisdev.eu\/intelektine\/?page_id=104419"},"modified":"2023-03-09T22:21:06","modified_gmt":"2023-03-09T20:21:06","slug":"in-ir-mokslas","status":"publish","type":"page","link":"https:\/\/ainisdev.eu\/intelektine\/in-ir-mokslas\/","title":{"rendered":"IN ir mokslas"},"content":{"rendered":"<p>[vc_row unlock_row_content=&#8221;yes&#8221; row_height_percent=&#8221;0&#8243; back_image=&#8221;104068&#8243; overlay_alpha=&#8221;50&#8243; gutter_size=&#8221;3&#8243; column_width_percent=&#8221;100&#8243; shift_y=&#8221;0&#8243; z_index=&#8221;0&#8243; uncode_shortcode_id=&#8221;151403&#8243; row_height_pixel=&#8221;350&#8243; back_size=&#8221;cover&#8221; overlay_color_type=&#8221;uncode-solid&#8221; overlay_color_solid=&#8221;#112911&#8243;][vc_column column_width_percent=&#8221;100&#8243; position_vertical=&#8221;middle&#8221; align_horizontal=&#8221;align_center&#8221; gutter_size=&#8221;3&#8243; style=&#8221;dark&#8221; overlay_alpha=&#8221;50&#8243; shift_x=&#8221;0&#8243; shift_y=&#8221;0&#8243; shift_y_down=&#8221;0&#8243; z_index=&#8221;0&#8243; medium_width=&#8221;0&#8243; mobile_width=&#8221;0&#8243; width=&#8221;1\/1&#8243; uncode_shortcode_id=&#8221;128755&#8243;][vc_custom_heading heading_semantic=&#8221;p&#8221; text_size=&#8221;fontsize-338686&#8243; text_weight=&#8221;700&#8243; text_height=&#8221;fontheight-179065&#8243; uncode_shortcode_id=&#8221;899961&#8243;]INTELEKTIN\u0116 NUOSAVYB\u0116 IR MOKSLAS[\/vc_custom_heading][\/vc_column][\/vc_row][vc_row row_height_percent=&#8221;0&#8243; override_padding=&#8221;yes&#8221; h_padding=&#8221;2&#8243; top_padding=&#8221;2&#8243; bottom_padding=&#8221;3&#8243; overlay_alpha=&#8221;50&#8243; gutter_size=&#8221;2&#8243; column_width_percent=&#8221;100&#8243; shift_y=&#8221;0&#8243; z_index=&#8221;0&#8243; uncode_shortcode_id=&#8221;812994&#8243; css=&#8221;.vc_custom_1642541535300{padding-top: 30px !important;}&#8221;][vc_column column_width_percent=&#8221;100&#8243; position_vertical=&#8221;middle&#8221; gutter_size=&#8221;3&#8243; overlay_alpha=&#8221;50&#8243; shift_x=&#8221;0&#8243; shift_y=&#8221;0&#8243; shift_y_down=&#8221;0&#8243; z_index=&#8221;0&#8243; medium_width=&#8221;0&#8243; mobile_width=&#8221;0&#8243; width=&#8221;1\/1&#8243; uncode_shortcode_id=&#8221;111369&#8243;][vc_custom_heading heading_semantic=&#8221;p&#8221; text_size=&#8221;fontsize-160000&#8243; text_weight=&#8221;700&#8243; uncode_shortcode_id=&#8221;140897&#8243;]Intelektin\u0117 nuosavyb\u0117 ir mokslas[\/vc_custom_heading][vc_row_inner][vc_column_inner column_width_percent=&#8221;100&#8243; gutter_size=&#8221;3&#8243; overlay_alpha=&#8221;50&#8243; border_color=&#8221;accent&#8221; border_style=&#8221;solid&#8221; shift_x=&#8221;0&#8243; shift_y=&#8221;0&#8243; shift_y_down=&#8221;0&#8243; z_index=&#8221;0&#8243; medium_width=&#8221;0&#8243; mobile_width=&#8221;0&#8243; css_animation=&#8221;left-t-right&#8221; animation_delay=&#8221;100&#8243; width=&#8221;1\/1&#8243; uncode_shortcode_id=&#8221;158223&#8243; css=&#8221;.vc_custom_1643335585564{border-top-width: 1px !important;border-right-width: 1px !important;border-bottom-width: 1px !important;border-left-width: 1px !important;padding-top: 20px !important;padding-right: 20px !important;padding-bottom: 20px !important;padding-left: 20px !important;}&#8221; border_color_type=&#8221;uncode-palette&#8221;][vc_column_text text_lead=&#8221;yes&#8221; uncode_shortcode_id=&#8221;207994&#8243;]<\/p>\n<p style=\"text-align: justify;\">Daug intelektin\u0117s nuosavyb\u0117s objekt\u0173 sukuriama mokslo ir studij\u0173 institucijose vykdant \u012fvairius mokslinius tyrimus. Tod\u0117l svarbu mokslo ir studij\u0173 institucijoms (auk\u0161tosioms mokykloms, mokslini\u0173 tyrim\u0173 institutams) tinkamai apsaugoti savo sukuriam\u0105 intelektin\u0119 nuosavyb\u0119 ir j\u0105 komercializuoti.<\/p>\n<p>[\/vc_column_text][vc_column_text text_lead=&#8221;yes&#8221; uncode_shortcode_id=&#8221;150161&#8243; css=&#8221;.vc_custom_1651229472876{margin-top: 20px !important;}&#8221;]<\/p>\n<p style=\"text-align: justify;\">Kad b\u016bt\u0173 galima efektyviai paskirstyti mokslo ir verslo veiklos kryptis bei i\u0161teklius, b\u016btina u\u017etikrinti mokslo ir verslo bendradarbiavim\u0105.<\/p>\n<p>[\/vc_column_text][vc_column_text text_lead=&#8221;yes&#8221; uncode_shortcode_id=&#8221;124281&#8243; css=&#8221;.vc_custom_1651229478695{margin-top: 20px !important;}&#8221;]<\/p>\n<p style=\"text-align: justify;\">Lietuvos universitetai, siekdami skatinti mokslo ir verslo bendradarbiavim\u0105 bei \u017eini\u0173 dalijim\u0105si, \u012fsteig\u0117 technologij\u0173 perdavimo centr\u0173 tinkl\u0105 (<a href=\"https:\/\/www.tto.lt\/\" target=\"_blank\" rel=\"noopener\">https:\/\/www.tto.lt\/<\/a>).<\/p>\n<p>[\/vc_column_text][\/vc_column_inner][\/vc_row_inner][\/vc_column][\/vc_row][vc_row row_height_percent=&#8221;0&#8243; override_padding=&#8221;yes&#8221; h_padding=&#8221;2&#8243; top_padding=&#8221;2&#8243; bottom_padding=&#8221;3&#8243; back_color=&#8221;accent&#8221; overlay_alpha=&#8221;50&#8243; gutter_size=&#8221;2&#8243; column_width_percent=&#8221;100&#8243; shift_y=&#8221;0&#8243; z_index=&#8221;0&#8243; uncode_shortcode_id=&#8221;325649&#8243; back_color_type=&#8221;uncode-palette&#8221;][vc_column column_width_percent=&#8221;100&#8243; position_vertical=&#8221;middle&#8221; gutter_size=&#8221;3&#8243; overlay_alpha=&#8221;50&#8243; border_color=&#8221;accent&#8221; border_style=&#8221;solid&#8221; shift_x=&#8221;0&#8243; shift_y=&#8221;0&#8243; shift_y_down=&#8221;0&#8243; z_index=&#8221;0&#8243; medium_width=&#8221;0&#8243; mobile_width=&#8221;0&#8243; width=&#8221;1\/1&#8243; uncode_shortcode_id=&#8221;132706&#8243; css=&#8221;.vc_custom_1642541720729{border-top-width: 1px !important;border-right-width: 1px !important;border-bottom-width: 1px !important;border-left-width: 1px !important;padding-top: 10px !important;padding-right: 10px !important;padding-bottom: 10px !important;padding-left: 10px !important;}&#8221; border_color_type=&#8221;uncode-palette&#8221;][vc_row_inner][vc_column_inner column_width_percent=&#8221;100&#8243; position_vertical=&#8221;middle&#8221; gutter_size=&#8221;3&#8243; style=&#8221;dark&#8221; overlay_alpha=&#8221;50&#8243; shift_x=&#8221;0&#8243; shift_y=&#8221;0&#8243; shift_y_down=&#8221;0&#8243; z_index=&#8221;0&#8243; medium_width=&#8221;0&#8243; mobile_width=&#8221;0&#8243; width=&#8221;1\/1&#8243; uncode_shortcode_id=&#8221;185453&#8243;][vc_custom_heading heading_semantic=&#8221;p&#8221; text_size=&#8221;fontsize-160000&#8243; text_weight=&#8221;700&#8243; uncode_shortcode_id=&#8221;123772&#8243;]Naudingos nuorodos[\/vc_custom_heading][vc_column_text text_lead=&#8221;yes&#8221; uncode_shortcode_id=&#8221;183407&#8243; css=&#8221;.vc_custom_1651229486900{margin-top: 0px !important;margin-bottom: -10px !important;}&#8221;]<\/p>\n<p style=\"text-align: justify;\">Daugiau informacijos apie mokslo ir verslo bendradarbiavim\u0105, jo svarb\u0105 ir naud\u0105:<\/p>\n<p>[\/vc_column_text][\/vc_column_inner][\/vc_row_inner][vc_row_inner row_inner_height_percent=&#8221;0&#8243; overlay_alpha=&#8221;50&#8243; gutter_size=&#8221;2&#8243; shift_y=&#8221;0&#8243; z_index=&#8221;0&#8243; uncode_shortcode_id=&#8221;176169&#8243; el_class=&#8221;mygtuko-dydis-kaip-list&#8221;][vc_column_inner column_width_percent=&#8221;100&#8243; gutter_size=&#8221;3&#8243; overlay_alpha=&#8221;50&#8243; border_color=&#8221;color-xsdn&#8221; border_style=&#8221;solid&#8221; shift_x=&#8221;0&#8243; shift_y=&#8221;0&#8243; shift_y_down=&#8221;0&#8243; z_index=&#8221;0&#8243; medium_width=&#8221;0&#8243; mobile_width=&#8221;0&#8243; css_animation=&#8221;left-t-right&#8221; animation_delay=&#8221;200&#8243; width=&#8221;1\/2&#8243; uncode_shortcode_id=&#8221;105664&#8243; css=&#8221;.vc_custom_1643335708035{border-top-width: 1px !important;border-right-width: 1px !important;border-bottom-width: 1px !important;border-left-width: 1px !important;padding-top: 20px !important;padding-right: 20px !important;padding-bottom: 20px !important;padding-left: 20px !important;}&#8221; border_color_type=&#8221;uncode-palette&#8221;][vc_button button_color=&#8221;color-xsdn&#8221; size=&#8221;link&#8221; btn_link_size=&#8221;h6&#8243; icon_position=&#8221;right&#8221; link=&#8221;url:%20https%3A%2F%2Fsmsm.lrv.lt%2Flt%2Fveiklos-sritys-1%2Fmokslas%2Fmokslo-ir-verslo-bendradarbiavimas|target:_blank&#8221; button_color_type=&#8221;uncode-palette&#8221; uncode_shortcode_id=&#8221;317712&#8243; icon=&#8221;fa fa-arrow-right-thick&#8221;]Mokslo ir verslo bendradarbiavimas[\/vc_button][vc_button button_color=&#8221;color-xsdn&#8221; size=&#8221;link&#8221; btn_link_size=&#8221;h6&#8243; icon_position=&#8221;right&#8221; link=&#8221;url:https%3A%2F%2Fwww.smm.lt%2Fweb%2Flt%2Fmokslas%2Fmokslo_ir_verslo_bendradarbiavimas%2Fintelektines_nuosavybes_apsauga|target:_blank&#8221; button_color_type=&#8221;uncode-palette&#8221; uncode_shortcode_id=&#8221;192125&#8243; icon=&#8221;fa fa-arrow-right-thick&#8221;]Intelektin\u0117s nuosavyb\u0117s apsauga[\/vc_button][\/vc_column_inner][vc_column_inner column_width_percent=&#8221;100&#8243; gutter_size=&#8221;3&#8243; overlay_alpha=&#8221;50&#8243; border_color=&#8221;color-xsdn&#8221; border_style=&#8221;solid&#8221; shift_x=&#8221;0&#8243; shift_y=&#8221;0&#8243; shift_y_down=&#8221;0&#8243; z_index=&#8221;0&#8243; medium_width=&#8221;0&#8243; mobile_width=&#8221;0&#8243; css_animation=&#8221;left-t-right&#8221; animation_delay=&#8221;100&#8243; width=&#8221;1\/2&#8243; uncode_shortcode_id=&#8221;440177&#8243; css=&#8221;.vc_custom_1643335698963{border-top-width: 1px !important;border-right-width: 1px !important;border-bottom-width: 1px !important;border-left-width: 1px !important;padding-top: 20px !important;padding-right: 20px !important;padding-bottom: 20px !important;padding-left: 20px !important;}&#8221; border_color_type=&#8221;uncode-palette&#8221;][vc_button button_color=&#8221;color-xsdn&#8221; size=&#8221;link&#8221; btn_link_size=&#8221;h6&#8243; icon_position=&#8221;right&#8221; link=&#8221;url:https%3A%2F%2Fwww.wipo.int%2Fabout-ip%2Fen%2Funiversities_research%2F|target:_blank&#8221; button_color_type=&#8221;uncode-palette&#8221; uncode_shortcode_id=&#8221;888018&#8243; icon=&#8221;fa fa-arrow-right-thick&#8221;]Universitetai ir intelektin\u0117 nuosavyb\u0117[\/vc_button][vc_button button_color=&#8221;color-xsdn&#8221; size=&#8221;link&#8221; btn_link_size=&#8221;h6&#8243; icon_position=&#8221;right&#8221; link=&#8221;url:https%3A%2F%2Fwww.epo.org%2Flearning%2Fresources%2Funiversities.html|target:_blank&#8221; button_color_type=&#8221;uncode-palette&#8221; uncode_shortcode_id=&#8221;323266&#8243; icon=&#8221;fa fa-arrow-right-thick&#8221;]Universitetai, tyrim\u0173 centrai ir TTO tinklai[\/vc_button][\/vc_column_inner][\/vc_row_inner][\/vc_column][\/vc_row]<\/p>\n","protected":false},"excerpt":{"rendered":"<p>[vc_row unlock_row_content=&#8221;yes&#8221; row_height_percent=&#8221;0&#8243; back_image=&#8221;104068&#8243; overlay_alpha=&#8221;50&#8243; gutter_size=&#8221;3&#8243; column_width_percent=&#8221;100&#8243; shift_y=&#8221;0&#8243; z_index=&#8221;0&#8243; uncode_shortcode_id=&#8221;151403&#8243; row_height_pixel=&#8221;350&#8243; back_size=&#8221;cover&#8221; overlay_color_type=&#8221;uncode-solid&#8221; overlay_color_solid=&#8221;#112911&#8243;][vc_column column_width_percent=&#8221;100&#8243; position_vertical=&#8221;middle&#8221; align_horizontal=&#8221;align_center&#8221; gutter_size=&#8221;3&#8243; style=&#8221;dark&#8221; overlay_alpha=&#8221;50&#8243; [&hellip;]<\/p>\n","protected":false},"author":1,"featured_media":0,"parent":0,"menu_order":0,"comment_status":"closed","ping_status":"closed","template":"","meta":{"footnotes":""},"class_list":["post-104419","page","type-page","status-publish","hentry","page_category-pagrindinis"],"_links":{"self":[{"href":"https:\/\/ainisdev.eu\/intelektine\/wp-json\/wp\/v2\/pages\/104419","targetHints":{"allow":["GET"]}}],"collection":[{"href":"https:\/\/ainisdev.eu\/intelektine\/wp-json\/wp\/v2\/pages"}],"about":[{"href":"https:\/\/ainisdev.eu\/intelektine\/wp-json\/wp\/v2\/types\/page"}],"author":[{"embeddable":true,"href":"https:\/\/ainisdev.eu\/intelektine\/wp-json\/wp\/v2\/users\/1"}],"replies":[{"embeddable":true,"href":"https:\/\/ainisdev.eu\/intelektine\/wp-json\/wp\/v2\/comments?post=104419"}],"version-history":[{"count":1,"href":"https:\/\/ainisdev.eu\/intelektine\/wp-json\/wp\/v2\/pages\/104419\/revisions"}],"predecessor-version":[{"id":105746,"href":"https:\/\/ainisdev.eu\/intelektine\/wp-json\/wp\/v2\/pages\/104419\/revisions\/105746"}],"wp:attachment":[{"href":"https:\/\/ainisdev.eu\/intelektine\/wp-json\/wp\/v2\/media?parent=104419"}],"curies":[{"name":"wp","href":"https:\/\/api.w.org\/{rel}","templated":true}]}}