{"id":104411,"date":"2022-01-18T21:53:01","date_gmt":"2022-01-18T19:53:01","guid":{"rendered":"https:\/\/ainisdev.eu\/intelektine\/?page_id=104411"},"modified":"2023-09-18T14:32:58","modified_gmt":"2023-09-18T11:32:58","slug":"kaip-apsaugoti-intelekines-nuosavybes-teises-uzsienyje","status":"publish","type":"page","link":"https:\/\/ainisdev.eu\/intelektine\/kaip-apsaugoti-intelekines-nuosavybes-teises-uzsienyje\/","title":{"rendered":"Kaip apsaugoti intelekin\u0117s nuosavyb\u0117s teises u\u017esienyje?"},"content":{"rendered":"<p>[vc_row unlock_row_content=&#8221;yes&#8221; row_height_percent=&#8221;0&#8243; back_image=&#8221;104068&#8243; overlay_alpha=&#8221;50&#8243; gutter_size=&#8221;3&#8243; column_width_percent=&#8221;100&#8243; shift_y=&#8221;0&#8243; z_index=&#8221;0&#8243; uncode_shortcode_id=&#8221;151403&#8243; row_height_pixel=&#8221;350&#8243; back_size=&#8221;cover&#8221; overlay_color_type=&#8221;uncode-solid&#8221; overlay_color_solid=&#8221;#112911&#8243;][vc_column column_width_percent=&#8221;100&#8243; position_vertical=&#8221;middle&#8221; align_horizontal=&#8221;align_center&#8221; gutter_size=&#8221;3&#8243; style=&#8221;dark&#8221; overlay_alpha=&#8221;50&#8243; shift_x=&#8221;0&#8243; shift_y=&#8221;0&#8243; shift_y_down=&#8221;0&#8243; z_index=&#8221;0&#8243; medium_width=&#8221;0&#8243; mobile_width=&#8221;0&#8243; width=&#8221;1\/1&#8243; uncode_shortcode_id=&#8221;128755&#8243;][vc_custom_heading heading_semantic=&#8221;p&#8221; text_size=&#8221;fontsize-338686&#8243; text_weight=&#8221;700&#8243; text_transform=&#8221;uppercase&#8221; text_height=&#8221;fontheight-179065&#8243; uncode_shortcode_id=&#8221;689870&#8243;]Kaip apsaugoti intelektin\u0117s nuosavyb\u0117s teises u\u017esienyje?[\/vc_custom_heading][\/vc_column][\/vc_row][vc_row row_height_percent=&#8221;0&#8243; override_padding=&#8221;yes&#8221; h_padding=&#8221;2&#8243; top_padding=&#8221;2&#8243; bottom_padding=&#8221;3&#8243; overlay_alpha=&#8221;50&#8243; gutter_size=&#8221;3&#8243; column_width_percent=&#8221;100&#8243; shift_y=&#8221;0&#8243; z_index=&#8221;0&#8243; uncode_shortcode_id=&#8221;207285&#8243; css=&#8221;.vc_custom_1650960161810{padding-top: 30px !important;}&#8221;][vc_column column_width_percent=&#8221;100&#8243; gutter_size=&#8221;3&#8243; overlay_alpha=&#8221;50&#8243; shift_x=&#8221;0&#8243; shift_y=&#8221;0&#8243; shift_y_down=&#8221;0&#8243; z_index=&#8221;0&#8243; medium_width=&#8221;0&#8243; mobile_width=&#8221;0&#8243; width=&#8221;1\/1&#8243; uncode_shortcode_id=&#8221;265282&#8243;][vc_custom_heading heading_semantic=&#8221;p&#8221; text_size=&#8221;fontsize-160000&#8243; text_weight=&#8221;700&#8243; text_height=&#8221;fontheight-179065&#8243; uncode_shortcode_id=&#8221;210134&#8243;]Kod\u0117l svarbu apsaugoti intelektin\u0119 nuosavyb\u0119 u\u017esienyje, kokiu atveju reik\u0117t\u0173 svarstyti apie intelektin\u0117s nuosavyb\u0117s apsaug\u0105 u\u017esienyje?[\/vc_custom_heading][vc_row_inner row_inner_height_percent=&#8221;0&#8243; overlay_alpha=&#8221;50&#8243; gutter_size=&#8221;3&#8243; shift_y=&#8221;0&#8243; z_index=&#8221;0&#8243; uncode_shortcode_id=&#8221;750420&#8243; el_class=&#8221;mygtuko-dydis-kaip-list-didesnis&#8221;][vc_column_inner column_width_percent=&#8221;100&#8243; gutter_size=&#8221;3&#8243; overlay_alpha=&#8221;50&#8243; border_color=&#8221;accent&#8221; border_style=&#8221;solid&#8221; shift_x=&#8221;0&#8243; shift_y=&#8221;0&#8243; shift_y_down=&#8221;0&#8243; z_index=&#8221;0&#8243; medium_width=&#8221;0&#8243; mobile_width=&#8221;0&#8243; css_animation=&#8221;left-t-right&#8221; animation_delay=&#8221;100&#8243; width=&#8221;1\/1&#8243; uncode_shortcode_id=&#8221;902924&#8243; css=&#8221;.vc_custom_1643332902883{border-top-width: 1px !important;border-right-width: 1px !important;border-bottom-width: 1px !important;border-left-width: 1px !important;padding-top: 20px !important;padding-right: 20px !important;padding-bottom: 20px !important;padding-left: 20px !important;}&#8221; border_color_type=&#8221;uncode-palette&#8221;][vc_column_text text_lead=&#8221;yes&#8221; uncode_shortcode_id=&#8221;126029&#8243; css=&#8221;.vc_custom_1651229225356{margin-bottom: -10px !important;}&#8221;]<\/p>\n<p style=\"text-align: justify;\">Intelektin\u0117s nuosavyb\u0117s teis\u0117s yra teritorinio galiojimo, t. y. jos saugomos ir ginamos toje teritorijoje, kurioje papra\u0161yta teisin\u0117s apsaugos. Tod\u0117l labai svarbu, prie\u0161 pradedant veikl\u0105 kitose valstyb\u0117se, apsaugoti savo teises t\u0173 valstybi\u0173 teritorijoje, jas \u012fregistruojant, jeigu objektai yra registruojami, taip pat reik\u0117t\u0173 susipa\u017einti su t\u0173 valstybi\u0173 intelektin\u0117s nuosavyb\u0117s apsaug\u0105 reglamentuojan\u010diais teis\u0117s aktais, susirasti atstov\u0105, kuris i\u0161manyt\u0173 intelektin\u0117s nuosavyb\u0117s apsaugos klausimus ir tur\u0117t\u0173 teis\u0119 atstovauti valstyb\u0117s pramonin\u0117s nuosavyb\u0117s apsaugos tarnyboje.<\/p>\n<p>[\/vc_column_text][vc_button button_color=&#8221;accent&#8221; size=&#8221;link&#8221; icon_position=&#8221;right&#8221; link=&#8221;url:https%3A%2F%2Fwww.wipo.int%2Fmembers%2Fen%2F|target:_blank&#8221; button_color_type=&#8221;uncode-palette&#8221; uncode_shortcode_id=&#8221;207255&#8243; icon=&#8221;fa fa-arrow-right-thick&#8221;]Informacij\u0105 apie kiekvienoje valstyb\u0117je veikian\u010di\u0105 intelektin\u0117s nuosavyb\u0117s sistem\u0105 galima rasti Pasaulio intelektin\u0117s nuosavyb\u0117s organizacijos (PINO) tinklalapyje pasirinkus dominan\u010di\u0105 valstyb\u0119[\/vc_button][\/vc_column_inner][\/vc_row_inner][\/vc_column][\/vc_row][vc_row row_height_percent=&#8221;0&#8243; override_padding=&#8221;yes&#8221; h_padding=&#8221;2&#8243; top_padding=&#8221;4&#8243; bottom_padding=&#8221;3&#8243; back_color=&#8221;accent&#8221; overlay_alpha=&#8221;50&#8243; gutter_size=&#8221;3&#8243; column_width_percent=&#8221;100&#8243; shift_y=&#8221;0&#8243; z_index=&#8221;0&#8243; uncode_shortcode_id=&#8221;148589&#8243; back_color_type=&#8221;uncode-palette&#8221;][vc_column column_width_percent=&#8221;100&#8243; gutter_size=&#8221;3&#8243; style=&#8221;dark&#8221; overlay_alpha=&#8221;50&#8243; shift_x=&#8221;0&#8243; shift_y=&#8221;0&#8243; shift_y_down=&#8221;0&#8243; z_index=&#8221;0&#8243; medium_width=&#8221;0&#8243; mobile_width=&#8221;0&#8243; width=&#8221;1\/1&#8243; uncode_shortcode_id=&#8221;163998&#8243;][vc_row_inner][vc_column_inner column_width_percent=&#8221;100&#8243; position_vertical=&#8221;middle&#8221; gutter_size=&#8221;3&#8243; style=&#8221;dark&#8221; overlay_alpha=&#8221;50&#8243; shift_x=&#8221;0&#8243; shift_y=&#8221;0&#8243; shift_y_down=&#8221;0&#8243; z_index=&#8221;0&#8243; medium_width=&#8221;0&#8243; mobile_width=&#8221;0&#8243; width=&#8221;1\/1&#8243; uncode_shortcode_id=&#8221;185453&#8243;][vc_custom_heading heading_semantic=&#8221;h3&#8243; text_size=&#8221;fontsize-155944&#8243; uncode_shortcode_id=&#8221;187259&#8243;]Kur kreiptis siekiant apsaugoti intelektin\u0119 nuosavyb\u0119 u\u017esienyje?[\/vc_custom_heading][\/vc_column_inner][\/vc_row_inner][vc_row_inner row_inner_height_percent=&#8221;0&#8243; overlay_alpha=&#8221;50&#8243; gutter_size=&#8221;3&#8243; shift_y=&#8221;0&#8243; z_index=&#8221;0&#8243; uncode_shortcode_id=&#8221;131947&#8243; el_class=&#8221;mygtuko-dydis-kaip-list-desne&#8221;][vc_column_inner column_width_percent=&#8221;100&#8243; align_horizontal=&#8221;align_center&#8221; gutter_size=&#8221;3&#8243; expand_height=&#8221;yes&#8221; style=&#8221;dark&#8221; overlay_alpha=&#8221;50&#8243; border_color=&#8221;color-781555&#8243; border_style=&#8221;solid&#8221; shift_x=&#8221;0&#8243; shift_y=&#8221;0&#8243; shift_y_down=&#8221;0&#8243; z_index=&#8221;0&#8243; medium_width=&#8221;0&#8243; mobile_width=&#8221;0&#8243; css_animation=&#8221;left-t-right&#8221; animation_delay=&#8221;400&#8243; width=&#8221;1\/2&#8243; uncode_shortcode_id=&#8221;166636&#8243; border_color_type=&#8221;uncode-palette&#8221; css=&#8221;.vc_custom_1650961243977{border-top-width: 1px !important;border-right-width: 1px !important;border-bottom-width: 1px !important;border-left-width: 1px !important;padding-top: 20px !important;padding-right: 20px !important;padding-bottom: 20px !important;padding-left: 20px !important;}&#8221;][vc_icon icon_image=&#8221;105332&#8243; icon_color=&#8221;accent&#8221; media_size=&#8221;100&#8243; text_size=&#8221;h4&#8243; text_lead=&#8221;yes&#8221; no_hover=&#8221;&#8221; uncode_shortcode_id=&#8221;156725&#8243; icon_color_type=&#8221;uncode-palette&#8221;][\/vc_icon][vc_column_text text_lead=&#8221;yes&#8221; uncode_shortcode_id=&#8221;577900&#8243;]<\/p>\n<p style=\"text-align: justify;\"><strong>Intelektin\u0117s nuosavyb\u0117s objektai<\/strong> \u2013 Lietuvos pilie\u010di\u0173 sukurti k\u016briniai yra saugomi visose valstyb\u0117se, kurios prisijungusios prie tarptautini\u0173 konvencij\u0173 pagal \u0161i\u0173 \u0161ali\u0173 nacionalinius \u012fstatymus. Daugyb\u0117 valstybi\u0173 yra prisijungusios prie Berno konvencijos. I\u0161samus valstybi\u0173, kurios prisijungusios prie \u012fvairi\u0173 konvencij\u0173, s\u0105ra\u0161as prieinamas Pasaulio intelektin\u0117s nuosavyb\u0117s organizacijos (PINO) <a href=\"https:\/\/www.wipo.int\/treaties\/en\/\" target=\"_blank\" rel=\"noopener\"><span style=\"color: #ffffff;\">tinklalapyje<\/span><\/a>.<\/p>\n<p>[\/vc_column_text][\/vc_column_inner][vc_column_inner column_width_percent=&#8221;100&#8243; align_horizontal=&#8221;align_center&#8221; gutter_size=&#8221;3&#8243; expand_height=&#8221;yes&#8221; style=&#8221;dark&#8221; overlay_alpha=&#8221;50&#8243; border_color=&#8221;color-781555&#8243; border_style=&#8221;solid&#8221; shift_x=&#8221;0&#8243; shift_y=&#8221;0&#8243; shift_y_down=&#8221;0&#8243; z_index=&#8221;0&#8243; medium_width=&#8221;0&#8243; mobile_width=&#8221;0&#8243; css_animation=&#8221;left-t-right&#8221; animation_delay=&#8221;300&#8243; width=&#8221;1\/2&#8243; uncode_shortcode_id=&#8221;161400&#8243; border_color_type=&#8221;uncode-palette&#8221; css=&#8221;.vc_custom_1650961300628{border-top-width: 1px !important;border-right-width: 1px !important;border-bottom-width: 1px !important;border-left-width: 1px !important;padding-top: 20px !important;padding-right: 20px !important;padding-bottom: 20px !important;padding-left: 20px !important;}&#8221;][vc_icon icon_image=&#8221;105333&#8243; icon_color=&#8221;accent&#8221; media_size=&#8221;100&#8243; text_size=&#8221;h4&#8243; text_lead=&#8221;yes&#8221; no_hover=&#8221;&#8221; uncode_shortcode_id=&#8221;350439&#8243; icon_color_type=&#8221;uncode-palette&#8221;][\/vc_icon][vc_column_text text_lead=&#8221;yes&#8221; uncode_shortcode_id=&#8221;872508&#8243; css=&#8221;.vc_custom_1651229239881{margin-bottom: -40px !important;}&#8221;]<\/p>\n<p style=\"text-align: justify;\"><strong>Pramonin\u0117s nuosavyb\u0117s objektai<\/strong> \u2013 \u0161i\u0173 objekt\u0173 apsauga susijusi su registracija. Kitose valstyb\u0117se galima apsaugoti 3 b\u016bdais \u2013 nacionaliniu, regioniniu ir tarptautiniu.<\/p>\n<p>[\/vc_column_text][vc_button button_color=&#8221;color-xsdn&#8221; size=&#8221;link&#8221; btn_link_size=&#8221;h6&#8243; icon_position=&#8221;right&#8221; link=&#8221;url:https%3A%2F%2Fvpb.lrv.lt%2Flt%2Fveiklos-sritys%2Fisradimu-patentai%2Fpatentavimas-uzsienyje|target:_blank&#8221; button_color_type=&#8221;uncode-palette&#8221; uncode_shortcode_id=&#8221;193915&#8243; icon=&#8221;fa fa-arrow-right-thick&#8221;]Daugiau apie i\u0161radim\u0173 apsaug\u0105 u\u017esienyje galima rasti \u010dia[\/vc_button][vc_button button_color=&#8221;color-xsdn&#8221; size=&#8221;link&#8221; btn_link_size=&#8221;h6&#8243; icon_position=&#8221;right&#8221; link=&#8221;url:https%3A%2F%2Fvpb.lrv.lt%2Flt%2Fveiklos-sritys%2Fdizainas%2Fdizaino-apsauga-uzsienyje|target:_blank&#8221; button_color_type=&#8221;uncode-palette&#8221; uncode_shortcode_id=&#8221;186850&#8243; icon=&#8221;fa fa-arrow-right-thick&#8221;]Daugiau apie dizaino apsaug\u0105 u\u017esienyje galima rasti \u010dia[\/vc_button][vc_button button_color=&#8221;color-xsdn&#8221; size=&#8221;link&#8221; btn_link_size=&#8221;h6&#8243; icon_position=&#8221;right&#8221; link=&#8221;url:https%3A%2F%2Fvpb.lrv.lt%2Flt%2Fveiklos-sritys%2Fprekiu-zenklai%2Fprekiu-zenklo-apsauga-uzsienyje&#8221; button_color_type=&#8221;uncode-palette&#8221; uncode_shortcode_id=&#8221;206776&#8243; icon=&#8221;fa fa-arrow-right-thick&#8221;]Daugiau apie preki\u0173 \u017eenkl\u0173 apsaug\u0105 u\u017esienyje galima rasti \u010dia[\/vc_button][\/vc_column_inner][\/vc_row_inner][\/vc_column][\/vc_row][vc_row row_height_percent=&#8221;0&#8243; override_padding=&#8221;yes&#8221; h_padding=&#8221;2&#8243; top_padding=&#8221;4&#8243; bottom_padding=&#8221;3&#8243; overlay_alpha=&#8221;50&#8243; gutter_size=&#8221;3&#8243; column_width_percent=&#8221;100&#8243; shift_y=&#8221;0&#8243; z_index=&#8221;0&#8243; uncode_shortcode_id=&#8221;144464&#8243;][vc_column column_width_percent=&#8221;100&#8243; gutter_size=&#8221;3&#8243; style=&#8221;dark&#8221; overlay_alpha=&#8221;50&#8243; shift_x=&#8221;0&#8243; shift_y=&#8221;0&#8243; shift_y_down=&#8221;0&#8243; z_index=&#8221;0&#8243; medium_width=&#8221;0&#8243; mobile_width=&#8221;0&#8243; width=&#8221;1\/1&#8243; uncode_shortcode_id=&#8221;163998&#8243;][vc_row_inner][vc_column_inner column_width_percent=&#8221;100&#8243; position_vertical=&#8221;middle&#8221; gutter_size=&#8221;3&#8243; overlay_alpha=&#8221;50&#8243; shift_x=&#8221;0&#8243; shift_y=&#8221;0&#8243; shift_y_down=&#8221;0&#8243; z_index=&#8221;0&#8243; medium_width=&#8221;0&#8243; mobile_width=&#8221;0&#8243; width=&#8221;1\/1&#8243; uncode_shortcode_id=&#8221;109934&#8243;][vc_custom_heading heading_semantic=&#8221;h3&#8243; text_size=&#8221;fontsize-155944&#8243; uncode_shortcode_id=&#8221;191853&#8243;]Kur kreiptis siekiant apginti u\u017esienyje pa\u017eeistas intelektin\u0117s nuosavyb\u0117s teises?[\/vc_custom_heading][vc_column_text text_lead=&#8221;yes&#8221; uncode_shortcode_id=&#8221;185415&#8243; css=&#8221;.vc_custom_1651229246948{margin-top: 20px !important;margin-bottom: -10px !important;}&#8221;]<\/p>\n<p style=\"text-align: justify;\">Jeigu intelektin\u0117s nuosavyb\u0117s teis\u0117s pa\u017eeid\u017eiamos u\u017esienyje, teis\u0117ms ginti taikomi pa\u017eeidimo vietos \u012fstatymai. Tod\u0117l susid\u016brus su intelektin\u0117s nuosavyb\u0117s pa\u017eeidimu patartina d\u0117l teisin\u0117s konsultacijos kreiptis \u012f toje valstyb\u0117je veikian\u010dius teisininkus, patentinius patik\u0117tinius, atsakingas institucijas. Informacij\u0105, kaip veikia atitinkamos valstyb\u0117s intelektin\u0117s nuosavyb\u0117s sistema, gali suteikti:<\/p>\n<p>[\/vc_column_text][\/vc_column_inner][\/vc_row_inner][vc_row_inner row_inner_height_percent=&#8221;0&#8243; overlay_alpha=&#8221;50&#8243; gutter_size=&#8221;3&#8243; shift_y=&#8221;0&#8243; z_index=&#8221;0&#8243; uncode_shortcode_id=&#8221;117024&#8243; el_class=&#8221;mygtuko-dydis&#8221;][vc_column_inner column_width_percent=&#8221;100&#8243; gutter_size=&#8221;3&#8243; expand_height=&#8221;yes&#8221; overlay_alpha=&#8221;50&#8243; border_color=&#8221;accent&#8221; border_style=&#8221;solid&#8221; shift_x=&#8221;0&#8243; shift_y=&#8221;0&#8243; shift_y_down=&#8221;0&#8243; z_index=&#8221;0&#8243; medium_width=&#8221;0&#8243; mobile_width=&#8221;0&#8243; css_animation=&#8221;left-t-right&#8221; animation_delay=&#8221;400&#8243; width=&#8221;1\/1&#8243; uncode_shortcode_id=&#8221;247442&#8243; border_color_type=&#8221;uncode-palette&#8221; css=&#8221;.vc_custom_1642761008904{border-top-width: 1px !important;border-right-width: 1px !important;border-bottom-width: 1px !important;border-left-width: 1px !important;padding-top: 20px !important;padding-right: 20px !important;padding-bottom: 20px !important;padding-left: 20px !important;}&#8221;][uncode_list icon=&#8221;fa fa-dot-circle-o&#8221; icon_color=&#8221;accent&#8221; uncode_shortcode_id=&#8221;204758&#8243; icon_color_type=&#8221;uncode-palette&#8221;]<\/p>\n<ul style=\"text-align: justify;\">\n<li><strong><a href=\"https:\/\/intellectual-property-helpdesk.ec.europa.eu\/index_en\" target=\"_blank\" rel=\"noopener\">Europos S\u0105jungos intelektin\u0117s nuosavyb\u0117s pagalbos centras (\u201eIP helpdesk\u201c)<\/a><\/strong><\/li>\n<li><strong><a href=\"https:\/\/euipo.europa.eu\/ohimportal\/en\/web\/observatory\/protecting-ip-in-third-countries\" target=\"_blank\" rel=\"noopener\">Europos S\u0105jungos intelektin\u0117s nuosavyb\u0117s tarnyba \u012fgyvendina projektus tre\u010diosiose \u0161alyse ir skelbia informacij\u0105 apie intelektin\u0117s nuosavyb\u0117s apsaug\u0105 kai kuriose u\u017esienio valstyb\u0117se, regionuose<\/a><\/strong><\/li>\n<li><strong><a href=\"https:\/\/ipkey.eu\/en\" target=\"_blank\" rel=\"noopener\">ESINT projektas \u201eIPkey\u201c<\/a><\/strong><\/li>\n<li><strong><a href=\"https:\/\/urm.lt\/default\/lt\/embasycontacts\" target=\"_blank\" rel=\"noopener\">Lietuvos atstovyb\u0117s ir ambasados u\u017esienyje<\/a><\/strong><\/li>\n<li><strong><a href=\"https:\/\/eimin.lrv.lt\/solvit\" target=\"_blank\" rel=\"noopener\">Lietuvos Respublikos ekonomikos ir inovacij\u0173 ministerijos verslui ir pilie\u010diams skirta nemokama veiksminga priemon\u0117 problemoms, kylan\u010dioms kitose ES \u0161alyse, spr\u0119sti<\/a><\/strong><\/li>\n<li><strong><a href=\"https:\/\/eimin.lrv.lt\/lt\/struktura-ir-kontaktai\/atase\" target=\"_blank\" rel=\"noopener\">Lietuvos ekonomikos, komercijos ata\u0161\u0117<\/a><\/strong><\/li>\n<li><strong><a href=\"https:\/\/www.patentiniaipatiketiniai.lt\/nariai\/\" target=\"_blank\" rel=\"noopener\">Lietuvos Respublikos patentiniai patik\u0117tiniai<\/a><\/strong><\/li>\n<\/ul>\n<p>[\/uncode_list][\/vc_column_inner][\/vc_row_inner][\/vc_column][\/vc_row]<\/p>\n","protected":false},"excerpt":{"rendered":"<p>[vc_row unlock_row_content=&#8221;yes&#8221; row_height_percent=&#8221;0&#8243; back_image=&#8221;104068&#8243; overlay_alpha=&#8221;50&#8243; gutter_size=&#8221;3&#8243; column_width_percent=&#8221;100&#8243; shift_y=&#8221;0&#8243; z_index=&#8221;0&#8243; uncode_shortcode_id=&#8221;151403&#8243; row_height_pixel=&#8221;350&#8243; back_size=&#8221;cover&#8221; overlay_color_type=&#8221;uncode-solid&#8221; overlay_color_solid=&#8221;#112911&#8243;][vc_column column_width_percent=&#8221;100&#8243; position_vertical=&#8221;middle&#8221; align_horizontal=&#8221;align_center&#8221; gutter_size=&#8221;3&#8243; style=&#8221;dark&#8221; overlay_alpha=&#8221;50&#8243; [&hellip;]<\/p>\n","protected":false},"author":1,"featured_media":0,"parent":0,"menu_order":0,"comment_status":"closed","ping_status":"closed","template":"","meta":{"footnotes":""},"class_list":["post-104411","page","type-page","status-publish","hentry","page_category-pagrindinis"],"_links":{"self":[{"href":"https:\/\/ainisdev.eu\/intelektine\/wp-json\/wp\/v2\/pages\/104411","targetHints":{"allow":["GET"]}}],"collection":[{"href":"https:\/\/ainisdev.eu\/intelektine\/wp-json\/wp\/v2\/pages"}],"about":[{"href":"https:\/\/ainisdev.eu\/intelektine\/wp-json\/wp\/v2\/types\/page"}],"author":[{"embeddable":true,"href":"https:\/\/ainisdev.eu\/intelektine\/wp-json\/wp\/v2\/users\/1"}],"replies":[{"embeddable":true,"href":"https:\/\/ainisdev.eu\/intelektine\/wp-json\/wp\/v2\/comments?post=104411"}],"version-history":[{"count":1,"href":"https:\/\/ainisdev.eu\/intelektine\/wp-json\/wp\/v2\/pages\/104411\/revisions"}],"predecessor-version":[{"id":105752,"href":"https:\/\/ainisdev.eu\/intelektine\/wp-json\/wp\/v2\/pages\/104411\/revisions\/105752"}],"wp:attachment":[{"href":"https:\/\/ainisdev.eu\/intelektine\/wp-json\/wp\/v2\/media?parent=104411"}],"curies":[{"name":"wp","href":"https:\/\/api.w.org\/{rel}","templated":true}]}}