{"id":104396,"date":"2022-01-18T16:19:12","date_gmt":"2022-01-18T14:19:12","guid":{"rendered":"https:\/\/ainisdev.eu\/intelektine\/?page_id=104396"},"modified":"2023-03-13T10:52:30","modified_gmt":"2023-03-13T08:52:30","slug":"topografijos","status":"publish","type":"page","link":"https:\/\/ainisdev.eu\/intelektine\/kiti-in-objektai\/topografijos\/","title":{"rendered":"Topografijos"},"content":{"rendered":"<p>[vc_row unlock_row_content=&#8221;yes&#8221; row_height_percent=&#8221;0&#8243; back_image=&#8221;104068&#8243; overlay_alpha=&#8221;50&#8243; gutter_size=&#8221;3&#8243; column_width_percent=&#8221;100&#8243; shift_y=&#8221;0&#8243; z_index=&#8221;0&#8243; uncode_shortcode_id=&#8221;151403&#8243; row_height_pixel=&#8221;350&#8243; back_size=&#8221;cover&#8221; overlay_color_type=&#8221;uncode-solid&#8221; overlay_color_solid=&#8221;#112911&#8243;][vc_column column_width_percent=&#8221;100&#8243; position_vertical=&#8221;middle&#8221; align_horizontal=&#8221;align_center&#8221; gutter_size=&#8221;3&#8243; style=&#8221;dark&#8221; overlay_alpha=&#8221;50&#8243; shift_x=&#8221;0&#8243; shift_y=&#8221;0&#8243; shift_y_down=&#8221;0&#8243; z_index=&#8221;0&#8243; medium_width=&#8221;0&#8243; mobile_width=&#8221;0&#8243; width=&#8221;1\/1&#8243; uncode_shortcode_id=&#8221;128755&#8243;][vc_custom_heading heading_semantic=&#8221;p&#8221; text_size=&#8221;fontsize-338686&#8243; text_weight=&#8221;700&#8243; text_transform=&#8221;uppercase&#8221; text_height=&#8221;fontheight-179065&#8243; uncode_shortcode_id=&#8221;936686&#8243;]Topografijos[\/vc_custom_heading][\/vc_column][\/vc_row][vc_row row_height_percent=&#8221;0&#8243; back_color=&#8221;color-781555&#8243; overlay_alpha=&#8221;50&#8243; gutter_size=&#8221;3&#8243; column_width_percent=&#8221;100&#8243; shift_y=&#8221;0&#8243; z_index=&#8221;0&#8243; uncode_shortcode_id=&#8221;100908&#8243; back_color_type=&#8221;uncode-palette&#8221; css=&#8221;.vc_custom_1640814305994{padding-top: 30px !important;}&#8221;][vc_column width=&#8221;1\/1&#8243;][vc_custom_heading heading_semantic=&#8221;p&#8221; text_size=&#8221;fontsize-160000&#8243; text_weight=&#8221;700&#8243; text_height=&#8221;fontheight-179065&#8243; uncode_shortcode_id=&#8221;114029&#8243;]Kas yra puslaidininkini\u0173 gamini\u0173 topografijos?[\/vc_custom_heading][\/vc_column][\/vc_row][vc_row row_height_percent=&#8221;0&#8243; override_padding=&#8221;yes&#8221; h_padding=&#8221;2&#8243; top_padding=&#8221;0&#8243; bottom_padding=&#8221;3&#8243; back_color=&#8221;color-781555&#8243; overlay_alpha=&#8221;50&#8243; gutter_size=&#8221;2&#8243; column_width_percent=&#8221;100&#8243; shift_y=&#8221;0&#8243; z_index=&#8221;0&#8243; uncode_shortcode_id=&#8221;195442&#8243; back_color_type=&#8221;uncode-palette&#8221; css=&#8221;.vc_custom_1643326889666{padding-right: 0px !important;padding-left: 0px !important;}&#8221; el_class=&#8221;isradimai-slider&#8221;][vc_column column_width_percent=&#8221;100&#8243; gutter_size=&#8221;3&#8243; expand_height=&#8221;yes&#8221; back_color=&#8221;color-xsdn&#8221; overlay_alpha=&#8221;50&#8243; shift_x=&#8221;0&#8243; shift_y=&#8221;0&#8243; shift_y_down=&#8221;0&#8243; z_index=&#8221;0&#8243; medium_width=&#8221;0&#8243; mobile_width=&#8221;0&#8243; css_animation=&#8221;left-t-right&#8221; animation_delay=&#8221;200&#8243; radius=&#8221;sm&#8221; shadow=&#8221;xs&#8221; width=&#8221;1\/2&#8243; uncode_shortcode_id=&#8221;205728&#8243; css=&#8221;.vc_custom_1642716411618{padding-top: 20px !important;padding-right: 20px !important;padding-bottom: 20px !important;padding-left: 20px !important;}&#8221; back_color_type=&#8221;uncode-palette&#8221;][vc_column_text uncode_shortcode_id=&#8221;167413&#8243;]<\/p>\n<p style=\"text-align: justify;\">Puslaidininkinio gaminio topografija \u2013 tarpusavyje susijusi\u0173 pie\u0161ini\u0173, perteikian\u010di\u0173 puslaidininkinio gaminio sluoksni\u0173 erdvin\u012f i\u0161d\u0117stym\u0105, visuma. Kiekvienas pie\u0161inys atitinka vis\u0105 ar dal\u012f sluoksnio vaizdo. Pie\u0161in\u012f gali sudaryti standartiniai \u017eym\u0117jimo simboliai, \u012fvair\u016bs sutartiniai \u017eenklai bei kiti grafiniai vaizdai.<\/p>\n<p>[\/vc_column_text][\/vc_column][vc_column column_width_percent=&#8221;100&#8243; gutter_size=&#8221;3&#8243; expand_height=&#8221;yes&#8221; back_color=&#8221;color-xsdn&#8221; overlay_alpha=&#8221;50&#8243; shift_x=&#8221;0&#8243; shift_y=&#8221;0&#8243; shift_y_down=&#8221;0&#8243; z_index=&#8221;0&#8243; medium_width=&#8221;0&#8243; mobile_width=&#8221;0&#8243; css_animation=&#8221;left-t-right&#8221; animation_delay=&#8221;100&#8243; radius=&#8221;sm&#8221; shadow=&#8221;xs&#8221; width=&#8221;1\/2&#8243; uncode_shortcode_id=&#8221;174077&#8243; back_color_type=&#8221;uncode-palette&#8221; css=&#8221;.vc_custom_1642716403675{padding-top: 20px !important;padding-right: 20px !important;padding-bottom: 20px !important;padding-left: 20px !important;}&#8221;][vc_column_text uncode_shortcode_id=&#8221;361943&#8243;]<\/p>\n<p style=\"text-align: justify;\">Puslaidininkinis gaminys \u2013 galutinis arba tarpinis gaminys, turintis vien\u0105 ar kelis puslaidininkin\u0117s ir vien\u0105 ar kelis laid\u017eios arba izoliuojan\u010dios med\u017eiagos sluoksnius, sudaran\u010dius tam tikr\u0105 erdvin\u012f darin\u012f. \u0160is gaminys atlieka elektroninio \u012ftaiso funkcij\u0105 arba elektroninio \u012ftaiso ir kitas funkcijas.<\/p>\n<p>[\/vc_column_text][\/vc_column][\/vc_row][vc_row row_height_percent=&#8221;0&#8243; override_padding=&#8221;yes&#8221; h_padding=&#8221;2&#8243; top_padding=&#8221;3&#8243; bottom_padding=&#8221;3&#8243; overlay_alpha=&#8221;50&#8243; gutter_size=&#8221;3&#8243; column_width_percent=&#8221;100&#8243; shift_y=&#8221;0&#8243; z_index=&#8221;0&#8243; uncode_shortcode_id=&#8221;982430&#8243;][vc_column column_width_percent=&#8221;100&#8243; gutter_size=&#8221;3&#8243; overlay_alpha=&#8221;50&#8243; shift_x=&#8221;0&#8243; shift_y=&#8221;0&#8243; shift_y_down=&#8221;0&#8243; z_index=&#8221;0&#8243; medium_width=&#8221;0&#8243; mobile_width=&#8221;0&#8243; width=&#8221;1\/1&#8243; uncode_shortcode_id=&#8221;129438&#8243;][vc_custom_heading heading_semantic=&#8221;p&#8221; text_size=&#8221;fontsize-160000&#8243; text_weight=&#8221;700&#8243; text_height=&#8221;fontheight-179065&#8243; uncode_shortcode_id=&#8221;139188&#8243;]Puslaidininkini\u0173 gamini\u0173 topografij\u0173 apsauga[\/vc_custom_heading][vc_row_inner row_inner_height_percent=&#8221;0&#8243; overlay_alpha=&#8221;50&#8243; gutter_size=&#8221;3&#8243; shift_y=&#8221;0&#8243; z_index=&#8221;0&#8243; uncode_shortcode_id=&#8221;107027&#8243; css=&#8221;.vc_custom_1640818447107{padding-top: 30px !important;}&#8221; el_class=&#8221;pakelimas-ikonos&#8221;][vc_column_inner column_width_percent=&#8221;100&#8243; align_horizontal=&#8221;align_center&#8221; gutter_size=&#8221;3&#8243; expand_height=&#8221;yes&#8221; back_color=&#8221;color-xsdn&#8221; overlay_alpha=&#8221;50&#8243; shift_x=&#8221;0&#8243; shift_y=&#8221;0&#8243; shift_y_down=&#8221;0&#8243; shift_y_down_fixed=&#8221;yes&#8221; z_index=&#8221;0&#8243; medium_width=&#8221;0&#8243; mobile_width=&#8221;0&#8243; css_animation=&#8221;bottom-t-top&#8221; animation_delay=&#8221;300&#8243; radius=&#8221;sm&#8221; shadow=&#8221;xs&#8221; width=&#8221;1\/3&#8243; uncode_shortcode_id=&#8221;206729&#8243; back_color_type=&#8221;uncode-palette&#8221; css=&#8221;.vc_custom_1642716652282{padding-top: 0px !important;padding-right: 20px !important;padding-bottom: 20px !important;padding-left: 20px !important;}&#8221;][vc_icon icon_image=&#8221;103728&#8243; icon_color=&#8221;accent&#8221; media_size=&#8221;100&#8243; text_size=&#8221;h4&#8243; no_hover=&#8221;&#8221; uncode_shortcode_id=&#8221;671000&#8243; icon_color_type=&#8221;uncode-palette&#8221;]<\/p>\n<p style=\"text-align: justify;\">Puslaidininkini\u0173 gamini\u0173 topografij\u0173 apsaug\u0105 reglamentuoja\u00a0<strong><a href=\"https:\/\/www.e-tar.lt\/portal\/lt\/legalAct\/TAR.AF66A99A0A20\/etjJqFIOcc\" target=\"_blank\" rel=\"noopener\">Lietuvos Respublikos puslaidininkini\u0173 gamini\u0173 topografij\u0173 teisin\u0117s apsaugos \u012fstatymas<\/a><\/strong>.<\/p>\n<p>[\/vc_icon][\/vc_column_inner][vc_column_inner column_width_percent=&#8221;100&#8243; align_horizontal=&#8221;align_center&#8221; gutter_size=&#8221;3&#8243; expand_height=&#8221;yes&#8221; back_color=&#8221;color-xsdn&#8221; overlay_alpha=&#8221;50&#8243; shift_x=&#8221;0&#8243; shift_y=&#8221;0&#8243; shift_y_down=&#8221;0&#8243; z_index=&#8221;0&#8243; medium_width=&#8221;0&#8243; mobile_width=&#8221;0&#8243; css_animation=&#8221;bottom-t-top&#8221; animation_delay=&#8221;200&#8243; radius=&#8221;sm&#8221; shadow=&#8221;xs&#8221; width=&#8221;1\/3&#8243; uncode_shortcode_id=&#8221;137442&#8243; back_color_type=&#8221;uncode-palette&#8221; css=&#8221;.vc_custom_1642716656276{padding-top: 0px !important;padding-right: 20px !important;padding-bottom: 20px !important;padding-left: 20px !important;}&#8221;][vc_icon icon_image=&#8221;104459&#8243; icon_color=&#8221;accent&#8221; media_size=&#8221;100&#8243; text_size=&#8221;h4&#8243; no_hover=&#8221;&#8221; uncode_shortcode_id=&#8221;100428&#8243; icon_color_type=&#8221;uncode-palette&#8221;]<\/p>\n<p style=\"text-align: justify;\">Teisin\u0117 apsauga taikoma tik tokiai topografijai, kuri yra originali, k\u016br\u0117jo intelektin\u0117s veiklos produktas ir n\u0117ra naudojama puslaidininkini\u0173 gamini\u0173 pramon\u0117je.<\/p>\n<p>[\/vc_icon][\/vc_column_inner][vc_column_inner column_width_percent=&#8221;100&#8243; align_horizontal=&#8221;align_center&#8221; gutter_size=&#8221;3&#8243; expand_height=&#8221;yes&#8221; back_color=&#8221;color-xsdn&#8221; overlay_alpha=&#8221;50&#8243; shift_x=&#8221;0&#8243; shift_y=&#8221;0&#8243; shift_y_down=&#8221;0&#8243; z_index=&#8221;0&#8243; medium_width=&#8221;0&#8243; mobile_width=&#8221;0&#8243; css_animation=&#8221;bottom-t-top&#8221; animation_delay=&#8221;100&#8243; radius=&#8221;sm&#8221; shadow=&#8221;xs&#8221; width=&#8221;1\/3&#8243; uncode_shortcode_id=&#8221;196207&#8243; back_color_type=&#8221;uncode-palette&#8221; css=&#8221;.vc_custom_1642716660410{padding-top: 0px !important;padding-right: 20px !important;padding-bottom: 20px !important;padding-left: 20px !important;}&#8221;][vc_icon icon_image=&#8221;104460&#8243; icon_color=&#8221;accent&#8221; media_size=&#8221;100&#8243; text_size=&#8221;h4&#8243; no_hover=&#8221;&#8221; uncode_shortcode_id=&#8221;157466&#8243; icon_color_type=&#8221;uncode-palette&#8221;]<\/p>\n<p style=\"text-align: justify;\">I\u0161imtin\u0117s teis\u0117s \u012f topografij\u0105 \u012fsigalioja nuo ankstesniosios i\u0161 \u0161i\u0173 dat\u0173: pirmojo komercinio topografijos panaudojimo pasaulyje arba parai\u0161kos registruoti topografij\u0105 pateikimo Valstybiniam patent\u0173 biurui.<\/p>\n<p>[\/vc_icon][\/vc_column_inner][\/vc_row_inner][vc_row_inner row_inner_height_percent=&#8221;0&#8243; overlay_alpha=&#8221;50&#8243; gutter_size=&#8221;3&#8243; shift_y=&#8221;0&#8243; z_index=&#8221;0&#8243; uncode_shortcode_id=&#8221;107027&#8243; css=&#8221;.vc_custom_1640818447107{padding-top: 30px !important;}&#8221; el_class=&#8221;pakelimas-ikonos&#8221;][vc_column_inner column_width_percent=&#8221;100&#8243; align_horizontal=&#8221;align_center&#8221; gutter_size=&#8221;3&#8243; expand_height=&#8221;yes&#8221; back_color=&#8221;color-xsdn&#8221; overlay_alpha=&#8221;50&#8243; shift_x=&#8221;0&#8243; shift_y=&#8221;0&#8243; shift_y_down=&#8221;0&#8243; shift_y_down_fixed=&#8221;yes&#8221; z_index=&#8221;0&#8243; medium_width=&#8221;0&#8243; mobile_width=&#8221;0&#8243; css_animation=&#8221;bottom-t-top&#8221; animation_delay=&#8221;300&#8243; radius=&#8221;sm&#8221; shadow=&#8221;xs&#8221; width=&#8221;1\/2&#8243; uncode_shortcode_id=&#8221;206729&#8243; back_color_type=&#8221;uncode-palette&#8221; css=&#8221;.vc_custom_1642716652282{padding-top: 0px !important;padding-right: 20px !important;padding-bottom: 20px !important;padding-left: 20px !important;}&#8221;][vc_icon icon_image=&#8221;104642&#8243; icon_color=&#8221;accent&#8221; media_size=&#8221;100&#8243; text_size=&#8221;h4&#8243; no_hover=&#8221;&#8221; uncode_shortcode_id=&#8221;138234&#8243; icon_color_type=&#8221;uncode-palette&#8221;]<\/p>\n<p style=\"text-align: justify;\">Lietuvoje puslaidininkini\u0173 gamini\u0173 topografijas galima registruoti pateikiant parai\u0161k\u0105 Valstybiniam patent\u0173 biurui. Lietuvoje n\u0117ra \u012fregistruota n\u0117 vienos topografijos, parai\u0161k\u0173 registruoti topografij\u0105 taip pat n\u0117ra.<\/p>\n<p>[\/vc_icon][\/vc_column_inner][vc_column_inner column_width_percent=&#8221;100&#8243; align_horizontal=&#8221;align_center&#8221; gutter_size=&#8221;3&#8243; expand_height=&#8221;yes&#8221; back_color=&#8221;color-xsdn&#8221; overlay_alpha=&#8221;50&#8243; shift_x=&#8221;0&#8243; shift_y=&#8221;0&#8243; shift_y_down=&#8221;0&#8243; z_index=&#8221;0&#8243; medium_width=&#8221;0&#8243; mobile_width=&#8221;0&#8243; css_animation=&#8221;bottom-t-top&#8221; animation_delay=&#8221;200&#8243; radius=&#8221;sm&#8221; shadow=&#8221;xs&#8221; width=&#8221;1\/2&#8243; uncode_shortcode_id=&#8221;137442&#8243; back_color_type=&#8221;uncode-palette&#8221; css=&#8221;.vc_custom_1642716656276{padding-top: 0px !important;padding-right: 20px !important;padding-bottom: 20px !important;padding-left: 20px !important;}&#8221;][vc_icon icon_image=&#8221;104643&#8243; icon_color=&#8221;accent&#8221; media_size=&#8221;100&#8243; text_size=&#8221;h4&#8243; no_hover=&#8221;&#8221; uncode_shortcode_id=&#8221;113679&#8243; icon_color_type=&#8221;uncode-palette&#8221;]<\/p>\n<p style=\"text-align: justify;\">Europos S\u0105jungoje ar tarptautiniu mastu vieninga topografij\u0173 registravimo sistema n\u0117ra nustatyta. ES ar kitose pasaulio valstyb\u0117se topografijos saugomos pagal nacionalinius \u012fstatymus.<\/p>\n<p>[\/vc_icon][\/vc_column_inner][\/vc_row_inner][\/vc_column][\/vc_row][vc_row row_height_percent=&#8221;0&#8243; override_padding=&#8221;yes&#8221; h_padding=&#8221;2&#8243; top_padding=&#8221;3&#8243; bottom_padding=&#8221;3&#8243; back_color=&#8221;color-781555&#8243; overlay_alpha=&#8221;50&#8243; gutter_size=&#8221;3&#8243; column_width_percent=&#8221;100&#8243; shift_y=&#8221;0&#8243; z_index=&#8221;0&#8243; uncode_shortcode_id=&#8221;719419&#8243; back_color_type=&#8221;uncode-palette&#8221;][vc_column width=&#8221;1\/1&#8243;][vc_custom_heading heading_semantic=&#8221;p&#8221; text_size=&#8221;fontsize-160000&#8243; text_weight=&#8221;700&#8243; text_height=&#8221;fontheight-179065&#8243; uncode_shortcode_id=&#8221;582558&#8243;]Puslaidininkini\u0173 gamini\u0173 topografij\u0173 savinink\u0173 teis\u0117s ir j\u0173 \u012fgyvendinimas[\/vc_custom_heading][vc_row_inner][vc_column_inner column_width_percent=&#8221;100&#8243; gutter_size=&#8221;3&#8243; expand_height=&#8221;yes&#8221; back_color=&#8221;color-xsdn&#8221; overlay_alpha=&#8221;50&#8243; border_color=&#8221;accent&#8221; border_style=&#8221;solid&#8221; shift_x=&#8221;0&#8243; shift_y=&#8221;0&#8243; shift_y_down=&#8221;0&#8243; z_index=&#8221;0&#8243; medium_width=&#8221;0&#8243; mobile_width=&#8221;0&#8243; css_animation=&#8221;bottom-t-top&#8221; animation_delay=&#8221;300&#8243; width=&#8221;1\/2&#8243; uncode_shortcode_id=&#8221;120943&#8243; css=&#8221;.vc_custom_1643327101675{border-top-width: 1px !important;border-right-width: 1px !important;border-bottom-width: 1px !important;border-left-width: 1px !important;padding-top: 20px !important;padding-right: 20px !important;padding-bottom: 20px !important;padding-left: 20px !important;}&#8221; border_color_type=&#8221;uncode-palette&#8221; back_color_type=&#8221;uncode-palette&#8221;][vc_column_text uncode_shortcode_id=&#8221;149895&#8243; css=&#8221;.vc_custom_1651227339579{margin-bottom: -10px !important;}&#8221;]<\/p>\n<p style=\"text-align: justify;\">Topografijos savininkas, \u012fgyvendindamas savo i\u0161imtines teises, turi teis\u0119 leisti arba drausti kitiems asmenims atlikti \u0161iuos veiksmus:<\/p>\n<p>[\/vc_column_text][uncode_list icon=&#8221;fa fa-dot-circle-o&#8221; icon_color=&#8221;accent&#8221; uncode_shortcode_id=&#8221;201656&#8243; icon_color_type=&#8221;uncode-palette&#8221;]<\/p>\n<ul style=\"text-align: justify;\">\n<li>atgaminti topografij\u0105 bet kokia forma ir bet kokiu b\u016bdu;<\/li>\n<li>naudoti topografij\u0105 ar puslaidininkin\u012f gamin\u012f, pagamint\u0105 naudojant \u0161i\u0105 topografij\u0105, komerciniais tikslais arba importuoti \u0161iais tikslais.<\/li>\n<\/ul>\n<p>[\/uncode_list][\/vc_column_inner][vc_column_inner column_width_percent=&#8221;100&#8243; gutter_size=&#8221;3&#8243; expand_height=&#8221;yes&#8221; back_color=&#8221;color-xsdn&#8221; overlay_alpha=&#8221;50&#8243; border_color=&#8221;accent&#8221; border_style=&#8221;solid&#8221; shift_x=&#8221;0&#8243; shift_y=&#8221;0&#8243; shift_y_down=&#8221;0&#8243; z_index=&#8221;0&#8243; medium_width=&#8221;0&#8243; mobile_width=&#8221;0&#8243; css_animation=&#8221;bottom-t-top&#8221; animation_delay=&#8221;200&#8243; width=&#8221;1\/2&#8243; uncode_shortcode_id=&#8221;135191&#8243; css=&#8221;.vc_custom_1643327109749{border-top-width: 1px !important;border-right-width: 1px !important;border-bottom-width: 1px !important;border-left-width: 1px !important;padding-top: 20px !important;padding-right: 20px !important;padding-bottom: 20px !important;padding-left: 20px !important;}&#8221; border_color_type=&#8221;uncode-palette&#8221; back_color_type=&#8221;uncode-palette&#8221;][vc_column_text uncode_shortcode_id=&#8221;639425&#8243;]<\/p>\n<p style=\"text-align: justify;\">I\u0161imtin\u0117s teis\u0117s \u012f topografij\u0105 galiojimo laikas baigiasi po 10 met\u0173 nuo ankstesniosios i\u0161 \u0161i\u0173 datos: kalendorini\u0173 met\u0173, kuriais topografija ar puslaidininkinis gaminys, pagamintas naudojant \u0161i\u0105 topografij\u0105, buvo pirm\u0105 kart\u0105 pasaulyje panaudotas komerciniais tikslais, pabaigos arba kalendorini\u0173 met\u0173, kuriais buvo pateikta parai\u0161ka Valstybiniam patent\u0173 biurui registruoti topografij\u0105, pabaigos.<\/p>\n<p>[\/vc_column_text][\/vc_column_inner][\/vc_row_inner][vc_row_inner][vc_column_inner column_width_percent=&#8221;100&#8243; gutter_size=&#8221;3&#8243; expand_height=&#8221;yes&#8221; back_color=&#8221;color-xsdn&#8221; overlay_alpha=&#8221;50&#8243; border_color=&#8221;accent&#8221; border_style=&#8221;solid&#8221; shift_x=&#8221;0&#8243; shift_y=&#8221;0&#8243; shift_y_down=&#8221;0&#8243; z_index=&#8221;0&#8243; medium_width=&#8221;0&#8243; mobile_width=&#8221;0&#8243; css_animation=&#8221;bottom-t-top&#8221; animation_delay=&#8221;300&#8243; width=&#8221;1\/2&#8243; uncode_shortcode_id=&#8221;210132&#8243; css=&#8221;.vc_custom_1643327125763{border-top-width: 1px !important;border-right-width: 1px !important;border-bottom-width: 1px !important;border-left-width: 1px !important;padding-top: 20px !important;padding-right: 20px !important;padding-bottom: 20px !important;padding-left: 20px !important;}&#8221; border_color_type=&#8221;uncode-palette&#8221; back_color_type=&#8221;uncode-palette&#8221;][vc_column_text uncode_shortcode_id=&#8221;126629&#8243;]<\/p>\n<p style=\"text-align: justify;\">I\u0161imtin\u0117s teis\u0117s n\u0117ra absoliu\u010dios. Topografijos savininkas negali kitiems asmenims drausti atgaminti topografijos asmeninio naudojimo reikm\u0117ms nekomerciniais tikslais, analiz\u0117s, \u012fvertinimo ar mokymo tikslais, kai kitas asmuo turi pirmalaikio naudojimo teis\u0119 ir kt.<\/p>\n<p>[\/vc_column_text][\/vc_column_inner][vc_column_inner column_width_percent=&#8221;100&#8243; gutter_size=&#8221;3&#8243; expand_height=&#8221;yes&#8221; back_color=&#8221;color-xsdn&#8221; overlay_alpha=&#8221;50&#8243; border_color=&#8221;accent&#8221; border_style=&#8221;solid&#8221; shift_x=&#8221;0&#8243; shift_y=&#8221;0&#8243; shift_y_down=&#8221;0&#8243; z_index=&#8221;0&#8243; medium_width=&#8221;0&#8243; mobile_width=&#8221;0&#8243; css_animation=&#8221;bottom-t-top&#8221; animation_delay=&#8221;200&#8243; width=&#8221;1\/2&#8243; uncode_shortcode_id=&#8221;551441&#8243; css=&#8221;.vc_custom_1643327133681{border-top-width: 1px !important;border-right-width: 1px !important;border-bottom-width: 1px !important;border-left-width: 1px !important;padding-top: 20px !important;padding-right: 20px !important;padding-bottom: 20px !important;padding-left: 20px !important;}&#8221; border_color_type=&#8221;uncode-palette&#8221; back_color_type=&#8221;uncode-palette&#8221;][vc_column_text uncode_shortcode_id=&#8221;567417&#8243;]<\/p>\n<p style=\"text-align: justify;\">Daugiau informacijos apie topografij\u0173 registravimo proced\u016br\u0105, mokes\u010dius, teis\u0117s aktus galite rasti <a href=\"https:\/\/vpb.lrv.lt\/lt\/veiklos-sritys\/puslaidininkiniu-gaminiu-topografijos\" target=\"_blank\" rel=\"noopener\">Valstybinio patent\u0173 biuro tinklalapyje<\/a>.<\/p>\n<p>[\/vc_column_text][\/vc_column_inner][\/vc_row_inner][\/vc_column][\/vc_row]<\/p>\n","protected":false},"excerpt":{"rendered":"<p>[vc_row unlock_row_content=&#8221;yes&#8221; row_height_percent=&#8221;0&#8243; back_image=&#8221;104068&#8243; overlay_alpha=&#8221;50&#8243; gutter_size=&#8221;3&#8243; column_width_percent=&#8221;100&#8243; shift_y=&#8221;0&#8243; z_index=&#8221;0&#8243; uncode_shortcode_id=&#8221;151403&#8243; row_height_pixel=&#8221;350&#8243; back_size=&#8221;cover&#8221; overlay_color_type=&#8221;uncode-solid&#8221; overlay_color_solid=&#8221;#112911&#8243;][vc_column column_width_percent=&#8221;100&#8243; position_vertical=&#8221;middle&#8221; align_horizontal=&#8221;align_center&#8221; gutter_size=&#8221;3&#8243; style=&#8221;dark&#8221; overlay_alpha=&#8221;50&#8243; [&hellip;]<\/p>\n","protected":false},"author":1,"featured_media":0,"parent":103634,"menu_order":0,"comment_status":"closed","ping_status":"closed","template":"","meta":{"footnotes":""},"class_list":["post-104396","page","type-page","status-publish","hentry","page_category-kiti-in-objektai"],"_links":{"self":[{"href":"https:\/\/ainisdev.eu\/intelektine\/wp-json\/wp\/v2\/pages\/104396","targetHints":{"allow":["GET"]}}],"collection":[{"href":"https:\/\/ainisdev.eu\/intelektine\/wp-json\/wp\/v2\/pages"}],"about":[{"href":"https:\/\/ainisdev.eu\/intelektine\/wp-json\/wp\/v2\/types\/page"}],"author":[{"embeddable":true,"href":"https:\/\/ainisdev.eu\/intelektine\/wp-json\/wp\/v2\/users\/1"}],"replies":[{"embeddable":true,"href":"https:\/\/ainisdev.eu\/intelektine\/wp-json\/wp\/v2\/comments?post=104396"}],"version-history":[{"count":1,"href":"https:\/\/ainisdev.eu\/intelektine\/wp-json\/wp\/v2\/pages\/104396\/revisions"}],"predecessor-version":[{"id":105758,"href":"https:\/\/ainisdev.eu\/intelektine\/wp-json\/wp\/v2\/pages\/104396\/revisions\/105758"}],"up":[{"embeddable":true,"href":"https:\/\/ainisdev.eu\/intelektine\/wp-json\/wp\/v2\/pages\/103634"}],"wp:attachment":[{"href":"https:\/\/ainisdev.eu\/intelektine\/wp-json\/wp\/v2\/media?parent=104396"}],"curies":[{"name":"wp","href":"https:\/\/api.w.org\/{rel}","templated":true}]}}