{"id":103960,"date":"2021-12-29T13:26:17","date_gmt":"2021-12-29T11:26:17","guid":{"rendered":"https:\/\/ainisdev.eu\/intelektine\/?page_id=103960"},"modified":"2023-01-13T14:17:13","modified_gmt":"2023-01-13T12:17:13","slug":"apie-mus","status":"publish","type":"page","link":"https:\/\/ainisdev.eu\/intelektine\/apie-mus\/","title":{"rendered":"Apie mus"},"content":{"rendered":"<p>[vc_row row_height_percent=&#8221;0&#8243; override_padding=&#8221;yes&#8221; h_padding=&#8221;2&#8243; top_padding=&#8221;0&#8243; bottom_padding=&#8221;0&#8243; back_color=&#8221;color-xsdn&#8221; overlay_alpha=&#8221;50&#8243; gutter_size=&#8221;4&#8243; column_width_percent=&#8221;100&#8243; shift_y=&#8221;0&#8243; z_index=&#8221;0&#8243; inverted_device_order=&#8221;yes&#8221; uncode_shortcode_id=&#8221;826794&#8243; back_color_type=&#8221;uncode-palette&#8221; css=&#8221;.vc_custom_1640780714830{margin-bottom: 0px !important;}&#8221;][vc_column column_width_percent=&#8221;100&#8243; position_horizontal=&#8221;left&#8221; position_vertical=&#8221;middle&#8221; gutter_size=&#8221;3&#8243; overlay_alpha=&#8221;50&#8243; shift_x=&#8221;0&#8243; shift_y=&#8221;0&#8243; shift_y_down=&#8221;0&#8243; z_index=&#8221;0&#8243; medium_width=&#8221;4&#8243; align_mobile=&#8221;align_center_mobile&#8221; mobile_width=&#8221;0&#8243; width=&#8221;1\/2&#8243; uncode_shortcode_id=&#8221;916851&#8243; css=&#8221;.vc_custom_1643485018950{padding-bottom: 60px !important;}&#8221;][vc_custom_heading heading_semantic=&#8221;h3&#8243; text_size=&#8221;fontsize-155944&#8243; uncode_shortcode_id=&#8221;715677&#8243;]Apie mus[\/vc_custom_heading][vc_column_text text_lead=&#8221;yes&#8221; uncode_shortcode_id=&#8221;952315&#8243; css=&#8221;.vc_custom_1643301911343{margin-top: 20px !important;margin-bottom: -20px !important;}&#8221;]Intelektine.lt skirta tiems, kurie nori daugiau su\u017einoti apie intelektin\u0119 nuosavyb\u0119 bei jos apsaugos galimybes.[\/vc_column_text][\/vc_column][vc_column column_width_percent=&#8221;100&#8243; gutter_size=&#8221;3&#8243; overlay_alpha=&#8221;50&#8243; shift_x=&#8221;0&#8243; shift_y=&#8221;0&#8243; shift_y_down=&#8221;-2&#8243; shift_y_down_fixed=&#8221;yes&#8221; z_index=&#8221;5&#8243; medium_width=&#8221;4&#8243; mobile_width=&#8221;0&#8243; width=&#8221;1\/2&#8243; el_class=&#8221;image-card image-card-inverted image-card-double&#8221; uncode_shortcode_id=&#8221;951802&#8243;][vc_single_image media=&#8221;105313&#8243; media_lightbox=&#8221;yes&#8221; media_width_percent=&#8221;100&#8243; media_ratio=&#8221;one-one&#8221; alignment=&#8221;right&#8221; shadow=&#8221;yes&#8221; shadow_weight=&#8221;std&#8221; css_animation=&#8221;zoom-in&#8221; animation_delay=&#8221;200&#8243; uncode_shortcode_id=&#8221;343835&#8243;][vc_single_image media=&#8221;105203&#8243; media_lightbox=&#8221;yes&#8221; media_width_percent=&#8221;100&#8243; media_ratio=&#8221;one-one&#8221; alignment=&#8221;right&#8221; shadow=&#8221;yes&#8221; shadow_weight=&#8221;std&#8221; css_animation=&#8221;zoom-in&#8221; animation_delay=&#8221;400&#8243; uncode_shortcode_id=&#8221;535121&#8243;][\/vc_column][\/vc_row][vc_row row_height_percent=&#8221;0&#8243; override_padding=&#8221;yes&#8221; h_padding=&#8221;2&#8243; top_padding=&#8221;5&#8243; bottom_padding=&#8221;3&#8243; back_color=&#8221;accent&#8221; overlay_alpha=&#8221;50&#8243; gutter_size=&#8221;3&#8243; column_width_percent=&#8221;100&#8243; shift_y=&#8221;0&#8243; z_index=&#8221;0&#8243; uncode_shortcode_id=&#8221;150482&#8243; back_color_type=&#8221;uncode-palette&#8221;][vc_column column_width_percent=&#8221;100&#8243; gutter_size=&#8221;3&#8243; style=&#8221;dark&#8221; overlay_alpha=&#8221;50&#8243; shift_x=&#8221;0&#8243; shift_y=&#8221;0&#8243; shift_y_down=&#8221;0&#8243; z_index=&#8221;0&#8243; medium_width=&#8221;0&#8243; mobile_width=&#8221;0&#8243; width=&#8221;1\/1&#8243; uncode_shortcode_id=&#8221;163998&#8243;][vc_row_inner][vc_column_inner column_width_percent=&#8221;100&#8243; position_vertical=&#8221;middle&#8221; gutter_size=&#8221;3&#8243; style=&#8221;dark&#8221; overlay_alpha=&#8221;50&#8243; shift_x=&#8221;0&#8243; shift_y=&#8221;0&#8243; shift_y_down=&#8221;0&#8243; z_index=&#8221;0&#8243; medium_width=&#8221;0&#8243; mobile_width=&#8221;0&#8243; width=&#8221;1\/2&#8243; uncode_shortcode_id=&#8221;185453&#8243;][vc_custom_heading heading_semantic=&#8221;h3&#8243; text_size=&#8221;fontsize-155944&#8243; uncode_shortcode_id=&#8221;149103&#8243;]M\u016bs\u0173 tikslai[\/vc_custom_heading][\/vc_column_inner][vc_column_inner column_width_percent=&#8221;100&#8243; gutter_size=&#8221;3&#8243; style=&#8221;dark&#8221; overlay_alpha=&#8221;50&#8243; shift_x=&#8221;0&#8243; shift_y=&#8221;0&#8243; shift_y_down=&#8221;0&#8243; z_index=&#8221;0&#8243; medium_width=&#8221;0&#8243; mobile_width=&#8221;0&#8243; width=&#8221;1\/2&#8243; uncode_shortcode_id=&#8221;193884&#8243;][\/vc_column_inner][\/vc_row_inner][vc_row_inner row_inner_height_percent=&#8221;0&#8243; overlay_alpha=&#8221;50&#8243; gutter_size=&#8221;2&#8243; shift_y=&#8221;0&#8243; z_index=&#8221;0&#8243; uncode_shortcode_id=&#8221;196043&#8243; el_class=&#8221;apie-mus-soninis&#8221;][vc_column_inner column_width_percent=&#8221;100&#8243; gutter_size=&#8221;3&#8243; expand_height=&#8221;yes&#8221; style=&#8221;dark&#8221; overlay_alpha=&#8221;50&#8243; border_color=&#8221;color-781555&#8243; border_style=&#8221;solid&#8221; shift_x=&#8221;0&#8243; shift_y=&#8221;0&#8243; shift_y_down=&#8221;0&#8243; z_index=&#8221;0&#8243; medium_width=&#8221;0&#8243; mobile_width=&#8221;0&#8243; css_animation=&#8221;left-t-right&#8221; animation_delay=&#8221;400&#8243; width=&#8221;1\/4&#8243; uncode_shortcode_id=&#8221;183698&#8243; border_color_type=&#8221;uncode-palette&#8221; css=&#8221;.vc_custom_1643302127745{border-top-width: 1px !important;border-right-width: 1px !important;border-bottom-width: 1px !important;border-left-width: 1px !important;padding-top: 20px !important;padding-right: 20px !important;padding-bottom: 20px !important;padding-left: 20px !important;}&#8221;][vc_column_text text_lead=&#8221;yes&#8221; uncode_shortcode_id=&#8221;218367&#8243;]<\/p>\n<p style=\"text-align: justify;\">Mes siekiame, kad visa informacija, susijusi su intelektine nuosavybe, b\u016bt\u0173 prieinama viename tinklalapyje.<\/p>\n<p>[\/vc_column_text][\/vc_column_inner][vc_column_inner column_width_percent=&#8221;100&#8243; gutter_size=&#8221;3&#8243; expand_height=&#8221;yes&#8221; style=&#8221;dark&#8221; overlay_alpha=&#8221;50&#8243; border_color=&#8221;color-781555&#8243; border_style=&#8221;solid&#8221; shift_x=&#8221;0&#8243; shift_y=&#8221;0&#8243; shift_y_down=&#8221;0&#8243; z_index=&#8221;0&#8243; medium_width=&#8221;0&#8243; mobile_width=&#8221;0&#8243; css_animation=&#8221;left-t-right&#8221; animation_delay=&#8221;300&#8243; width=&#8221;1\/4&#8243; uncode_shortcode_id=&#8221;700071&#8243; border_color_type=&#8221;uncode-palette&#8221; css=&#8221;.vc_custom_1643302133036{border-top-width: 1px !important;border-right-width: 1px !important;border-bottom-width: 1px !important;border-left-width: 1px !important;padding-top: 20px !important;padding-right: 20px !important;padding-bottom: 20px !important;padding-left: 20px !important;}&#8221;][vc_column_text text_lead=&#8221;yes&#8221; uncode_shortcode_id=&#8221;128003&#8243;]<\/p>\n<p style=\"text-align: justify;\">\u0160ioje svetain\u0117je vartotojai gali ne tik rasti vis\u0173 Lietuvoje veikian\u010di\u0173 institucij\u0173, susijusi\u0173 su intelektine nuosavybe, informacij\u0105, atsakymus \u012f dominan\u010dius klausimus, bet ir matyti artimiausi\u0173 rengini\u0173 bei naujien\u0173, susijusi\u0173 su intelektine nuosavybe, s\u0105ra\u0161\u0105.<\/p>\n<p>[\/vc_column_text][\/vc_column_inner][vc_column_inner column_width_percent=&#8221;100&#8243; gutter_size=&#8221;3&#8243; expand_height=&#8221;yes&#8221; style=&#8221;dark&#8221; overlay_alpha=&#8221;50&#8243; border_color=&#8221;color-781555&#8243; border_style=&#8221;solid&#8221; shift_x=&#8221;0&#8243; shift_y=&#8221;0&#8243; shift_y_down=&#8221;0&#8243; z_index=&#8221;0&#8243; medium_width=&#8221;0&#8243; mobile_width=&#8221;0&#8243; css_animation=&#8221;left-t-right&#8221; animation_delay=&#8221;200&#8243; width=&#8221;1\/4&#8243; uncode_shortcode_id=&#8221;192266&#8243; border_color_type=&#8221;uncode-palette&#8221; css=&#8221;.vc_custom_1643302138133{border-top-width: 1px !important;border-right-width: 1px !important;border-bottom-width: 1px !important;border-left-width: 1px !important;padding-top: 20px !important;padding-right: 20px !important;padding-bottom: 20px !important;padding-left: 20px !important;}&#8221;][vc_column_text text_lead=&#8221;yes&#8221; uncode_shortcode_id=&#8221;100267&#8243;]<\/p>\n<p style=\"text-align: justify;\">Intelektine.lt svetain\u0117je taip pat galite u\u017eduoti klausimus, gauti konsultacij\u0105 intelektin\u0117s nuosavyb\u0117s klausimais.<\/p>\n<p>[\/vc_column_text][\/vc_column_inner][vc_column_inner column_width_percent=&#8221;100&#8243; gutter_size=&#8221;3&#8243; expand_height=&#8221;yes&#8221; style=&#8221;dark&#8221; overlay_alpha=&#8221;50&#8243; border_color=&#8221;color-xsdn&#8221; border_style=&#8221;solid&#8221; shift_x=&#8221;0&#8243; shift_y=&#8221;0&#8243; shift_y_down=&#8221;0&#8243; z_index=&#8221;0&#8243; medium_width=&#8221;0&#8243; mobile_width=&#8221;0&#8243; css_animation=&#8221;left-t-right&#8221; animation_delay=&#8221;100&#8243; width=&#8221;1\/4&#8243; uncode_shortcode_id=&#8221;509683&#8243; border_color_type=&#8221;uncode-palette&#8221; css=&#8221;.vc_custom_1643302146431{border-top-width: 1px !important;border-right-width: 1px !important;border-bottom-width: 1px !important;border-left-width: 1px !important;padding-top: 20px !important;padding-right: 20px !important;padding-bottom: 20px !important;padding-left: 20px !important;}&#8221;][vc_column_text text_lead=&#8221;yes&#8221; uncode_shortcode_id=&#8221;239304&#8243;]<\/p>\n<p style=\"text-align: justify;\">Tikim\u0117s, kad \u0161ioje svetain\u0117je esanti informacija ir teikiamos konsultacijos pravers visiems besidomintiems intelektine nuosavybe ir jos apsauga.<\/p>\n<p>[\/vc_column_text][\/vc_column_inner][\/vc_row_inner][\/vc_column][\/vc_row]<\/p>\n","protected":false},"excerpt":{"rendered":"<p>[vc_row row_height_percent=&#8221;0&#8243; override_padding=&#8221;yes&#8221; h_padding=&#8221;2&#8243; top_padding=&#8221;0&#8243; bottom_padding=&#8221;0&#8243; back_color=&#8221;color-xsdn&#8221; overlay_alpha=&#8221;50&#8243; gutter_size=&#8221;4&#8243; column_width_percent=&#8221;100&#8243; shift_y=&#8221;0&#8243; z_index=&#8221;0&#8243; inverted_device_order=&#8221;yes&#8221; uncode_shortcode_id=&#8221;826794&#8243; back_color_type=&#8221;uncode-palette&#8221; css=&#8221;.vc_custom_1640780714830{margin-bottom: 0px !important;}&#8221;][vc_column column_width_percent=&#8221;100&#8243; position_horizontal=&#8221;left&#8221; [&hellip;]<\/p>\n","protected":false},"author":1,"featured_media":0,"parent":0,"menu_order":0,"comment_status":"closed","ping_status":"closed","template":"","meta":{"footnotes":""},"class_list":["post-103960","page","type-page","status-publish","hentry","page_category-apie-mus"],"_links":{"self":[{"href":"https:\/\/ainisdev.eu\/intelektine\/wp-json\/wp\/v2\/pages\/103960","targetHints":{"allow":["GET"]}}],"collection":[{"href":"https:\/\/ainisdev.eu\/intelektine\/wp-json\/wp\/v2\/pages"}],"about":[{"href":"https:\/\/ainisdev.eu\/intelektine\/wp-json\/wp\/v2\/types\/page"}],"author":[{"embeddable":true,"href":"https:\/\/ainisdev.eu\/intelektine\/wp-json\/wp\/v2\/users\/1"}],"replies":[{"embeddable":true,"href":"https:\/\/ainisdev.eu\/intelektine\/wp-json\/wp\/v2\/comments?post=103960"}],"version-history":[{"count":2,"href":"https:\/\/ainisdev.eu\/intelektine\/wp-json\/wp\/v2\/pages\/103960\/revisions"}],"predecessor-version":[{"id":106050,"href":"https:\/\/ainisdev.eu\/intelektine\/wp-json\/wp\/v2\/pages\/103960\/revisions\/106050"}],"wp:attachment":[{"href":"https:\/\/ainisdev.eu\/intelektine\/wp-json\/wp\/v2\/media?parent=103960"}],"curies":[{"name":"wp","href":"https:\/\/api.w.org\/{rel}","templated":true}]}}