{"id":103634,"date":"2021-12-28T15:41:18","date_gmt":"2021-12-28T13:41:18","guid":{"rendered":"https:\/\/ainisdev.eu\/intelektine\/?page_id=103634"},"modified":"2023-03-09T22:39:15","modified_gmt":"2023-03-09T20:39:15","slug":"kiti-in-objektai","status":"publish","type":"page","link":"https:\/\/ainisdev.eu\/intelektine\/kiti-in-objektai\/","title":{"rendered":"Kiti IN objektai"},"content":{"rendered":"<p>[vc_row unlock_row_content=&#8221;yes&#8221; row_height_percent=&#8221;0&#8243; back_image=&#8221;104068&#8243; overlay_alpha=&#8221;50&#8243; gutter_size=&#8221;3&#8243; column_width_percent=&#8221;100&#8243; shift_y=&#8221;0&#8243; z_index=&#8221;0&#8243; uncode_shortcode_id=&#8221;151403&#8243; row_height_pixel=&#8221;350&#8243; back_size=&#8221;cover&#8221; overlay_color_type=&#8221;uncode-solid&#8221; overlay_color_solid=&#8221;#112911&#8243;][vc_column column_width_percent=&#8221;100&#8243; position_vertical=&#8221;middle&#8221; align_horizontal=&#8221;align_center&#8221; gutter_size=&#8221;3&#8243; style=&#8221;dark&#8221; overlay_alpha=&#8221;50&#8243; shift_x=&#8221;0&#8243; shift_y=&#8221;0&#8243; shift_y_down=&#8221;0&#8243; z_index=&#8221;0&#8243; medium_width=&#8221;0&#8243; mobile_width=&#8221;0&#8243; width=&#8221;1\/1&#8243; uncode_shortcode_id=&#8221;128755&#8243;][vc_custom_heading heading_semantic=&#8221;p&#8221; text_size=&#8221;fontsize-338686&#8243; text_weight=&#8221;700&#8243; text_transform=&#8221;uppercase&#8221; text_height=&#8221;fontheight-179065&#8243; uncode_shortcode_id=&#8221;114412&#8243;]Kiti IN objektai[\/vc_custom_heading][\/vc_column][\/vc_row][vc_row][vc_column width=&#8221;1\/1&#8243;][vc_custom_heading heading_semantic=&#8221;p&#8221; text_size=&#8221;fontsize-455505&#8243; text_height=&#8221;fontheight-179065&#8243; uncode_shortcode_id=&#8221;139340&#8243;]Nemokamos konsultacijos intelektin\u0117s nuosavyb\u0117s klausimais[\/vc_custom_heading][vc_column_text text_lead=&#8221;yes&#8221; uncode_shortcode_id=&#8221;755378&#8243; css=&#8221;.vc_custom_1677492261868{margin-top: 20px !important;}&#8221;]<strong>Turite su intelektine nuosavybe susijusi\u0173 klausim\u0173?<\/strong>[\/vc_column_text][vc_button border_animation=&#8221;btn-ripple-out&#8221; hover_fx=&#8221;outlined&#8221; border_width=&#8221;0&#8243; icon_position=&#8221;right&#8221; link=&#8221;url:https%3A%2F%2Fainisdev.eu%2Fintelektine%2Fkonsultacijos%2F&#8221; button_color_type=&#8221;uncode-solid&#8221; uncode_shortcode_id=&#8221;183730&#8243; icon=&#8221;fa fa-arrow-right-thick&#8221; button_color_solid=&#8221;#f79800&#8243;]Kreipkit\u0117s konsultacijai[\/vc_button][\/vc_column][\/vc_row][vc_row row_height_percent=&#8221;0&#8243; override_padding=&#8221;yes&#8221; h_padding=&#8221;2&#8243; top_padding=&#8221;3&#8243; bottom_padding=&#8221;3&#8243; overlay_alpha=&#8221;50&#8243; gutter_size=&#8221;3&#8243; column_width_percent=&#8221;100&#8243; shift_y=&#8221;0&#8243; z_index=&#8221;0&#8243; uncode_shortcode_id=&#8221;118135&#8243; el_class=&#8221;gretutines-teises&#8221;][vc_column width=&#8221;1\/1&#8243;][vc_row_inner][vc_column_inner width=&#8221;1\/2&#8243;][vc_custom_heading heading_semantic=&#8221;p&#8221; text_size=&#8221;fontsize-160000&#8243; text_weight=&#8221;700&#8243; text_height=&#8221;fontheight-179065&#8243; uncode_shortcode_id=&#8221;184572&#8243;]Kiti IN objektai[\/vc_custom_heading][\/vc_column_inner][vc_column_inner width=&#8221;1\/2&#8243;][\/vc_column_inner][\/vc_row_inner][vc_row_inner row_inner_height_percent=&#8221;0&#8243; overlay_alpha=&#8221;50&#8243; gutter_size=&#8221;3&#8243; shift_y=&#8221;0&#8243; z_index=&#8221;0&#8243; uncode_shortcode_id=&#8221;166832&#8243; css=&#8221;.vc_custom_1650921508522{padding-top: 30px !important;}&#8221; el_class=&#8221;pakelimas-ikonos&#8221;][vc_column_inner column_width_percent=&#8221;100&#8243; align_horizontal=&#8221;align_center&#8221; gutter_size=&#8221;3&#8243; expand_height=&#8221;yes&#8221; back_color=&#8221;color-xsdn&#8221; overlay_alpha=&#8221;50&#8243; shift_x=&#8221;0&#8243; shift_y=&#8221;0&#8243; shift_y_down=&#8221;0&#8243; shift_y_down_fixed=&#8221;yes&#8221; z_index=&#8221;0&#8243; medium_width=&#8221;0&#8243; mobile_width=&#8221;0&#8243; css_animation=&#8221;bottom-t-top&#8221; animation_delay=&#8221;300&#8243; radius=&#8221;sm&#8221; shadow=&#8221;xs&#8221; width=&#8221;1\/3&#8243; uncode_shortcode_id=&#8221;408722&#8243; back_color_type=&#8221;uncode-palette&#8221; css=&#8221;.vc_custom_1640818855474{padding-top: 0px !important;padding-right: 20px !important;padding-bottom: 20px !important;padding-left: 20px !important;}&#8221;][vc_icon icon_image=&#8221;105300&#8243; media_size=&#8221;100&#8243; text_size=&#8221;h4&#8243; no_hover=&#8221;&#8221; title=&#8221;Topografijos&#8221; uncode_shortcode_id=&#8221;806667&#8243;]<\/p>\n<p style=\"text-align: justify;\">Tarpusavyje susijusi\u0173 pie\u0161ini\u0173,\u00a0perteikian\u010di\u0173 puslaidininkinio gaminio sluoksni\u0173 erdvin\u012f i\u0161d\u0117stym\u0105, visuma. Kiekvienas pie\u0161inys atitinka vis\u0105 ar dal\u012f sluoksnio vaizdo.\u00a0Pie\u0161in\u012f gali sudaryti standartiniai \u017eym\u0117jimo simboliai, \u012fvair\u016bs sutartiniai \u017eenklai bei kiti grafiniai vaizdai.<\/p>\n<p>[\/vc_icon][vc_button button_color=&#8221;accent&#8221; size=&#8221;link&#8221; btn_link_size=&#8221;h6&#8243; icon_position=&#8221;right&#8221; link=&#8221;url:https%3A%2F%2Fainisdev.eu%2Fintelektine%2Fkiti-in-objektai%2Ftopografijos%2F&#8221; button_color_type=&#8221;uncode-palette&#8221; uncode_shortcode_id=&#8221;145403&#8243; icon=&#8221;fa fa-arrow-right-thick&#8221;]PLA\u010cIAU[\/vc_button][\/vc_column_inner][vc_column_inner column_width_percent=&#8221;100&#8243; align_horizontal=&#8221;align_center&#8221; gutter_size=&#8221;3&#8243; expand_height=&#8221;yes&#8221; back_color=&#8221;color-xsdn&#8221; overlay_alpha=&#8221;50&#8243; shift_x=&#8221;0&#8243; shift_y=&#8221;0&#8243; shift_y_down=&#8221;0&#8243; z_index=&#8221;0&#8243; medium_width=&#8221;0&#8243; mobile_width=&#8221;0&#8243; css_animation=&#8221;bottom-t-top&#8221; animation_delay=&#8221;200&#8243; radius=&#8221;sm&#8221; shadow=&#8221;xs&#8221; width=&#8221;1\/3&#8243; uncode_shortcode_id=&#8221;210148&#8243; back_color_type=&#8221;uncode-palette&#8221; css=&#8221;.vc_custom_1642669764419{padding-top: 0px !important;padding-right: 20px !important;padding-bottom: 20px !important;padding-left: 20px !important;}&#8221;][vc_icon icon_image=&#8221;105299&#8243; icon_color=&#8221;accent&#8221; media_size=&#8221;100&#8243; text_size=&#8221;h4&#8243; no_hover=&#8221;&#8221; title=&#8221;Augal\u0173 veisl\u0117s&#8221; uncode_shortcode_id=&#8221;171853&#8243; icon_color_type=&#8221;uncode-palette&#8221;]<\/p>\n<p style=\"text-align: justify;\">Augalo veisl\u0117 \u2013 augal\u0173 grup\u0117, priklausanti pa\u010diam \u017eemiausiam \u017einomam botaniniam taksonui, kuri, nepaisant to, ar visi\u0161kai atitinka veisl\u0117s apsaugos s\u0105lygas, turi \u0161iam genotipui ar genotip\u0173 kombinacijai b\u016bdingas savybes, i\u0161siskiria i\u0161 bet kurios kitos \u0161i\u0173 augal\u0173 grup\u0117s bent vienu b\u016bdingu po\u017eymiu ir d\u0117l geb\u0117jimo nekintamai daugintis i\u0161laikant visus tos veisl\u0117s augalams b\u016bdingus po\u017eymius laikoma atskiru vienetu.<\/p>\n<p>[\/vc_icon][vc_button button_color=&#8221;accent&#8221; size=&#8221;link&#8221; btn_link_size=&#8221;h6&#8243; icon_position=&#8221;right&#8221; link=&#8221;url:https%3A%2F%2Fainisdev.eu%2Fintelektine%2Fkiti-in-objektai%2Faugalu-veisles%2F&#8221; button_color_type=&#8221;uncode-palette&#8221; uncode_shortcode_id=&#8221;122174&#8243; icon=&#8221;fa fa-arrow-right-thick&#8221;]PLA\u010cIAU[\/vc_button][\/vc_column_inner][vc_column_inner column_width_percent=&#8221;100&#8243; align_horizontal=&#8221;align_center&#8221; gutter_size=&#8221;3&#8243; expand_height=&#8221;yes&#8221; back_color=&#8221;color-xsdn&#8221; overlay_alpha=&#8221;50&#8243; shift_x=&#8221;0&#8243; shift_y=&#8221;0&#8243; shift_y_down=&#8221;0&#8243; z_index=&#8221;0&#8243; medium_width=&#8221;0&#8243; mobile_width=&#8221;0&#8243; css_animation=&#8221;bottom-t-top&#8221; animation_delay=&#8221;100&#8243; radius=&#8221;sm&#8221; shadow=&#8221;xs&#8221; width=&#8221;1\/3&#8243; uncode_shortcode_id=&#8221;156973&#8243; back_color_type=&#8221;uncode-palette&#8221; css=&#8221;.vc_custom_1642669769037{padding-top: 0px !important;padding-right: 20px !important;padding-bottom: 20px !important;padding-left: 20px !important;}&#8221;][vc_icon icon_image=&#8221;103727&#8243; icon_color=&#8221;accent&#8221; media_size=&#8221;100&#8243; text_size=&#8221;h4&#8243; no_hover=&#8221;&#8221; title=&#8221;Naudingasis modelis&#8221; uncode_shortcode_id=&#8221;999619&#8243; icon_color_type=&#8221;uncode-palette&#8221;]<\/p>\n<p style=\"text-align: justify;\">Naudingasis modelis yra intelektin\u0117s k\u016brybos procese sukuriamas techninis sprendimas, atitinkantis gerokai ma\u017eesnius nei i\u0161radimo patentabilumui keliamus reikalavimus d\u0117l naujumo ar technikos lygio.<\/p>\n<p>[\/vc_icon][vc_button button_color=&#8221;accent&#8221; size=&#8221;link&#8221; btn_link_size=&#8221;h6&#8243; icon_position=&#8221;right&#8221; link=&#8221;url:https%3A%2F%2Fainisdev.eu%2Fintelektine%2Fkiti-in-objektai%2Fnaudingasis-modelis%2F&#8221; button_color_type=&#8221;uncode-palette&#8221; uncode_shortcode_id=&#8221;558962&#8243; icon=&#8221;fa fa-arrow-right-thick&#8221;]PLA\u010cIAU[\/vc_button][\/vc_column_inner][\/vc_row_inner][\/vc_column][\/vc_row][vc_row][vc_column width=&#8221;1\/1&#8243;][\/vc_column][\/vc_row]<\/p>\n","protected":false},"excerpt":{"rendered":"<p>[vc_row unlock_row_content=&#8221;yes&#8221; row_height_percent=&#8221;0&#8243; back_image=&#8221;104068&#8243; overlay_alpha=&#8221;50&#8243; gutter_size=&#8221;3&#8243; column_width_percent=&#8221;100&#8243; shift_y=&#8221;0&#8243; z_index=&#8221;0&#8243; uncode_shortcode_id=&#8221;151403&#8243; row_height_pixel=&#8221;350&#8243; back_size=&#8221;cover&#8221; overlay_color_type=&#8221;uncode-solid&#8221; overlay_color_solid=&#8221;#112911&#8243;][vc_column column_width_percent=&#8221;100&#8243; position_vertical=&#8221;middle&#8221; align_horizontal=&#8221;align_center&#8221; gutter_size=&#8221;3&#8243; style=&#8221;dark&#8221; overlay_alpha=&#8221;50&#8243; [&hellip;]<\/p>\n","protected":false},"author":1,"featured_media":0,"parent":0,"menu_order":0,"comment_status":"closed","ping_status":"closed","template":"","meta":{"footnotes":""},"class_list":["post-103634","page","type-page","status-publish","hentry","page_category-kiti-in-objektai"],"_links":{"self":[{"href":"https:\/\/ainisdev.eu\/intelektine\/wp-json\/wp\/v2\/pages\/103634","targetHints":{"allow":["GET"]}}],"collection":[{"href":"https:\/\/ainisdev.eu\/intelektine\/wp-json\/wp\/v2\/pages"}],"about":[{"href":"https:\/\/ainisdev.eu\/intelektine\/wp-json\/wp\/v2\/types\/page"}],"author":[{"embeddable":true,"href":"https:\/\/ainisdev.eu\/intelektine\/wp-json\/wp\/v2\/users\/1"}],"replies":[{"embeddable":true,"href":"https:\/\/ainisdev.eu\/intelektine\/wp-json\/wp\/v2\/comments?post=103634"}],"version-history":[{"count":4,"href":"https:\/\/ainisdev.eu\/intelektine\/wp-json\/wp\/v2\/pages\/103634\/revisions"}],"predecessor-version":[{"id":106009,"href":"https:\/\/ainisdev.eu\/intelektine\/wp-json\/wp\/v2\/pages\/103634\/revisions\/106009"}],"wp:attachment":[{"href":"https:\/\/ainisdev.eu\/intelektine\/wp-json\/wp\/v2\/media?parent=103634"}],"curies":[{"name":"wp","href":"https:\/\/api.w.org\/{rel}","templated":true}]}}