{"id":103632,"date":"2021-12-28T15:41:07","date_gmt":"2021-12-28T13:41:07","guid":{"rendered":"https:\/\/ainisdev.eu\/intelektine\/?page_id=103632"},"modified":"2023-02-27T14:16:53","modified_gmt":"2023-02-27T12:16:53","slug":"komercines-paslaptys","status":"publish","type":"page","link":"https:\/\/ainisdev.eu\/intelektine\/komercines-paslaptys\/","title":{"rendered":"Komercin\u0117s paslaptys"},"content":{"rendered":"<p>[vc_row unlock_row_content=&#8221;yes&#8221; row_height_percent=&#8221;0&#8243; back_image=&#8221;104068&#8243; overlay_alpha=&#8221;50&#8243; gutter_size=&#8221;3&#8243; column_width_percent=&#8221;100&#8243; shift_y=&#8221;0&#8243; z_index=&#8221;0&#8243; uncode_shortcode_id=&#8221;151403&#8243; row_height_pixel=&#8221;350&#8243; back_size=&#8221;cover&#8221; overlay_color_type=&#8221;uncode-solid&#8221; overlay_color_solid=&#8221;#112911&#8243;][vc_column column_width_percent=&#8221;100&#8243; position_vertical=&#8221;middle&#8221; align_horizontal=&#8221;align_center&#8221; gutter_size=&#8221;3&#8243; style=&#8221;dark&#8221; overlay_alpha=&#8221;50&#8243; shift_x=&#8221;0&#8243; shift_y=&#8221;0&#8243; shift_y_down=&#8221;0&#8243; z_index=&#8221;0&#8243; medium_width=&#8221;0&#8243; mobile_width=&#8221;0&#8243; width=&#8221;1\/1&#8243; uncode_shortcode_id=&#8221;128755&#8243;][vc_custom_heading heading_semantic=&#8221;p&#8221; text_size=&#8221;fontsize-338686&#8243; text_weight=&#8221;700&#8243; text_transform=&#8221;uppercase&#8221; text_height=&#8221;fontheight-179065&#8243; uncode_shortcode_id=&#8221;135501&#8243;]Komercin\u0117s paslaptys[\/vc_custom_heading][\/vc_column][\/vc_row][vc_row][vc_column width=&#8221;1\/1&#8243;][vc_custom_heading heading_semantic=&#8221;p&#8221; text_size=&#8221;fontsize-455505&#8243; text_height=&#8221;fontheight-179065&#8243; uncode_shortcode_id=&#8221;139340&#8243;]Nemokamos konsultacijos intelektin\u0117s nuosavyb\u0117s klausimais[\/vc_custom_heading][vc_column_text text_lead=&#8221;yes&#8221; uncode_shortcode_id=&#8221;755378&#8243; css=&#8221;.vc_custom_1677492261868{margin-top: 20px !important;}&#8221;]<strong>Turite su intelektine nuosavybe susijusi\u0173 klausim\u0173?<\/strong>[\/vc_column_text][vc_button border_animation=&#8221;btn-ripple-out&#8221; hover_fx=&#8221;outlined&#8221; border_width=&#8221;0&#8243; icon_position=&#8221;right&#8221; link=&#8221;url:https%3A%2F%2Fainisdev.eu%2Fintelektine%2Fkonsultacijos%2F&#8221; button_color_type=&#8221;uncode-solid&#8221; uncode_shortcode_id=&#8221;680640&#8243; icon=&#8221;fa fa-arrow-right-thick&#8221; button_color_solid=&#8221;#f79800&#8243;]Kreipkit\u0117s konsultacijai[\/vc_button][\/vc_column][\/vc_row][vc_row row_height_percent=&#8221;0&#8243; override_padding=&#8221;yes&#8221; h_padding=&#8221;2&#8243; top_padding=&#8221;3&#8243; bottom_padding=&#8221;3&#8243; overlay_alpha=&#8221;50&#8243; gutter_size=&#8221;3&#8243; column_width_percent=&#8221;100&#8243; shift_y=&#8221;0&#8243; z_index=&#8221;0&#8243; uncode_shortcode_id=&#8221;849713&#8243; row_name=&#8221;kas-yra-komercines-paslaptys&#8221;][vc_column column_width_percent=&#8221;100&#8243; gutter_size=&#8221;3&#8243; overlay_alpha=&#8221;50&#8243; shift_x=&#8221;0&#8243; shift_y=&#8221;0&#8243; shift_y_down=&#8221;0&#8243; z_index=&#8221;0&#8243; medium_width=&#8221;0&#8243; mobile_width=&#8221;0&#8243; width=&#8221;1\/1&#8243; uncode_shortcode_id=&#8221;111194&#8243;][vc_custom_heading heading_semantic=&#8221;p&#8221; text_size=&#8221;fontsize-160000&#8243; text_weight=&#8221;700&#8243; text_height=&#8221;fontheight-179065&#8243; uncode_shortcode_id=&#8221;646657&#8243;]Kas yra komercin\u0117s paslaptys?[\/vc_custom_heading][vc_column_text text_lead=&#8221;yes&#8221; uncode_shortcode_id=&#8221;509633&#8243; css=&#8221;.vc_custom_1651222560024{margin-top: 20px !important;margin-bottom: -10px !important;}&#8221;]<\/p>\n<p style=\"text-align: justify;\"><strong>Komercin\u0117 paslaptis \u2013<\/strong> tai informacija, kuri yra slapta, turi komercin\u0119 vert\u0119 ir yra apsaugota. Informacija turi atitikti visus tris po\u017eymius.<\/p>\n<p>[\/vc_column_text][vc_row_inner][vc_column_inner column_width_percent=&#8221;100&#8243; gutter_size=&#8221;3&#8243; expand_height=&#8221;yes&#8221; overlay_alpha=&#8221;50&#8243; border_color=&#8221;accent&#8221; border_style=&#8221;solid&#8221; shift_x=&#8221;0&#8243; shift_y=&#8221;0&#8243; shift_y_down=&#8221;0&#8243; z_index=&#8221;0&#8243; medium_width=&#8221;0&#8243; mobile_width=&#8221;0&#8243; css_animation=&#8221;left-t-right&#8221; animation_delay=&#8221;200&#8243; width=&#8221;1\/2&#8243; uncode_shortcode_id=&#8221;207029&#8243; css=&#8221;.vc_custom_1643324538990{border-top-width: 1px !important;border-right-width: 1px !important;border-bottom-width: 1px !important;border-left-width: 1px !important;padding-top: 20px !important;padding-right: 20px !important;padding-bottom: 20px !important;padding-left: 20px !important;}&#8221; border_color_type=&#8221;uncode-palette&#8221;][uncode_list icon=&#8221;fa fa-dot-circle-o&#8221; icon_color=&#8221;accent&#8221; uncode_shortcode_id=&#8221;164948&#8243; icon_color_type=&#8221;uncode-palette&#8221;]<\/p>\n<ul style=\"text-align: justify;\">\n<li>Informacija yra slapta jeigu ji, kaip visuma, arba tiksli jos sud\u0117tis ir sudedam\u0173j\u0173 dali\u0173 konfig\u016bracija apskritai ne\u017einoma arba jos negalima lengvai gauti toje aplinkoje, kurioje paprastai dirbama su tokia informacija.<\/li>\n<li>Informacija turi tikr\u0105 ar potenciali\u0105 komercin\u0119 vert\u0119, nes yra slapta.<\/li>\n<\/ul>\n<p>[\/uncode_list][\/vc_column_inner][vc_column_inner column_width_percent=&#8221;100&#8243; gutter_size=&#8221;3&#8243; expand_height=&#8221;yes&#8221; overlay_alpha=&#8221;50&#8243; border_color=&#8221;accent&#8221; border_style=&#8221;solid&#8221; shift_x=&#8221;0&#8243; shift_y=&#8221;0&#8243; shift_y_down=&#8221;0&#8243; z_index=&#8221;0&#8243; medium_width=&#8221;0&#8243; mobile_width=&#8221;0&#8243; css_animation=&#8221;left-t-right&#8221; animation_delay=&#8221;100&#8243; width=&#8221;1\/2&#8243; uncode_shortcode_id=&#8221;109438&#8243; css=&#8221;.vc_custom_1643324530178{border-top-width: 1px !important;border-right-width: 1px !important;border-bottom-width: 1px !important;border-left-width: 1px !important;padding-top: 20px !important;padding-right: 20px !important;padding-bottom: 20px !important;padding-left: 20px !important;}&#8221; border_color_type=&#8221;uncode-palette&#8221;][uncode_list icon=&#8221;fa fa-dot-circle-o&#8221; icon_color=&#8221;accent&#8221; uncode_shortcode_id=&#8221;131702&#8243; icon_color_type=&#8221;uncode-palette&#8221;]<\/p>\n<ul style=\"text-align: justify;\">\n<li>Informacij\u0105 teis\u0117tai valdantis asmuo imasi pagr\u012fst\u0173 veiksm\u0173, atsi\u017evelgdamas \u012f aplinkybes, kad j\u0105 i\u0161laikyt\u0173 slapt\u0105.<\/li>\n<li>Komercin\u0117s paslaptys gali apimti \u012fvairi\u0105 informacij\u0105 ir praktin\u0119 patirt\u012f. Komercin\u0117mis paslaptimis laikoma tiek chemini\u0173 jungini\u0173 formul\u0117s ar gamybos procesai, tiek klient\u0173 ar tiek\u0117j\u0173 s\u0105ra\u0161ai, naujo produkto kaina, dar nepaskelbtas ir neregistruotas preki\u0173 \u017eenklas.<\/li>\n<\/ul>\n<p>[\/uncode_list][\/vc_column_inner][\/vc_row_inner][\/vc_column][\/vc_row][vc_row row_height_percent=&#8221;0&#8243; override_padding=&#8221;yes&#8221; h_padding=&#8221;2&#8243; top_padding=&#8221;3&#8243; bottom_padding=&#8221;3&#8243; back_color=&#8221;color-781555&#8243; overlay_alpha=&#8221;50&#8243; gutter_size=&#8221;3&#8243; column_width_percent=&#8221;100&#8243; shift_y=&#8221;0&#8243; z_index=&#8221;0&#8243; uncode_shortcode_id=&#8221;180798&#8243; back_color_type=&#8221;uncode-palette&#8221; row_name=&#8221;komerciniu-paslapciu-apsauga&#8221;][vc_column column_width_percent=&#8221;100&#8243; gutter_size=&#8221;3&#8243; overlay_alpha=&#8221;50&#8243; shift_x=&#8221;0&#8243; shift_y=&#8221;0&#8243; shift_y_down=&#8221;0&#8243; z_index=&#8221;0&#8243; medium_width=&#8221;0&#8243; mobile_width=&#8221;0&#8243; width=&#8221;1\/1&#8243; uncode_shortcode_id=&#8221;404629&#8243;][vc_custom_heading heading_semantic=&#8221;p&#8221; text_size=&#8221;fontsize-160000&#8243; text_weight=&#8221;700&#8243; text_height=&#8221;fontheight-179065&#8243; uncode_shortcode_id=&#8221;528673&#8243;]Komercini\u0173 paslap\u010di\u0173 apsauga[\/vc_custom_heading][vc_row_inner][vc_column_inner column_width_percent=&#8221;100&#8243; gutter_size=&#8221;3&#8243; expand_height=&#8221;yes&#8221; back_color=&#8221;color-xsdn&#8221; overlay_alpha=&#8221;50&#8243; border_color=&#8221;accent&#8221; border_style=&#8221;solid&#8221; shift_x=&#8221;0&#8243; shift_y=&#8221;0&#8243; shift_y_down=&#8221;0&#8243; z_index=&#8221;0&#8243; medium_width=&#8221;0&#8243; mobile_width=&#8221;0&#8243; css_animation=&#8221;left-t-right&#8221; animation_delay=&#8221;100&#8243; width=&#8221;1\/1&#8243; uncode_shortcode_id=&#8221;198858&#8243; back_color_type=&#8221;uncode-palette&#8221; css=&#8221;.vc_custom_1643324752248{border-top-width: 1px !important;border-right-width: 1px !important;border-bottom-width: 1px !important;border-left-width: 1px !important;padding-top: 20px !important;padding-right: 20px !important;padding-bottom: 20px !important;padding-left: 20px !important;}&#8221; border_color_type=&#8221;uncode-palette&#8221;][uncode_list icon=&#8221;fa fa-dot-circle-o&#8221; icon_color=&#8221;accent&#8221; uncode_shortcode_id=&#8221;691427&#8243; icon_color_type=&#8221;uncode-palette&#8221;]<\/p>\n<ul style=\"text-align: justify;\">\n<li>Komercin\u0117s paslaptys n\u0117ra registruojamos. Komercini\u0173 paslap\u010di\u0173 apsaugai n\u0117ra laiko apribojim\u0173. Komercin\u0117s paslaptys nesukuria j\u0173 tur\u0117tojams i\u0161imtini\u0173 teisi\u0173.<\/li>\n<li>Komercin\u0117s paslaptys saugomos nuo neteis\u0117to gavimo, naudojimo ir atskleidimo. Teis\u0117tai atskleista komercin\u0117 paslaptis praranda teisin\u0119 apsaug\u0105. U\u017e neteis\u0117t\u0105 komercin\u0117s paslapties gavim\u0105, naudojim\u0105 ar atskleidim\u0105 gali b\u016bti taikoma civilin\u0117 atsakomyb\u0117, drausmin\u0117 (materialin\u0117) atsakomyb\u0117 ir baud\u017eiamoji atsakomyb\u0117.<\/li>\n<li>Komercini\u0173 paslap\u010di\u0173 tur\u0117tojo civilinius teisi\u0173 gynimo b\u016bdus komercin\u0117s paslapties neteis\u0117to gavimo, naudojimo ar atskleidimo atvejais nustato Lietuvos Respublikos komercini\u0173 paslap\u010di\u0173 teisin\u0117s apsaugos \u012fstatymas.<\/li>\n<\/ul>\n<p>[\/uncode_list][\/vc_column_inner][\/vc_row_inner][\/vc_column][\/vc_row][vc_row row_height_percent=&#8221;0&#8243; override_padding=&#8221;yes&#8221; h_padding=&#8221;2&#8243; top_padding=&#8221;3&#8243; bottom_padding=&#8221;3&#8243; overlay_alpha=&#8221;50&#8243; gutter_size=&#8221;3&#8243; column_width_percent=&#8221;100&#8243; shift_y=&#8221;0&#8243; z_index=&#8221;0&#8243; uncode_shortcode_id=&#8221;854334&#8243; row_name=&#8221;komerciniu-paslapciu-turetoju-teises-ir-ju-gynimas&#8221;][vc_column column_width_percent=&#8221;100&#8243; gutter_size=&#8221;3&#8243; overlay_alpha=&#8221;50&#8243; shift_x=&#8221;0&#8243; shift_y=&#8221;0&#8243; shift_y_down=&#8221;0&#8243; z_index=&#8221;0&#8243; medium_width=&#8221;0&#8243; mobile_width=&#8221;0&#8243; width=&#8221;1\/1&#8243; uncode_shortcode_id=&#8221;111194&#8243;][vc_custom_heading heading_semantic=&#8221;p&#8221; text_size=&#8221;fontsize-160000&#8243; text_weight=&#8221;700&#8243; text_height=&#8221;fontheight-179065&#8243; uncode_shortcode_id=&#8221;349426&#8243;]Komercini\u0173 paslap\u010di\u0173 tur\u0117toj\u0173 teis\u0117s ir j\u0173 gynimas[\/vc_custom_heading][vc_column_text text_lead=&#8221;yes&#8221; uncode_shortcode_id=&#8221;203270&#8243; css=&#8221;.vc_custom_1651222960803{margin-top: 20px !important;margin-bottom: -10px !important;}&#8221;]<\/p>\n<p style=\"text-align: justify;\">Komercini\u0173 paslap\u010di\u0173 apsauga gali b\u016bti taikoma, kol informacija atitinka komercinei paslap\u010diai keliamus reikalavimus (slaptumas, komercin\u0117 vert\u0117 ir pagr\u012fstos pastangos j\u0105 apsaugoti).<\/p>\n<p style=\"text-align: justify;\">Komercin\u0117s paslapties neteis\u0117to gavimo, naudojimo ar atskleidimo atveju komercin\u0117s paslapties tur\u0117tojas turi teis\u0119 Civilinio proceso kodekso nustatyta tvarka kreiptis \u012f teism\u0105 d\u0117l teisi\u0173 gynimo ir reikalauti (savaranki\u0161kas tapa\u010dios informacijos suk\u016brimas laikytinas nepa\u017eeid\u017eian\u010diu komercin\u0117s paslapties savininko teisi\u0173):<\/p>\n<p>[\/vc_column_text][vc_row_inner][vc_column_inner column_width_percent=&#8221;100&#8243; gutter_size=&#8221;3&#8243; expand_height=&#8221;yes&#8221; overlay_alpha=&#8221;50&#8243; border_color=&#8221;accent&#8221; border_style=&#8221;solid&#8221; shift_x=&#8221;0&#8243; shift_y=&#8221;0&#8243; shift_y_down=&#8221;0&#8243; z_index=&#8221;0&#8243; medium_width=&#8221;0&#8243; mobile_width=&#8221;0&#8243; css_animation=&#8221;left-t-right&#8221; animation_delay=&#8221;200&#8243; width=&#8221;1\/2&#8243; uncode_shortcode_id=&#8221;207029&#8243; css=&#8221;.vc_custom_1643324538990{border-top-width: 1px !important;border-right-width: 1px !important;border-bottom-width: 1px !important;border-left-width: 1px !important;padding-top: 20px !important;padding-right: 20px !important;padding-bottom: 20px !important;padding-left: 20px !important;}&#8221; border_color_type=&#8221;uncode-palette&#8221;][uncode_list icon=&#8221;fa fa-dot-circle-o&#8221; icon_color=&#8221;accent&#8221; uncode_shortcode_id=&#8221;163550&#8243; icon_color_type=&#8221;uncode-palette&#8221;]<\/p>\n<ul style=\"text-align: justify;\">\n<li>nutraukti arba u\u017edrausti komercin\u0117s paslapties naudojim\u0105 ar atskleidim\u0105;<\/li>\n<li>u\u017edrausti gaminti, si\u016blyti, teikti rinkai ar naudoti su komercin\u0117s paslapties pa\u017eeidimu susijusias prekes arba jas importuoti, eksportuoti ar saugoti \u0161iais tikslais;<\/li>\n<li>at\u0161aukti i\u0161 rinkos su komercin\u0117s paslapties pa\u017eeidimu susijusias prekes;<\/li>\n<li>pa\u0161alinti su komercin\u0117s paslapties pa\u017eeidimu susijusi\u0173 preki\u0173 savyb\u0119, d\u0117l kurios pa\u017eeid\u017eiama komercin\u0117 paslaptis;<\/li>\n<\/ul>\n<p>[\/uncode_list][\/vc_column_inner][vc_column_inner column_width_percent=&#8221;100&#8243; gutter_size=&#8221;3&#8243; expand_height=&#8221;yes&#8221; overlay_alpha=&#8221;50&#8243; border_color=&#8221;accent&#8221; border_style=&#8221;solid&#8221; shift_x=&#8221;0&#8243; shift_y=&#8221;0&#8243; shift_y_down=&#8221;0&#8243; z_index=&#8221;0&#8243; medium_width=&#8221;0&#8243; mobile_width=&#8221;0&#8243; css_animation=&#8221;left-t-right&#8221; animation_delay=&#8221;100&#8243; width=&#8221;1\/2&#8243; uncode_shortcode_id=&#8221;109438&#8243; css=&#8221;.vc_custom_1643324530178{border-top-width: 1px !important;border-right-width: 1px !important;border-bottom-width: 1px !important;border-left-width: 1px !important;padding-top: 20px !important;padding-right: 20px !important;padding-bottom: 20px !important;padding-left: 20px !important;}&#8221; border_color_type=&#8221;uncode-palette&#8221;][uncode_list icon=&#8221;fa fa-dot-circle-o&#8221; icon_color=&#8221;accent&#8221; uncode_shortcode_id=&#8221;651390&#8243; icon_color_type=&#8221;uncode-palette&#8221;]<\/p>\n<ul style=\"text-align: justify;\">\n<li>sunaikinti su komercin\u0117s paslapties pa\u017eeidimu susijusias prekes arba jas pa\u0161alinti i\u0161 rinkos, jeigu pa\u0161alinimu nepa\u017eeid\u017eiama komercin\u0117s paslapties apsauga;<\/li>\n<li>sunaikinti visus arba dal\u012f dokument\u0173, objekt\u0173, med\u017eiag\u0173 ar elektronini\u0173 byl\u0173, kuriuose yra arba kurie patys yra komercin\u0117 paslaptis, arba pateikti komercin\u0117s paslapties tur\u0117tojui visus arba dal\u012f \u0161i\u0173 dokument\u0173, objekt\u0173, med\u017eiag\u0173 ar elektronini\u0173 byl\u0173;<\/li>\n<li>atlyginti turtin\u0119 ir neturtin\u0119 \u017eal\u0105.<\/li>\n<\/ul>\n<p>[\/uncode_list][\/vc_column_inner][\/vc_row_inner][\/vc_column][\/vc_row][vc_row row_height_percent=&#8221;0&#8243; override_padding=&#8221;yes&#8221; h_padding=&#8221;2&#8243; top_padding=&#8221;3&#8243; bottom_padding=&#8221;3&#8243; back_color=&#8221;color-781555&#8243; overlay_alpha=&#8221;50&#8243; gutter_size=&#8221;3&#8243; column_width_percent=&#8221;100&#8243; shift_y=&#8221;0&#8243; z_index=&#8221;0&#8243; uncode_shortcode_id=&#8221;197331&#8243; back_color_type=&#8221;uncode-palette&#8221; row_name=&#8221;gincu-nagrinejimo-tvarka&#8221;][vc_column column_width_percent=&#8221;100&#8243; gutter_size=&#8221;3&#8243; overlay_alpha=&#8221;50&#8243; shift_x=&#8221;0&#8243; shift_y=&#8221;0&#8243; shift_y_down=&#8221;0&#8243; z_index=&#8221;0&#8243; medium_width=&#8221;0&#8243; mobile_width=&#8221;0&#8243; width=&#8221;1\/1&#8243; uncode_shortcode_id=&#8221;142455&#8243;][vc_custom_heading heading_semantic=&#8221;p&#8221; text_size=&#8221;fontsize-160000&#8243; text_weight=&#8221;700&#8243; text_height=&#8221;fontheight-179065&#8243; uncode_shortcode_id=&#8221;192128&#8243;]Gin\u010d\u0173 nagrin\u0117jimo tvarka[\/vc_custom_heading][vc_column_text text_lead=&#8221;yes&#8221; uncode_shortcode_id=&#8221;183189&#8243; css=&#8221;.vc_custom_1651222988986{margin-top: 20px !important;margin-bottom: -10px !important;}&#8221;]<\/p>\n<p style=\"text-align: justify;\">Gin\u010dai, susij\u0119 su komercin\u0117mis paslaptimis, gali b\u016bti nagrin\u0117jami: <em>ikiteismine gin\u010d\u0173 nagrin\u0117jimo tvarka, pirmosios instancijos teisme, alternatyviais gin\u010d\u0173 sprendimo b\u016bdais<\/em>. U\u017e neteis\u0117t\u0105 komercin\u0117s paslapties gavim\u0105, naudojim\u0105 ar atskleidim\u0105 gali b\u016bti taikoma civilin\u0117, administracin\u0117 arba baud\u017eiamoji atsakomyb\u0117.<\/p>\n<p>[\/vc_column_text][vc_row_inner row_inner_height_percent=&#8221;0&#8243; overlay_alpha=&#8221;50&#8243; gutter_size=&#8221;2&#8243; shift_y=&#8221;0&#8243; z_index=&#8221;0&#8243; uncode_shortcode_id=&#8221;202447&#8243; css=&#8221;.vc_custom_1643325382607{padding-top: 30px !important;}&#8221; el_class=&#8221;pakelimas-ikonos&#8221;][vc_column_inner column_width_percent=&#8221;100&#8243; align_horizontal=&#8221;align_center&#8221; gutter_size=&#8221;3&#8243; expand_height=&#8221;yes&#8221; back_color=&#8221;color-xsdn&#8221; overlay_alpha=&#8221;50&#8243; shift_x=&#8221;0&#8243; shift_y=&#8221;0&#8243; shift_y_down=&#8221;0&#8243; shift_y_down_fixed=&#8221;yes&#8221; z_index=&#8221;0&#8243; medium_width=&#8221;0&#8243; mobile_width=&#8221;0&#8243; css_animation=&#8221;bottom-t-top&#8221; animation_delay=&#8221;300&#8243; radius=&#8221;sm&#8221; shadow=&#8221;xs&#8221; width=&#8221;1\/3&#8243; uncode_shortcode_id=&#8221;130727&#8243; back_color_type=&#8221;uncode-palette&#8221; css=&#8221;.vc_custom_1643325375130{padding-top: 0px !important;padding-right: 20px !important;padding-bottom: 20px !important;padding-left: 20px !important;}&#8221;][vc_icon icon_image=&#8221;104678&#8243; icon_color=&#8221;accent&#8221; media_size=&#8221;100&#8243; text_size=&#8221;h4&#8243; no_hover=&#8221;&#8221; uncode_shortcode_id=&#8221;638911&#8243; icon_color_type=&#8221;uncode-palette&#8221; title=&#8221;Ikiteismin\u0117 gin\u010d\u0173 nagrin\u0117jimo tvarka&#8221;]<\/p>\n<p style=\"text-align: justify;\">Komercin\u0117s paslapties tur\u0117tojas gali kreiptis \u012f komercin\u0119 paslapt\u012f neteis\u0117tai gavus\u012f, naudojus\u012f ar atskleidus\u012f asmen\u012f (t.\u202fy. pateikti pretenzij\u0105) prie\u0161 kreipdamasis d\u0117l teisi\u0173 gynimo \u012f teism\u0105. Tokia gin\u010d\u0173 nagrin\u0117jimo tvarka n\u0117ra privaloma.<\/p>\n<p>[\/vc_icon][\/vc_column_inner][vc_column_inner column_width_percent=&#8221;100&#8243; align_horizontal=&#8221;align_center&#8221; gutter_size=&#8221;3&#8243; expand_height=&#8221;yes&#8221; back_color=&#8221;color-xsdn&#8221; overlay_alpha=&#8221;50&#8243; shift_x=&#8221;0&#8243; shift_y=&#8221;0&#8243; shift_y_down=&#8221;0&#8243; z_index=&#8221;0&#8243; medium_width=&#8221;0&#8243; mobile_width=&#8221;0&#8243; css_animation=&#8221;bottom-t-top&#8221; animation_delay=&#8221;200&#8243; radius=&#8221;sm&#8221; shadow=&#8221;xs&#8221; width=&#8221;1\/3&#8243; uncode_shortcode_id=&#8221;140477&#8243; back_color_type=&#8221;uncode-palette&#8221; css=&#8221;.vc_custom_1642584540817{padding-top: 0px !important;padding-right: 20px !important;padding-bottom: 20px !important;padding-left: 20px !important;}&#8221;][vc_icon icon_image=&#8221;104778&#8243; icon_color=&#8221;accent&#8221; media_size=&#8221;100&#8243; text_size=&#8221;h4&#8243; no_hover=&#8221;&#8221; uncode_shortcode_id=&#8221;161582&#8243; icon_color_type=&#8221;uncode-palette&#8221; title=&#8221;Pirmosios instancijos teisme&#8221;]<\/p>\n<p style=\"text-align: justify;\">Gin\u010dai nagrin\u0117jami pateikus ie\u0161kin\u012f apylink\u0117s ar apygardos teismui pagal bendr\u0105sias civilini\u0173 byl\u0173 teismingumo taisykles.<\/p>\n<p>[\/vc_icon][\/vc_column_inner][vc_column_inner column_width_percent=&#8221;100&#8243; align_horizontal=&#8221;align_center&#8221; gutter_size=&#8221;3&#8243; expand_height=&#8221;yes&#8221; back_color=&#8221;color-xsdn&#8221; overlay_alpha=&#8221;50&#8243; shift_x=&#8221;0&#8243; shift_y=&#8221;0&#8243; shift_y_down=&#8221;0&#8243; z_index=&#8221;0&#8243; medium_width=&#8221;0&#8243; mobile_width=&#8221;0&#8243; css_animation=&#8221;bottom-t-top&#8221; animation_delay=&#8221;100&#8243; radius=&#8221;sm&#8221; shadow=&#8221;xs&#8221; width=&#8221;1\/3&#8243; uncode_shortcode_id=&#8221;176162&#8243; back_color_type=&#8221;uncode-palette&#8221; css=&#8221;.vc_custom_1642584547100{padding-top: 0px !important;padding-right: 20px !important;padding-bottom: 20px !important;padding-left: 20px !important;}&#8221;][vc_icon icon_image=&#8221;104777&#8243; icon_color=&#8221;accent&#8221; media_size=&#8221;100&#8243; text_size=&#8221;h4&#8243; no_hover=&#8221;&#8221; uncode_shortcode_id=&#8221;175140&#8243; icon_color_type=&#8221;uncode-palette&#8221; title=&#8221;Alternatyv\u016bs gin\u010d\u0173 sprendimai&#8221;]<\/p>\n<p style=\"text-align: justify;\">Pavyzd\u017eiui, gali b\u016bti vykdoma mediacija, vadovaujantis Lietuvos Respublikos mediacijos \u012fstatymu. Taip pat gin\u010dui d\u0117l komercin\u0117s paslapties gali b\u016bti taikomas komercinis arbitra\u017eas pagal Lietuvos Respublikos komercinio arbitra\u017eo \u012fstatym\u0105. Tokia gin\u010d\u0173 nagrin\u0117jimo tvarka n\u0117ra privaloma.<\/p>\n<p>[\/vc_icon][\/vc_column_inner][\/vc_row_inner][\/vc_column][\/vc_row]<\/p>\n","protected":false},"excerpt":{"rendered":"<p>[vc_row unlock_row_content=&#8221;yes&#8221; row_height_percent=&#8221;0&#8243; back_image=&#8221;104068&#8243; overlay_alpha=&#8221;50&#8243; gutter_size=&#8221;3&#8243; column_width_percent=&#8221;100&#8243; shift_y=&#8221;0&#8243; z_index=&#8221;0&#8243; uncode_shortcode_id=&#8221;151403&#8243; row_height_pixel=&#8221;350&#8243; back_size=&#8221;cover&#8221; overlay_color_type=&#8221;uncode-solid&#8221; overlay_color_solid=&#8221;#112911&#8243;][vc_column column_width_percent=&#8221;100&#8243; position_vertical=&#8221;middle&#8221; align_horizontal=&#8221;align_center&#8221; gutter_size=&#8221;3&#8243; style=&#8221;dark&#8221; overlay_alpha=&#8221;50&#8243; [&hellip;]<\/p>\n","protected":false},"author":1,"featured_media":0,"parent":0,"menu_order":0,"comment_status":"closed","ping_status":"closed","template":"","meta":{"footnotes":""},"class_list":["post-103632","page","type-page","status-publish","hentry","page_category-komercines-paslaptys"],"_links":{"self":[{"href":"https:\/\/ainisdev.eu\/intelektine\/wp-json\/wp\/v2\/pages\/103632","targetHints":{"allow":["GET"]}}],"collection":[{"href":"https:\/\/ainisdev.eu\/intelektine\/wp-json\/wp\/v2\/pages"}],"about":[{"href":"https:\/\/ainisdev.eu\/intelektine\/wp-json\/wp\/v2\/types\/page"}],"author":[{"embeddable":true,"href":"https:\/\/ainisdev.eu\/intelektine\/wp-json\/wp\/v2\/users\/1"}],"replies":[{"embeddable":true,"href":"https:\/\/ainisdev.eu\/intelektine\/wp-json\/wp\/v2\/comments?post=103632"}],"version-history":[{"count":5,"href":"https:\/\/ainisdev.eu\/intelektine\/wp-json\/wp\/v2\/pages\/103632\/revisions"}],"predecessor-version":[{"id":106018,"href":"https:\/\/ainisdev.eu\/intelektine\/wp-json\/wp\/v2\/pages\/103632\/revisions\/106018"}],"wp:attachment":[{"href":"https:\/\/ainisdev.eu\/intelektine\/wp-json\/wp\/v2\/media?parent=103632"}],"curies":[{"name":"wp","href":"https:\/\/api.w.org\/{rel}","templated":true}]}}