{"id":103630,"date":"2021-12-28T15:40:56","date_gmt":"2021-12-28T13:40:56","guid":{"rendered":"https:\/\/ainisdev.eu\/intelektine\/?page_id=103630"},"modified":"2023-09-18T14:11:09","modified_gmt":"2023-09-18T11:11:09","slug":"juridinio-asmens-pavadinimas","status":"publish","type":"page","link":"https:\/\/ainisdev.eu\/intelektine\/juridinio-asmens-pavadinimas\/","title":{"rendered":"Juridinio asmens pavadinimas"},"content":{"rendered":"<p>[vc_row unlock_row_content=&#8221;yes&#8221; row_height_percent=&#8221;0&#8243; back_image=&#8221;104068&#8243; overlay_alpha=&#8221;50&#8243; gutter_size=&#8221;3&#8243; column_width_percent=&#8221;100&#8243; shift_y=&#8221;0&#8243; z_index=&#8221;0&#8243; uncode_shortcode_id=&#8221;151403&#8243; row_height_pixel=&#8221;350&#8243; back_size=&#8221;cover&#8221; overlay_color_type=&#8221;uncode-solid&#8221; overlay_color_solid=&#8221;#112911&#8243;][vc_column column_width_percent=&#8221;100&#8243; position_vertical=&#8221;middle&#8221; align_horizontal=&#8221;align_center&#8221; gutter_size=&#8221;3&#8243; style=&#8221;dark&#8221; overlay_alpha=&#8221;50&#8243; shift_x=&#8221;0&#8243; shift_y=&#8221;0&#8243; shift_y_down=&#8221;0&#8243; z_index=&#8221;0&#8243; medium_width=&#8221;0&#8243; mobile_width=&#8221;0&#8243; width=&#8221;1\/1&#8243; uncode_shortcode_id=&#8221;128755&#8243;][vc_custom_heading heading_semantic=&#8221;p&#8221; text_size=&#8221;fontsize-338686&#8243; text_weight=&#8221;700&#8243; text_transform=&#8221;uppercase&#8221; text_height=&#8221;fontheight-179065&#8243; uncode_shortcode_id=&#8221;106360&#8243;]Juridinio asmens pavadinimas[\/vc_custom_heading][\/vc_column][\/vc_row][vc_row][vc_column width=&#8221;1\/1&#8243;][vc_custom_heading heading_semantic=&#8221;p&#8221; text_size=&#8221;fontsize-455505&#8243; text_height=&#8221;fontheight-179065&#8243; uncode_shortcode_id=&#8221;139340&#8243;]Nemokamos konsultacijos intelektin\u0117s nuosavyb\u0117s klausimais[\/vc_custom_heading][vc_column_text text_lead=&#8221;yes&#8221; uncode_shortcode_id=&#8221;755378&#8243; css=&#8221;.vc_custom_1677492261868{margin-top: 20px !important;}&#8221;]<strong>Turite su intelektine nuosavybe susijusi\u0173 klausim\u0173?<\/strong>[\/vc_column_text][vc_button border_animation=&#8221;btn-ripple-out&#8221; hover_fx=&#8221;outlined&#8221; border_width=&#8221;0&#8243; icon_position=&#8221;right&#8221; link=&#8221;url:https%3A%2F%2Fainisdev.eu%2Fintelektine%2Fkonsultacijos%2F&#8221; button_color_type=&#8221;uncode-solid&#8221; uncode_shortcode_id=&#8221;132613&#8243; icon=&#8221;fa fa-arrow-right-thick&#8221; button_color_solid=&#8221;#f79800&#8243;]Kreipkit\u0117s konsultacijai[\/vc_button][\/vc_column][\/vc_row][vc_row row_height_percent=&#8221;0&#8243; override_padding=&#8221;yes&#8221; h_padding=&#8221;2&#8243; top_padding=&#8221;3&#8243; bottom_padding=&#8221;3&#8243; overlay_alpha=&#8221;50&#8243; gutter_size=&#8221;3&#8243; column_width_percent=&#8221;100&#8243; shift_y=&#8221;0&#8243; z_index=&#8221;0&#8243; uncode_shortcode_id=&#8221;199277&#8243; row_name=&#8221;kas-yra-juridinio-asmens-pavadinimas&#8221;][vc_column column_width_percent=&#8221;100&#8243; gutter_size=&#8221;3&#8243; overlay_alpha=&#8221;50&#8243; shift_x=&#8221;0&#8243; shift_y=&#8221;0&#8243; shift_y_down=&#8221;0&#8243; z_index=&#8221;0&#8243; medium_width=&#8221;0&#8243; mobile_width=&#8221;0&#8243; width=&#8221;1\/1&#8243; uncode_shortcode_id=&#8221;113187&#8243;][vc_custom_heading heading_semantic=&#8221;p&#8221; text_size=&#8221;fontsize-160000&#8243; text_weight=&#8221;700&#8243; text_height=&#8221;fontheight-179065&#8243; uncode_shortcode_id=&#8221;193119&#8243;]Kas yra juridinio asmens pavadinimas?[\/vc_custom_heading][vc_row_inner row_inner_height_percent=&#8221;0&#8243; overlay_alpha=&#8221;50&#8243; gutter_size=&#8221;3&#8243; shift_y=&#8221;0&#8243; z_index=&#8221;0&#8243; uncode_shortcode_id=&#8221;130658&#8243;][vc_column_inner column_width_percent=&#8221;100&#8243; position_vertical=&#8221;middle&#8221; gutter_size=&#8221;3&#8243; back_color=&#8221;color-xsdn&#8221; overlay_alpha=&#8221;50&#8243; shift_x=&#8221;0&#8243; shift_y=&#8221;0&#8243; shift_y_down=&#8221;0&#8243; z_index=&#8221;0&#8243; medium_width=&#8221;0&#8243; mobile_width=&#8221;0&#8243; css_animation=&#8221;zoom-in&#8221; animation_delay=&#8221;100&#8243; radius=&#8221;sm&#8221; shadow=&#8221;xs&#8221; width=&#8221;1\/1&#8243; uncode_shortcode_id=&#8221;134925&#8243; back_color_type=&#8221;uncode-palette&#8221; css=&#8221;.vc_custom_1643323980472{padding-top: 20px !important;padding-right: 20px !important;padding-bottom: 20px !important;padding-left: 20px !important;}&#8221;][vc_column_text text_lead=&#8221;yes&#8221; uncode_shortcode_id=&#8221;704159&#8243; css=&#8221;.vc_custom_1651222264991{margin-top: 20px !important;}&#8221;]<\/p>\n<p style=\"text-align: justify;\"><strong>Juridinio asmens pavadinimas<\/strong> \u2013 juridin\u012f asmen\u012f identifikuojantis ir nuo kit\u0173 juridini\u0173 asmen\u0173 atskiriantis po\u017eymis. Juridinio asmens pavadinimas atskirai neregistruojamas ir yra saugomas nuo tos dienos, kai Juridini\u0173 asmen\u0173 registrui pateikiamas pra\u0161ymas \u012fregistruoti juridin\u012f asmen\u012f.<\/p>\n<p>[\/vc_column_text][\/vc_column_inner][\/vc_row_inner][\/vc_column][\/vc_row][vc_row row_height_percent=&#8221;0&#8243; override_padding=&#8221;yes&#8221; h_padding=&#8221;2&#8243; top_padding=&#8221;3&#8243; bottom_padding=&#8221;3&#8243; back_color=&#8221;color-781555&#8243; overlay_alpha=&#8221;50&#8243; gutter_size=&#8221;3&#8243; column_width_percent=&#8221;100&#8243; shift_y=&#8221;0&#8243; z_index=&#8221;0&#8243; uncode_shortcode_id=&#8221;461346&#8243; back_color_type=&#8221;uncode-palette&#8221; row_name=&#8221;reikalavimai-keliami-juridinio-asmens-pavadinimui&#8221;][vc_column column_width_percent=&#8221;100&#8243; gutter_size=&#8221;3&#8243; overlay_alpha=&#8221;50&#8243; shift_x=&#8221;0&#8243; shift_y=&#8221;0&#8243; shift_y_down=&#8221;0&#8243; z_index=&#8221;0&#8243; medium_width=&#8221;0&#8243; mobile_width=&#8221;0&#8243; width=&#8221;1\/1&#8243; uncode_shortcode_id=&#8221;144514&#8243;][vc_custom_heading heading_semantic=&#8221;p&#8221; text_size=&#8221;fontsize-160000&#8243; text_weight=&#8221;700&#8243; text_height=&#8221;fontheight-179065&#8243; uncode_shortcode_id=&#8221;642696&#8243;]Reikalavimai, keliami juridinio asmens pavadinimui[\/vc_custom_heading][vc_row_inner row_inner_height_percent=&#8221;0&#8243; overlay_alpha=&#8221;50&#8243; gutter_size=&#8221;3&#8243; shift_y=&#8221;0&#8243; z_index=&#8221;0&#8243; uncode_shortcode_id=&#8221;162747&#8243; el_class=&#8221;ikonos-desne&#8221;][vc_column_inner column_width_percent=&#8221;100&#8243; position_vertical=&#8221;middle&#8221; align_horizontal=&#8221;align_center&#8221; gutter_size=&#8221;3&#8243; expand_height=&#8221;yes&#8221; back_color=&#8221;color-xsdn&#8221; overlay_alpha=&#8221;50&#8243; border_color=&#8221;accent&#8221; border_style=&#8221;solid&#8221; shift_x=&#8221;0&#8243; shift_y=&#8221;0&#8243; shift_y_down=&#8221;0&#8243; z_index=&#8221;0&#8243; medium_width=&#8221;0&#8243; mobile_width=&#8221;0&#8243; css_animation=&#8221;left-t-right&#8221; animation_delay=&#8221;300&#8243; width=&#8221;1\/3&#8243; uncode_shortcode_id=&#8221;124504&#8243; css=&#8221;.vc_custom_1650963670744{border-top-width: 1px !important;border-right-width: 1px !important;border-bottom-width: 1px !important;border-left-width: 1px !important;padding-top: 20px !important;padding-right: 20px !important;padding-bottom: 20px !important;padding-left: 20px !important;}&#8221; border_color_type=&#8221;uncode-palette&#8221; back_color_type=&#8221;uncode-palette&#8221;][vc_icon icon_image=&#8221;104679&#8243; media_size=&#8221;100&#8243; text_size=&#8221;h4&#8243; no_hover=&#8221;&#8221; uncode_shortcode_id=&#8221;148642&#8243;]<\/p>\n<p style=\"text-align: justify;\">Juridinio asmens pavadinimas atskirai neregistruojamas ir yra saugomas nuo tos dienos, kai Juridini\u0173 asmen\u0173 registrui pateikiamas pra\u0161ymas \u012fregistruoti juridin\u012f asmen\u012f. Ta\u010diau juridinio asmens steig\u0117jai gali kreiptis \u012f Juridini\u0173 asmen\u0173 registr\u0105 (toliau \u2013 JAR) d\u0117l steigiamo juridinio asmens pavadinimo laikino \u012ftraukimo \u012f JAR. Steigiamo juridinio asmens pavadinimas \u012ftraukiamas \u012f JAR \u0161e\u0161iems m\u0117nesiams ir \u0161iam terminui pasibaigus i\u0161braukiamas neprane\u0161us apie tai juridinio asmens steig\u0117jams.<\/p>\n<p>[\/vc_icon][\/vc_column_inner][vc_column_inner column_width_percent=&#8221;100&#8243; position_vertical=&#8221;middle&#8221; align_horizontal=&#8221;align_center&#8221; gutter_size=&#8221;3&#8243; expand_height=&#8221;yes&#8221; back_color=&#8221;color-xsdn&#8221; overlay_alpha=&#8221;50&#8243; border_color=&#8221;accent&#8221; border_style=&#8221;solid&#8221; shift_x=&#8221;0&#8243; shift_y=&#8221;0&#8243; shift_y_down=&#8221;0&#8243; z_index=&#8221;0&#8243; medium_width=&#8221;0&#8243; mobile_width=&#8221;0&#8243; css_animation=&#8221;left-t-right&#8221; animation_delay=&#8221;200&#8243; width=&#8221;1\/3&#8243; uncode_shortcode_id=&#8221;174902&#8243; css=&#8221;.vc_custom_1650963675778{border-top-width: 1px !important;border-right-width: 1px !important;border-bottom-width: 1px !important;border-left-width: 1px !important;padding-top: 20px !important;padding-right: 20px !important;padding-bottom: 20px !important;padding-left: 20px !important;}&#8221; border_color_type=&#8221;uncode-palette&#8221; back_color_type=&#8221;uncode-palette&#8221;][vc_icon icon_image=&#8221;104773&#8243; media_size=&#8221;100&#8243; text_size=&#8221;h4&#8243; no_hover=&#8221;&#8221; uncode_shortcode_id=&#8221;969875&#8243;]<\/p>\n<p style=\"text-align: justify;\">JAR tvarkytojas, gav\u0119s pra\u0161ym\u0105 laikinai \u012f JAR \u012fra\u0161yti juridinio asmens pavadinim\u0105 ir \u012fsitikin\u0119s, kad atlyginimas u\u017e juridinio asmens pavadinimo tapatumo nustatym\u0105 sumok\u0117tas, nustato, ar pavadinimas n\u0117ra tapatus kitiems juridini\u0173 asmen\u0173, filial\u0173 ar atstovybi\u0173 pavadinimams, taip pat laikinai \u012f JAR \u012fra\u0161ytiems pavadinimams ir preki\u0173 \u017eenklams, \u012fregistruotiems Preki\u0173 \u017eenkl\u0173 registre.<\/p>\n<p>[\/vc_icon][\/vc_column_inner][vc_column_inner column_width_percent=&#8221;100&#8243; position_vertical=&#8221;middle&#8221; align_horizontal=&#8221;align_center&#8221; gutter_size=&#8221;3&#8243; expand_height=&#8221;yes&#8221; back_color=&#8221;color-xsdn&#8221; overlay_alpha=&#8221;50&#8243; border_color=&#8221;accent&#8221; border_style=&#8221;solid&#8221; shift_x=&#8221;0&#8243; shift_y=&#8221;0&#8243; shift_y_down=&#8221;0&#8243; z_index=&#8221;0&#8243; medium_width=&#8221;0&#8243; mobile_width=&#8221;0&#8243; css_animation=&#8221;left-t-right&#8221; animation_delay=&#8221;100&#8243; width=&#8221;1\/3&#8243; uncode_shortcode_id=&#8221;547590&#8243; css=&#8221;.vc_custom_1650963680876{border-top-width: 1px !important;border-right-width: 1px !important;border-bottom-width: 1px !important;border-left-width: 1px !important;padding-top: 20px !important;padding-right: 20px !important;padding-bottom: 20px !important;padding-left: 20px !important;}&#8221; border_color_type=&#8221;uncode-palette&#8221; back_color_type=&#8221;uncode-palette&#8221;][vc_icon icon_image=&#8221;104778&#8243; media_size=&#8221;100&#8243; text_size=&#8221;h4&#8243; no_hover=&#8221;&#8221; uncode_shortcode_id=&#8221;815669&#8243;][\/vc_icon][vc_column_text uncode_shortcode_id=&#8221;196683&#8243; css=&#8221;.vc_custom_1651222290873{margin-top: 20px !important;margin-bottom: -10px !important;}&#8221;]Registruojant juridinio asmens pavadinim\u0105 taikomi mokes\u010diai:[\/vc_column_text][uncode_list icon=&#8221;fa fa-dot-circle-o&#8221; icon_color=&#8221;accent&#8221; uncode_shortcode_id=&#8221;177228&#8243; icon_color_type=&#8221;uncode-palette&#8221;]<\/p>\n<ul>\n<li>U\u017e juridinio asmens pavadinimo laikin\u0105 \u012fra\u0161ym\u0105 \u012f Juridini\u0173 asmen\u0173 registr\u0105.<\/li>\n<li>U\u017e juridinio asmens pavadinimo tapatumo nustatym\u0105.<\/li>\n<\/ul>\n<p>[\/uncode_list][\/vc_column_inner][\/vc_row_inner][\/vc_column][\/vc_row][vc_row row_height_percent=&#8221;0&#8243; override_padding=&#8221;yes&#8221; h_padding=&#8221;2&#8243; top_padding=&#8221;3&#8243; bottom_padding=&#8221;3&#8243; overlay_alpha=&#8221;50&#8243; gutter_size=&#8221;3&#8243; column_width_percent=&#8221;100&#8243; shift_y=&#8221;0&#8243; z_index=&#8221;0&#8243; uncode_shortcode_id=&#8221;457441&#8243; row_name=&#8221;juridinio-asmens-pavadinimo-apsauga-savininko-teises-ir-ju-gynimas&#8221;][vc_column column_width_percent=&#8221;100&#8243; gutter_size=&#8221;3&#8243; overlay_alpha=&#8221;50&#8243; shift_x=&#8221;0&#8243; shift_y=&#8221;0&#8243; shift_y_down=&#8221;0&#8243; z_index=&#8221;0&#8243; medium_width=&#8221;0&#8243; mobile_width=&#8221;0&#8243; width=&#8221;1\/1&#8243; uncode_shortcode_id=&#8221;144514&#8243;][vc_custom_heading heading_semantic=&#8221;p&#8221; text_size=&#8221;fontsize-160000&#8243; text_weight=&#8221;700&#8243; text_height=&#8221;fontheight-179065&#8243; uncode_shortcode_id=&#8221;756269&#8243;]Juridinio asmens pavadinimo apsauga, savininko teis\u0117s ir j\u0173 gynimas[\/vc_custom_heading][vc_row_inner][vc_column_inner column_width_percent=&#8221;100&#8243; position_vertical=&#8221;middle&#8221; gutter_size=&#8221;3&#8243; expand_height=&#8221;yes&#8221; back_color=&#8221;color-xsdn&#8221; overlay_alpha=&#8221;50&#8243; border_color=&#8221;accent&#8221; border_style=&#8221;solid&#8221; shift_x=&#8221;0&#8243; shift_y=&#8221;0&#8243; shift_y_down=&#8221;0&#8243; z_index=&#8221;0&#8243; medium_width=&#8221;0&#8243; mobile_width=&#8221;0&#8243; css_animation=&#8221;left-t-right&#8221; animation_delay=&#8221;300&#8243; width=&#8221;1\/2&#8243; uncode_shortcode_id=&#8221;199838&#8243; css=&#8221;.vc_custom_1643323868656{border-top-width: 1px !important;border-right-width: 1px !important;border-bottom-width: 1px !important;border-left-width: 1px !important;padding-top: 20px !important;padding-right: 20px !important;padding-bottom: 20px !important;padding-left: 20px !important;}&#8221; border_color_type=&#8221;uncode-palette&#8221; back_color_type=&#8221;uncode-palette&#8221;][vc_column_text uncode_shortcode_id=&#8221;863788&#8243;]<\/p>\n<p style=\"text-align: justify;\">Juridinio asmens pavadinimas yra juridinio asmens nuosavyb\u0117, ta\u010diau jis negali b\u016bti parduotas ar kitaip perduotas kito asmens nuosavyb\u0117n atskirai nuo juridinio asmens.\u00a0Neleid\u017eiama \u012fgyti teisi\u0173 ir pareig\u0173 prisidengiant kito juridinio asmens pavadinimu arba naudoti kito juridinio asmens pavadinim\u0105 be jo sutikimo. Pa\u017eeidus juridinio asmens teises taikoma civilin\u0117 atsakomyb\u0117, vadovaujantis\u00a0Lietuvos Respublikos civilinio kodekso Antrojoje knygoje (toliau \u2013 Kodeksas) nurodytomis nuostatomis.<\/p>\n<p>[\/vc_column_text][\/vc_column_inner][vc_column_inner column_width_percent=&#8221;100&#8243; position_vertical=&#8221;middle&#8221; gutter_size=&#8221;3&#8243; expand_height=&#8221;yes&#8221; back_color=&#8221;color-xsdn&#8221; overlay_alpha=&#8221;50&#8243; border_color=&#8221;accent&#8221; border_style=&#8221;solid&#8221; shift_x=&#8221;0&#8243; shift_y=&#8221;0&#8243; shift_y_down=&#8221;0&#8243; z_index=&#8221;0&#8243; medium_width=&#8221;0&#8243; mobile_width=&#8221;0&#8243; css_animation=&#8221;left-t-right&#8221; animation_delay=&#8221;200&#8243; width=&#8221;1\/2&#8243; uncode_shortcode_id=&#8221;194400&#8243; css=&#8221;.vc_custom_1643323862411{border-top-width: 1px !important;border-right-width: 1px !important;border-bottom-width: 1px !important;border-left-width: 1px !important;padding-top: 20px !important;padding-right: 20px !important;padding-bottom: 20px !important;padding-left: 20px !important;}&#8221; border_color_type=&#8221;uncode-palette&#8221; back_color_type=&#8221;uncode-palette&#8221;][vc_column_text uncode_shortcode_id=&#8221;188038&#8243;]<\/p>\n<p style=\"text-align: justify;\">Juridinis asmuo, kurio teis\u0117 \u012f pavadinim\u0105 yra pa\u017eeista d\u0117l to, kad kitas asmuo neteis\u0117tai naudoja jo pavadinim\u0105, arba d\u0117l to, kad kitas asmuo turi ar naudoja pavadinim\u0105, kuris neatitinka Kodekse numatyt\u0173 reikalavim\u0173, turi teis\u0119 kreiptis \u012f teism\u0105 ir reikalauti, kad teismas \u012fpareigot\u0173 juridin\u012f asmen\u012f nutraukti neteis\u0117tus veiksmus arba pakeisti pavadinim\u0105 ir atlyginti tais veiksmais padaryt\u0105 turtin\u0119 ir neturtin\u0119 \u017eal\u0105. Tam tikrais atvejais, juridinis asmuo taip pat gali reikalauti, kad asmuo perduot\u0173 visk\u0105, k\u0105 gavo prisideng\u0119s ar naudodamas pavadinim\u0105 be jo savininko sutikimo.<\/p>\n<p>[\/vc_column_text][\/vc_column_inner][\/vc_row_inner][\/vc_column][\/vc_row]<\/p>\n","protected":false},"excerpt":{"rendered":"<p>[vc_row unlock_row_content=&#8221;yes&#8221; row_height_percent=&#8221;0&#8243; back_image=&#8221;104068&#8243; overlay_alpha=&#8221;50&#8243; gutter_size=&#8221;3&#8243; column_width_percent=&#8221;100&#8243; shift_y=&#8221;0&#8243; z_index=&#8221;0&#8243; uncode_shortcode_id=&#8221;151403&#8243; row_height_pixel=&#8221;350&#8243; back_size=&#8221;cover&#8221; overlay_color_type=&#8221;uncode-solid&#8221; overlay_color_solid=&#8221;#112911&#8243;][vc_column column_width_percent=&#8221;100&#8243; position_vertical=&#8221;middle&#8221; align_horizontal=&#8221;align_center&#8221; gutter_size=&#8221;3&#8243; style=&#8221;dark&#8221; overlay_alpha=&#8221;50&#8243; [&hellip;]<\/p>\n","protected":false},"author":1,"featured_media":0,"parent":0,"menu_order":0,"comment_status":"closed","ping_status":"closed","template":"","meta":{"footnotes":""},"class_list":["post-103630","page","type-page","status-publish","hentry","page_category-juridinio-asmens-pavadinimas"],"_links":{"self":[{"href":"https:\/\/ainisdev.eu\/intelektine\/wp-json\/wp\/v2\/pages\/103630","targetHints":{"allow":["GET"]}}],"collection":[{"href":"https:\/\/ainisdev.eu\/intelektine\/wp-json\/wp\/v2\/pages"}],"about":[{"href":"https:\/\/ainisdev.eu\/intelektine\/wp-json\/wp\/v2\/types\/page"}],"author":[{"embeddable":true,"href":"https:\/\/ainisdev.eu\/intelektine\/wp-json\/wp\/v2\/users\/1"}],"replies":[{"embeddable":true,"href":"https:\/\/ainisdev.eu\/intelektine\/wp-json\/wp\/v2\/comments?post=103630"}],"version-history":[{"count":4,"href":"https:\/\/ainisdev.eu\/intelektine\/wp-json\/wp\/v2\/pages\/103630\/revisions"}],"predecessor-version":[{"id":106016,"href":"https:\/\/ainisdev.eu\/intelektine\/wp-json\/wp\/v2\/pages\/103630\/revisions\/106016"}],"wp:attachment":[{"href":"https:\/\/ainisdev.eu\/intelektine\/wp-json\/wp\/v2\/media?parent=103630"}],"curies":[{"name":"wp","href":"https:\/\/api.w.org\/{rel}","templated":true}]}}