{"id":103618,"date":"2021-12-28T15:39:42","date_gmt":"2021-12-28T13:39:42","guid":{"rendered":"https:\/\/ainisdev.eu\/intelektine\/?page_id=103618"},"modified":"2023-09-18T11:49:45","modified_gmt":"2023-09-18T08:49:45","slug":"autoriu-ir-gretutines-teises","status":"publish","type":"page","link":"https:\/\/ainisdev.eu\/intelektine\/autoriu-ir-gretutines-teises\/","title":{"rendered":"Autori\u0173 ir gretutin\u0117s teis\u0117s"},"content":{"rendered":"<p>[vc_row unlock_row_content=&#8221;yes&#8221; row_height_percent=&#8221;0&#8243; back_image=&#8221;104068&#8243; overlay_alpha=&#8221;50&#8243; gutter_size=&#8221;3&#8243; column_width_percent=&#8221;100&#8243; shift_y=&#8221;0&#8243; z_index=&#8221;0&#8243; uncode_shortcode_id=&#8221;151403&#8243; row_height_pixel=&#8221;350&#8243; back_size=&#8221;cover&#8221; overlay_color_type=&#8221;uncode-solid&#8221; overlay_color_solid=&#8221;#112911&#8243;][vc_column column_width_percent=&#8221;100&#8243; position_vertical=&#8221;middle&#8221; align_horizontal=&#8221;align_center&#8221; gutter_size=&#8221;3&#8243; style=&#8221;dark&#8221; overlay_alpha=&#8221;50&#8243; shift_x=&#8221;0&#8243; shift_y=&#8221;0&#8243; shift_y_down=&#8221;0&#8243; z_index=&#8221;0&#8243; medium_width=&#8221;0&#8243; mobile_width=&#8221;0&#8243; width=&#8221;1\/1&#8243; uncode_shortcode_id=&#8221;128755&#8243;][vc_custom_heading heading_semantic=&#8221;p&#8221; text_size=&#8221;fontsize-338686&#8243; text_weight=&#8221;700&#8243; text_transform=&#8221;uppercase&#8221; text_height=&#8221;fontheight-179065&#8243; uncode_shortcode_id=&#8221;113236&#8243;]Autori\u0173 ir gretutin\u0117s teis\u0117s[\/vc_custom_heading][\/vc_column][\/vc_row][vc_row][vc_column width=&#8221;1\/1&#8243;][vc_custom_heading heading_semantic=&#8221;p&#8221; text_size=&#8221;fontsize-455505&#8243; text_height=&#8221;fontheight-179065&#8243; uncode_shortcode_id=&#8221;139340&#8243;]Nemokamos konsultacijos intelektin\u0117s nuosavyb\u0117s klausimais[\/vc_custom_heading][vc_column_text text_lead=&#8221;yes&#8221; uncode_shortcode_id=&#8221;755378&#8243; css=&#8221;.vc_custom_1677492261868{margin-top: 20px !important;}&#8221;]<strong>Turite su intelektine nuosavybe susijusi\u0173 klausim\u0173?<\/strong>[\/vc_column_text][vc_button border_animation=&#8221;btn-ripple-out&#8221; hover_fx=&#8221;outlined&#8221; border_width=&#8221;0&#8243; icon_position=&#8221;right&#8221; link=&#8221;url:https%3A%2F%2Fainisdev.eu%2Fintelektine%2Fkonsultacijos%2F&#8221; button_color_type=&#8221;uncode-solid&#8221; uncode_shortcode_id=&#8221;113159&#8243; icon=&#8221;fa fa-arrow-right-thick&#8221; button_color_solid=&#8221;#f79800&#8243;]Kreipkit\u0117s konsultacijai[\/vc_button][\/vc_column][\/vc_row][vc_row row_height_percent=&#8221;0&#8243; override_padding=&#8221;yes&#8221; h_padding=&#8221;2&#8243; top_padding=&#8221;3&#8243; bottom_padding=&#8221;2&#8243; overlay_alpha=&#8221;50&#8243; gutter_size=&#8221;3&#8243; column_width_percent=&#8221;100&#8243; shift_y=&#8221;0&#8243; z_index=&#8221;0&#8243; uncode_shortcode_id=&#8221;961900&#8243;][vc_column column_width_percent=&#8221;100&#8243; gutter_size=&#8221;3&#8243; back_color=&#8221;color-xsdn&#8221; overlay_alpha=&#8221;50&#8243; shift_x=&#8221;0&#8243; shift_y=&#8221;0&#8243; shift_y_down=&#8221;0&#8243; z_index=&#8221;0&#8243; medium_width=&#8221;0&#8243; mobile_width=&#8221;0&#8243; css_animation=&#8221;top-t-bottom&#8221; animation_delay=&#8221;100&#8243; radius=&#8221;sm&#8221; shadow=&#8221;xs&#8221; width=&#8221;1\/1&#8243; uncode_shortcode_id=&#8221;196850&#8243; back_color_type=&#8221;uncode-palette&#8221; css=&#8221;.vc_custom_1650906813841{padding-top: 20px !important;padding-right: 20px !important;padding-bottom: 20px !important;padding-left: 20px !important;}&#8221;][vc_row_inner row_inner_height_percent=&#8221;0&#8243; overlay_alpha=&#8221;50&#8243; gutter_size=&#8221;3&#8243; shift_y=&#8221;0&#8243; z_index=&#8221;0&#8243; uncode_shortcode_id=&#8221;543203&#8243;][vc_column_inner column_width_percent=&#8221;100&#8243; gutter_size=&#8221;3&#8243; overlay_alpha=&#8221;50&#8243; shift_x=&#8221;0&#8243; shift_y=&#8221;0&#8243; shift_y_down=&#8221;0&#8243; z_index=&#8221;0&#8243; medium_width=&#8221;0&#8243; mobile_width=&#8221;0&#8243; width=&#8221;9\/12&#8243; uncode_shortcode_id=&#8221;486507&#8243;][vc_icon position=&#8221;left&#8221; title_aligned_icon=&#8221;yes&#8221; icon=&#8221;fa fa-user&#8221; icon_color=&#8221;accent&#8221; background_style=&#8221;fa-rounded&#8221; size=&#8221;fa-2x&#8221; outline=&#8221;yes&#8221; icon_automatic=&#8221;yes&#8221; heading_semantic=&#8221;p&#8221; text_size=&#8221;h5&#8243; text_weight=&#8221;600&#8243; linked_title=&#8221;yes&#8221; text_lead=&#8221;small&#8221; no_hover=&#8221;&#8221; title=&#8221;Autori\u0173, gretutin\u0117s ir duomen\u0173 bazi\u0173 gamintoj\u0173 (sui generis) teis\u0117s&#8221; link=&#8221;|||&#8221; uncode_shortcode_id=&#8221;167249&#8243; icon_color_type=&#8221;uncode-palette&#8221;]<\/p>\n<p class=\"p1\" style=\"text-align: justify;\">Autori\u0173 teis\u0117 apima trij\u0173 skirting\u0173 teisi\u0173 grupi\u0173 \u2013 autori\u0173 teisi\u0173, gretutini\u0173 teisi\u0173, duomen\u0173 bazi\u0173 gamintoj\u0173 (sui generis) teisi\u0173 \u2013 reglamentavim\u0105 (toliau \u2013 Autori\u0173 teis\u0117s). Autori\u0173 teisi\u0173 pagrindinis tikslas yra u\u017etikrinti autori\u0173 teisi\u0173 tur\u0117toj\u0173 ir naudotoj\u0173 interes\u0173 pusiausvyr\u0105, k\u016br\u0117j\u0173 interes\u0173 apsaug\u0105 ir sudaryti k\u016br\u0117jams s\u0105lygas gauti tinkam\u0105 atlyg\u012f u\u017e savo k\u016brybos rezultatus.<span class=\"Apple-converted-space\">\u00a0<\/span><\/p>\n<p>[\/vc_icon][\/vc_column_inner][vc_column_inner column_width_percent=&#8221;100&#8243; position_vertical=&#8221;middle&#8221; align_horizontal=&#8221;align_right&#8221; gutter_size=&#8221;3&#8243; overlay_alpha=&#8221;50&#8243; shift_x=&#8221;0&#8243; shift_y=&#8221;0&#8243; shift_y_down=&#8221;0&#8243; z_index=&#8221;0&#8243; medium_width=&#8221;0&#8243; mobile_width=&#8221;0&#8243; width=&#8221;3\/12&#8243; uncode_shortcode_id=&#8221;150512&#8243;][vc_button button_color=&#8221;accent&#8221; border_animation=&#8221;btn-ripple-out&#8221; hover_fx=&#8221;outlined&#8221; border_width=&#8221;0&#8243; link=&#8221;url:https%3A%2F%2Fainisdev.eu%2Fintelektine%2Fautoriu-gretutines-ir-duomenu-baziu-gamintoju-sui-generis-teises%2F&#8221; button_color_type=&#8221;uncode-palette&#8221; uncode_shortcode_id=&#8221;163804&#8243;]Pla\u010diau[\/vc_button][\/vc_column_inner][\/vc_row_inner][\/vc_column][\/vc_row][vc_row row_height_percent=&#8221;0&#8243; override_padding=&#8221;yes&#8221; h_padding=&#8221;2&#8243; top_padding=&#8221;1&#8243; bottom_padding=&#8221;3&#8243; overlay_alpha=&#8221;50&#8243; gutter_size=&#8221;3&#8243; column_width_percent=&#8221;100&#8243; shift_y=&#8221;0&#8243; z_index=&#8221;0&#8243; uncode_shortcode_id=&#8221;394633&#8243; el_class=&#8221;gretutines-teises&#8221;][vc_column width=&#8221;1\/1&#8243;][vc_row_inner row_inner_height_percent=&#8221;0&#8243; overlay_alpha=&#8221;50&#8243; gutter_size=&#8221;3&#8243; shift_y=&#8221;0&#8243; z_index=&#8221;0&#8243; uncode_shortcode_id=&#8221;107027&#8243; css=&#8221;.vc_custom_1640818447107{padding-top: 30px !important;}&#8221; el_class=&#8221;pakelimas-ikonos&#8221;][vc_column_inner column_width_percent=&#8221;100&#8243; align_horizontal=&#8221;align_center&#8221; gutter_size=&#8221;3&#8243; expand_height=&#8221;yes&#8221; back_color=&#8221;color-xsdn&#8221; overlay_alpha=&#8221;50&#8243; shift_x=&#8221;0&#8243; shift_y=&#8221;0&#8243; shift_y_down=&#8221;0&#8243; shift_y_down_fixed=&#8221;yes&#8221; z_index=&#8221;0&#8243; medium_width=&#8221;0&#8243; mobile_width=&#8221;0&#8243; css_animation=&#8221;bottom-t-top&#8221; animation_delay=&#8221;300&#8243; radius=&#8221;sm&#8221; shadow=&#8221;xs&#8221; width=&#8221;1\/3&#8243; uncode_shortcode_id=&#8221;280096&#8243; back_color_type=&#8221;uncode-palette&#8221; css=&#8221;.vc_custom_1650906259008{padding-top: 0px !important;padding-right: 20px !important;padding-bottom: 20px !important;padding-left: 20px !important;}&#8221;][vc_icon icon_image=&#8221;104541&#8243; icon_color=&#8221;accent&#8221; media_size=&#8221;100&#8243; text_size=&#8221;h4&#8243; no_hover=&#8221;&#8221; uncode_shortcode_id=&#8221;114378&#8243; icon_color_type=&#8221;uncode-palette&#8221; title=&#8221;Autori\u0173 teisi\u0173 objektai&#8221; link_text=&#8221;Pla\u010diau&#8221;][\/vc_icon][vc_button button_color=&#8221;accent&#8221; size=&#8221;link&#8221; icon_position=&#8221;right&#8221; link=&#8221;url:https%3A%2F%2Fainisdev.eu%2Fintelektine%2Fautoriu-teisiu-objektai%2F&#8221; button_color_type=&#8221;uncode-palette&#8221; uncode_shortcode_id=&#8221;175663&#8243; icon=&#8221;fa fa-arrow-right-thick&#8221; el_class=&#8221;gretutines-teises&#8221;]Pla\u010diau[\/vc_button][\/vc_column_inner][vc_column_inner column_width_percent=&#8221;100&#8243; align_horizontal=&#8221;align_center&#8221; gutter_size=&#8221;3&#8243; expand_height=&#8221;yes&#8221; back_color=&#8221;color-xsdn&#8221; overlay_alpha=&#8221;50&#8243; shift_x=&#8221;0&#8243; shift_y=&#8221;0&#8243; shift_y_down=&#8221;0&#8243; z_index=&#8221;0&#8243; medium_width=&#8221;0&#8243; mobile_width=&#8221;0&#8243; css_animation=&#8221;bottom-t-top&#8221; animation_delay=&#8221;200&#8243; radius=&#8221;sm&#8221; shadow=&#8221;xs&#8221; width=&#8221;1\/3&#8243; uncode_shortcode_id=&#8221;168161&#8243; back_color_type=&#8221;uncode-palette&#8221; css=&#8221;.vc_custom_1642517559641{padding-top: 0px !important;padding-right: 20px !important;padding-bottom: 20px !important;padding-left: 20px !important;}&#8221;][vc_icon icon_image=&#8221;104459&#8243; icon_color=&#8221;accent&#8221; media_size=&#8221;100&#8243; text_size=&#8221;h4&#8243; no_hover=&#8221;&#8221; uncode_shortcode_id=&#8221;213823&#8243; icon_color_type=&#8221;uncode-palette&#8221; title=&#8221;Autori\u0173 teisi\u0173 apsauga&#8221; link_text=&#8221;Pla\u010diau&#8221;][\/vc_icon][vc_button button_color=&#8221;accent&#8221; size=&#8221;link&#8221; icon_position=&#8221;right&#8221; link=&#8221;url:https%3A%2F%2Fainisdev.eu%2Fintelektine%2Fautoriu-teises-ir-gretutines-teises%2Fautoriu-teisiu-apsauga%2F&#8221; button_color_type=&#8221;uncode-palette&#8221; uncode_shortcode_id=&#8221;196034&#8243; icon=&#8221;fa fa-arrow-right-thick&#8221; el_class=&#8221;gretutines-teises&#8221;]Pla\u010diau[\/vc_button][\/vc_column_inner][vc_column_inner column_width_percent=&#8221;100&#8243; align_horizontal=&#8221;align_center&#8221; gutter_size=&#8221;3&#8243; expand_height=&#8221;yes&#8221; back_color=&#8221;color-xsdn&#8221; overlay_alpha=&#8221;50&#8243; shift_x=&#8221;0&#8243; shift_y=&#8221;0&#8243; shift_y_down=&#8221;0&#8243; z_index=&#8221;0&#8243; medium_width=&#8221;0&#8243; mobile_width=&#8221;0&#8243; css_animation=&#8221;bottom-t-top&#8221; animation_delay=&#8221;100&#8243; radius=&#8221;sm&#8221; shadow=&#8221;xs&#8221; width=&#8221;1\/3&#8243; uncode_shortcode_id=&#8221;194391&#8243; back_color_type=&#8221;uncode-palette&#8221; css=&#8221;.vc_custom_1643319695964{padding-top: 0px !important;padding-right: 20px !important;padding-bottom: 20px !important;padding-left: 20px !important;}&#8221;][vc_icon icon_image=&#8221;104773&#8243; icon_color=&#8221;accent&#8221; media_size=&#8221;100&#8243; text_size=&#8221;h4&#8243; no_hover=&#8221;&#8221; uncode_shortcode_id=&#8221;120606&#8243; icon_color_type=&#8221;uncode-palette&#8221; title=&#8221;K\u016brini\u0173 registravimas&#8221; link_text=&#8221;Pla\u010diau&#8221;][\/vc_icon][vc_button button_color=&#8221;accent&#8221; size=&#8221;link&#8221; icon_position=&#8221;right&#8221; link=&#8221;url:https%3A%2F%2Fainisdev.eu%2Fintelektine%2Fkuriniu-registravimas%2F&#8221; button_color_type=&#8221;uncode-palette&#8221; uncode_shortcode_id=&#8221;204334&#8243; icon=&#8221;fa fa-arrow-right-thick&#8221; el_class=&#8221;gretutines-teises&#8221;]Pla\u010diau[\/vc_button][\/vc_column_inner][\/vc_row_inner][vc_row_inner row_inner_height_percent=&#8221;0&#8243; overlay_alpha=&#8221;50&#8243; gutter_size=&#8221;3&#8243; shift_y=&#8221;0&#8243; z_index=&#8221;0&#8243; uncode_shortcode_id=&#8221;107027&#8243; css=&#8221;.vc_custom_1640818447107{padding-top: 30px !important;}&#8221; el_class=&#8221;pakelimas-ikonos&#8221;][vc_column_inner column_width_percent=&#8221;100&#8243; align_horizontal=&#8221;align_center&#8221; gutter_size=&#8221;3&#8243; expand_height=&#8221;yes&#8221; back_color=&#8221;color-xsdn&#8221; overlay_alpha=&#8221;50&#8243; shift_x=&#8221;0&#8243; shift_y=&#8221;0&#8243; shift_y_down=&#8221;0&#8243; shift_y_down_fixed=&#8221;yes&#8221; z_index=&#8221;0&#8243; medium_width=&#8221;0&#8243; mobile_width=&#8221;0&#8243; css_animation=&#8221;bottom-t-top&#8221; animation_delay=&#8221;300&#8243; radius=&#8221;sm&#8221; shadow=&#8221;xs&#8221; width=&#8221;1\/3&#8243; uncode_shortcode_id=&#8221;209536&#8243; back_color_type=&#8221;uncode-palette&#8221; css=&#8221;.vc_custom_1642517563628{padding-top: 0px !important;padding-right: 20px !important;padding-bottom: 20px !important;padding-left: 20px !important;}&#8221;][vc_icon icon_image=&#8221;104524&#8243; icon_color=&#8221;accent&#8221; media_size=&#8221;100&#8243; text_size=&#8221;h4&#8243; no_hover=&#8221;&#8221; uncode_shortcode_id=&#8221;104925&#8243; icon_color_type=&#8221;uncode-palette&#8221; title=&#8221;Teisi\u0173 tur\u0117toj\u0173 teis\u0117s&#8221; link_text=&#8221;Pla\u010diau&#8221;][\/vc_icon][vc_button button_color=&#8221;accent&#8221; size=&#8221;link&#8221; icon_position=&#8221;right&#8221; button_color_type=&#8221;uncode-palette&#8221; uncode_shortcode_id=&#8221;118040&#8243; icon=&#8221;fa fa-arrow-right-thick&#8221; el_class=&#8221;gretutines-teises&#8221; link=&#8221;url:https%3A%2F%2Fainisdev.eu%2Fintelektine%2Fteisiu-turetoju-teises%2F&#8221;]Pla\u010diau[\/vc_button][\/vc_column_inner][vc_column_inner column_width_percent=&#8221;100&#8243; align_horizontal=&#8221;align_center&#8221; gutter_size=&#8221;3&#8243; expand_height=&#8221;yes&#8221; back_color=&#8221;color-xsdn&#8221; overlay_alpha=&#8221;50&#8243; shift_x=&#8221;0&#8243; shift_y=&#8221;0&#8243; shift_y_down=&#8221;0&#8243; z_index=&#8221;0&#8243; medium_width=&#8221;0&#8243; mobile_width=&#8221;0&#8243; css_animation=&#8221;bottom-t-top&#8221; animation_delay=&#8221;200&#8243; radius=&#8221;sm&#8221; shadow=&#8221;xs&#8221; width=&#8221;1\/3&#8243; uncode_shortcode_id=&#8221;168161&#8243; back_color_type=&#8221;uncode-palette&#8221; css=&#8221;.vc_custom_1642517559641{padding-top: 0px !important;padding-right: 20px !important;padding-bottom: 20px !important;padding-left: 20px !important;}&#8221;][vc_icon icon_image=&#8221;104679&#8243; icon_color=&#8221;accent&#8221; media_size=&#8221;100&#8243; text_size=&#8221;h4&#8243; no_hover=&#8221;&#8221; uncode_shortcode_id=&#8221;815542&#8243; icon_color_type=&#8221;uncode-palette&#8221; title=&#8221;Teisi\u0173 gynimas&#8221; link_text=&#8221;Pla\u010diau&#8221;][\/vc_icon][vc_button button_color=&#8221;accent&#8221; size=&#8221;link&#8221; icon_position=&#8221;right&#8221; link=&#8221;url:https%3A%2F%2Fainisdev.eu%2Fintelektine%2Fteisiu-gynimas%2F&#8221; button_color_type=&#8221;uncode-palette&#8221; uncode_shortcode_id=&#8221;337231&#8243; icon=&#8221;fa fa-arrow-right-thick&#8221; el_class=&#8221;gretutines-teises&#8221;]Pla\u010diau[\/vc_button][\/vc_column_inner][vc_column_inner column_width_percent=&#8221;100&#8243; align_horizontal=&#8221;align_center&#8221; gutter_size=&#8221;3&#8243; expand_height=&#8221;yes&#8221; back_color=&#8221;color-xsdn&#8221; overlay_alpha=&#8221;50&#8243; shift_x=&#8221;0&#8243; shift_y=&#8221;0&#8243; shift_y_down=&#8221;0&#8243; z_index=&#8221;0&#8243; medium_width=&#8221;0&#8243; mobile_width=&#8221;0&#8243; css_animation=&#8221;bottom-t-top&#8221; animation_delay=&#8221;100&#8243; radius=&#8221;sm&#8221; shadow=&#8221;xs&#8221; width=&#8221;1\/3&#8243; uncode_shortcode_id=&#8221;194391&#8243; back_color_type=&#8221;uncode-palette&#8221; css=&#8221;.vc_custom_1643319695964{padding-top: 0px !important;padding-right: 20px !important;padding-bottom: 20px !important;padding-left: 20px !important;}&#8221;][vc_icon icon_image=&#8221;104678&#8243; icon_color=&#8221;accent&#8221; media_size=&#8221;100&#8243; text_size=&#8221;h4&#8243; no_hover=&#8221;&#8221; uncode_shortcode_id=&#8221;126388&#8243; icon_color_type=&#8221;uncode-palette&#8221; title=&#8221;Kolektyvinio administravimo organizacijos&#8221; link_text=&#8221;Pla\u010diau&#8221;][\/vc_icon][vc_button button_color=&#8221;accent&#8221; size=&#8221;link&#8221; icon_position=&#8221;right&#8221; link=&#8221;url:https%3A%2F%2Fainisdev.eu%2Fintelektine%2Fkolektyvinio-administravimo-organizacijos%2F&#8221; button_color_type=&#8221;uncode-palette&#8221; uncode_shortcode_id=&#8221;143052&#8243; icon=&#8221;fa fa-arrow-right-thick&#8221; el_class=&#8221;gretutines-teises&#8221;]Pla\u010diau[\/vc_button][\/vc_column_inner][\/vc_row_inner][\/vc_column][\/vc_row]<\/p>\n","protected":false},"excerpt":{"rendered":"<p>[vc_row unlock_row_content=&#8221;yes&#8221; row_height_percent=&#8221;0&#8243; back_image=&#8221;104068&#8243; overlay_alpha=&#8221;50&#8243; gutter_size=&#8221;3&#8243; column_width_percent=&#8221;100&#8243; shift_y=&#8221;0&#8243; z_index=&#8221;0&#8243; uncode_shortcode_id=&#8221;151403&#8243; row_height_pixel=&#8221;350&#8243; back_size=&#8221;cover&#8221; overlay_color_type=&#8221;uncode-solid&#8221; overlay_color_solid=&#8221;#112911&#8243;][vc_column column_width_percent=&#8221;100&#8243; position_vertical=&#8221;middle&#8221; align_horizontal=&#8221;align_center&#8221; gutter_size=&#8221;3&#8243; style=&#8221;dark&#8221; overlay_alpha=&#8221;50&#8243; [&hellip;]<\/p>\n","protected":false},"author":1,"featured_media":0,"parent":0,"menu_order":0,"comment_status":"closed","ping_status":"closed","template":"","meta":{"footnotes":""},"class_list":["post-103618","page","type-page","status-publish","hentry","page_category-autoriu-ir-gretutines-teises"],"_links":{"self":[{"href":"https:\/\/ainisdev.eu\/intelektine\/wp-json\/wp\/v2\/pages\/103618","targetHints":{"allow":["GET"]}}],"collection":[{"href":"https:\/\/ainisdev.eu\/intelektine\/wp-json\/wp\/v2\/pages"}],"about":[{"href":"https:\/\/ainisdev.eu\/intelektine\/wp-json\/wp\/v2\/types\/page"}],"author":[{"embeddable":true,"href":"https:\/\/ainisdev.eu\/intelektine\/wp-json\/wp\/v2\/users\/1"}],"replies":[{"embeddable":true,"href":"https:\/\/ainisdev.eu\/intelektine\/wp-json\/wp\/v2\/comments?post=103618"}],"version-history":[{"count":3,"href":"https:\/\/ainisdev.eu\/intelektine\/wp-json\/wp\/v2\/pages\/103618\/revisions"}],"predecessor-version":[{"id":106020,"href":"https:\/\/ainisdev.eu\/intelektine\/wp-json\/wp\/v2\/pages\/103618\/revisions\/106020"}],"wp:attachment":[{"href":"https:\/\/ainisdev.eu\/intelektine\/wp-json\/wp\/v2\/media?parent=103618"}],"curies":[{"name":"wp","href":"https:\/\/api.w.org\/{rel}","templated":true}]}}